{"id":1113,"date":"2020-11-30T13:26:41","date_gmt":"2020-11-30T12:26:41","guid":{"rendered":"https:\/\/www.blakors.no\/borgestadklinikken\/?page_id=1113"},"modified":"2024-08-29T13:09:05","modified_gmt":"2024-08-29T11:09:05","slug":"er-du-pasient-og-har-barn","status":"publish","type":"page","link":"https:\/\/www.blakors.no\/klinikk-skien\/er-du-pasient-og-har-barn\/","title":{"rendered":"Er du pasient og har barn?"},"content":{"rendered":"<div class=\"custom-block-banner alignwide contenthalf\"><div class=\"banner-image\" style=\"background-image:url(https:\/\/www.blakors.no\/content\/uploads\/sites\/16\/2020\/11\/lekeomr\u00e5de-familie-ute-2-1024x671.jpg)\"><\/div><div class=\"banner-inner\"><div><h1 id=\"er-du-pasient-og-har-barn\"  class=\"title small \" >Er du pasient og har barn?<\/h1><p>Det er viktig for barn som er p\u00e5r\u00f8rende at de f\u00e5r god informasjon om hvorfor mamma eller pappa er i behandling for rusproblemer eller spillproblemer.<\/p><\/div><\/div><\/div>\n\n\n<p>V\u00e5re barneansvarlige hjelper barn som er p\u00e5r\u00f8rende og  kan bist\u00e5 deg med hvordan du p\u00e5 en trygg og god m\u00e5te snakker med barnet ditt. Alle seksjoner har en barneansvarlig som skal ha et spesielt fokus p\u00e5 barn under 18 \u00e5r, eller pasientens s\u00f8sken under 18 \u00e5r.<\/p>\n\n\n\n<p>Pasienten eller p\u00e5r\u00f8rende kan ta kontakt med den barneansvarlige for \u00e5 f\u00e5 informasjon, r\u00e5d og hjelp.<\/p>\n\n\n\n<p>Snakk med din behandler om hvem som er barneansvarlig der du f\u00e5r behandling.<\/p>\n\n\n\n<h2 class=\"wp-block-heading\" id=\"fancy-title-7\">Noen gode r\u00e5d om barn som p\u00e5r\u00f8rende<\/h2>\n\n\n\n<ul class=\"wp-block-list\">\n<li>Gi barnet\/barna informasjon som er tilpasset barnets alder om din avhengighet og hvorfor du er p\u00e5 Bl\u00e5 Kors klinikk Skien.<\/li>\n\n\n\n<li>S\u00f8k informasjon om hva som er vanlige reaksjoner hos barn n\u00e5r et familiemedlem har et rusproblem\/spilleproblem<\/li>\n\n\n\n<li>Det er viktig \u00e5 ha gode rutiner i hverdagen der barnet bor, selv om du er til behandling<\/li>\n\n\n\n<li>Gi informasjon til skole\/barnehage\/helses\u00f8ster om situasjonen i familien. Slik kan barnet bli sett og ivaretatt der barnet er til daglig. Det er ikke n\u00f8dvendig \u00e5 gi mange detaljer om din situasjon. Barneansvarlige kan hjelpe deg med dette!<\/li>\n\n\n\n<li>Informer gjerne ogs\u00e5 andre i barnets nettverk<\/li>\n<\/ul>\n\n\n\n<h2 class=\"wp-block-heading\" id=\"fancy-title-9\">Har du omsorg for et barn som er p\u00e5r\u00f8rende<\/h2>\n\n\n\n<p>Det kan v\u00e6re krevende \u00e5 ha ansvar for barn ved rus\/spilleavhengighet i familien. Hverdagslivet skal fungere selv om bekymringer er store. Det er vanlig \u00e5 kjenne seg b\u00e5de hjelpel\u00f8s og overveldet i en slik situasjon!<\/p>\n\n\n\n<p>De voksnes problemer p\u00e5virker barna. Vanlige reaksjoner hos barn og unge kan v\u00e6re sinne, tristhet, skam, skyld og ensomhetsf\u00f8lelse. Noen barn blir stille, andre utagerende. Noen ser ikke ut til \u00e5 ha en synlig reaksjon.<\/p>\n\n\n\n<p>Husk at barn og unge trenger informasjon om det som skjer i familien og \u00e5penhet overfor barnet kan v\u00e6re til stor hjelp.<\/p>\n\n\n\n<p>Alle enheter har barneansvarlige som tilbyr deg samtaler og st\u00f8tte.<\/p>\n\n\n\n<p>Dersom den som er pasient ikke \u00f8nsker \u00e5 involvere deg eller gi deg informasjon kan du likevel kontakte oss for generell informasjon, r\u00e5d og tips til deg og barna.<\/p>\n\n\n\n\t\t<div class=\"wp-block-lib-accentuated-link\">\n\t\t\t<a\n\t\t\t\tclass=\"lib-link__link\"\n\t\t\t\thref=\"https:\/\/www.blakors.no\/borgestadklinikken\/forlopskoordinatorer\/\"\n\t\t\t\ttarget=\"\"\n\t\t\t\trel=\"\"\n\t\t\t>\n\t\t\t\t\n\t\t\t\t<div class=\"lib-link__text-content\">\n\t\t\t\t\t<span class=\"lib-link__tagline\">\n\t\t\t\t\t\tta kontakt\n\t\t\t\t\t<\/span>\n\n\t\t\t\t\t<h3 class=\"lib-link__title\">\n\t\t\t\t\t\tForl\u00f8pskoordinatorer\n\t\t\t\t\t<\/h3>\n\n\t\t\t\t\t\n\t\t\t\t<\/div>\n\t\t\t<\/a>\n\t\t<\/div>","protected":false},"excerpt":{"rendered":"<p>V\u00e5re barneansvarlige hjelper barn som er p\u00e5r\u00f8rende og kan bist\u00e5 deg med hvordan du p\u00e5 en trygg og god m\u00e5te snakker med barnet ditt. Alle seksjoner har en barneansvarlig som skal ha et spesielt fokus p\u00e5 barn under 18 \u00e5r, eller pasientens s\u00f8sken under 18 \u00e5r. Pasienten eller p\u00e5r\u00f8rende kan ta kontakt med den barneansvarlige [&hellip;]<\/p>\n","protected":false},"author":7,"featured_media":0,"parent":0,"menu_order":0,"comment_status":"closed","ping_status":"closed","template":"","meta":{"_acf_changed":false,"_relevanssi_hide_post":"","_relevanssi_hide_content":"","_relevanssi_pin_for_all":"","_relevanssi_pin_keywords":"","_relevanssi_unpin_keywords":"","_relevanssi_related_keywords":"","_relevanssi_related_include_ids":"","_relevanssi_related_exclude_ids":"","_relevanssi_related_no_append":"","_relevanssi_related_not_related":"","_relevanssi_related_posts":"1,38","_relevanssi_noindex_reason":"","_custom_cards_description":"","footnotes":""},"class_list":["post-1113","page","type-page","status-publish","hentry"],"acf":[],"_links":{"self":[{"href":"https:\/\/www.blakors.no\/klinikk-skien\/wp-json\/wp\/v2\/pages\/1113","targetHints":{"allow":["GET"]}}],"collection":[{"href":"https:\/\/www.blakors.no\/klinikk-skien\/wp-json\/wp\/v2\/pages"}],"about":[{"href":"https:\/\/www.blakors.no\/klinikk-skien\/wp-json\/wp\/v2\/types\/page"}],"author":[{"embeddable":true,"href":"https:\/\/www.blakors.no\/klinikk-skien\/wp-json\/wp\/v2\/users\/7"}],"replies":[{"embeddable":true,"href":"https:\/\/www.blakors.no\/klinikk-skien\/wp-json\/wp\/v2\/comments?post=1113"}],"version-history":[{"count":5,"href":"https:\/\/www.blakors.no\/klinikk-skien\/wp-json\/wp\/v2\/pages\/1113\/revisions"}],"predecessor-version":[{"id":3615,"href":"https:\/\/www.blakors.no\/klinikk-skien\/wp-json\/wp\/v2\/pages\/1113\/revisions\/3615"}],"wp:attachment":[{"href":"https:\/\/www.blakors.no\/klinikk-skien\/wp-json\/wp\/v2\/media?parent=1113"}],"curies":[{"name":"wp","href":"https:\/\/api.w.org\/{rel}","templated":true}]}}