{"id":1146,"date":"2020-11-30T14:16:45","date_gmt":"2020-11-30T13:16:45","guid":{"rendered":"https:\/\/www.blakors.no\/borgestadklinikken\/?page_id=1146"},"modified":"2023-12-19T11:25:46","modified_gmt":"2023-12-19T10:25:46","slug":"etter-behandling-livsmestringsgruppe","status":"publish","type":"page","link":"https:\/\/www.blakors.no\/klinikk-skien\/etter-behandling-livsmestringsgruppe\/","title":{"rendered":"Etter behandling: Livsmestringsgruppe"},"content":{"rendered":"\n<p>Vi vet at mange opplever fasen etter utskrivelse fra d\u00f8gnbehandling som en s\u00e5rbar fase med h\u00f8y risiko for \u00e5 f\u00e5 et tilbakefall til rus. Dette er et poliklinisk gruppetilbud for videre behandling og rusmestring.<\/p>\n\n\n\n<h2 id=\"innhold-og-rammer\"  class=\"wp-block-heading\" >Innhold og rammer<\/h2>\n\n\n\n<p><strong><br><\/strong>Pasienten f\u00e5r plass i gruppen inntil 6 m\u00e5neder. Etter en evaluering kan det gis tilbud om ytterligere 6 m\u00e5neder. Gruppa samles annenhver uke i poliklinikken.<\/p>\n\n\n\n<h2 id=\"tema-i-behandlingen\"  class=\"wp-block-heading\" >Tema i behandlingen<\/h2>\n\n\n\n<p><br>\u2022 Hvordan holde fast ved endringene<br>\u2022 Hva er gode strategier videre<br>\u2022 Refleksjoner og tanker om den enkeltes utfordringer<\/p>\n\n\n\t<div class=\"custom-block-related-article \">\n\t\t\t<div class=\"image\">\n\t\t\t\t<a href=\"https:\/\/www.blakors.no\/klinikk-skien\/nyheter\/livsmestring-og-hap\/\">\n\t\t\t\t<img loading=\"lazy\" decoding=\"async\" width=\"300\" height=\"225\" src=\"https:\/\/www.blakors.no\/content\/uploads\/sites\/16\/2023\/06\/anette-og-solvi-livsmestringsgruppe-2023-300x225.jpeg\" class=\"attachment-medium size-medium wp-post-image\" alt=\"\" srcset=\"https:\/\/www.blakors.no\/content\/uploads\/sites\/16\/2023\/06\/anette-og-solvi-livsmestringsgruppe-2023-300x225.jpeg 300w, https:\/\/www.blakors.no\/content\/uploads\/sites\/16\/2023\/06\/anette-og-solvi-livsmestringsgruppe-2023-1024x768.jpeg 1024w, https:\/\/www.blakors.no\/content\/uploads\/sites\/16\/2023\/06\/anette-og-solvi-livsmestringsgruppe-2023-768x576.jpeg 768w, https:\/\/www.blakors.no\/content\/uploads\/sites\/16\/2023\/06\/anette-og-solvi-livsmestringsgruppe-2023-1536x1152.jpeg 1536w, https:\/\/www.blakors.no\/content\/uploads\/sites\/16\/2023\/06\/anette-og-solvi-livsmestringsgruppe-2023-scaled.jpeg 2048w\" sizes=\"auto, (max-width: 300px) 100vw, 300px\" \/>\t\t\t\t<\/a>\n\t\t\t<\/div>\n\t\t\t<div class=\"content\">\n\t\t\t\t<a href=\"https:\/\/www.blakors.no\/klinikk-skien\/nyheter\/livsmestring-og-hap\/\">\n\t\t\t\t<span class=\"label\">Vi har bes\u00f8kt en gruppesamling, les mer her:<\/span><h3 id=\"livsmestring-og-hap\"  class=\"title\" >Livsmestring og h\u00e5p<\/h3>\t\t\t\t<\/a>\n\t\t\t<\/div>\n\t<\/div>\n\t","protected":false},"excerpt":{"rendered":"<p>Vi vet at mange opplever fasen etter utskrivelse fra d\u00f8gnbehandling som en s\u00e5rbar fase med h\u00f8y risiko for \u00e5 f\u00e5 et tilbakefall til rus. Dette er et poliklinisk gruppetilbud for videre behandling og rusmestring. Innhold og rammer Pasienten f\u00e5r plass i gruppen inntil 6 m\u00e5neder. Etter en evaluering kan det gis tilbud om ytterligere 6 [&hellip;]<\/p>\n","protected":false},"author":7,"featured_media":0,"parent":0,"menu_order":0,"comment_status":"closed","ping_status":"closed","template":"","meta":{"_acf_changed":false,"_relevanssi_hide_post":"","_relevanssi_hide_content":"","_relevanssi_pin_for_all":"","_relevanssi_pin_keywords":"","_relevanssi_unpin_keywords":"","_relevanssi_related_keywords":"","_relevanssi_related_include_ids":"","_relevanssi_related_exclude_ids":"","_relevanssi_related_no_append":"","_relevanssi_related_not_related":"","_relevanssi_related_posts":"1,38","_relevanssi_noindex_reason":"","_custom_cards_description":"","footnotes":""},"class_list":["post-1146","page","type-page","status-publish","hentry"],"acf":[],"_links":{"self":[{"href":"https:\/\/www.blakors.no\/klinikk-skien\/wp-json\/wp\/v2\/pages\/1146","targetHints":{"allow":["GET"]}}],"collection":[{"href":"https:\/\/www.blakors.no\/klinikk-skien\/wp-json\/wp\/v2\/pages"}],"about":[{"href":"https:\/\/www.blakors.no\/klinikk-skien\/wp-json\/wp\/v2\/types\/page"}],"author":[{"embeddable":true,"href":"https:\/\/www.blakors.no\/klinikk-skien\/wp-json\/wp\/v2\/users\/7"}],"replies":[{"embeddable":true,"href":"https:\/\/www.blakors.no\/klinikk-skien\/wp-json\/wp\/v2\/comments?post=1146"}],"version-history":[{"count":3,"href":"https:\/\/www.blakors.no\/klinikk-skien\/wp-json\/wp\/v2\/pages\/1146\/revisions"}],"predecessor-version":[{"id":3404,"href":"https:\/\/www.blakors.no\/klinikk-skien\/wp-json\/wp\/v2\/pages\/1146\/revisions\/3404"}],"wp:attachment":[{"href":"https:\/\/www.blakors.no\/klinikk-skien\/wp-json\/wp\/v2\/media?parent=1146"}],"curies":[{"name":"wp","href":"https:\/\/api.w.org\/{rel}","templated":true}]}}