{"id":133,"date":"2020-10-06T12:50:43","date_gmt":"2020-10-06T10:50:43","guid":{"rendered":"https:\/\/www.blakors.no\/borgestadklinikken\/?page_id=133"},"modified":"2025-05-25T17:55:35","modified_gmt":"2025-05-25T15:55:35","slug":"spillbehandling","status":"publish","type":"page","link":"https:\/\/www.blakors.no\/klinikk-skien\/spillbehandling\/","title":{"rendered":"Spillbehandling"},"content":{"rendered":"<div class=\"custom-block-banner alignwide contenthalf\"><div class=\"banner-image\" style=\"background-image:url(https:\/\/www.blakors.no\/content\/uploads\/sites\/16\/2020\/10\/Terapi-engasjert-Bla\u030a-Kors-Borgestadklinikken-1024x682.jpg)\"><\/div><div class=\"banner-inner\"><div><h1 id=\"spillbehandling\"  class=\"title large \" >Spillbehandling<\/h1><p>Har du mistet kontrollen over spillingen og spiller for mer enn du har r\u00e5d til \u00e5 tape? S\u00f8k hjelp for \u00e5 komme ut av spillavhengigheten.<\/p><\/div><\/div><\/div>\n\n<div class=\"t2-featured-content-layout alignwide alignwide wp-block-t2-featured-content-layout\" role=\"list\">\n<div class=\"t2-featured-single-post t2-featured-content is-post-type-page wp-block-t2-featured-single-post\" role=\"listitem\"><a class=\"t2-post-link wp-block-t2-post-link\" href=\"https:\/\/www.blakors.no\/klinikk-skien\/spilleavhengighet\/\">\n<figure style=\"--t2-focal-point: 50% 50%;\" class=\"t2-post-featured-image has-image-ratio-16-9 wp-block-t2-post-featured-image\"><img loading=\"lazy\" decoding=\"async\" width=\"2048\" height=\"1449\" src=\"https:\/\/www.blakors.no\/content\/uploads\/sites\/16\/2021\/12\/Mann-sitter-i-sofa-og-spiller-og-vinner-scaled.jpg\" class=\"attachment-post-thumbnail size-post-thumbnail wp-post-image\" alt=\"Mann sitter ie n sofa med en laptop p\u00e5 fanget og spiller. Han jubler.\" srcset=\"https:\/\/www.blakors.no\/content\/uploads\/sites\/16\/2021\/12\/Mann-sitter-i-sofa-og-spiller-og-vinner-scaled.jpg 2048w, https:\/\/www.blakors.no\/content\/uploads\/sites\/16\/2021\/12\/Mann-sitter-i-sofa-og-spiller-og-vinner-300x212.jpg 300w, https:\/\/www.blakors.no\/content\/uploads\/sites\/16\/2021\/12\/Mann-sitter-i-sofa-og-spiller-og-vinner-1024x725.jpg 1024w, https:\/\/www.blakors.no\/content\/uploads\/sites\/16\/2021\/12\/Mann-sitter-i-sofa-og-spiller-og-vinner-768x543.jpg 768w, https:\/\/www.blakors.no\/content\/uploads\/sites\/16\/2021\/12\/Mann-sitter-i-sofa-og-spiller-og-vinner-1536x1087.jpg 1536w\" sizes=\"auto, (min-width: 782px) 768px, 100vw\" \/><\/figure>\n\n<div class=\"wp-block-group alignfull is-layout-flow wp-block-group-is-layout-flow\">\n\t<h2 id=\"spilleavhengighet\"  class=\"t2-post-title wp-block-t2-post-title\" >Spilleavhengighet<\/h2>\n\t<div class=\"wp-block-post-date__modified-date wp-block-post-date\"><time datetime=\"2025-10-23T15:08:28+02:00\">23. oktober 2025<\/time><\/div>\n\t\t\t<div class=\"single-meta t2-post-excerpt card-description wp-block-blakors-meta-display\"><\/div>\n\t\n<\/div>\n\n<\/a>\n<\/div>\n<\/div>","protected":false},"excerpt":{"rendered":"","protected":false},"author":23,"featured_media":115,"parent":0,"menu_order":0,"comment_status":"closed","ping_status":"closed","template":"","meta":{"_acf_changed":false,"_relevanssi_hide_post":"","_relevanssi_hide_content":"","_relevanssi_pin_for_all":"","_relevanssi_pin_keywords":"","_relevanssi_unpin_keywords":"","_relevanssi_related_keywords":"","_relevanssi_related_include_ids":"","_relevanssi_related_exclude_ids":"","_relevanssi_related_no_append":"","_relevanssi_related_not_related":"","_relevanssi_related_posts":"38,1","_relevanssi_noindex_reason":"","_custom_cards_description":"","footnotes":""},"class_list":["post-133","page","type-page","status-publish","has-post-thumbnail","hentry"],"acf":[],"_links":{"self":[{"href":"https:\/\/www.blakors.no\/klinikk-skien\/wp-json\/wp\/v2\/pages\/133","targetHints":{"allow":["GET"]}}],"collection":[{"href":"https:\/\/www.blakors.no\/klinikk-skien\/wp-json\/wp\/v2\/pages"}],"about":[{"href":"https:\/\/www.blakors.no\/klinikk-skien\/wp-json\/wp\/v2\/types\/page"}],"author":[{"embeddable":true,"href":"https:\/\/www.blakors.no\/klinikk-skien\/wp-json\/wp\/v2\/users\/23"}],"replies":[{"embeddable":true,"href":"https:\/\/www.blakors.no\/klinikk-skien\/wp-json\/wp\/v2\/comments?post=133"}],"version-history":[{"count":5,"href":"https:\/\/www.blakors.no\/klinikk-skien\/wp-json\/wp\/v2\/pages\/133\/revisions"}],"predecessor-version":[{"id":3784,"href":"https:\/\/www.blakors.no\/klinikk-skien\/wp-json\/wp\/v2\/pages\/133\/revisions\/3784"}],"wp:featuredmedia":[{"embeddable":true,"href":"https:\/\/www.blakors.no\/klinikk-skien\/wp-json\/wp\/v2\/media\/115"}],"wp:attachment":[{"href":"https:\/\/www.blakors.no\/klinikk-skien\/wp-json\/wp\/v2\/media?parent=133"}],"curies":[{"name":"wp","href":"https:\/\/api.w.org\/{rel}","templated":true}]}}