{"id":152,"date":"2020-10-06T13:04:35","date_gmt":"2020-10-06T11:04:35","guid":{"rendered":"https:\/\/www.blakors.no\/borgestadklinikken\/?page_id=152"},"modified":"2026-04-20T11:09:55","modified_gmt":"2026-04-20T09:09:55","slug":"ventetid","status":"publish","type":"page","link":"https:\/\/www.blakors.no\/klinikk-skien\/ventetid\/","title":{"rendered":"Ventetid"},"content":{"rendered":"\n<figure class=\"wp-block-table\"><table class=\"has-fixed-layout\"><tbody><tr><td><strong>Poliklinikk<\/strong><\/td><td><\/td><\/tr><tr><td>Rusmiddel\/medikamentavhengighet<\/td><td>3 uker<\/td><\/tr><tr><td>Spillavhengighet<\/td><td>3 uker<\/td><\/tr><tr><td>P\u00e5r\u00f8rende<\/td><td>3 uker<\/td><\/tr><\/tbody><\/table><\/figure>\n\n\n\n<figure class=\"wp-block-table\"><table><tbody><tr><td><strong>D\u00f8gntilbud<\/strong><\/td><td><\/td><\/tr><tr><td>Rus &#8211; og avhengighetsbehandling, avd Skien 6 mnd<\/td><td>8 uker<\/td><\/tr><tr><td>Rus &#8211; og avhengighetsbehandling, avd Skien 3 mnd<\/td><td>0 uke<\/td><\/tr><tr><td>Seksjon for rus og psykisk lidelse (ROP-TSB)<\/td><td>20 uker<\/td><\/tr><tr><td>Seksjon for gravide og familier<\/td><td>0 uke<\/td><\/tr><\/tbody><\/table><figcaption class=\"wp-element-caption\">Oppdatert: 20\/04\/2026<\/figcaption><\/figure>\n\n\n\n<p><\/p>\n\n\n\n<p>Merk: dette er et estimat for ventetid. Det vil alltid bli tatt individuelle vurderinger av den enkelte henvisning og s\u00f8knad til v\u00e5re behandlingstilbud. <\/p>\n\n\n\n<p>Alle seksjoner har forl\u00f8pskoordinator ansatt som du kan ta kontakt med for mer informasjon og dialog.<\/p>\n\n\n\n\t\t<div class=\"wp-block-lib-accentuated-link\">\n\t\t\t<a\n\t\t\t\tclass=\"lib-link__link\"\n\t\t\t\thref=\"https:\/\/www.blakors.no\/klinikk-skien\/forlopskoordinatorer\/\"\n\t\t\t\ttarget=\"\"\n\t\t\t\trel=\"\"\n\t\t\t>\n\t\t\t\t\n\t\t\t\t<div class=\"lib-link__text-content\">\n\t\t\t\t\t<span class=\"lib-link__tagline\">\n\t\t\t\t\t\tLES MER\n\t\t\t\t\t<\/span>\n\n\t\t\t\t\t<h3 class=\"lib-link__title\">\n\t\t\t\t\t\tV\u00e5re forl\u00f8pskoordinatorer\n\t\t\t\t\t<\/h3>\n\n\t\t\t\t\t\n\t\t\t\t<\/div>\n\t\t\t<\/a>\n\t\t<\/div>","protected":false},"excerpt":{"rendered":"<p>Poliklinikk Rusmiddel\/medikamentavhengighet 3 uker Spillavhengighet 3 uker P\u00e5r\u00f8rende 3 uker D\u00f8gntilbud Rus &#8211; og avhengighetsbehandling, avd Skien 6 mnd 8 uker Rus &#8211; og avhengighetsbehandling, avd Skien 3 mnd 0 uke Seksjon for rus og psykisk lidelse (ROP-TSB) 20 uker Seksjon for gravide og familier 0 uke Oppdatert: 20\/04\/2026 Merk: dette er et estimat for [&hellip;]<\/p>\n","protected":false},"author":23,"featured_media":0,"parent":0,"menu_order":0,"comment_status":"closed","ping_status":"closed","template":"","meta":{"_acf_changed":false,"_relevanssi_hide_post":"","_relevanssi_hide_content":"","_relevanssi_pin_for_all":"","_relevanssi_pin_keywords":"","_relevanssi_unpin_keywords":"","_relevanssi_related_keywords":"","_relevanssi_related_include_ids":"","_relevanssi_related_exclude_ids":"","_relevanssi_related_no_append":"","_relevanssi_related_not_related":"","_relevanssi_related_posts":"1,38","_relevanssi_noindex_reason":"","_custom_cards_description":"","footnotes":""},"class_list":["post-152","page","type-page","status-publish","hentry"],"acf":[],"_links":{"self":[{"href":"https:\/\/www.blakors.no\/klinikk-skien\/wp-json\/wp\/v2\/pages\/152","targetHints":{"allow":["GET"]}}],"collection":[{"href":"https:\/\/www.blakors.no\/klinikk-skien\/wp-json\/wp\/v2\/pages"}],"about":[{"href":"https:\/\/www.blakors.no\/klinikk-skien\/wp-json\/wp\/v2\/types\/page"}],"author":[{"embeddable":true,"href":"https:\/\/www.blakors.no\/klinikk-skien\/wp-json\/wp\/v2\/users\/23"}],"replies":[{"embeddable":true,"href":"https:\/\/www.blakors.no\/klinikk-skien\/wp-json\/wp\/v2\/comments?post=152"}],"version-history":[{"count":5,"href":"https:\/\/www.blakors.no\/klinikk-skien\/wp-json\/wp\/v2\/pages\/152\/revisions"}],"predecessor-version":[{"id":5223,"href":"https:\/\/www.blakors.no\/klinikk-skien\/wp-json\/wp\/v2\/pages\/152\/revisions\/5223"}],"wp:attachment":[{"href":"https:\/\/www.blakors.no\/klinikk-skien\/wp-json\/wp\/v2\/media?parent=152"}],"curies":[{"name":"wp","href":"https:\/\/api.w.org\/{rel}","templated":true}]}}