{"id":1776,"date":"2021-03-05T11:46:34","date_gmt":"2021-03-05T10:46:34","guid":{"rendered":"https:\/\/www.blakors.no\/borgestadklinikken\/?page_id=1776"},"modified":"2025-08-20T14:00:35","modified_gmt":"2025-08-20T12:00:35","slug":"seksjon-for-rop-informerer-henvisere","status":"publish","type":"page","link":"https:\/\/www.blakors.no\/klinikk-skien\/seksjon-for-rop-informerer-henvisere\/","title":{"rendered":"Seksjon for ROP informerer henvisere"},"content":{"rendered":"\n<div class=\"wp-block-lib-header alignfull hide\"><div class=\"header-innercontent\"><\/div><\/div>\n\n\n\n<h2 class=\"wp-block-heading\" id=\"h-hvem-passer-tilbudet-for\"><strong>Hvem passer tilbudet for<\/strong><\/h2>\n\n\n\n<p>Vi er del av tverrfaglig spesialisert behandling (TSB) og skal behandle pasienter med alvorlig og mindre alvorlig ruslidelse, og \u00abmindre alvorlig psykisk lidelse\u00bb i tillegg. For noen pasienter kan det v\u00e6re vanskelig \u00e5 sette et klart skille mellom alvorlig og mindre alvorlig psykisk lidelse. Det er ikke bare diagnosen som avgj\u00f8r, men ogs\u00e5 tilstandens alvorlighetsgrad. Generelt tar vi ikke imot pasienter med kroniske psykoselidelser. Det samme gjelder pasienter med alvorlige atferdsforstyrrelser, alvorlige spiseforstyrrelser, alvorlig selvskading, mm. Vi har hatt noen pasienter med bipolare lidelser i behandling. Men dette kan v\u00e6re uaktuelt hvis det er hyppige og alvorlige svingninger i stemningsleie med psykosesymptomer. Disse b\u00f8r i stedet henvises til Psykisk helsevern.<\/p>\n\n\n\n<h2 class=\"wp-block-heading\" id=\"h-motivasjon-og-kognitiv-fungering\">Motivasjon og kognitiv fungering<\/h2>\n\n\n\n<p>Det legges vekt p\u00e5 at pasientene har en viss motivasjon for behandling, at de samtykker i \u00e5 delta i grupper, har en rimelig evne til \u00e5 forholde seg respektfullt til medpasienter, og har en kognitiv fungering som gj\u00f8r det mulig \u00e5 f\u00e5 utbytte av behandling. Hvis en pasient tidligere har profittert d\u00e5rlig p\u00e5 adekvat behandling, b\u00f8r det vurderes n\u00f8ye om det er grunnlag for ny henvisning.<\/p>\n\n\n\n<h2 class=\"wp-block-heading\" id=\"h-om-behandlingstilbudet\"><strong>Om behandlingstilbudet<\/strong><\/h2>\n\n\n\n<p>Det er 11 behandlingsplasser her med mulighet til behandlingsopphold i 12 m\u00e5neder. Behandlingen skjer i henhold til bestemmelsene i<a href=\"https:\/\/www.helsenorge.no\/psykisk-helse\/pakkeforlop-for-psykisk-helse-og-rus\" target=\"_blank\" rel=\"noopener\"> Nasjonale pasientforl\u00f8p psykisk helse og rus<\/a><\/p>\n\n\n\n<p>Det blir gjennomf\u00f8rt kartlegging av symptomniv\u00e5 og mellommenneskelig fungering i starten av oppholdet. Vi gj\u00f8r videre en diagnostisk utredning av ruslidelser og psykiske lidelser (inkludert personlighetsforstyrrelser). Etter noe tids rusfrihet gjennomf\u00f8res ogs\u00e5 en nevropsykologisk utredning ved psykologspesialist av de fleste pasientene.<\/p>\n\n\n\n<h2 class=\"wp-block-heading\" id=\"h-behandlingen\">Behandlingen<\/h2>\n\n\n\n<p>Behandlingen er blant annet individualterapi, gruppeterapi (4 ulike grupper), milj\u00f8terapi, fysisk trening samt tilrettelegging for \u00e5 delta i selvhjelpsgrupper i omr\u00e5det p\u00e5 kveldstid. Da seksjonen har ansatt spesialist i psykiatri, blir det ogs\u00e5 gitt medikamentell behandling (f.eks. av ADHD, LAR-behandling, depressive lidelser mm).<\/p>\n\n\n\n<h2 class=\"wp-block-heading\" id=\"h-samarbeidsmoter\">Samarbeidsm\u00f8ter<\/h2>\n\n\n\n<p>S\u00e5 langt det er mulig gjennomf\u00f8res regelmessige samarbeidsm\u00f8ter med ruskonsulent, fastlege, NAV-representant og andre aktuelle deltagere. Det inviteres til samtaler med barn og andre p\u00e5r\u00f8rende \u2013 gjerne i begynnelsen av oppholdet.<\/p>\n\n\n<div class=\"wp-block-blakors-person-cards\">\n\t\t\t\n<div class=\"t2-featured-single-post compact-card-template t2-featured-content is-post-type-person compact-card-template wp-block-t2-featured-single-post\"><figure style=\"--t2-focal-point: 50% 50%;\" class=\"t2-post-featured-image has-image-ratio-1-1 wp-block-t2-post-featured-image\"><img loading=\"lazy\" decoding=\"async\" width=\"1756\" height=\"2048\" src=\"https:\/\/www.blakors.no\/content\/uploads\/sites\/16\/2020\/10\/Linda-Galdal_-jan-2020-scaled.jpg\" class=\"attachment-post-thumbnail size-post-thumbnail wp-post-image\" alt=\"\" srcset=\"https:\/\/www.blakors.no\/content\/uploads\/sites\/16\/2020\/10\/Linda-Galdal_-jan-2020-scaled.jpg 1756w, https:\/\/www.blakors.no\/content\/uploads\/sites\/16\/2020\/10\/Linda-Galdal_-jan-2020-257x300.jpg 257w, https:\/\/www.blakors.no\/content\/uploads\/sites\/16\/2020\/10\/Linda-Galdal_-jan-2020-878x1024.jpg 878w, https:\/\/www.blakors.no\/content\/uploads\/sites\/16\/2020\/10\/Linda-Galdal_-jan-2020-768x895.jpg 768w, https:\/\/www.blakors.no\/content\/uploads\/sites\/16\/2020\/10\/Linda-Galdal_-jan-2020-1317x1536.jpg 1317w\" sizes=\"auto, (min-width: 782px) 768px, 100vw\" \/><\/figure>\n\n<div class=\"wp-block-group alignfull is-layout-flow wp-block-group-is-layout-flow\">\n\t<div class=\"t2-post-dynamic-part is-source-filter filter-person_card_meta post-meta wp-block-t2-post-dynamic-part\"><div class=\"title\"><h2 id=\"linda-overland\"  class=\"t2-post-title wp-block-t2-post-title\" >Linda \u00d8verland<\/h2><p class=\"position\">Forl\u00f8pskoordinator, seksjon for rus og psykisk lidelse<\/p><\/div><div class=\"contact-info\"><p class=\"phone\"><a href=\"tel:+4799254029\">+47 992 54 029<\/a><\/p><p class=\"email\"><a href=\"mailto:linda.overland@blakors.no\">linda.overland@blakors.no<\/a><\/p><\/div><\/div>\n<\/div>\n\n<\/div>\n\n\t\t<\/div>\n\n\n<h2 class=\"wp-block-heading\" id=\"h-vurderer-du-en-henvisning\">Vurderer du en henvisning?<\/h2>\n\n\n\n<p>For deg som vurderer \u00e5 henvise pasienter til ROP-behandling er det viktig at du:<\/p>\n\n\n\n<ul class=\"wp-block-list\">\n<li>Vurderer graden av psykisk lidelse. Har pasienten diagnoser fra tidligere? Hvilken lidelse er det evt. mistanke om at pasienten har?<\/li>\n\n\n\n<li>Vil pasienten kunne nyttegj\u00f8re seg inneliggende behandling, eller vil det kunne v\u00e6re kontraindisert? Noen psykiske lidelser forverres av \u00e5 v\u00e6re innlagt, vurder erfaringer fra tidligere behandling opp mot dette.<\/li>\n\n\n\n<li>Les beskrivelsen av v\u00e5r ROP-enhet og vurder om pasienten vil mestre \u00e5 delta i v\u00e5rt behandlingsopplegg.<\/li>\n\n\n\n<li>Dr\u00f8ft gjerne saken med v\u00e5r forl\u00f8pskoordinator, f\u00f8r du sender henvisning.<\/li>\n\n\n\n<li>V\u00e6r forberedt p\u00e5 at vi \u00f8nsker et tett samarbeid.<\/li>\n<\/ul>\n\n\n\n\t\t<div class=\"wp-block-lib-accentuated-link\">\n\t\t\t<a class=\"lib-link__link\" href=\"https:\/\/www.blakors.no\/klinikk-skien\/innhold-i-henvisning\/\" target=\"\" rel=\"\">\n\t\t\t\t\n\t\t\t\t<div class=\"lib-link__text-content\">\n\t\t\t\t\t<span class=\"lib-link__tagline\">\n\t\t\t\t\t\tLES MER\n\t\t\t\t\t<\/span>\n\n\t\t\t\t\t<h3 class=\"lib-link__title\">\n\t\t\t\t\t\tHenvisninger til Borgestadklinikken\n\t\t\t\t\t<\/h3>\n\n\t\t\t\t\t\n\t\t\t\t<\/div>\n\t\t\t<\/a>\n\t\t<\/div>\n\n\n<p>ROP retningslinjen og pakkeforl\u00f8p TSB styrer innholdet og driften, vi anbefaler \u00e5 sette seg inn i disse. ROP-enhetens pasienter er definert av  Rop &#8211; retningslinjen og de sentrale anbefalingene der i kap 8.1.<\/p>\n\n\n\n\t\t<div class=\"wp-block-lib-accentuated-link\">\n\t\t\t<a class=\"lib-link__link\" href=\"https:\/\/www.helsedirektoratet.no\/retningslinjer\/samtidig-ruslidelse-og-psykisk-lidelse-rop-lidelser\" target=\"\" rel=\"noopener\">\n\t\t\t\t\n\t\t\t\t<div class=\"lib-link__text-content\">\n\t\t\t\t\t<span class=\"lib-link__tagline\">\n\t\t\t\t\t\tLES MER\n\t\t\t\t\t<\/span>\n\n\t\t\t\t\t<h3 class=\"lib-link__title\">\n\t\t\t\t\t\tNasjonal ROP- retningslinje\n\t\t\t\t\t<\/h3>\n\n\t\t\t\t\t\n\t\t\t<span class=\"lib-link__link-source\">\n\t\t\t\twww.helsedirektoratet.no\n\t\t\t\t<svg xmlns=\"http:\/\/www.w3.org\/2000\/svg\" viewBox=\"0 0 24 24\" height=\"24\" width=\"24\" class=\"t2-icon t2-icon-linkexternal\" aria-hidden=\"true\" focusable=\"false\"><path d=\"M5 21c-.5 0-1-.2-1.4-.6S3 19.6 3 19V5c0-.6.2-1 .6-1.4S4.5 3 5 3h6c.3 0 .5.1.7.3.2.2.3.4.3.7 0 .3-.1.5-.3.7-.2.2-.4.3-.7.3H5v14h14v-6c0-.3.1-.5.3-.7.2-.2.4-.3.7-.3s.5.1.7.3c.2.2.3.4.3.7v6c0 .6-.2 1-.6 1.4s-.8.6-1.4.6H5zm4-6c-.2-.2-.3-.4-.3-.7s.1-.5.3-.7L17.6 5H15c-.3 0-.5-.1-.7-.3-.2-.2-.3-.4-.3-.7 0-.3.1-.5.3-.7.2-.2.4-.3.7-.3h5c.3 0 .5.1.7.3.2.2.3.4.3.7v5c0 .3-.1.5-.3.7-.2.2-.4.3-.7.3s-.5-.1-.7-.3c-.2-.2-.3-.4-.3-.7V6.4L10.4 15c-.2.2-.4.3-.7.3s-.5-.1-.7-.3z\" fill=\"currentColor\" \/><\/svg>\n\t\t\t<\/span>\n\t\t\t\t<\/div>\n\t\t\t<\/a>\n\t\t<\/div>\n\n\n\t\t<div class=\"wp-block-lib-accentuated-link\">\n\t\t\t<a class=\"lib-link__link\" href=\"https:\/\/www.helsedirektoratet.no\/pakkeforlop\/rusbehandling-tsb\" target=\"\" rel=\"noopener\">\n\t\t\t\t\n\t\t\t\t<div class=\"lib-link__text-content\">\n\t\t\t\t\t<span class=\"lib-link__tagline\">\n\t\t\t\t\t\tLES MER\n\t\t\t\t\t<\/span>\n\n\t\t\t\t\t<h3 class=\"lib-link__title\">\n\t\t\t\t\t\tNasjonale pasientforl\u00f8p i TSB\n\t\t\t\t\t<\/h3>\n\n\t\t\t\t\t\n\t\t\t<span class=\"lib-link__link-source\">\n\t\t\t\twww.helsedirektoratet.no\n\t\t\t\t<svg xmlns=\"http:\/\/www.w3.org\/2000\/svg\" viewBox=\"0 0 24 24\" height=\"24\" width=\"24\" class=\"t2-icon t2-icon-linkexternal\" aria-hidden=\"true\" focusable=\"false\"><path d=\"M5 21c-.5 0-1-.2-1.4-.6S3 19.6 3 19V5c0-.6.2-1 .6-1.4S4.5 3 5 3h6c.3 0 .5.1.7.3.2.2.3.4.3.7 0 .3-.1.5-.3.7-.2.2-.4.3-.7.3H5v14h14v-6c0-.3.1-.5.3-.7.2-.2.4-.3.7-.3s.5.1.7.3c.2.2.3.4.3.7v6c0 .6-.2 1-.6 1.4s-.8.6-1.4.6H5zm4-6c-.2-.2-.3-.4-.3-.7s.1-.5.3-.7L17.6 5H15c-.3 0-.5-.1-.7-.3-.2-.2-.3-.4-.3-.7 0-.3.1-.5.3-.7.2-.2.4-.3.7-.3h5c.3 0 .5.1.7.3.2.2.3.4.3.7v5c0 .3-.1.5-.3.7-.2.2-.4.3-.7.3s-.5-.1-.7-.3c-.2-.2-.3-.4-.3-.7V6.4L10.4 15c-.2.2-.4.3-.7.3s-.5-.1-.7-.3z\" fill=\"currentColor\" \/><\/svg>\n\t\t\t<\/span>\n\t\t\t\t<\/div>\n\t\t\t<\/a>\n\t\t<\/div>","protected":false},"excerpt":{"rendered":"<p>Hvem passer tilbudet for Vi er del av tverrfaglig spesialisert behandling (TSB) og skal behandle pasienter med alvorlig og mindre alvorlig ruslidelse, og \u00abmindre alvorlig psykisk lidelse\u00bb i tillegg. For noen pasienter kan det v\u00e6re vanskelig \u00e5 sette et klart skille mellom alvorlig og mindre alvorlig psykisk lidelse. Det er ikke bare diagnosen som avgj\u00f8r, [&hellip;]<\/p>\n","protected":false},"author":7,"featured_media":0,"parent":0,"menu_order":0,"comment_status":"closed","ping_status":"closed","template":"","meta":{"_acf_changed":false,"_relevanssi_hide_post":"","_relevanssi_hide_content":"","_relevanssi_pin_for_all":"","_relevanssi_pin_keywords":"","_relevanssi_unpin_keywords":"","_relevanssi_related_keywords":"","_relevanssi_related_include_ids":"","_relevanssi_related_exclude_ids":"","_relevanssi_related_no_append":"","_relevanssi_related_not_related":"","_relevanssi_related_posts":"1200,1275,1197,1208,1260,1234","_relevanssi_noindex_reason":"","_custom_cards_description":"","footnotes":""},"class_list":["post-1776","page","type-page","status-publish","hentry"],"acf":[],"_links":{"self":[{"href":"https:\/\/www.blakors.no\/klinikk-skien\/wp-json\/wp\/v2\/pages\/1776","targetHints":{"allow":["GET"]}}],"collection":[{"href":"https:\/\/www.blakors.no\/klinikk-skien\/wp-json\/wp\/v2\/pages"}],"about":[{"href":"https:\/\/www.blakors.no\/klinikk-skien\/wp-json\/wp\/v2\/types\/page"}],"author":[{"embeddable":true,"href":"https:\/\/www.blakors.no\/klinikk-skien\/wp-json\/wp\/v2\/users\/7"}],"replies":[{"embeddable":true,"href":"https:\/\/www.blakors.no\/klinikk-skien\/wp-json\/wp\/v2\/comments?post=1776"}],"version-history":[{"count":5,"href":"https:\/\/www.blakors.no\/klinikk-skien\/wp-json\/wp\/v2\/pages\/1776\/revisions"}],"predecessor-version":[{"id":4594,"href":"https:\/\/www.blakors.no\/klinikk-skien\/wp-json\/wp\/v2\/pages\/1776\/revisions\/4594"}],"wp:attachment":[{"href":"https:\/\/www.blakors.no\/klinikk-skien\/wp-json\/wp\/v2\/media?parent=1776"}],"curies":[{"name":"wp","href":"https:\/\/api.w.org\/{rel}","templated":true}]}}