{"id":1789,"date":"2021-03-05T12:06:59","date_gmt":"2021-03-05T11:06:59","guid":{"rendered":"https:\/\/www.blakors.no\/borgestadklinikken\/?page_id=1789"},"modified":"2025-07-30T08:33:27","modified_gmt":"2025-07-30T06:33:27","slug":"til-pasienter-pa-rop-tsb","status":"publish","type":"page","link":"https:\/\/www.blakors.no\/klinikk-skien\/til-pasienter-pa-rop-tsb\/","title":{"rendered":"Til pasienter p\u00e5 ROP-TSB"},"content":{"rendered":"\n<div class=\"wp-block-lib-header alignfull hide\"><div class=\"header-innercontent\"><\/div><\/div>\n\n\n\n<h2 class=\"wp-block-heading\" id=\"h-antall-plasser-og-rom\"><strong>Antall plasser og rom<\/strong><\/h2>\n\n\n\n<p>Vi har totalt 13 rom, og plass til 11 pasienter. I tillegg har vi alltid ett rom for brukerstyrt plass.<\/p>\n\n\n\n<p>Alle f\u00e5r eget rom, og rommene er fordelt i to etasjer. De er av ulik st\u00f8rrelse.<\/p>\n\n\n\n<h2 class=\"wp-block-heading\" id=\"h-hvordan-er-dagene\"><strong>Hvordan er dagene?<\/strong><\/h2>\n\n\n\n<ul class=\"wp-block-list\">\n<li>Alle m\u00e5ltider blir servert i v\u00e5r felles kantine, til faste tider. Kantinen er da reservert for pasientene ved ROP.<\/li>\n<\/ul>\n\n\n\n<ul class=\"wp-block-list\">\n<li>Vi har et fast ukeprogram som det forventes at du f\u00f8lger.<\/li>\n<\/ul>\n\n\n\n<ul class=\"wp-block-list\">\n<li>Alle hverdager starter med et felles morgenm\u00f8te, etter frokost, der vi gjennomg\u00e5r hva som skal skje i l\u00f8pet av dagen og tar opp aktuelle saker, b\u00e5de internt og fra media.<\/li>\n<\/ul>\n\n\n\n<ul class=\"wp-block-list\">\n<li>P\u00e5 hverdager er dagene fylt med ulike behandlingsgrupper, samtaler med behandlere, samarbeid med milj\u00f8terapeuter, organisert trening, m\u00f8ter med hjelpeapparatet osv.<\/li>\n<\/ul>\n\n\n\n<ul class=\"wp-block-list\">\n<li>P\u00e5 kveldstid er det ikke fast program ut over m\u00e5ltider. Da er det muligheter for \u00e5 foresl\u00e5 felles aktiviteter eller dra ut p\u00e5 egenh\u00e5nd. Vi ligger sentralt plassert b\u00e5de i forhold til Porsgrunn og Skien og vi har flotte turomr\u00e5der rett utenfor d\u00f8ren. Det er gode muligheter for offentlig transport.<\/li>\n<\/ul>\n\n\n\n<ul class=\"wp-block-list\">\n<li>\u00d8nsker du \u00e5 trene har vi et lite treningsrom p\u00e5 klinikken og et st\u00f8rre treningsrom ved avdelingen i Skien. I Skien er det ogs\u00e5 en liten treningssal, der det organiseres ballspill, gjerne med sammen med andre avdelinger. Det er ogs\u00e5 mulighet til \u00e5 benytte seg av sv\u00f8mmehall, der vi har klippekort du kan bruke. I milj\u00f8personalet har vi personer som liker \u00e5 trene og som gjerne blir med p\u00e5 tur dersom du \u00f8nsker \u00e5 ha selskap.<\/li>\n<\/ul>\n\n\n\n<ul class=\"wp-block-list\">\n<li>Vi har et eget rom der vi legger til rette for hobbyaktiviteter. \u00c5 holde p\u00e5 med hendene og konsentrere seg om \u00e5 lage ting, v\u00e6re en god avkobling fra b\u00e5de tanker og stress.<\/li>\n<\/ul>\n\n\n\n<ul class=\"wp-block-list\">\n<li>I helgene er det en del pasienter som reiser hjem p\u00e5 treningspermisjon dersom det er mulig. &nbsp;Men for de som er igjen p\u00e5 seksjonen er det store muligheter til \u00e5 reise ut p\u00e5 tur. Vi har milj\u00f8terapeuter som g\u00e5r lange vakter, noe som gj\u00f8r at vi har en st\u00f8rre frihet til \u00e5 dra fra klinikken. Vi l\u00e5ner ut sportsutstyr, s\u00e5 det er mulig \u00e5 v\u00e6re ute i all slags v\u00e6r.<\/li>\n<\/ul>\n\n\n\n<h2 class=\"wp-block-heading\" id=\"h-vil-du-s-ke-plass-for-behandling\">Vil du s\u00f8ke plass for behandling?<\/h2>\n\n\n\n<p>Ta kontakt med fastlege, behandler eller ruskonsulent for \u00e5 bli henvist til Bl\u00e5 Kors klinikk Skien og seksjon for ROP. Dr\u00f8ft med de som kjenner deg om dette kan v\u00e6re et godt tilbud for deg, og gi dem informasjon som kan v\u00e6re viktig \u00e5 f\u00e5 med i henvisningen. Det kan f. eks v\u00e6re hva som gj\u00f8r at du \u00f8nsker nettopp denne behandlingen, motivasjonen du har og hvilke m\u00e5l du har. Det er viktig ogs\u00e5 at situasjonen din n\u00e5 blir n\u00f8ye beskrevet. Ta gjerne kontakt med forl\u00f8pskoordinator om du vil ha mer informasjon eller om har sp\u00f8rsm\u00e5l:<\/p>\n\n\n<div class=\"wp-block-blakors-person-cards\">\n\t\t\t\n<div class=\"t2-featured-single-post compact-card-template t2-featured-content is-post-type-person compact-card-template wp-block-t2-featured-single-post\"><figure style=\"--t2-focal-point: 50% 50%;\" class=\"t2-post-featured-image has-image-ratio-1-1 wp-block-t2-post-featured-image\"><img loading=\"lazy\" decoding=\"async\" width=\"1756\" height=\"2048\" src=\"https:\/\/www.blakors.no\/content\/uploads\/sites\/16\/2020\/10\/Linda-Galdal_-jan-2020-scaled.jpg\" class=\"attachment-post-thumbnail size-post-thumbnail wp-post-image\" alt=\"\" srcset=\"https:\/\/www.blakors.no\/content\/uploads\/sites\/16\/2020\/10\/Linda-Galdal_-jan-2020-scaled.jpg 1756w, https:\/\/www.blakors.no\/content\/uploads\/sites\/16\/2020\/10\/Linda-Galdal_-jan-2020-257x300.jpg 257w, https:\/\/www.blakors.no\/content\/uploads\/sites\/16\/2020\/10\/Linda-Galdal_-jan-2020-878x1024.jpg 878w, https:\/\/www.blakors.no\/content\/uploads\/sites\/16\/2020\/10\/Linda-Galdal_-jan-2020-768x895.jpg 768w, https:\/\/www.blakors.no\/content\/uploads\/sites\/16\/2020\/10\/Linda-Galdal_-jan-2020-1317x1536.jpg 1317w\" sizes=\"auto, (min-width: 782px) 768px, 100vw\" \/><\/figure>\n\n<div class=\"wp-block-group alignfull is-layout-flow wp-block-group-is-layout-flow\">\n\t<div class=\"t2-post-dynamic-part is-source-filter filter-person_card_meta post-meta wp-block-t2-post-dynamic-part\"><div class=\"title\"><h2 id=\"linda-overland\"  class=\"t2-post-title wp-block-t2-post-title\" >Linda \u00d8verland<\/h2><p class=\"position\">Forl\u00f8pskoordinator, seksjon for rus og psykisk lidelse<\/p><\/div><div class=\"contact-info\"><p class=\"phone\"><a href=\"tel:+4799254029\">+47 992 54 029<\/a><\/p><p class=\"email\"><a href=\"mailto:linda.overland@blakors.no\">linda.overland@blakors.no<\/a><\/p><\/div><\/div>\n<\/div>\n\n<\/div>\n\n\t\t<\/div>\n\n\n<h2 id=\"noen-bildeglimt\"  class=\"wp-block-heading\" >Noen bildeglimt<\/h2>\n\n\n\t<div class=\"custom-block-gallery\" data-pswp-uid=\"69e1705d235d5\">\n\t\t<ul class=\"gallery\">\n\t\t\t\t\t\t\t<li class=\"gallery-item\" data-pswp-pid=\"0\">\n\t\t\t\t\t<img loading=\"lazy\" decoding=\"async\" src=\"https:\/\/www.blakors.no\/content\/uploads\/sites\/16\/2020\/11\/atriet-Borgestad-768x504.jpg\" alt=\"uteplass med benker og gr\u00f8nt\" width=\"1024\" height=\"672\" \/>\n\t\t\t\t\t\t\t\t\t<\/li>\n\t\t\t\t\t\t\t\t<li class=\"gallery-item\" data-pswp-pid=\"1\">\n\t\t\t\t\t<img loading=\"lazy\" decoding=\"async\" src=\"https:\/\/www.blakors.no\/content\/uploads\/sites\/16\/2024\/02\/aktivitet_team_Bordtennis_FB-768x481.jpg\" alt=\"\" width=\"1000\" height=\"626\" \/>\n\t\t\t\t\t\t\t\t\t<\/li>\n\t\t\t\t\t\t\t\t<li class=\"gallery-item\" data-pswp-pid=\"2\">\n\t\t\t\t\t<img loading=\"lazy\" decoding=\"async\" src=\"https:\/\/www.blakors.no\/content\/uploads\/sites\/16\/2024\/02\/klatrevegg-Skien-FB-mars-2017.jpeg\" alt=\"\" width=\"576\" height=\"1024\" \/>\n\t\t\t\t\t\t\t\t\t<\/li>\n\t\t\t\t\t\t\t\t<li class=\"gallery-item\" data-pswp-pid=\"3\">\n\t\t\t\t\t<img loading=\"lazy\" decoding=\"async\" src=\"https:\/\/www.blakors.no\/content\/uploads\/sites\/16\/2024\/02\/atriet-Borgestad_FB-768x504.jpg\" alt=\"\" width=\"1024\" height=\"672\" \/>\n\t\t\t\t\t\t\t\t\t<\/li>\n\t\t\t\t\t\t\t\t<li class=\"gallery-item\" data-pswp-pid=\"4\">\n\t\t\t\t\t<img loading=\"lazy\" decoding=\"async\" src=\"https:\/\/www.blakors.no\/content\/uploads\/sites\/16\/2024\/02\/kantine-borgestad-web-768x464.jpg\" alt=\"\" width=\"1024\" height=\"618\" \/>\n\t\t\t\t\t\t\t\t\t<\/li>\n\t\t\t\t\t\t\t\t<li class=\"gallery-item\" data-pswp-pid=\"5\">\n\t\t\t\t\t<img loading=\"lazy\" decoding=\"async\" src=\"https:\/\/www.blakors.no\/content\/uploads\/sites\/16\/2024\/02\/rom-utredning-FB-768x512.jpg\" alt=\"\" width=\"1024\" height=\"683\" \/>\n\t\t\t\t\t\t\t\t\t<\/li>\n\t\t\t\t\t\t<\/ul>\n\t<\/div>\n","protected":false},"excerpt":{"rendered":"<p>Antall plasser og rom Vi har totalt 13 rom, og plass til 11 pasienter. I tillegg har vi alltid ett rom for brukerstyrt plass. Alle f\u00e5r eget rom, og rommene er fordelt i to etasjer. De er av ulik st\u00f8rrelse. Hvordan er dagene? Vil du s\u00f8ke plass for behandling? Ta kontakt med fastlege, behandler eller [&hellip;]<\/p>\n","protected":false},"author":7,"featured_media":0,"parent":0,"menu_order":0,"comment_status":"closed","ping_status":"closed","template":"","meta":{"_acf_changed":false,"_relevanssi_hide_post":"","_relevanssi_hide_content":"","_relevanssi_pin_for_all":"","_relevanssi_pin_keywords":"","_relevanssi_unpin_keywords":"","_relevanssi_related_keywords":"","_relevanssi_related_include_ids":"","_relevanssi_related_exclude_ids":"","_relevanssi_related_no_append":"","_relevanssi_related_not_related":"","_relevanssi_related_posts":"1197,1239,1200,1234,1260,1205","_relevanssi_noindex_reason":"","_custom_cards_description":"","footnotes":""},"class_list":["post-1789","page","type-page","status-publish","hentry"],"acf":[],"_links":{"self":[{"href":"https:\/\/www.blakors.no\/klinikk-skien\/wp-json\/wp\/v2\/pages\/1789","targetHints":{"allow":["GET"]}}],"collection":[{"href":"https:\/\/www.blakors.no\/klinikk-skien\/wp-json\/wp\/v2\/pages"}],"about":[{"href":"https:\/\/www.blakors.no\/klinikk-skien\/wp-json\/wp\/v2\/types\/page"}],"author":[{"embeddable":true,"href":"https:\/\/www.blakors.no\/klinikk-skien\/wp-json\/wp\/v2\/users\/7"}],"replies":[{"embeddable":true,"href":"https:\/\/www.blakors.no\/klinikk-skien\/wp-json\/wp\/v2\/comments?post=1789"}],"version-history":[{"count":5,"href":"https:\/\/www.blakors.no\/klinikk-skien\/wp-json\/wp\/v2\/pages\/1789\/revisions"}],"predecessor-version":[{"id":4083,"href":"https:\/\/www.blakors.no\/klinikk-skien\/wp-json\/wp\/v2\/pages\/1789\/revisions\/4083"}],"wp:attachment":[{"href":"https:\/\/www.blakors.no\/klinikk-skien\/wp-json\/wp\/v2\/media?parent=1789"}],"curies":[{"name":"wp","href":"https:\/\/api.w.org\/{rel}","templated":true}]}}