{"id":1998,"date":"2021-09-23T09:46:49","date_gmt":"2021-09-23T07:46:49","guid":{"rendered":"https:\/\/www.blakors.no\/borgestadklinikken\/?page_id=1998"},"modified":"2021-09-23T09:46:50","modified_gmt":"2021-09-23T07:46:50","slug":"manualer-og-rapporter-om-behandling-av-spilleavhengighet","status":"publish","type":"page","link":"https:\/\/www.blakors.no\/klinikk-skien\/manualer-og-rapporter-om-behandling-av-spilleavhengighet\/","title":{"rendered":"Manualer og rapporter om behandling av spilleavhengighet"},"content":{"rendered":"\n<div class=\"wp-block-lib-header alignfull hide\"><div class=\"header-innercontent\"><\/div><\/div>\n\n\n\n<p>Er du behandler for mennesker med ulike former for spillavhengighet?<br>Her finner du v\u00e5re rapporter og manualer etter flere prosjekt innen spillbehandling. Vi h\u00e5per de kan v\u00e6re til hjelp!<\/p>\n\n\n\n<div class=\"wp-block-lib-accentuated-link\"><a class=\"lib-link__link\" href=\"https:\/\/www.blakors.no\/content\/uploads\/sites\/16\/2021\/09\/BEHANDLINGSMANUAL-ungdom-12-20-ar-1.pdf\" rel=\"noreferrer noopener\" target=\"_blank\"><div class=\"lib-link__text-content\"><h6 id=\"her-finner-du\"  class=\"lib-link__tagline\" >her finner du<\/h6><h3 id=\"behandlingsmanual-dataspillavhengige-unge\"  class=\"lib-link__title\" >Behandlingsmanual dataspillavhengige unge<\/h3><span class=\"lib-link__link-source download\">pdf<SVG viewBox=\"0 0 13 13\" xmlns=\"http:\/\/www.w3.org\/2000\/svg\" width=\"16\" height=\"16\">\n\t<Path d=\"M6.5,0A.5.5,0,0,1,7,.41V7.29L9.48,4.81a.5.5,0,0,1,.64,0l.07,0a.5.5,0,0,1,.05.64l-.05.07L6.85,8.85v0l0,0,0-.05a.27.27,0,0,1-.08.07l0,0,0,0,0,0h-.3l0,0,0,0,0,0h0l0,0v0L2.81,5.52a.51.51,0,0,1,0-.71.5.5,0,0,1,.64,0l.07,0L6,7.29V.5A.5.5,0,0,1,6.5,0Zm6,8a.5.5,0,0,1,.49.41v2.76a1.8,1.8,0,0,1-.54,1.29,1.76,1.76,0,0,1-1.13.53H1.83a1.8,1.8,0,0,1-1.29-.54A1.76,1.76,0,0,1,0,11.33V8.5A.5.5,0,0,1,.5,8,.5.5,0,0,1,1,8.41v2.76a.87.87,0,0,0,.24.59.8.8,0,0,0,.48.23h9.45a.87.87,0,0,0,.59-.24.8.8,0,0,0,.23-.48V8.5A.5.5,0,0,1,12.5,8Z\"\/>\n<\/SVG>\n<\/span><\/div><\/a><\/div>\n\n\n\n<div class=\"wp-block-lib-accentuated-link\"><a class=\"lib-link__link\" href=\"https:\/\/www.blakors.no\/content\/uploads\/sites\/16\/2021\/09\/APPENDIX-dataspill-unge-12-20-ar.pdf\" rel=\"noreferrer noopener\" target=\"_blank\"><div class=\"lib-link__text-content\"><h6 id=\"her-finner-du\"  class=\"lib-link__tagline\" >HER FINNER DU<\/h6><h3 id=\"appendix-dataspillavhengige-unge\"  class=\"lib-link__title\" >Appendix dataspillavhengige unge<\/h3><span class=\"lib-link__link-source download\">pdf<SVG viewBox=\"0 0 13 13\" xmlns=\"http:\/\/www.w3.org\/2000\/svg\" width=\"16\" height=\"16\">\n\t<Path d=\"M6.5,0A.5.5,0,0,1,7,.41V7.29L9.48,4.81a.5.5,0,0,1,.64,0l.07,0a.5.5,0,0,1,.05.64l-.05.07L6.85,8.85v0l0,0,0-.05a.27.27,0,0,1-.08.07l0,0,0,0,0,0h-.3l0,0,0,0,0,0h0l0,0v0L2.81,5.52a.51.51,0,0,1,0-.71.5.5,0,0,1,.64,0l.07,0L6,7.29V.5A.5.5,0,0,1,6.5,0Zm6,8a.5.5,0,0,1,.49.41v2.76a1.8,1.8,0,0,1-.54,1.29,1.76,1.76,0,0,1-1.13.53H1.83a1.8,1.8,0,0,1-1.29-.54A1.76,1.76,0,0,1,0,11.33V8.5A.5.5,0,0,1,.5,8,.5.5,0,0,1,1,8.41v2.76a.87.87,0,0,0,.24.59.8.8,0,0,0,.48.23h9.45a.87.87,0,0,0,.59-.24.8.8,0,0,0,.23-.48V8.5A.5.5,0,0,1,12.5,8Z\"\/>\n<\/SVG>\n<\/span><\/div><\/a><\/div>\n\n\n\n<div class=\"wp-block-lib-accentuated-link\"><a class=\"lib-link__link\" href=\"https:\/\/www.blakors.no\/content\/uploads\/sites\/16\/2021\/09\/Poliklinisk-gruppebehandling-pengespillavhengige.pdf\" rel=\"noreferrer noopener\" target=\"_blank\"><div class=\"lib-link__text-content\"><h6 id=\"her-finner-du\"  class=\"lib-link__tagline\" >HER FINNER DU<\/h6><h3 id=\"poliklinisk-gruppebehandling-13-uker-pengespillavhengige\"  class=\"lib-link__title\" >Poliklinisk gruppebehandling (13 uker) pengespillavhengige<\/h3><span class=\"lib-link__link-source download\">pdf<SVG viewBox=\"0 0 13 13\" xmlns=\"http:\/\/www.w3.org\/2000\/svg\" width=\"16\" height=\"16\">\n\t<Path d=\"M6.5,0A.5.5,0,0,1,7,.41V7.29L9.48,4.81a.5.5,0,0,1,.64,0l.07,0a.5.5,0,0,1,.05.64l-.05.07L6.85,8.85v0l0,0,0-.05a.27.27,0,0,1-.08.07l0,0,0,0,0,0h-.3l0,0,0,0,0,0h0l0,0v0L2.81,5.52a.51.51,0,0,1,0-.71.5.5,0,0,1,.64,0l.07,0L6,7.29V.5A.5.5,0,0,1,6.5,0Zm6,8a.5.5,0,0,1,.49.41v2.76a1.8,1.8,0,0,1-.54,1.29,1.76,1.76,0,0,1-1.13.53H1.83a1.8,1.8,0,0,1-1.29-.54A1.76,1.76,0,0,1,0,11.33V8.5A.5.5,0,0,1,.5,8,.5.5,0,0,1,1,8.41v2.76a.87.87,0,0,0,.24.59.8.8,0,0,0,.48.23h9.45a.87.87,0,0,0,.59-.24.8.8,0,0,0,.23-.48V8.5A.5.5,0,0,1,12.5,8Z\"\/>\n<\/SVG>\n<\/span><\/div><\/a><\/div>\n\n\n\n<div class=\"wp-block-lib-accentuated-link\"><a class=\"lib-link__link\" href=\"https:\/\/www.blakors.no\/content\/uploads\/sites\/16\/2021\/09\/dognbehandling-nettavhengige.pdf\" rel=\"noreferrer noopener\" target=\"_blank\"><div class=\"lib-link__text-content\"><h6 id=\"her-finner-du\"  class=\"lib-link__tagline\" >HER FINNER DU<\/h6><h3 id=\"dognbehandling-for-pengespillavhengige\"  class=\"lib-link__title\" >D\u00f8gnbehandling for pengespillavhengige<\/h3><span class=\"lib-link__link-source download\">pdf<SVG viewBox=\"0 0 13 13\" xmlns=\"http:\/\/www.w3.org\/2000\/svg\" width=\"16\" height=\"16\">\n\t<Path d=\"M6.5,0A.5.5,0,0,1,7,.41V7.29L9.48,4.81a.5.5,0,0,1,.64,0l.07,0a.5.5,0,0,1,.05.64l-.05.07L6.85,8.85v0l0,0,0-.05a.27.27,0,0,1-.08.07l0,0,0,0,0,0h-.3l0,0,0,0,0,0h0l0,0v0L2.81,5.52a.51.51,0,0,1,0-.71.5.5,0,0,1,.64,0l.07,0L6,7.29V.5A.5.5,0,0,1,6.5,0Zm6,8a.5.5,0,0,1,.49.41v2.76a1.8,1.8,0,0,1-.54,1.29,1.76,1.76,0,0,1-1.13.53H1.83a1.8,1.8,0,0,1-1.29-.54A1.76,1.76,0,0,1,0,11.33V8.5A.5.5,0,0,1,.5,8,.5.5,0,0,1,1,8.41v2.76a.87.87,0,0,0,.24.59.8.8,0,0,0,.48.23h9.45a.87.87,0,0,0,.59-.24.8.8,0,0,0,.23-.48V8.5A.5.5,0,0,1,12.5,8Z\"\/>\n<\/SVG>\n<\/span><\/div><\/a><\/div>\n","protected":false},"excerpt":{"rendered":"<p>Er du behandler for mennesker med ulike former for spillavhengighet?Her finner du v\u00e5re rapporter og manualer etter flere prosjekt innen spillbehandling. Vi h\u00e5per de kan v\u00e6re til hjelp!<\/p>\n","protected":false},"author":7,"featured_media":0,"parent":0,"menu_order":0,"comment_status":"closed","ping_status":"closed","template":"","meta":{"_acf_changed":false,"_relevanssi_hide_post":"","_relevanssi_hide_content":"","_relevanssi_pin_for_all":"","_relevanssi_pin_keywords":"","_relevanssi_unpin_keywords":"","_relevanssi_related_keywords":"","_relevanssi_related_include_ids":"","_relevanssi_related_exclude_ids":"","_relevanssi_related_no_append":"","_relevanssi_related_not_related":"","_relevanssi_related_posts":"1416,1498,1239,1275,1197,1478","_relevanssi_noindex_reason":"","_custom_cards_description":"","footnotes":""},"class_list":["post-1998","page","type-page","status-publish","hentry"],"acf":[],"_links":{"self":[{"href":"https:\/\/www.blakors.no\/klinikk-skien\/wp-json\/wp\/v2\/pages\/1998","targetHints":{"allow":["GET"]}}],"collection":[{"href":"https:\/\/www.blakors.no\/klinikk-skien\/wp-json\/wp\/v2\/pages"}],"about":[{"href":"https:\/\/www.blakors.no\/klinikk-skien\/wp-json\/wp\/v2\/types\/page"}],"author":[{"embeddable":true,"href":"https:\/\/www.blakors.no\/klinikk-skien\/wp-json\/wp\/v2\/users\/7"}],"replies":[{"embeddable":true,"href":"https:\/\/www.blakors.no\/klinikk-skien\/wp-json\/wp\/v2\/comments?post=1998"}],"version-history":[{"count":8,"href":"https:\/\/www.blakors.no\/klinikk-skien\/wp-json\/wp\/v2\/pages\/1998\/revisions"}],"predecessor-version":[{"id":2006,"href":"https:\/\/www.blakors.no\/klinikk-skien\/wp-json\/wp\/v2\/pages\/1998\/revisions\/2006"}],"wp:attachment":[{"href":"https:\/\/www.blakors.no\/klinikk-skien\/wp-json\/wp\/v2\/media?parent=1998"}],"curies":[{"name":"wp","href":"https:\/\/api.w.org\/{rel}","templated":true}]}}