{"id":25,"date":"2020-09-24T14:49:44","date_gmt":"2020-09-24T12:49:44","guid":{"rendered":"https:\/\/www.blakors.no\/borgestadklinikken\/?page_id=25"},"modified":"2025-07-22T13:08:12","modified_gmt":"2025-07-22T11:08:12","slug":"rusavhengighet","status":"publish","type":"page","link":"https:\/\/www.blakors.no\/klinikk-skien\/rusavhengighet\/","title":{"rendered":"Rusavhengighet"},"content":{"rendered":"<div class=\"custom-block-banner alignwide contenthalf\"><div class=\"banner-image\" style=\"background-image:url(https:\/\/www.blakors.no\/content\/uploads\/sites\/16\/2020\/10\/Spiller-biljard-Bla\u030a-Kors-Borgestadklinikken-1024x683.jpg)\"><\/div><div class=\"banner-inner\"><div><h1 id=\"avhengighet-til-alkohol-og-eller-andre-rusmidler\"  class=\"title small \" >Avhengighet til alkohol og\/eller andre rusmidler<\/h1><p>Har du avhengighetsproblematikk knyttet til bruk av alkohol, medikamenter eller andre rusmidler? Det er mulig \u00e5 f\u00e5 hjelp. Vi har ulike behandlingstilbud.<\/p><div class=\"wp-block-button is-style-primary small\"><a class=\"wp-block-button__link\" href=\"https:\/\/www.blakors.no\/klinikk-skien\/sok-behandling\/\" target=\"_blank\">Slik s\u00f8ker du behandling<\/a><\/div><\/div><\/div><\/div>\n\n\n<p>Pasienter som kommer til behandling p\u00e5 Bl\u00e5 Kors klinikk Skien har ulike typer problemer knyttet til avhengighet til alkohol\/narkotika\/medikamenter.<br><\/p>\n\n\n\n<h2 id=\"behandling-av-rusmiddelbruk-og-avhengighet\"  class=\"wp-block-heading\" >Behandling av rusmiddelbruk og avhengighet<\/h2>\n\n\n\n<p>For oss som jobber med behandling er det et m\u00e5l \u00e5 hjelpe deg som har et avhengighetsproblem til \u00e5 se helhetlig p\u00e5 livet og p\u00e5 problemene som er knyttet til for eksempel alkoholbruken.<br>Vi \u00f8nsker \u00e5 tilrettelegge behandlingen ved \u00e5 se den enkelte og det du trenger i din prosess. <\/p>\n\n\n\n<h2 class=\"wp-block-heading\" id=\"hva-innebaerer-det-a-fa-behandling\"><strong>Hva inneb\u00e6rer det \u00e5 f\u00e5 behandling<\/strong><\/h2>\n\n\n\n<p>P\u00e5 klinikken kan du f\u00e5 behandling gjennom samtaler i poliklinikken eller ved \u00e5 legges inn for en periode i ett av d\u00f8gntilbudene.<\/p>\n\n\n\n<p>Et poliklinisk tilbud inneb\u00e6rer at du kommer til samtale vanligvis en gang i uken. N\u00e5r du starter din behandling i poliklinikken vil du m\u00f8te din faste behandler og dere kan avtale n\u00e5r- og hvor ofte du skal komme til samtale framover.<\/p>\n\n\n\n<p>Sammen med behandler kartlegger du og f\u00e5r oversikt over rusproblemet og konsekvensene. Hvor mye og hvor ofte ruser du deg? Hvilke rusmidler?&nbsp;Hvordan ber\u00f8rer bruken av rusmidler deg selv, familien og jobb\/utdanning?  Har du fors\u00f8kt \u00e5 slutte eller \u00e5 begrense bruken? Hva \u00f8nsker du skal skje videre?<\/p>\n\n\n\n\t\t<div class=\"wp-block-lib-accentuated-link\">\n\t\t\t<a\n\t\t\t\tclass=\"lib-link__link\"\n\t\t\t\thref=\"https:\/\/www.blakors.no\/klinikk-skien\/poliklinikken\/\"\n\t\t\t\ttarget=\"\"\n\t\t\t\trel=\"\"\n\t\t\t>\n\t\t\t\t\n\t\t\t\t<div class=\"lib-link__text-content\">\n\t\t\t\t\t<span class=\"lib-link__tagline\">\n\t\t\t\t\t\tLES MER\n\t\t\t\t\t<\/span>\n\n\t\t\t\t\t<h3 class=\"lib-link__title\">\n\t\t\t\t\t\tPoliklinikken ved Bl\u00e5 Kors klinikk Skien\n\t\t\t\t\t<\/h3>\n\n\t\t\t\t\t\n\t\t\t\t<\/div>\n\t\t\t<\/a>\n\t\t<\/div>\n\n\n<p>Vi har ulike behandlingstilbud for pasienter som trenger en innleggelse for kortere eller lengre tid. Du kan lese mer om tilbudene ved \u00e5 f\u00f8lge lenken her:  <\/p>\n\n\n\n\t\t<div class=\"wp-block-lib-accentuated-link\">\n\t\t\t<a\n\t\t\t\tclass=\"lib-link__link\"\n\t\t\t\thref=\"https:\/\/www.blakors.no\/klinikk-skien\/rusbehandling\/\"\n\t\t\t\ttarget=\"\"\n\t\t\t\trel=\"\"\n\t\t\t>\n\t\t\t\t\n\t\t\t\t<div class=\"lib-link__text-content\">\n\t\t\t\t\t<span class=\"lib-link__tagline\">\n\t\t\t\t\t\tLES MER\n\t\t\t\t\t<\/span>\n\n\t\t\t\t\t<h3 class=\"lib-link__title\">\n\t\t\t\t\t\tD\u00f8gntilbud ved Bl\u00e5 Kors klinikk Skien\n\t\t\t\t\t<\/h3>\n\n\t\t\t\t\t\n\t\t\t\t<\/div>\n\t\t\t<\/a>\n\t\t<\/div>\n\n\n<h2 class=\"wp-block-heading\" id=\"h-kvinner-og-rusmiddelproblemer\">Kvinner og rusmiddelproblemer<\/h2>\n\n\n\n<p>En tredel av pasientene i rusbehandling er kvinner. Studier tyder p\u00e5 at forekomsten av rusavhengighet blant kvinner er h\u00f8yere enn det faktiske antallet av kvinner som er i behandling.<\/p>\n\n\n\n<p>Avhengighet til alkohol er den hyppigste rusbrukslidelsen. Kvinner t\u00e5ler ikke like mye alkohol som menn. Dette har blant annet sammenheng med at kvinner i snitt har mindre kropp, og leveren som bryter ned alkohol er mindre. Ny forskning tyder p\u00e5 at kvinner utvikler b\u00e5de avhengighet og leversykdom raskere enn menn.<\/p>\n\n\n\n<p>Nina og Camilla bidro v\u00e5ren 2023 i en informasjonskampanje fra Bl\u00e5 Kors. M\u00e5let med den var blant annet \u00e5 bidra til mer \u00e5penhet og mindre tabuer. &laquo;N\u00e5r vi f\u00f8rst s\u00f8kte oss inn i behandling var det trygt, og vi ble m\u00f8tt med respekt, trygghet og omsorg&raquo; forteller de i denne videoen:<\/p>\n\n\n\n<figure class=\"wp-block-embed dekode-gtm-iframe-preview is-type-video is-provider-youtube wp-block-embed-youtube wp-embed-aspect-16-9 wp-has-aspect-ratio\"><div class=\"wp-block-embed__wrapper\">\n<iframe title=\"Camilla og Nina om behandling\" width=\"500\" height=\"281\" data-cookieconsent=\"marketing\" data-cookieblock-src=\"https:\/\/www.youtube.com\/embed\/xHn_QzXDX24?start=1&#038;feature=oembed\"  allow=\"accelerometer; autoplay; clipboard-write; encrypted-media; gyroscope; picture-in-picture; web-share\" referrerpolicy=\"strict-origin-when-cross-origin\" allowfullscreen sandbox=\"allow-scripts allow-same-origin allow-popups allow-presentation allow-popups-to-escape-sandbox\"><\/iframe>\n\t\t<div class=\"cookieconsent-optout-marketing dekode-gtm-cookie-consent-video-placeholder\">\n\t\t\t<div class=\"dekode-gtm-cookie-consent is-block-core-embed is-provider-youtube\">\n\t\t\t\t\n\t\t\t<img decoding=\"async\" src=\"https:\/\/i.ytimg.com\/vi\/xHn_QzXDX24\/hqdefault.jpg\" alt=\"youtube\" \/>\n\t\t\t\t<div class=\"overlay\">\n\t\t\t\t\t<div class=\"cookie-info\">\n\t\t\t\t\t\t<h2 id=\"her-ligger-det-medieinnhold-fra-en-ekstern-kilde\"  >Her ligger det medieinnhold fra en ekstern kilde. <\/h2> \n\n<p>For \u00e5 se innholdet, m\u00e5 du endre samtykket ditt.<\/p>\n\n<p>Les mer om hvordan dataen din blir behandlet av eksterne kilder i personvernerkl\u00e6ringen v\u00e5r.<\/p>\n\t\t\t\t\t\t<p>\n\t\t\t\t\t\t\t<a title=\"Endre samtykke\" class=\"dekode-gtm-cookiebot-renew\" href=\"#\">Endre samtykke<\/a>\n\t\t\t\t\t\t\t\n\t\t\t\t\t\t<\/p>\n\t\t\t\t\t<\/div>\n\t\t\t\t<\/div>\n\t\t\t<\/div>\n\t\t<\/div>\n<\/div><\/figure>\n\n\n\n<h2 id=\"onsker-du-hjelp\"  class=\"wp-block-heading\" ><strong>\u00d8nsker du hjelp<\/strong> ? <\/h2>\n\n\n\n<p>N\u00e5r avhengighet styrer livet kan det ramme blant annet helse, relasjoner, jobb\/skole, \u00f8konomi og fritid. Har bruken av alkohol, medikamenter eller andre rusmidler er blitt et problem for deg og dine n\u00e6rmeste? Ta kontakt med for eksempel fastlegen for en henvisning til behandling. <\/p>\n\n\n\n\t\t<div class=\"wp-block-lib-accentuated-link\">\n\t\t\t<a\n\t\t\t\tclass=\"lib-link__link\"\n\t\t\t\thref=\"https:\/\/www.blakors.no\/klinikk-skien\/innhold-i-henvisning\/\"\n\t\t\t\ttarget=\"\"\n\t\t\t\trel=\"\"\n\t\t\t>\n\t\t\t\t\n\t\t\t\t<div class=\"lib-link__text-content\">\n\t\t\t\t\t<span class=\"lib-link__tagline\">\n\t\t\t\t\t\tLES MER\n\t\t\t\t\t<\/span>\n\n\t\t\t\t\t<h3 class=\"lib-link__title\">\n\t\t\t\t\t\tHenvisning\n\t\t\t\t\t<\/h3>\n\n\t\t\t\t\t\n\t\t\t\t<\/div>\n\t\t\t<\/a>\n\t\t<\/div>\n\n\n<h2 id=\"en-helhetlig-tilnaerming\"  class=\"wp-block-heading\" >En helhetlig tiln\u00e6rming<\/h2>\n\n\n\n<p>Avhengighet til rusmidler p\u00e5virker deg fysisk, mentalt og sosialt. Vi jobber derfor helhetlig i behandlingen. Det inneb\u00e6rer at vi \u00f8nsker \u00e5:<\/p>\n\n\n\n<ul class=\"wp-block-list\">\n<li>gi hjelp for avhengighetstilstanden <\/li>\n\n\n\n<li>ivareta den fysiske helsen ved medisinsk oppf\u00f8lging, kosthold, s\u00f8vn og fysisk aktivitet<\/li>\n\n\n\n<li>ivareta den psykiske helsen gjennom kartlegginger, utredning ved behov og behandling<\/li>\n\n\n\n<li>ha samtaler med familie og nettverk, gj\u00f8re kartlegginger og sette inn tiltak<\/li>\n\n\n\n<li>kartlegge sosial situasjon, vi ser p\u00e5 \u00f8konomi, bolig, arbeid\/utdanning<\/li>\n\n\n\n<li>ha et \u00e5ndelig perspektiv for pasienter som \u00f8nsker og trenger det<\/li>\n<\/ul>\n\n\n\n<h2 id=\"rus-rammer-familie-og-nettverk\"  class=\"wp-block-heading\" >Rus rammer familie og nettverk<\/h2>\n\n\n\n<p>For den som drikker for mye alkohol eller bruker andre rusmidler kan det v\u00e6re vanskelig \u00e5 innse at dette er blitt et stort problem. Ofte har familiemedlemmer, venner og kollegaer sett omfanget av problemet i lang tid.<br>Det er belastende \u00e5 leve n\u00e6r en rusmiddel-avhengig person, uavhengig av hvilket rusmiddel som brukes. Det kan v\u00e6re godt \u00e5 snakke med andre i samme situasjon, og f\u00e5 hjelp for egen del. <\/p>\n\n\n\n\t\t<div class=\"wp-block-lib-accentuated-link\">\n\t\t\t<a\n\t\t\t\tclass=\"lib-link__link\"\n\t\t\t\thref=\"https:\/\/www.blakors.no\/klinikk-skien\/parorende\/\"\n\t\t\t\ttarget=\"\"\n\t\t\t\trel=\"\"\n\t\t\t>\n\t\t\t\t\n\t\t\t\t<div class=\"lib-link__text-content\">\n\t\t\t\t\t<span class=\"lib-link__tagline\">\n\t\t\t\t\t\tLES MER\n\t\t\t\t\t<\/span>\n\n\t\t\t\t\t<h3 class=\"lib-link__title\">\n\t\t\t\t\t\tTilbud til p\u00e5r\u00f8rende\n\t\t\t\t\t<\/h3>\n\n\t\t\t\t\t\n\t\t\t\t<\/div>\n\t\t\t<\/a>\n\t\t<\/div>","protected":false},"excerpt":{"rendered":"<p>Pasienter som kommer til behandling p\u00e5 Bl\u00e5 Kors klinikk Skien har ulike typer problemer knyttet til avhengighet til alkohol\/narkotika\/medikamenter. Behandling av rusmiddelbruk og avhengighet For oss som jobber med behandling er det et m\u00e5l \u00e5 hjelpe deg som har et avhengighetsproblem til \u00e5 se helhetlig p\u00e5 livet og p\u00e5 problemene som er knyttet til for [&hellip;]<\/p>\n","protected":false},"author":23,"featured_media":314,"parent":0,"menu_order":0,"comment_status":"closed","ping_status":"closed","template":"","meta":{"_acf_changed":false,"_relevanssi_hide_post":"","_relevanssi_hide_content":"","_relevanssi_pin_for_all":"on","_relevanssi_pin_keywords":"Rusbehandling, rusavhengighet, rusavhengig, alkoholavhengighet, alkoholavhengig","_relevanssi_unpin_keywords":"","_relevanssi_related_keywords":"","_relevanssi_related_include_ids":"","_relevanssi_related_exclude_ids":"","_relevanssi_related_no_append":"","_relevanssi_related_not_related":"","_relevanssi_related_posts":"1","_relevanssi_noindex_reason":"","_custom_cards_description":"","footnotes":""},"class_list":["post-25","page","type-page","status-publish","has-post-thumbnail","hentry"],"acf":[],"_links":{"self":[{"href":"https:\/\/www.blakors.no\/klinikk-skien\/wp-json\/wp\/v2\/pages\/25","targetHints":{"allow":["GET"]}}],"collection":[{"href":"https:\/\/www.blakors.no\/klinikk-skien\/wp-json\/wp\/v2\/pages"}],"about":[{"href":"https:\/\/www.blakors.no\/klinikk-skien\/wp-json\/wp\/v2\/types\/page"}],"author":[{"embeddable":true,"href":"https:\/\/www.blakors.no\/klinikk-skien\/wp-json\/wp\/v2\/users\/23"}],"replies":[{"embeddable":true,"href":"https:\/\/www.blakors.no\/klinikk-skien\/wp-json\/wp\/v2\/comments?post=25"}],"version-history":[{"count":4,"href":"https:\/\/www.blakors.no\/klinikk-skien\/wp-json\/wp\/v2\/pages\/25\/revisions"}],"predecessor-version":[{"id":3985,"href":"https:\/\/www.blakors.no\/klinikk-skien\/wp-json\/wp\/v2\/pages\/25\/revisions\/3985"}],"wp:featuredmedia":[{"embeddable":true,"href":"https:\/\/www.blakors.no\/klinikk-skien\/wp-json\/wp\/v2\/media\/314"}],"wp:attachment":[{"href":"https:\/\/www.blakors.no\/klinikk-skien\/wp-json\/wp\/v2\/media?parent=25"}],"curies":[{"name":"wp","href":"https:\/\/api.w.org\/{rel}","templated":true}]}}