{"id":2644,"date":"2023-03-27T09:54:43","date_gmt":"2023-03-27T07:54:43","guid":{"rendered":"https:\/\/www.blakors.no\/borgestadklinikken\/?page_id=2644"},"modified":"2025-08-29T10:03:39","modified_gmt":"2025-08-29T08:03:39","slug":"info-til-pasienter","status":"publish","type":"page","link":"https:\/\/www.blakors.no\/klinikk-skien\/info-til-pasienter\/","title":{"rendered":"Info til pasienter"},"content":{"rendered":"<div class=\"custom-block-banner alignwide contenthalf\"><div class=\"banner-image\" style=\"background-image:url(https:\/\/www.blakors.no\/content\/uploads\/sites\/16\/2020\/10\/Erfaringskonsulent-Bla\u030a-Kors-Borgestadklinikken-1024x683.jpg)\"><\/div><div class=\"banner-inner\"><div><h1 id=\"informasjon-til-pasientene\"  class=\"title small \" >Informasjon til pasientene<\/h1><p>Velkommen som pasient ved Bl\u00e5 Kors klinikk Skien! P\u00e5 denne siden har vi samlet informasjon som kan v\u00e6re nyttig for deg f\u00f8r du kommer til oss og underveis i behandlingen. <\/p><\/div><\/div><\/div>\n\n\n<h2 class=\"wp-block-heading\" id=\"h-lurer-du-pa-noe-for-behandlingsstart\">Lurer du p\u00e5 noe f\u00f8r behandlingsstart?<\/h2>\n\n\n\n<p>Alle behandlingsseksjonene har en forl\u00f8pskoordinator ansatt som vil v\u00e6re i kontakt med deg f\u00f8r innleggelse. Du f\u00e5r et brev om tildelt plass og en telefon fra oss kort tid etterp\u00e5. Det kan ogs\u00e5 gj\u00f8res avtale om et m\u00f8te dersom det er behov for det. Du vil f\u00e5 informasjon og mulighet til \u00e5 f\u00e5 svar p\u00e5 det du m\u00e5tte ha behov for f\u00f8r innleggelse, avrusning og behandlingsstart for deg.<\/p>\n\n\n\n\t\t<div class=\"wp-block-lib-accentuated-link\">\n\t\t\t<a\n\t\t\t\tclass=\"lib-link__link\"\n\t\t\t\thref=\"https:\/\/www.blakors.no\/klinikk-skien\/forlopskoordinatorer\/\"\n\t\t\t\ttarget=\"\"\n\t\t\t\trel=\"\"\n\t\t\t>\n\t\t\t\t\n\t\t\t\t<div class=\"lib-link__text-content\">\n\t\t\t\t\t<span class=\"lib-link__tagline\">\n\t\t\t\t\t\tLES MER\n\t\t\t\t\t<\/span>\n\n\t\t\t\t\t<h3 class=\"lib-link__title\">\n\t\t\t\t\t\tV\u00e5re forl\u00f8pskoordinatorer\n\t\t\t\t\t<\/h3>\n\n\t\t\t\t\t\n\t\t\t\t<\/div>\n\t\t\t<\/a>\n\t\t<\/div>\n\n\n<h2 class=\"wp-block-heading\" id=\"h-du-har-rettigheter-som-pasient\">Du har rettigheter som pasient<\/h2>\n\n\n\n<p>Vi er en del av spesialisthelsetjenesten og dine rettigheter som pasient og de klagemulighetene du har er nedfelt i lovverket. <\/p>\n\n\n\n\t\t<div class=\"wp-block-lib-accentuated-link\">\n\t\t\t<a\n\t\t\t\tclass=\"lib-link__link\"\n\t\t\t\thref=\"https:\/\/www.blakors.no\/klinikk-skien\/dine-rettigheter-som-pasient\/\"\n\t\t\t\ttarget=\"\"\n\t\t\t\trel=\"\"\n\t\t\t>\n\t\t\t\t\n\t\t\t\t<div class=\"lib-link__text-content\">\n\t\t\t\t\t<span class=\"lib-link__tagline\">\n\t\t\t\t\t\tLES MER\n\t\t\t\t\t<\/span>\n\n\t\t\t\t\t<h3 class=\"lib-link__title\">\n\t\t\t\t\t\tOversikt over sentrale pasientrettigheter\n\t\t\t\t\t<\/h3>\n\n\t\t\t\t\t\n\t\t\t\t<\/div>\n\t\t\t<\/a>\n\t\t<\/div>\n\n\n<h2 class=\"wp-block-heading\" id=\"h-\"><strong> <\/strong><\/h2>\n\n\n\n<h2 id=\"personvern\"  class=\"wp-block-heading\" >Personvern<\/h2>\n\n\n\n<p>I denne personvernerkl\u00e6ringen finner du informasjon om hvordan Bl\u00e5 Kors samler inn og bruker personopplysninger, og hvilke rettigheter du har hvis dine personopplysninger behandles av Bl\u00e5 Kors.<\/p>\n\n\n\n\t\t<div class=\"wp-block-lib-accentuated-link\">\n\t\t\t<a\n\t\t\t\tclass=\"lib-link__link\"\n\t\t\t\thref=\"https:\/\/www.blakors.no\/personvernerklaering-2\/\"\n\t\t\t\ttarget=\"\"\n\t\t\t\trel=\"\"\n\t\t\t>\n\t\t\t\t\n\t\t\t\t<div class=\"lib-link__text-content\">\n\t\t\t\t\t<span class=\"lib-link__tagline\">\n\t\t\t\t\t\tLES MER\n\t\t\t\t\t<\/span>\n\n\t\t\t\t\t<h3 class=\"lib-link__title\">\n\t\t\t\t\t\tPersonvernerkl\u00e6ring\n\t\t\t\t\t<\/h3>\n\n\t\t\t\t\t\n\t\t\t\t<\/div>\n\t\t\t<\/a>\n\t\t<\/div>\n\n\n<h2 class=\"wp-block-heading\" id=\"h-behandling-som-er-helhetlig\">Behandling som er helhetlig<\/h2>\n\n\n\n<p>Du har kanskje h\u00f8rt om nasjonale pasientforl\u00f8p? Som pasient hos oss s\u00e5 blir du del av dette. Det inneb\u00e6rer at behandlingen skal legges opp slik at du som pasient f\u00e5r en behandling som er helhetlig og forutsigbar, uten un\u00f8dvendig ventetid. Du skal f\u00e5 medvirke i din behandling og den skal evalueres underveis.<\/p>\n\n\n\n\t\t<div class=\"wp-block-lib-accentuated-link\">\n\t\t\t<a class=\"lib-link__link\" href=\"https:\/\/www.helsenorge.no\/psykisk-helse\/pasientforlop-for-psykisk-helse-og-rus\" target=\"\" rel=\"noopener\">\n\t\t\t\t\n\t\t\t\t<div class=\"lib-link__text-content\">\n\t\t\t\t\t<span class=\"lib-link__tagline\">\n\t\t\t\t\t\tLES MER\n\t\t\t\t\t<\/span>\n\n\t\t\t\t\t<h3 class=\"lib-link__title\">\n\t\t\t\t\t\tPasientforl\u00f8p psykisk helse og rus\n\t\t\t\t\t<\/h3>\n\n\t\t\t\t\t\n\t\t\t<span class=\"lib-link__link-source\">\n\t\t\t\twww.helsenorge.no\n\t\t\t\t<svg xmlns=\"http:\/\/www.w3.org\/2000\/svg\" viewBox=\"0 0 24 24\" height=\"24\" width=\"24\" class=\"t2-icon t2-icon-linkexternal\" aria-hidden=\"true\" focusable=\"false\"><path d=\"M5 21c-.5 0-1-.2-1.4-.6S3 19.6 3 19V5c0-.6.2-1 .6-1.4S4.5 3 5 3h6c.3 0 .5.1.7.3.2.2.3.4.3.7 0 .3-.1.5-.3.7-.2.2-.4.3-.7.3H5v14h14v-6c0-.3.1-.5.3-.7.2-.2.4-.3.7-.3s.5.1.7.3c.2.2.3.4.3.7v6c0 .6-.2 1-.6 1.4s-.8.6-1.4.6H5zm4-6c-.2-.2-.3-.4-.3-.7s.1-.5.3-.7L17.6 5H15c-.3 0-.5-.1-.7-.3-.2-.2-.3-.4-.3-.7 0-.3.1-.5.3-.7.2-.2.4-.3.7-.3h5c.3 0 .5.1.7.3.2.2.3.4.3.7v5c0 .3-.1.5-.3.7-.2.2-.4.3-.7.3s-.5-.1-.7-.3c-.2-.2-.3-.4-.3-.7V6.4L10.4 15c-.2.2-.4.3-.7.3s-.5-.1-.7-.3z\" fill=\"currentColor\" \/><\/svg>\n\t\t\t<\/span>\n\t\t\t\t<\/div>\n\t\t\t<\/a>\n\t\t<\/div>\n\n\n<h2 class=\"wp-block-heading\" id=\"h-brukermedvirkning\">Brukermedvirkning<\/h2>\n\n\n\n<p>Alliansen mellom behandler og pasient er viktig for at pasienten skal lykkes med \u00e5 n\u00e5 sine m\u00e5l for behandlingen. Her kan du lese mer om brukermedvirkning  hos oss.<\/p>\n\n\n\n\t\t<div class=\"wp-block-lib-accentuated-link\">\n\t\t\t<a class=\"lib-link__link\" href=\"https:\/\/www.blakors.no\/klinikk-skien\/brukermedvirkning\/\" target=\"\" rel=\"\">\n\t\t\t\t\n\t\t\t\t<div class=\"lib-link__text-content\">\n\t\t\t\t\t<span class=\"lib-link__tagline\">\n\t\t\t\t\t\tLES OM \n\t\t\t\t\t<\/span>\n\n\t\t\t\t\t<h3 class=\"lib-link__title\">\n\t\t\t\t\t\tBrukermedvirkning p\u00e5 klinikken\n\t\t\t\t\t<\/h3>\n\n\t\t\t\t\t\n\t\t\t\t<\/div>\n\t\t\t<\/a>\n\t\t<\/div>\n\n\n<h2 id=\"dette-legger-vi-vekt-pa-i-behandlingen\"  class=\"wp-block-heading\" >Dette legger vi vekt p\u00e5 i behandlingen <\/h2>\n\n\n\n<p>Hva vil det si \u00e5 v\u00e6re i behandling? Her skriver vi mer om det.<\/p>\n\n\n\n\t\t<div class=\"wp-block-lib-accentuated-link\">\n\t\t\t<a class=\"lib-link__link\" href=\"https:\/\/www.blakors.no\/klinikk-skien\/hva-skjer-i-behandling\/\" target=\"\" rel=\"\">\n\t\t\t\t\n\t\t\t\t<div class=\"lib-link__text-content\">\n\t\t\t\t\t<span class=\"lib-link__tagline\">\n\t\t\t\t\t\tLes om \n\t\t\t\t\t<\/span>\n\n\t\t\t\t\t<h3 class=\"lib-link__title\">\n\t\t\t\t\t\tHva skjer i behandling?\n\t\t\t\t\t<\/h3>\n\n\t\t\t\t\t\n\t\t\t\t<\/div>\n\t\t\t<\/a>\n\t\t<\/div>\n\n\n<h2 class=\"wp-block-heading\" id=\"h-onsker-du-behandling-hos-oss\">\u00d8nsker du behandling hos oss?<\/h2>\n\n\n\n<p>Leser du dette og \u00f8nsker behandling hos oss? Her kan du lese mer om hvordan g\u00e5 fram:<\/p>\n\n\n\n\t\t<div class=\"wp-block-lib-accentuated-link\">\n\t\t\t<a class=\"lib-link__link\" href=\"https:\/\/www.blakors.no\/klinikk-skien\/sok-behandling\/\" target=\"\" rel=\"\">\n\t\t\t\t\n\t\t\t\t<div class=\"lib-link__text-content\">\n\t\t\t\t\t<span class=\"lib-link__tagline\">\n\t\t\t\t\t\tLes ogs\u00e5\n\t\t\t\t\t<\/span>\n\n\t\t\t\t\t<h3 class=\"lib-link__title\">\n\t\t\t\t\t\tS\u00f8k behandling\n\t\t\t\t\t<\/h3>\n\n\t\t\t\t\t\n\t\t\t\t<\/div>\n\t\t\t<\/a>\n\t\t<\/div>","protected":false},"excerpt":{"rendered":"<p>Lurer du p\u00e5 noe f\u00f8r behandlingsstart? Alle behandlingsseksjonene har en forl\u00f8pskoordinator ansatt som vil v\u00e6re i kontakt med deg f\u00f8r innleggelse. Du f\u00e5r et brev om tildelt plass og en telefon fra oss kort tid etterp\u00e5. Det kan ogs\u00e5 gj\u00f8res avtale om et m\u00f8te dersom det er behov for det. Du vil f\u00e5 informasjon og [&hellip;]<\/p>\n","protected":false},"author":1,"featured_media":0,"parent":0,"menu_order":0,"comment_status":"closed","ping_status":"closed","template":"","meta":{"_acf_changed":false,"_relevanssi_hide_post":"","_relevanssi_hide_content":"","_relevanssi_pin_for_all":"","_relevanssi_pin_keywords":"","_relevanssi_unpin_keywords":"","_relevanssi_related_keywords":"","_relevanssi_related_include_ids":"","_relevanssi_related_exclude_ids":"","_relevanssi_related_no_append":"","_relevanssi_related_not_related":"","_relevanssi_related_posts":"2450,2044,1197,2563,1495,1470","_relevanssi_noindex_reason":"","_custom_cards_description":"","footnotes":""},"class_list":["post-2644","page","type-page","status-publish","hentry"],"acf":[],"_links":{"self":[{"href":"https:\/\/www.blakors.no\/klinikk-skien\/wp-json\/wp\/v2\/pages\/2644","targetHints":{"allow":["GET"]}}],"collection":[{"href":"https:\/\/www.blakors.no\/klinikk-skien\/wp-json\/wp\/v2\/pages"}],"about":[{"href":"https:\/\/www.blakors.no\/klinikk-skien\/wp-json\/wp\/v2\/types\/page"}],"author":[{"embeddable":true,"href":"https:\/\/www.blakors.no\/klinikk-skien\/wp-json\/wp\/v2\/users\/1"}],"replies":[{"embeddable":true,"href":"https:\/\/www.blakors.no\/klinikk-skien\/wp-json\/wp\/v2\/comments?post=2644"}],"version-history":[{"count":5,"href":"https:\/\/www.blakors.no\/klinikk-skien\/wp-json\/wp\/v2\/pages\/2644\/revisions"}],"predecessor-version":[{"id":4668,"href":"https:\/\/www.blakors.no\/klinikk-skien\/wp-json\/wp\/v2\/pages\/2644\/revisions\/4668"}],"wp:attachment":[{"href":"https:\/\/www.blakors.no\/klinikk-skien\/wp-json\/wp\/v2\/media?parent=2644"}],"curies":[{"name":"wp","href":"https:\/\/api.w.org\/{rel}","templated":true}]}}