{"id":27,"date":"2020-09-24T14:49:57","date_gmt":"2020-09-24T12:49:57","guid":{"rendered":"https:\/\/www.blakors.no\/borgestadklinikken\/?page_id=27"},"modified":"2025-07-30T08:23:45","modified_gmt":"2025-07-30T06:23:45","slug":"rus-og-psykisk-lidelse","status":"publish","type":"page","link":"https:\/\/www.blakors.no\/klinikk-skien\/rus-og-psykisk-lidelse\/","title":{"rendered":"Rus og psykisk lidelse"},"content":{"rendered":"<div class=\"custom-block-banner alignwide contenthalf\"><div class=\"banner-image\" style=\"background-image:url(https:\/\/www.blakors.no\/content\/uploads\/sites\/16\/2020\/10\/Erfaringskonsulent-Bla\u030a-Kors-Borgestadklinikken-1024x683.jpg)\"><\/div><div class=\"banner-inner\"><div><h1 id=\"rus-og-psykisk-lidelse\"  class=\"title large \" >Rus og psykisk lidelse <\/h1><p>Rus og psykiske lidelser (ROP) henger ofte sammen. Den psykiske lidelsen blir verre av rusmiddelinntak og kan p\u00e5virke hvor mye en ruser seg og m\u00e5ten en ruser seg p\u00e5. Det kan v\u00e6re vanskelig \u00e5 slutte \u00e5 innta rusmidler, fordi symptomene p\u00e5 den psykiske lidelsen blir verre idet man slutter. <\/p><div class=\"wp-block-button is-style-primary small\"><a class=\"wp-block-button__link\" href=\"https:\/\/www.blakors.no\/klinikk-skien\/seksjon-for-rus-og-psykisk-lidelse-rop\/\" target=\"\">Seksjon for ROP-TSB<\/a><\/div><\/div><\/div><\/div>\n\n\n<p><\/p>\n\n\n\n<h2 class=\"wp-block-heading\" id=\"h-a-falle-mellom-to-stoler\">\u00c5 falle mellom to stoler<\/h2>\n\n\n\n<p>Tidligere ble rusmiddelavhengighet behandlet innenfor rusomsorgen og psykiske lidelser ble behandlet i psykiatrien. For pasientene kunne det bli opplevd som \u00ab\u00e5 falle mellom to stoler\u00bb. Man ble m\u00f8tt med et krav om rusfrihet innenfor psykiatrien og rusomsorgen behandlet ikke de psykiske lidelsene.<\/p>\n\n\n\n<p>ROP-lidelser p\u00e5virker hverandre gjensidig og krever spesiell oppmerksomhet. Personer med ROP\u00ad-lidelser har mulighet til bedring av b\u00e5de symptomer og livskvalitet dersom man koordinerer utredningen og behandlingen av begge lidelsene. <\/p>\n\n\n\n<h2 class=\"wp-block-heading\" id=\"h-integrert-behandling\">Integrert behandling<\/h2>\n\n\n\n<p>Integrert behandling, \u00e5 jobbe med lidelsene samtidig, er ansett som den beste behandlingsmetoden av ROP-lidelser. Det er derfor tilbud om integrert behandling av rus og psykiske lidelser b\u00e5de innenfor psykiatrien og rusomsorgen. Dette gjelder b\u00e5de poliklinisk og d\u00f8gnbehandling.<\/p>\n\n\n\n<p>Det kan virke overveldende \u00e5 skulle motta integrert behandling, men de som jobber med dette har kunnskap om hvordan rus og psykisk lidelser p\u00e5virkes av hverandre. V\u00e5r erfaring er at pasienter opplever det som en lettelse \u00e5 m\u00f8te noen som forst\u00e5r kompleksiteten i problematikken.<\/p>\n\n\n\n\t\t<div class=\"wp-block-lib-accentuated-link\">\n\t\t\t<a\n\t\t\t\tclass=\"lib-link__link\"\n\t\t\t\thref=\"https:\/\/www.blakors.no\/fagside\/rus-og-psykisk-helse\/\"\n\t\t\t\ttarget=\"\"\n\t\t\t\trel=\"\"\n\t\t\t>\n\t\t\t\t\n\t\t\t\t<div class=\"lib-link__text-content\">\n\t\t\t\t\t<span class=\"lib-link__tagline\">\n\t\t\t\t\t\tLES MER OG L\u00c6R OM:\n\t\t\t\t\t<\/span>\n\n\t\t\t\t\t<h3 class=\"lib-link__title\">\n\t\t\t\t\t\tRus og psykisk lidelse\n\t\t\t\t\t<\/h3>\n\n\t\t\t\t\t\n\t\t\t\t<\/div>\n\t\t\t<\/a>\n\t\t<\/div>\n\n\n<h2 class=\"wp-block-heading\" id=\"h-spesialisert-tilbud-for-rop\">Spesialisert tilbud for ROP<\/h2>\n\n\n\n<p>Ved Bl\u00e5 Kors klinikk Skien (tidligere Borgestadklinikken) har vi en egen d\u00f8gnenhet for ROP-pasienter. Dette er et langtidstilbud med opphold inntil 12 m\u00e5neder. Det er ogs\u00e5 mulig \u00e5 f\u00e5 behandling i poliklinikken. <\/p>\n\n\n\n\t\t<div class=\"wp-block-lib-accentuated-link\">\n\t\t\t<a\n\t\t\t\tclass=\"lib-link__link\"\n\t\t\t\thref=\"https:\/\/www.blakors.no\/klinikk-skien\/seksjon-for-rus-og-psykisk-lidelse-rop\/\"\n\t\t\t\ttarget=\"\"\n\t\t\t\trel=\"\"\n\t\t\t>\n\t\t\t\t\n\t\t\t\t<div class=\"lib-link__text-content\">\n\t\t\t\t\t<span class=\"lib-link__tagline\">\n\t\t\t\t\t\tLES MER\n\t\t\t\t\t<\/span>\n\n\t\t\t\t\t<h3 class=\"lib-link__title\">\n\t\t\t\t\t\tBehandlingstilbudet i d\u00f8gnenhet\n\t\t\t\t\t<\/h3>\n\n\t\t\t\t\t\n\t\t\t\t<\/div>\n\t\t\t<\/a>\n\t\t<\/div>\n\n\n<h2 class=\"wp-block-heading\" id=\"h-nasjonal-retningslinje\">Nasjonal retningslinje<\/h2>\n\n\n\n<p>Helsedirektoratet har utarbeidet en nasjonal retningslinje for utredning, behandling og oppf\u00f8lging av personer med samtidig ruslidelse og psykisk lidelse. Denne regulerer mye av samarbeidet mellom kommune og spesialisthelsetjeneste og mellom spesialisthelsetjenestene.<\/p>\n\n\n\n\t\t<div class=\"wp-block-lib-accentuated-link\">\n\t\t\t<a class=\"lib-link__link\" href=\"https:\/\/www.helsedirektoratet.no\/retningslinjer\/samtidig-ruslidelse-og-psykisk-lidelse-rop-lidelser\" target=\"\" rel=\"noopener\">\n\t\t\t\t\n\t\t\t\t<div class=\"lib-link__text-content\">\n\t\t\t\t\t<span class=\"lib-link__tagline\">\n\t\t\t\t\t\tLES MER\n\t\t\t\t\t<\/span>\n\n\t\t\t\t\t<h3 class=\"lib-link__title\">\n\t\t\t\t\t\tNasjonal ROP-retningslinje\n\t\t\t\t\t<\/h3>\n\n\t\t\t\t\t\n\t\t\t<span class=\"lib-link__link-source\">\n\t\t\t\twww.helsedirektoratet.no\n\t\t\t\t<svg xmlns=\"http:\/\/www.w3.org\/2000\/svg\" viewBox=\"0 0 24 24\" height=\"24\" width=\"24\" class=\"t2-icon t2-icon-linkexternal\" aria-hidden=\"true\" focusable=\"false\"><path d=\"M5 21c-.5 0-1-.2-1.4-.6S3 19.6 3 19V5c0-.6.2-1 .6-1.4S4.5 3 5 3h6c.3 0 .5.1.7.3.2.2.3.4.3.7 0 .3-.1.5-.3.7-.2.2-.4.3-.7.3H5v14h14v-6c0-.3.1-.5.3-.7.2-.2.4-.3.7-.3s.5.1.7.3c.2.2.3.4.3.7v6c0 .6-.2 1-.6 1.4s-.8.6-1.4.6H5zm4-6c-.2-.2-.3-.4-.3-.7s.1-.5.3-.7L17.6 5H15c-.3 0-.5-.1-.7-.3-.2-.2-.3-.4-.3-.7 0-.3.1-.5.3-.7.2-.2.4-.3.7-.3h5c.3 0 .5.1.7.3.2.2.3.4.3.7v5c0 .3-.1.5-.3.7-.2.2-.4.3-.7.3s-.5-.1-.7-.3c-.2-.2-.3-.4-.3-.7V6.4L10.4 15c-.2.2-.4.3-.7.3s-.5-.1-.7-.3z\" fill=\"currentColor\" \/><\/svg>\n\t\t\t<\/span>\n\t\t\t\t<\/div>\n\t\t\t<\/a>\n\t\t<\/div>\n\n\n\t\t<div class=\"wp-block-lib-accentuated-link\">\n\t\t\t<a class=\"lib-link__link\" href=\"https:\/\/rop.no\/\" target=\"\" rel=\"noopener\">\n\t\t\t\t\n\t\t\t\t<div class=\"lib-link__text-content\">\n\t\t\t\t\t<span class=\"lib-link__tagline\">\n\t\t\t\t\t\tLES MER\n\t\t\t\t\t<\/span>\n\n\t\t\t\t\t<h3 class=\"lib-link__title\">\n\t\t\t\t\t\tNettressurs om rus og psykisk lidelse\n\t\t\t\t\t<\/h3>\n\n\t\t\t\t\t\n\t\t\t<span class=\"lib-link__link-source\">\n\t\t\t\trop.no\n\t\t\t\t<svg xmlns=\"http:\/\/www.w3.org\/2000\/svg\" viewBox=\"0 0 24 24\" height=\"24\" width=\"24\" class=\"t2-icon t2-icon-linkexternal\" aria-hidden=\"true\" focusable=\"false\"><path d=\"M5 21c-.5 0-1-.2-1.4-.6S3 19.6 3 19V5c0-.6.2-1 .6-1.4S4.5 3 5 3h6c.3 0 .5.1.7.3.2.2.3.4.3.7 0 .3-.1.5-.3.7-.2.2-.4.3-.7.3H5v14h14v-6c0-.3.1-.5.3-.7.2-.2.4-.3.7-.3s.5.1.7.3c.2.2.3.4.3.7v6c0 .6-.2 1-.6 1.4s-.8.6-1.4.6H5zm4-6c-.2-.2-.3-.4-.3-.7s.1-.5.3-.7L17.6 5H15c-.3 0-.5-.1-.7-.3-.2-.2-.3-.4-.3-.7 0-.3.1-.5.3-.7.2-.2.4-.3.7-.3h5c.3 0 .5.1.7.3.2.2.3.4.3.7v5c0 .3-.1.5-.3.7-.2.2-.4.3-.7.3s-.5-.1-.7-.3c-.2-.2-.3-.4-.3-.7V6.4L10.4 15c-.2.2-.4.3-.7.3s-.5-.1-.7-.3z\" fill=\"currentColor\" \/><\/svg>\n\t\t\t<\/span>\n\t\t\t\t<\/div>\n\t\t\t<\/a>\n\t\t<\/div>\n\n\n<h2 class=\"wp-block-heading\" id=\"h-onsker-du-mer-informasjon-om-vart-behandlingstilbud-ta-kontakt\">\u00d8nsker du mer informasjon om v\u00e5rt behandlingstilbud? Ta kontakt:<\/h2>\n\n\n<div class=\"wp-block-blakors-person-cards\">\n\t\t\t\n<div class=\"t2-featured-single-post compact-card-template t2-featured-content is-post-type-person compact-card-template wp-block-t2-featured-single-post\"><figure style=\"--t2-focal-point: 50% 50%;\" class=\"t2-post-featured-image has-image-ratio-1-1 wp-block-t2-post-featured-image\"><img loading=\"lazy\" decoding=\"async\" width=\"1756\" height=\"2048\" src=\"https:\/\/www.blakors.no\/content\/uploads\/sites\/16\/2020\/10\/Linda-Galdal_-jan-2020-scaled.jpg\" class=\"attachment-post-thumbnail size-post-thumbnail wp-post-image\" alt=\"\" srcset=\"https:\/\/www.blakors.no\/content\/uploads\/sites\/16\/2020\/10\/Linda-Galdal_-jan-2020-scaled.jpg 1756w, https:\/\/www.blakors.no\/content\/uploads\/sites\/16\/2020\/10\/Linda-Galdal_-jan-2020-257x300.jpg 257w, https:\/\/www.blakors.no\/content\/uploads\/sites\/16\/2020\/10\/Linda-Galdal_-jan-2020-878x1024.jpg 878w, https:\/\/www.blakors.no\/content\/uploads\/sites\/16\/2020\/10\/Linda-Galdal_-jan-2020-768x895.jpg 768w, https:\/\/www.blakors.no\/content\/uploads\/sites\/16\/2020\/10\/Linda-Galdal_-jan-2020-1317x1536.jpg 1317w\" sizes=\"auto, (min-width: 782px) 768px, 100vw\" \/><\/figure>\n\n<div class=\"wp-block-group alignfull is-layout-flow wp-block-group-is-layout-flow\">\n\t<div class=\"t2-post-dynamic-part is-source-filter filter-person_card_meta post-meta wp-block-t2-post-dynamic-part\"><div class=\"title\"><h2 id=\"linda-overland\"  class=\"t2-post-title wp-block-t2-post-title\" >Linda \u00d8verland<\/h2><p class=\"position\">Forl\u00f8pskoordinator, seksjon for rus og psykisk lidelse<\/p><\/div><div class=\"contact-info\"><p class=\"phone\"><a href=\"tel:+4799254029\">+47 992 54 029<\/a><\/p><p class=\"email\"><a href=\"mailto:linda.overland@blakors.no\">linda.overland@blakors.no<\/a><\/p><\/div><\/div>\n<\/div>\n\n<\/div>\n\n\t\t<\/div>","protected":false},"excerpt":{"rendered":"<p>\u00c5 falle mellom to stoler Tidligere ble rusmiddelavhengighet behandlet innenfor rusomsorgen og psykiske lidelser ble behandlet i psykiatrien. For pasientene kunne det bli opplevd som \u00ab\u00e5 falle mellom to stoler\u00bb. Man ble m\u00f8tt med et krav om rusfrihet innenfor psykiatrien og rusomsorgen behandlet ikke de psykiske lidelsene. ROP-lidelser p\u00e5virker hverandre gjensidig og krever spesiell oppmerksomhet. [&hellip;]<\/p>\n","protected":false},"author":23,"featured_media":318,"parent":0,"menu_order":0,"comment_status":"closed","ping_status":"closed","template":"","meta":{"_acf_changed":false,"_relevanssi_hide_post":"","_relevanssi_hide_content":"","_relevanssi_pin_for_all":"on","_relevanssi_pin_keywords":"Rus og psykisk lidelse, ROP, dobbeltdiagnose, rusbehandling","_relevanssi_unpin_keywords":"","_relevanssi_related_keywords":"","_relevanssi_related_include_ids":"","_relevanssi_related_exclude_ids":"","_relevanssi_related_no_append":"","_relevanssi_related_not_related":"","_relevanssi_related_posts":"1","_relevanssi_noindex_reason":"","_custom_cards_description":"","footnotes":""},"class_list":["post-27","page","type-page","status-publish","has-post-thumbnail","hentry"],"acf":[],"_links":{"self":[{"href":"https:\/\/www.blakors.no\/klinikk-skien\/wp-json\/wp\/v2\/pages\/27","targetHints":{"allow":["GET"]}}],"collection":[{"href":"https:\/\/www.blakors.no\/klinikk-skien\/wp-json\/wp\/v2\/pages"}],"about":[{"href":"https:\/\/www.blakors.no\/klinikk-skien\/wp-json\/wp\/v2\/types\/page"}],"author":[{"embeddable":true,"href":"https:\/\/www.blakors.no\/klinikk-skien\/wp-json\/wp\/v2\/users\/23"}],"replies":[{"embeddable":true,"href":"https:\/\/www.blakors.no\/klinikk-skien\/wp-json\/wp\/v2\/comments?post=27"}],"version-history":[{"count":5,"href":"https:\/\/www.blakors.no\/klinikk-skien\/wp-json\/wp\/v2\/pages\/27\/revisions"}],"predecessor-version":[{"id":4070,"href":"https:\/\/www.blakors.no\/klinikk-skien\/wp-json\/wp\/v2\/pages\/27\/revisions\/4070"}],"wp:featuredmedia":[{"embeddable":true,"href":"https:\/\/www.blakors.no\/klinikk-skien\/wp-json\/wp\/v2\/media\/318"}],"wp:attachment":[{"href":"https:\/\/www.blakors.no\/klinikk-skien\/wp-json\/wp\/v2\/media?parent=27"}],"curies":[{"name":"wp","href":"https:\/\/api.w.org\/{rel}","templated":true}]}}