{"id":33,"date":"2020-09-24T14:50:47","date_gmt":"2020-09-24T12:50:47","guid":{"rendered":"https:\/\/www.blakors.no\/borgestadklinikken\/?page_id=33"},"modified":"2025-07-30T08:24:10","modified_gmt":"2025-07-30T06:24:10","slug":"gravide-og-rusmidler","status":"publish","type":"page","link":"https:\/\/www.blakors.no\/klinikk-skien\/gravide-og-rusmidler\/","title":{"rendered":"Bl\u00e5 Kors klinikk Skien &#8211; Gravide og rusmidler"},"content":{"rendered":"<div class=\"custom-block-banner alignwide contenthalf\"><div class=\"banner-image\" style=\"background-image:url(https:\/\/www.blakors.no\/content\/uploads\/sites\/16\/2020\/11\/illustrasjon-shutterstock_gravid-mage-m-m\u00f8rk-bakgrunn-1024x683.jpg)\"><\/div><div class=\"banner-inner\"><div><h1 id=\"gravide-og-rusmidler\"  class=\"title large \" >Gravide og rusmidler<\/h1><p>Bruk av rusmidler i graviditeten kan skade fosteret, og det  er viktig at den gravide slutter med alkohol og andre rusmidler s\u00e5 raskt som mulig. Strever du med \u00e5 f\u00e5 dette til? Det er mulig \u00e5 f\u00e5 hjelp hos oss.<\/p><div class=\"wp-block-button is-style-primary small\"><a class=\"wp-block-button__link\" href=\"https:\/\/www.blakors.no\/klinikk-skien\/seksjon-for-gravide-og-familier\/\" target=\"\">Seksjon for gravide og familier<\/a><\/div><\/div><\/div><\/div>\n\n\n<h2 class=\"wp-block-heading\" id=\"h-slik-skader-rus-i-svangerskapet\"><strong>Slik skader rus i svangerskapet<\/strong><\/h2>\n\n\n\n<p>Alkohol er det rusmiddelet som er mest skadelig for fosteret fordi alkoholen kan p\u00e5virke utviklingen av sentralnervesystemet hos fosteret gjennom hele svangerskapet.  Helsemyndighetene i Norge anbefaler at gravide holder seg helt borte fra alkohol, ogs\u00e5 n\u00e5r en planlegger \u00e5 bli gravid.<\/p>\n\n\n\n\t\t<div class=\"wp-block-lib-accentuated-link\">\n\t\t\t<a\n\t\t\t\tclass=\"lib-link__link\"\n\t\t\t\thref=\"https:\/\/www.blakors.no\/fagside\/gravide-og-rus\/\"\n\t\t\t\ttarget=\"\"\n\t\t\t\trel=\"\"\n\t\t\t>\n\t\t\t\t\n\t\t\t\t<div class=\"lib-link__text-content\">\n\t\t\t\t\t<span class=\"lib-link__tagline\">\n\t\t\t\t\t\tLES OGS\u00c5 \n\t\t\t\t\t<\/span>\n\n\t\t\t\t\t<h3 class=\"lib-link__title\">\n\t\t\t\t\t\tDerfor er rusmidler skadelig i graviditet\n\t\t\t\t\t<\/h3>\n\n\t\t\t\t\t\n\t\t\t\t<\/div>\n\t\t\t<\/a>\n\t\t<\/div>\n\n\n<p>Andre rusmidler som for&nbsp; eksempel cannabis, amfetamin, kokain og opioider som heroin, er ogs\u00e5 skadelig for fosteret. Dette gjelder ogs\u00e5 en del vanedannende medisiner som for eksempel sterke smertestillende &nbsp;eller beroligende medikamenter.<\/p>\n\n\n\n<h2 class=\"wp-block-heading\" id=\"h-det-er-mulig-a-fa-hjelp\"><strong>Det er mulig \u00e5 f\u00e5 hjelp<\/strong><\/h2>\n\n\n\n<p>Strever du med bruk av rusmidler eller medikamenter og er gravid? S\u00f8k hjelp, det er mange ulike hjelpetilbud. Vi oppfordrer deg til \u00e5 snakke med fastlege, jordmor eller andre du har kontakt med i hjelpeapparatet for bistand, r\u00e5d og eventuell en henvisning.<\/p>\n\n\n\n<p>Bl\u00e5 Kors klinikk Skien (tidligere Borgestadklinikken) har lang erfaring med hjelp til gravide. Du kan b\u00e5de f\u00e5 hjelp gjennom samtaler i poliklinikken eller ved \u00e5 legges inn.<br><\/p>\n\n\n\n\t\t<div class=\"wp-block-lib-accentuated-link\">\n\t\t\t<a\n\t\t\t\tclass=\"lib-link__link\"\n\t\t\t\thref=\"https:\/\/www.blakors.no\/klinikk-skien\/seksjon-for-gravide-og-familier\/\"\n\t\t\t\ttarget=\"\"\n\t\t\t\trel=\"\"\n\t\t\t>\n\t\t\t\t\n\t\t\t\t<div class=\"lib-link__text-content\">\n\t\t\t\t\t<span class=\"lib-link__tagline\">\n\t\t\t\t\t\tLES OGS\u00c5\n\t\t\t\t\t<\/span>\n\n\t\t\t\t\t<h3 class=\"lib-link__title\">\n\t\t\t\t\t\tBehandlingstilbud for gravide med rusproblemer\n\t\t\t\t\t<\/h3>\n\n\t\t\t\t\t\n\t\t\t\t<\/div>\n\t\t\t<\/a>\n\t\t<\/div>\n\n\n<h2 class=\"wp-block-heading\" id=\"h-er-du-fagperson\"><strong>Er du fagperson?<\/strong><\/h2>\n\n\n\n<p>Jobber du med bistand og oppf\u00f8lging av gravide som strever med bruk av rusmidler og vil vite mer om skadevirkninger, ulike hjelpetilbud eller f\u00e5 mer kompetanse?<br>Kompetansesenter rus- region s\u00f8r ( KORUS s\u00f8r) som er knyttet til oss og tilbyr veiledning og undervisning.<\/p>\n\n\n\n\t\t<div class=\"wp-block-lib-accentuated-link\">\n\t\t\t<a class=\"lib-link__link\" href=\"https:\/\/korus.no\/v%C3%A5re-fagomr%C3%A5der\/gravide\" target=\"\" rel=\"noopener\">\n\t\t\t\t\n\t\t\t\t<div class=\"lib-link__text-content\">\n\t\t\t\t\t<span class=\"lib-link__tagline\">\n\t\t\t\t\t\tles mer\n\t\t\t\t\t<\/span>\n\n\t\t\t\t\t<h3 class=\"lib-link__title\">\n\t\t\t\t\t\tFagstoff fra KORUS s\u00f8r\n\t\t\t\t\t<\/h3>\n\n\t\t\t\t\t\n\t\t\t<span class=\"lib-link__link-source\">\n\t\t\t\tkorus.no\n\t\t\t\t<svg xmlns=\"http:\/\/www.w3.org\/2000\/svg\" viewBox=\"0 0 24 24\" height=\"24\" width=\"24\" class=\"t2-icon t2-icon-linkexternal\" aria-hidden=\"true\" focusable=\"false\"><path d=\"M5 21c-.5 0-1-.2-1.4-.6S3 19.6 3 19V5c0-.6.2-1 .6-1.4S4.5 3 5 3h6c.3 0 .5.1.7.3.2.2.3.4.3.7 0 .3-.1.5-.3.7-.2.2-.4.3-.7.3H5v14h14v-6c0-.3.1-.5.3-.7.2-.2.4-.3.7-.3s.5.1.7.3c.2.2.3.4.3.7v6c0 .6-.2 1-.6 1.4s-.8.6-1.4.6H5zm4-6c-.2-.2-.3-.4-.3-.7s.1-.5.3-.7L17.6 5H15c-.3 0-.5-.1-.7-.3-.2-.2-.3-.4-.3-.7 0-.3.1-.5.3-.7.2-.2.4-.3.7-.3h5c.3 0 .5.1.7.3.2.2.3.4.3.7v5c0 .3-.1.5-.3.7-.2.2-.4.3-.7.3s-.5-.1-.7-.3c-.2-.2-.3-.4-.3-.7V6.4L10.4 15c-.2.2-.4.3-.7.3s-.5-.1-.7-.3z\" fill=\"currentColor\" \/><\/svg>\n\t\t\t<\/span>\n\t\t\t\t<\/div>\n\t\t\t<\/a>\n\t\t<\/div>\n\n\n\t\t<div class=\"wp-block-lib-accentuated-link\">\n\t\t\t<a class=\"lib-link__link\" href=\"https:\/\/www.helsedirektoratet.no\/nasjonale-forlop\/gravide-og-rusmidler\/henvisning-og-start\/start-pakkeforlop\" target=\"\" rel=\"noopener\">\n\t\t\t\t\n\t\t\t\t<div class=\"lib-link__text-content\">\n\t\t\t\t\t<span class=\"lib-link__tagline\">\n\t\t\t\t\t\tles mer\n\t\t\t\t\t<\/span>\n\n\t\t\t\t\t<h3 class=\"lib-link__title\">\n\t\t\t\t\t\tNasjonale pasientforl\u00f8p gravide og rusmidler\n\t\t\t\t\t<\/h3>\n\n\t\t\t\t\t\n\t\t\t<span class=\"lib-link__link-source\">\n\t\t\t\twww.helsedirektoratet.no\n\t\t\t\t<svg xmlns=\"http:\/\/www.w3.org\/2000\/svg\" viewBox=\"0 0 24 24\" height=\"24\" width=\"24\" class=\"t2-icon t2-icon-linkexternal\" aria-hidden=\"true\" focusable=\"false\"><path d=\"M5 21c-.5 0-1-.2-1.4-.6S3 19.6 3 19V5c0-.6.2-1 .6-1.4S4.5 3 5 3h6c.3 0 .5.1.7.3.2.2.3.4.3.7 0 .3-.1.5-.3.7-.2.2-.4.3-.7.3H5v14h14v-6c0-.3.1-.5.3-.7.2-.2.4-.3.7-.3s.5.1.7.3c.2.2.3.4.3.7v6c0 .6-.2 1-.6 1.4s-.8.6-1.4.6H5zm4-6c-.2-.2-.3-.4-.3-.7s.1-.5.3-.7L17.6 5H15c-.3 0-.5-.1-.7-.3-.2-.2-.3-.4-.3-.7 0-.3.1-.5.3-.7.2-.2.4-.3.7-.3h5c.3 0 .5.1.7.3.2.2.3.4.3.7v5c0 .3-.1.5-.3.7-.2.2-.4.3-.7.3s-.5-.1-.7-.3c-.2-.2-.3-.4-.3-.7V6.4L10.4 15c-.2.2-.4.3-.7.3s-.5-.1-.7-.3z\" fill=\"currentColor\" \/><\/svg>\n\t\t\t<\/span>\n\t\t\t\t<\/div>\n\t\t\t<\/a>\n\t\t<\/div>\n\n\n<h2 class=\"wp-block-heading\" id=\"h-har-du-sporsmal-ta-kontakt-med-oss\">Har du sp\u00f8rsm\u00e5l, ta kontakt med oss:<\/h2>\n\n\n<div class=\"wp-block-blakors-person-cards\">\n\t\t\t\n<div class=\"t2-featured-single-post compact-card-template t2-featured-content is-post-type-person compact-card-template wp-block-t2-featured-single-post\"><figure style=\"--t2-focal-point: 50% 50%;\" class=\"t2-post-featured-image has-image-ratio-1-1 wp-block-t2-post-featured-image\"><img loading=\"lazy\" decoding=\"async\" width=\"2036\" height=\"2048\" src=\"https:\/\/www.blakors.no\/content\/uploads\/sites\/16\/2020\/10\/Marit-Granlund_jan-2020-scaled.jpg\" class=\"attachment-post-thumbnail size-post-thumbnail wp-post-image\" alt=\"\" srcset=\"https:\/\/www.blakors.no\/content\/uploads\/sites\/16\/2020\/10\/Marit-Granlund_jan-2020-scaled.jpg 2036w, https:\/\/www.blakors.no\/content\/uploads\/sites\/16\/2020\/10\/Marit-Granlund_jan-2020-298x300.jpg 298w, https:\/\/www.blakors.no\/content\/uploads\/sites\/16\/2020\/10\/Marit-Granlund_jan-2020-1018x1024.jpg 1018w, https:\/\/www.blakors.no\/content\/uploads\/sites\/16\/2020\/10\/Marit-Granlund_jan-2020-150x150.jpg 150w, https:\/\/www.blakors.no\/content\/uploads\/sites\/16\/2020\/10\/Marit-Granlund_jan-2020-768x772.jpg 768w, https:\/\/www.blakors.no\/content\/uploads\/sites\/16\/2020\/10\/Marit-Granlund_jan-2020-1527x1536.jpg 1527w\" sizes=\"auto, (min-width: 782px) 768px, 100vw\" \/><\/figure>\n\n<div class=\"wp-block-group alignfull is-layout-flow wp-block-group-is-layout-flow\">\n\t<div class=\"t2-post-dynamic-part is-source-filter filter-person_card_meta post-meta wp-block-t2-post-dynamic-part\"><div class=\"title\"><h2 id=\"marit-helen-granlund\"  class=\"t2-post-title wp-block-t2-post-title\" >Marit Helen Granlund<\/h2><p class=\"position\">Forl\u00f8pskoordinator, seksjon for gravide og familier<\/p><\/div><div class=\"contact-info\"><p class=\"phone\"><a href=\"tel:+4798900799\">+47 989 00 799<\/a><\/p><p class=\"email\"><a href=\"mailto:marit.granlund@blakors.no\">marit.granlund@blakors.no<\/a><\/p><\/div><\/div>\n<\/div>\n\n<\/div>\n\n\t\t<\/div>","protected":false},"excerpt":{"rendered":"<p>Slik skader rus i svangerskapet Alkohol er det rusmiddelet som er mest skadelig for fosteret fordi alkoholen kan p\u00e5virke utviklingen av sentralnervesystemet hos fosteret gjennom hele svangerskapet. Helsemyndighetene i Norge anbefaler at gravide holder seg helt borte fra alkohol, ogs\u00e5 n\u00e5r en planlegger \u00e5 bli gravid. Andre rusmidler som for&nbsp; eksempel cannabis, amfetamin, kokain og [&hellip;]<\/p>\n","protected":false},"author":7,"featured_media":669,"parent":0,"menu_order":0,"comment_status":"closed","ping_status":"closed","template":"","meta":{"_acf_changed":false,"_relevanssi_hide_post":"","_relevanssi_hide_content":"","_relevanssi_pin_for_all":"on","_relevanssi_pin_keywords":"Gravid med rusproblemer, alkohol og graviditet, behandlingstilbud til gravide med rusproblemer","_relevanssi_unpin_keywords":"","_relevanssi_related_keywords":"","_relevanssi_related_include_ids":"","_relevanssi_related_exclude_ids":"","_relevanssi_related_no_append":"","_relevanssi_related_not_related":"","_relevanssi_related_posts":"1","_relevanssi_noindex_reason":"","_custom_cards_description":"","footnotes":""},"class_list":["post-33","page","type-page","status-publish","has-post-thumbnail","hentry"],"acf":[],"_links":{"self":[{"href":"https:\/\/www.blakors.no\/klinikk-skien\/wp-json\/wp\/v2\/pages\/33","targetHints":{"allow":["GET"]}}],"collection":[{"href":"https:\/\/www.blakors.no\/klinikk-skien\/wp-json\/wp\/v2\/pages"}],"about":[{"href":"https:\/\/www.blakors.no\/klinikk-skien\/wp-json\/wp\/v2\/types\/page"}],"author":[{"embeddable":true,"href":"https:\/\/www.blakors.no\/klinikk-skien\/wp-json\/wp\/v2\/users\/7"}],"replies":[{"embeddable":true,"href":"https:\/\/www.blakors.no\/klinikk-skien\/wp-json\/wp\/v2\/comments?post=33"}],"version-history":[{"count":5,"href":"https:\/\/www.blakors.no\/klinikk-skien\/wp-json\/wp\/v2\/pages\/33\/revisions"}],"predecessor-version":[{"id":4071,"href":"https:\/\/www.blakors.no\/klinikk-skien\/wp-json\/wp\/v2\/pages\/33\/revisions\/4071"}],"wp:featuredmedia":[{"embeddable":true,"href":"https:\/\/www.blakors.no\/klinikk-skien\/wp-json\/wp\/v2\/media\/669"}],"wp:attachment":[{"href":"https:\/\/www.blakors.no\/klinikk-skien\/wp-json\/wp\/v2\/media?parent=33"}],"curies":[{"name":"wp","href":"https:\/\/api.w.org\/{rel}","templated":true}]}}