{"id":3442,"date":"2024-02-13T10:09:36","date_gmt":"2024-02-13T09:09:36","guid":{"rendered":"https:\/\/www.blakors.no\/klinikk-skien\/?page_id=3442"},"modified":"2024-02-13T10:09:37","modified_gmt":"2024-02-13T09:09:37","slug":"hva-skjer-i-behandling","status":"publish","type":"page","link":"https:\/\/www.blakors.no\/klinikk-skien\/hva-skjer-i-behandling\/","title":{"rendered":"Hva skjer i behandling"},"content":{"rendered":"\n<div class=\"wp-block-lib-header alignfull hide\"><div class=\"header-innercontent\"><\/div><\/div>\n\n\n\n<p>Vi i Bl\u00e5 Kors klinikk Skien \u00f8nsker at det skal v\u00e6re lettere \u00e5 be om hjelp for rusmiddelproblemer. Vi vet at det for noen tar lang tid- kanskje flere ti\u00e5r f\u00f8r en tar det skrittet. Da er avhengigheten viklet inn i livet og f\u00f8rt med seg mange krevende og vonde situasjoner for den det gjelder og de rundt.<\/p>\n\n\n\n<p>S\u00e5 vi \u00f8nsker at denne tiden skal v\u00e6re kortest mulig, og vi st\u00f8tter og heier p\u00e5 deg som er modig og tenker p\u00e5 \u00e5 s\u00f8ke hjelp.<\/p>\n\n\n\n<h2 id=\"skam-hindrer-mange-i-a-soke-hjelp\"  class=\"wp-block-heading\" ><strong>Skam hindrer mange i \u00e5 s\u00f8ke hjelp<\/strong><\/h2>\n\n\n\n<p>For mange er det skamfullt \u00e5 ikke kontrollere bruken rusmidler som for eksempel alkohol.<\/p>\n\n\n\n<p>Denne skammen gj\u00f8r at folk vegrer seg for \u00e5 s\u00f8ke hjelp og blir g\u00e5ende for lenge med en problematisk bruk som kan utvikle seg til avhengighet.<\/p>\n\n\n\n<p>P\u00e5 denne veien har mange ofte blitt m\u00f8tte med frustrasjon, bekymring, sinne fra de n\u00e6rmeste. Det er forst\u00e5elig, for bruk av rusmidler virker forstyrrende inn p\u00e5 n\u00e6re relasjoner, og det tar mye tid fra andre oppgaver i livet.<\/p>\n\n\n\n<blockquote class=\"wp-block-quote is-layout-flow wp-block-quote-is-layout-flow\">\n<p>Integrert behandling<\/p>\n<cite>&laquo;For mange er livet, psyken og rusen s\u00e5 tett vevd sammen at det tar litt tid \u00e5 sortere, men det er en del av selve behandlingen&raquo;<\/cite><\/blockquote>\n\n\n\n<h2 id=\"rus-helse-og-forholdet-til-andre\"  class=\"wp-block-heading\" ><strong>Rus, helse og forholdet til andre<\/strong><\/h2>\n\n\n\n<p>Behandling i spesialisthelsetjenesten har som oppgave \u00e5 finne ut av hvilke skader et rusmiddel har p\u00e5f\u00f8rt helsen din b\u00e5de fysisk og psykisk, og forholdet ditt til andre. Det er dette behandlingen skal dreie seg om. Derfor er det i oppstarten en del kartlegginger som m\u00e5 gj\u00f8res. For \u00e5 gi best tilrettelagt behandling bist\u00e5r et tverrfaglig team med sosionom, lege og psykolog. Behandlingen legges opp individuelt- og den blir planlagt i samarbeid med deg og dine p\u00e5r\u00f8rende om du \u00f8nsker det.<\/p>\n\n\n\n<p>Behandlingen retter seg inn mot \u00e5 se sammenhengen mellom bruk av rusmidler og de symptomene lidelsen gir. Vi kaller det integrert behandling. For mange er livet, psyken og rusen s\u00e5 tett vevd sammen at det tar litt tid \u00e5 sortere, men det er en del av selve behandlingen.<\/p>\n\n\n\n<p>For noen er det grunner til at rusen har f\u00e5tt en stor plass, det kan v\u00e6re belastende livshendelser, psykiske vansker elle lidelser. Bruk av rusmidler lindrer stress og angstsymptomer, men er en svikefull venn, det har sine omkostninger i etterkant. Det lindrer, men l\u00f8ser ingenting.<\/p>\n\n\n\n<figure class=\"wp-block-image size-large is-resized\"><img loading=\"lazy\" decoding=\"async\" width=\"1024\" height=\"682\" src=\"https:\/\/www.blakors.no\/content\/uploads\/sites\/16\/2020\/10\/Terapi-engasjert-Bla\u030a-Kors-Borgestadklinikken-1024x682.jpg\" alt=\"En mann og en dame snakker sammen under terapi. Han lener haka mot h\u00e5ndleddet og ser betenktsom ut. Den kvinnelige terapeuten er tydelig med kroppsspr\u00e5ket\" class=\"wp-image-317\" style=\"width:803px;height:auto\" srcset=\"https:\/\/www.blakors.no\/content\/uploads\/sites\/16\/2020\/10\/Terapi-engasjert-Bla\u030a-Kors-Borgestadklinikken-1024x682.jpg 1024w, https:\/\/www.blakors.no\/content\/uploads\/sites\/16\/2020\/10\/Terapi-engasjert-Bla\u030a-Kors-Borgestadklinikken-300x200.jpg 300w, https:\/\/www.blakors.no\/content\/uploads\/sites\/16\/2020\/10\/Terapi-engasjert-Bla\u030a-Kors-Borgestadklinikken-768x512.jpg 768w, https:\/\/www.blakors.no\/content\/uploads\/sites\/16\/2020\/10\/Terapi-engasjert-Bla\u030a-Kors-Borgestadklinikken-1536x1023.jpg 1536w, https:\/\/www.blakors.no\/content\/uploads\/sites\/16\/2020\/10\/Terapi-engasjert-Bla\u030a-Kors-Borgestadklinikken.jpg 1600w\" sizes=\"auto, (max-width: 1024px) 100vw, 1024px\" \/><figcaption class=\"wp-element-caption\">Illustrasjonsfoto: Bl\u00e5 Kors klinikk Skien<\/figcaption><\/figure>\n\n\n\n<h2 id=\"jobbe-med-motivasjon\"  class=\"wp-block-heading\" >Jobbe med motivasjon<\/h2>\n\n\n\n<p>I behandling er motivasjon viktig. Den kan svinge gjennom et behandlingsforl\u00f8p og det er naturlig at det g\u00e5r opp og ned. For \u00e5 jobbe med motivasjon er det viktig \u00e5 f\u00e5 tak i fordelene med bruk av rus. For mange er det fremmed tanke, for de negative konsekvensene har etter hvert b\u00e5de blitt mange og ikke minst blitt l\u00f8ftet frem av de rundt.<\/p>\n\n\n\n<p>Likefullt \u00f8nsker vi \u00e5 snakke med deg om fordelene, for \u00e5 f\u00e5 tak i hva du m\u00e5 fylle livet med n\u00e5r du n\u00e5 skal legge rusen bort. Mange sier det er lett \u00e5 slutte, men krevende \u00e5 ikke begynne. Noe av grunnen til dette er nok at en ikke har tatt p\u00e5 alvor fordelene.<\/p>\n\n\n\n<p>Mye av behandlingen er derfor \u00e5 finne nye m\u00e5ter \u00e5 dekke behovet som rusen har tilfredsstilt, men ogs\u00e5 dekket over.<\/p>\n\n\n\n<blockquote class=\"wp-block-quote is-layout-flow wp-block-quote-is-layout-flow\">\n<p>Skal- Skal ikke<\/p>\n<cite>&laquo;Mye av behandlingen er derfor \u00e5 finne nye m\u00e5ter \u00e5 dekke behovet som rusen har tilfredsstilt, men ogs\u00e5 dekket over&raquo;.<\/cite><\/blockquote>\n\n\n\n<h2 id=\"involvering-av-naere-parorende\"  class=\"wp-block-heading\" ><strong>Involvering av n\u00e6re p\u00e5r\u00f8rende<\/strong><\/h2>\n\n\n\n<p>Vi \u00f8nsker \u00e5 involvere dine n\u00e6rmeste, det kan v\u00e6re familie, arbeidsgiver eller n\u00e6re venner. De kan gi et utfyllende bilde, st\u00f8tte og utfordre. Det kan hende de ogs\u00e5 trenger noe for egen del. Vi tar utgangspunktet i at dersom en person i en familie strever, vil ogs\u00e5 de rundt bli belastet. Dette \u00f8nsker vi \u00e5 l\u00f8fte frem og integrere i behandlingen.<\/p>\n\n\n\n<h2 id=\"ta-eller-fa-behandling\"  class=\"wp-block-heading\" ><strong>Ta eller f\u00e5 behandling?<\/strong><\/h2>\n\n\n\n<p>P\u00e5 rusfeltet er det mange selvhjelpsgrupper- flere av disse gj\u00f8r et poeng ut av at en skal <em>ta <\/em>behandling ikke <em>f\u00e5 <\/em>behandling. Det st\u00f8tter vi.<\/p>\n\n\n\n<p>Behandling er noe du aktivt m\u00e5 g\u00e5 inn for. For noen kan det holde \u00e5 g\u00e5 poliklinisk, det vil for eksempel si \u00e5 m\u00f8te en behandler en gang pr uke. For andre er det n\u00f8dvendig \u00e5 legges inn p\u00e5 en d\u00f8gnavdeling. Hvor lenge behandlingen varer er individuelt.<\/p>\n\n\n\n<h2 id=\"avhold-som-metode-i-behandlingen\"  class=\"wp-block-heading\" ><strong>Avhold som metode i behandlingen<\/strong><\/h2>\n\n\n\n<p>Vi anbefaler pasientene \u00e5 kutte helt ut rusmidler som del av behandlingen. Dette er fordi hjernen din, kroppen og relasjonene dine har godt av en pause. Det er viktig \u00e5 v\u00e6re avholdende for \u00e5 f\u00e5 et god oversikt over hvordan du fungerer uten rusmidler. For noen blir dette et valg videre. Det er opp til hver enkelt. Vi sier generelt at jo lengre bruken av rusmidlene har v\u00e6rt et problem for deg, jo mer krevende er det \u00e5 drikke eller bruke rusmidler kontrollert, uten \u00e5 falle tilbake.<\/p>\n\n\n\n<h2 id=\"vaer-stolt\"  class=\"wp-block-heading\" ><strong>V\u00e6r stolt<\/strong><\/h2>\n\n\n\n<p>Dersom du velger \u00e5 s\u00f8ke hjelp for ditt problem, v\u00e6r stol av deg selv. Det krever mot \u00e5 starte en endring i livet. Lykke til!<\/p>\n","protected":false},"excerpt":{"rendered":"<p>Vi i Bl\u00e5 Kors klinikk Skien \u00f8nsker at det skal v\u00e6re lettere \u00e5 be om hjelp for rusmiddelproblemer. Vi vet at det for noen tar lang tid- kanskje flere ti\u00e5r f\u00f8r en tar det skrittet. Da er avhengigheten viklet inn i livet og f\u00f8rt med seg mange krevende og vonde situasjoner for den det gjelder [&hellip;]<\/p>\n","protected":false},"author":7,"featured_media":0,"parent":0,"menu_order":0,"comment_status":"closed","ping_status":"closed","template":"","meta":{"_acf_changed":false,"_relevanssi_hide_post":"","_relevanssi_hide_content":"","_relevanssi_pin_for_all":"","_relevanssi_pin_keywords":"","_relevanssi_unpin_keywords":"","_relevanssi_related_keywords":"","_relevanssi_related_include_ids":"","_relevanssi_related_exclude_ids":"","_relevanssi_related_no_append":"","_relevanssi_related_not_related":"","_relevanssi_related_posts":"3406,1311,1482,1898,2563,2901","_relevanssi_noindex_reason":"","_custom_cards_description":"","footnotes":""},"class_list":["post-3442","page","type-page","status-publish","hentry"],"acf":[],"_links":{"self":[{"href":"https:\/\/www.blakors.no\/klinikk-skien\/wp-json\/wp\/v2\/pages\/3442","targetHints":{"allow":["GET"]}}],"collection":[{"href":"https:\/\/www.blakors.no\/klinikk-skien\/wp-json\/wp\/v2\/pages"}],"about":[{"href":"https:\/\/www.blakors.no\/klinikk-skien\/wp-json\/wp\/v2\/types\/page"}],"author":[{"embeddable":true,"href":"https:\/\/www.blakors.no\/klinikk-skien\/wp-json\/wp\/v2\/users\/7"}],"replies":[{"embeddable":true,"href":"https:\/\/www.blakors.no\/klinikk-skien\/wp-json\/wp\/v2\/comments?post=3442"}],"version-history":[{"count":5,"href":"https:\/\/www.blakors.no\/klinikk-skien\/wp-json\/wp\/v2\/pages\/3442\/revisions"}],"predecessor-version":[{"id":3447,"href":"https:\/\/www.blakors.no\/klinikk-skien\/wp-json\/wp\/v2\/pages\/3442\/revisions\/3447"}],"wp:attachment":[{"href":"https:\/\/www.blakors.no\/klinikk-skien\/wp-json\/wp\/v2\/media?parent=3442"}],"curies":[{"name":"wp","href":"https:\/\/api.w.org\/{rel}","templated":true}]}}