{"id":4849,"date":"2025-10-23T10:12:42","date_gmt":"2025-10-23T08:12:42","guid":{"rendered":"https:\/\/www.blakors.no\/klinikk-skien\/?page_id=4849"},"modified":"2025-10-23T10:12:46","modified_gmt":"2025-10-23T08:12:46","slug":"gaming","status":"publish","type":"page","link":"https:\/\/www.blakors.no\/klinikk-skien\/gaming\/","title":{"rendered":"Gaming"},"content":{"rendered":"<div class=\"custom-block-banner alignwide contenthalf\"><div class=\"banner-image\" style=\"background-image:url(https:\/\/v.imgi.no\/blakors-4585-682ab753c3ad09fbfc3e48dbbed5fe5f-1024x683\/2025_08_javier-martinez-hud0puczwjq-unsplash.webp)\"><\/div><div class=\"banner-inner\"><div><h1 id=\"gaming\"  class=\"title large \" >Gaming<\/h1><p>Gaming gir mange unge glede, samhold og mestring. Men den kan ogs\u00e5 v\u00e6re problematisk. <\/p><\/div><\/div><\/div>\n\n\n<h2 id=\"tegn-pa-problematisk-gaming\"  class=\"wp-block-heading\" >Tegn p\u00e5 problematisk gaming:<\/h2>\n\n\n\n<ul class=\"wp-block-list\">\n<li>Den som gamer\/spiller kjenner uro n\u00e5r det ikke er mulig \u00e5 spille.<\/li>\n\n\n\n<li>Bruker mer penger p\u00e5 spill enn det som var \u00f8nsket eller planlagt.<\/li>\n\n\n\n<li>Slutter med aktiviteter som tidligere ga glede, fordi spilling blir viktigere.<\/li>\n\n\n\n<li>Trekker seg unna venner og sosiale sammenhenger, eller f\u00f8ler seg ensom utenfor spillet.<\/li>\n\n\n\n<li>Lyver om hvor mye tid som brukes p\u00e5 spilling.<\/li>\n\n\n\n<li>Mister fokus p\u00e5 skole, jobb eller mennesker rundt seg.<\/li>\n\n\n\n<li>Opplever konflikter med venner, familie eller kj\u00e6reste p\u00e5 grunn av spillingen.<\/li>\n\n\n\n<li>Har problemer med \u00e5 sove fordi det spilles for mye.<\/li>\n\n\n\n<li>Tenker mye p\u00e5 spill og gleder seg til neste gang det er mulig \u00e5 spille.<\/li>\n<\/ul>\n\n\n\n<p>V\u00e5re terapeuter har kompetanse p\u00e5 problemskapende gaming og endringsprosesser. Vi jobber sammen med deg om \u00e5rsakene til, og konsekvensene av, problemskapende gaming. Vi tilbyr:<\/p>\n\n\n\n<ul class=\"wp-block-list\">\n<li>individualterapi<\/li>\n\n\n\n<li>familieterapi ved konflikter knyttet til problemskapende gaming<\/li>\n\n\n\n<li>veiledning til foreldre<\/li>\n<\/ul>\n\n\n\n<p>Vi samarbeider med fastlegen og om det er behov, med NAV men tanke p\u00e5 en gjeldsordning.<\/p>\n\n\n\n<p>Vi anbefaler Bl\u00e5 Kors sin ressurside om gaming for mer lesning og innsikt: <a href=\"https:\/\/www.blakors.no\/fagside\/gaming-og-dataspilling\/?utm_kwd=&amp;matchtype=&amp;utm_source=google&amp;utm_medium=cpc&amp;utm_cid=19820300341&amp;gad_source=1&amp;gad_campaignid=19820300341&amp;gclid=Cj0KCQjwjL3HBhCgARIsAPUg7a6Zp1fQbfHTyJSbWFJUx4RRWMeRkhk0-tWNNKffsWceoX_ALeMq98oaAsHBEALw_wcB\">Gaming og dataspill &#8211; Bl\u00e5 Kors<\/a><\/p>\n\n\n\n<h2 id=\"behandling-hos-oss\"  class=\"wp-block-heading\" >Behandling hos oss?<\/h2>\n\n\n\n<p>Du m\u00e5 ha en henvisning. Vi anbefaler at deg \u00e5 ta kontakt med fastlegen.<\/p>\n\n\n\n\t\t<div class=\"wp-block-lib-accentuated-link\">\n\t\t\t<a\n\t\t\t\tclass=\"lib-link__link\"\n\t\t\t\thref=\"https:\/\/www.blakors.no\/klinikk-skien\/innhold-i-henvisning\/\"\n\t\t\t\ttarget=\"\"\n\t\t\t\trel=\"\"\n\t\t\t>\n\t\t\t\t\n\t\t\t\t<div class=\"lib-link__text-content\">\n\t\t\t\t\t<span class=\"lib-link__tagline\">\n\t\t\t\t\t\tLES ME>R\n\t\t\t\t\t<\/span>\n\n\t\t\t\t\t<h3 class=\"lib-link__title\">\n\t\t\t\t\t\tHenvising\n\t\t\t\t\t<\/h3>\n\n\t\t\t\t\t\n\t\t\t\t<\/div>\n\t\t\t<\/a>\n\t\t<\/div>\n\n\n<h2 id=\"kontakt\"  class=\"wp-block-heading\" >Kontakt<\/h2>\n\n\n\n<p>Har du sp\u00f8rsm\u00e5l, ta kontakt med:<\/p>\n\n\n<div class=\"no-image wp-block-blakors-person-cards\">\n\t\t\t\n<div class=\"t2-featured-single-post compact-card-template t2-featured-content is-post-type-person compact-card-template wp-block-t2-featured-single-post\"><figure class=\"t2-post-featured-image has-image-ratio-1-1 wp-block-t2-post-featured-image\"><img decoding=\"async\" sizes=\"(min-width: 782px) 768px, 100vw\" class=\"fallback\" loading=\"lazy\" src=\"https:\/\/www.blakors.no\/content\/themes\/blakors\/assets\/icons\/t2-post-featured-image.svg\"><\/figure>\n\n<div class=\"wp-block-group alignfull is-layout-flow wp-block-group-is-layout-flow\">\n\t<div class=\"t2-post-dynamic-part is-source-filter filter-person_card_meta post-meta wp-block-t2-post-dynamic-part\"><div class=\"title\"><h2 id=\"cathrine-hjelvik\"  class=\"t2-post-title wp-block-t2-post-title\" >Cathrine Hjelvik<\/h2><p class=\"position\">Seksjonsleder poliklinikk <\/p><\/div><div class=\"contact-info\"><p class=\"phone\"><a href=\"tel:+4745729806\">+47 457 29 806<\/a><\/p><p class=\"email\"><a href=\"mailto:cathrine.hjelvik@blakors.no\">cathrine.hjelvik@blakors.no<\/a><\/p><\/div><\/div>\n<\/div>\n\n<\/div>\n\n\t\t<\/div>","protected":false},"excerpt":{"rendered":"<p>Tegn p\u00e5 problematisk gaming: V\u00e5re terapeuter har kompetanse p\u00e5 problemskapende gaming og endringsprosesser. Vi jobber sammen med deg om \u00e5rsakene til, og konsekvensene av, problemskapende gaming. Vi tilbyr: Vi samarbeider med fastlegen og om det er behov, med NAV men tanke p\u00e5 en gjeldsordning. Vi anbefaler Bl\u00e5 Kors sin ressurside om gaming for mer lesning [&hellip;]<\/p>\n","protected":false},"author":7,"featured_media":0,"parent":0,"menu_order":0,"comment_status":"closed","ping_status":"closed","template":"","meta":{"_acf_changed":false,"_relevanssi_hide_post":"","_relevanssi_hide_content":"","_relevanssi_pin_for_all":"","_relevanssi_pin_keywords":"","_relevanssi_unpin_keywords":"","_relevanssi_related_keywords":"","_relevanssi_related_include_ids":"","_relevanssi_related_exclude_ids":"","_relevanssi_related_no_append":"","_relevanssi_related_not_related":"","_relevanssi_related_posts":"1672,1498,1311,1482,2901,3541","_relevanssi_noindex_reason":"","_custom_cards_description":"","footnotes":""},"class_list":["post-4849","page","type-page","status-publish","hentry"],"acf":[],"_links":{"self":[{"href":"https:\/\/www.blakors.no\/klinikk-skien\/wp-json\/wp\/v2\/pages\/4849","targetHints":{"allow":["GET"]}}],"collection":[{"href":"https:\/\/www.blakors.no\/klinikk-skien\/wp-json\/wp\/v2\/pages"}],"about":[{"href":"https:\/\/www.blakors.no\/klinikk-skien\/wp-json\/wp\/v2\/types\/page"}],"author":[{"embeddable":true,"href":"https:\/\/www.blakors.no\/klinikk-skien\/wp-json\/wp\/v2\/users\/7"}],"replies":[{"embeddable":true,"href":"https:\/\/www.blakors.no\/klinikk-skien\/wp-json\/wp\/v2\/comments?post=4849"}],"version-history":[{"count":3,"href":"https:\/\/www.blakors.no\/klinikk-skien\/wp-json\/wp\/v2\/pages\/4849\/revisions"}],"predecessor-version":[{"id":4858,"href":"https:\/\/www.blakors.no\/klinikk-skien\/wp-json\/wp\/v2\/pages\/4849\/revisions\/4858"}],"wp:attachment":[{"href":"https:\/\/www.blakors.no\/klinikk-skien\/wp-json\/wp\/v2\/media?parent=4849"}],"curies":[{"name":"wp","href":"https:\/\/api.w.org\/{rel}","templated":true}]}}