{"id":652,"date":"2020-11-12T10:09:57","date_gmt":"2020-11-12T09:09:57","guid":{"rendered":"https:\/\/www.blakors.no\/borgestadklinikken\/?page_id=652"},"modified":"2025-08-06T10:19:22","modified_gmt":"2025-08-06T08:19:22","slug":"familie-og-generasjonsperspektiv","status":"publish","type":"page","link":"https:\/\/www.blakors.no\/klinikk-skien\/familie-og-generasjonsperspektiv\/","title":{"rendered":"Familie- og generasjonsperspektiv"},"content":{"rendered":"\n<div class=\"wp-block-columns is-layout-flex wp-container-core-columns-is-layout-9d6595d7 wp-block-columns-is-layout-flex\">\n<div class=\"wp-block-column is-layout-flow wp-block-column-is-layout-flow\">\n<figure class=\"wp-block-image size-full is-resized is-style-rounded\"><img loading=\"lazy\" decoding=\"async\" width=\"1024\" height=\"683\" src=\"https:\/\/www.blakors.no\/content\/uploads\/sites\/16\/2020\/11\/illustrasjonsfoto-jente-med-papphjerte-i-front.jpg\" alt=\"lite barn holder fram papphjerte\" class=\"wp-image-670\" style=\"width:385px;height:auto\" srcset=\"https:\/\/www.blakors.no\/content\/uploads\/sites\/16\/2020\/11\/illustrasjonsfoto-jente-med-papphjerte-i-front.jpg 1024w, https:\/\/www.blakors.no\/content\/uploads\/sites\/16\/2020\/11\/illustrasjonsfoto-jente-med-papphjerte-i-front-300x200.jpg 300w, https:\/\/www.blakors.no\/content\/uploads\/sites\/16\/2020\/11\/illustrasjonsfoto-jente-med-papphjerte-i-front-768x512.jpg 768w\" sizes=\"auto, (max-width: 1024px) 100vw, 1024px\" \/><figcaption class=\"wp-element-caption\">Illustrasjonsfoto: Shutterstock<\/figcaption><\/figure>\n<\/div>\n\n\n\n<div class=\"wp-block-column is-layout-flow wp-block-column-is-layout-flow\">\n<p>Omfang og konsekvenser av rus og avhengighet rammer enkeltmennesker, p\u00e5r\u00f8rende og nettverk. Mange av v\u00e5re pasienter har hatt det vanskelig som barn, ungdom og voksen. \u00c5 jobbe med pasientens oppvekst \u2013 og utviklingshistorie kan bety mye for gode endringsprosesser.<\/p>\n<\/div>\n<\/div>\n\n\n\n<h2 class=\"wp-block-heading\" id=\"h-vi-forstar-den-enkelte-pasient-i-lys-av-sin-historie\"><strong>Vi forst\u00e5r den enkelte pasient i lys av sin historie<\/strong><\/h2>\n\n\n\n<p>Mangel p\u00e5 trygge erfaringer kan f\u00f8re til usikkerhet i relasjoner til andre og strev med \u00e5 regulere egne f\u00f8lelser og reaksjoner. Samtidig har pasientene viktige ressurser for \u00e5 mestre t\u00f8ffe livsbetingelser. Vi \u00f8nsker \u00e5 tilpasse og justere behandlingen for den enkelte ved b\u00e5de \u00e5 romme, forst\u00e5 og utfordre til endring.<\/p>\n\n\n\n<h2 class=\"wp-block-heading\" id=\"h-samarbeid-med-parorende\"><strong>Samarbeid med p\u00e5r\u00f8rende<\/strong><\/h2>\n\n\n\n<p>P\u00e5r\u00f8rende er en ressurs, men mange har opplevd s\u00e5 store belastninger at de trenger hjelp for egen del.<\/p>\n\n\n\n<p>Vi vil samarbeide med den enkelte pasient om \u00e5 inkludere p\u00e5r\u00f8rende i behandlingen. Vi inviterer alltid pasienten til \u00e5 ta med p\u00e5r\u00f8rende til f\u00f8rste samtale med oss. Det kan v\u00e6re av store betydning for pasienten \u00e5 ha st\u00f8tte fra familie og p\u00e5r\u00f8rende, og \u00e5 ha mulighet for arbeid med konflikter, forventninger og samspillsm\u00f8nstre i familien.<\/p>\n\n\n\n<h2 class=\"wp-block-heading\" id=\"h-hjelpetilbud-for-parorende\">Hjelpetilbud for p\u00e5r\u00f8rende<\/h2>\n\n\n\n<p>Noen p\u00e5r\u00f8rende er s\u00e5 belastet av de i tillegg trenger hjelp eller behandling for egen del. For \u00e5 im\u00f8tekomme dette gir vi veiledning om aktuelle hjelpetiltak. Det kan v\u00e6re kommunale tilbud, lavterskeltilbud og selvhjelpsgrupper.<\/p>\n\n\n\n<h2 class=\"wp-block-heading\" id=\"h-et-forebyggende-perspektiv-for-neste-generasjon\"><strong>Et forebyggende perspektiv for neste generasjon<\/strong><\/h2>\n\n\n\n<p>N\u00e5r helseproblemer rammer familien, vil barnet alltid v\u00e6re den mest s\u00e5rbare part. Allerede i svangerskapet er fosteret s\u00e5rbart for rusbruk, foreldrenes livssituasjon og levevaner. Avhengighetsproblemene vil prege utvikling av foreldrerolle og tilknytning. Dette skaper ustabilitet og uforutsigbarhet i familiesamspillet, og for daglige regler, rutiner og oppgaver i familien.<\/p>\n\n\n\n<h2 class=\"wp-block-heading\" id=\"h-samtaler-med-barn\">Samtaler med barn<\/h2>\n\n\n\n<p>B\u00e5de i poliklinikk og d\u00f8gn tilbyr vi behandling til gravide med partnere og til sm\u00e5barnsfamilier. Vi tilbyr videre familie- og barnesamtaler til alle pasienter med mindre\u00e5rige barn. I samarbeid med pasienten kartlegger vi ogs\u00e5 barnas situasjon og om barna trenger hjelp og tiltak.<\/p>\n\n\n\n\t\t<div class=\"wp-block-lib-accentuated-link\">\n\t\t\t<a\n\t\t\t\tclass=\"lib-link__link\"\n\t\t\t\thref=\"https:\/\/www.blakors.no\/klinikk-skien\/barn-som-parorende\/\"\n\t\t\t\ttarget=\"\"\n\t\t\t\trel=\"\"\n\t\t\t>\n\t\t\t\t\n\t\t\t\t<div class=\"lib-link__text-content\">\n\t\t\t\t\t<span class=\"lib-link__tagline\">\n\t\t\t\t\t\tLES MER\n\t\t\t\t\t<\/span>\n\n\t\t\t\t\t<h3 class=\"lib-link__title\">\n\t\t\t\t\t\tBarn som p\u00e5r\u00f8rende p\u00e5 Bl\u00e5 Kors klinikk Skien\n\t\t\t\t\t<\/h3>\n\n\t\t\t\t\t\n\t\t\t\t<\/div>\n\t\t\t<\/a>\n\t\t<\/div>\n\n\n<h2 class=\"wp-block-heading\" id=\"h-kunnskapsgrunnlaget-vart-er\"><strong>Kunnskapsgrunnlaget<\/strong> v\u00e5rt er:<\/h2>\n\n\n\n<ul class=\"wp-block-list\">\n<li>systemteori<\/li>\n\n\n\n<li>utviklingspsykologi<\/li>\n\n\n\n<li>kunnskap og metoder om traumer og tilknytning<\/li>\n\n\n\n<li>familieterapi<\/li>\n\n\n\n<li>tilknytningsbasert terapi<\/li>\n\n\n\n<li>mentaliseringsbasert terapi<\/li>\n<\/ul>\n\n\n\n<h2 class=\"wp-block-heading\" id=\"h-faglige-anbefalinger\">Faglige anbefalinger<\/h2>\n\n\n\n<p>I nasjonal faglig retningslinje for behandling og rehabilitering av rusmiddelproblemer og avhengighet er det anbefalt \u00e5 involvere familie og nettverk i behandlingen i samarbeid med pasienten. Anbefalingen st\u00f8tter seg til forskning som viser at familie- og nettverksinvolvering kan redusere pasientens rusmiddelproblemer, fremme endringsprosesser og bidra til bedre samspill i familien.<\/p>\n\n\n\n<h2 class=\"wp-block-heading\" id=\"h-lang-erfaring\">Lang erfaring<\/h2>\n\n\n\n<p>Ved Bl\u00e5 Kors klinikk Skien (tidligere Borgestadklinikken) har vi i over 30 \u00e5r arbeidet med \u00e5 involvere barn og p\u00e5r\u00f8rende i pasientens behandling, samt \u00e5 tilby behandling for egen del til p\u00e5r\u00f8rendepasienter. Alt pasienter og p\u00e5r\u00f8rende har l\u00e6rt oss om dette tema er en viktig del av v\u00e5r kliniske erfaring og kompetanse.<\/p>\n","protected":false},"excerpt":{"rendered":"<p>Omfang og konsekvenser av rus og avhengighet rammer enkeltmennesker, p\u00e5r\u00f8rende og nettverk. Mange av v\u00e5re pasienter har hatt det vanskelig som barn, ungdom og voksen. \u00c5 jobbe med pasientens oppvekst \u2013 og utviklingshistorie kan bety mye for gode endringsprosesser. Vi forst\u00e5r den enkelte pasient i lys av sin historie Mangel p\u00e5 trygge erfaringer kan f\u00f8re [&hellip;]<\/p>\n","protected":false},"author":7,"featured_media":670,"parent":0,"menu_order":0,"comment_status":"closed","ping_status":"closed","template":"","meta":{"_acf_changed":false,"_relevanssi_hide_post":"","_relevanssi_hide_content":"","_relevanssi_pin_for_all":"on","_relevanssi_pin_keywords":"rus i familier, forebygging, gravide, p\u00e5r\u00f8rende","_relevanssi_unpin_keywords":"","_relevanssi_related_keywords":"","_relevanssi_related_include_ids":"","_relevanssi_related_exclude_ids":"","_relevanssi_related_no_append":"","_relevanssi_related_not_related":"","_relevanssi_related_posts":"38,1","_relevanssi_noindex_reason":"","_custom_cards_description":"","footnotes":""},"class_list":["post-652","page","type-page","status-publish","has-post-thumbnail","hentry"],"acf":[],"_links":{"self":[{"href":"https:\/\/www.blakors.no\/klinikk-skien\/wp-json\/wp\/v2\/pages\/652","targetHints":{"allow":["GET"]}}],"collection":[{"href":"https:\/\/www.blakors.no\/klinikk-skien\/wp-json\/wp\/v2\/pages"}],"about":[{"href":"https:\/\/www.blakors.no\/klinikk-skien\/wp-json\/wp\/v2\/types\/page"}],"author":[{"embeddable":true,"href":"https:\/\/www.blakors.no\/klinikk-skien\/wp-json\/wp\/v2\/users\/7"}],"replies":[{"embeddable":true,"href":"https:\/\/www.blakors.no\/klinikk-skien\/wp-json\/wp\/v2\/comments?post=652"}],"version-history":[{"count":4,"href":"https:\/\/www.blakors.no\/klinikk-skien\/wp-json\/wp\/v2\/pages\/652\/revisions"}],"predecessor-version":[{"id":4530,"href":"https:\/\/www.blakors.no\/klinikk-skien\/wp-json\/wp\/v2\/pages\/652\/revisions\/4530"}],"wp:featuredmedia":[{"embeddable":true,"href":"https:\/\/www.blakors.no\/klinikk-skien\/wp-json\/wp\/v2\/media\/670"}],"wp:attachment":[{"href":"https:\/\/www.blakors.no\/klinikk-skien\/wp-json\/wp\/v2\/media?parent=652"}],"curies":[{"name":"wp","href":"https:\/\/api.w.org\/{rel}","templated":true}]}}