{"id":717,"date":"2020-11-12T13:50:31","date_gmt":"2020-11-12T12:50:31","guid":{"rendered":"https:\/\/www.blakors.no\/borgestadklinikken\/?page_id=717"},"modified":"2025-08-20T14:26:23","modified_gmt":"2025-08-20T12:26:23","slug":"brukermedvirkning","status":"publish","type":"page","link":"https:\/\/www.blakors.no\/klinikk-skien\/brukermedvirkning\/","title":{"rendered":"Brukermedvirkning"},"content":{"rendered":"\n<p>Alliansen mellom pasient og behandler er avgj\u00f8rende for at pasienten skal lykkes i \u00e5 n\u00e5 sine m\u00e5l for behandlingen. Vi \u00f8nsker \u00e5 m\u00f8te alle pasienter med likeverd, respekt og forst\u00e5else.<\/p>\n\n\n\n<div class=\"wp-block-media-text alignwide is-stacked-on-mobile\" style=\"grid-template-columns:42% auto\"><figure class=\"wp-block-media-text__media\"><img loading=\"lazy\" decoding=\"async\" width=\"1024\" height=\"654\" src=\"https:\/\/www.blakors.no\/content\/uploads\/sites\/16\/2020\/10\/Gruppesamtale-Bla\u030a-Kors-Borgestadklinikken-1024x654.jpg\" alt=\"Det sitter fire personer rundt et bord o g har en samtale. Mannen virker skeptisk, mens de andre lytter og ser p\u00e5 ham\" class=\"wp-image-328 size-full\" srcset=\"https:\/\/www.blakors.no\/content\/uploads\/sites\/16\/2020\/10\/Gruppesamtale-Bla\u030a-Kors-Borgestadklinikken-1024x654.jpg 1024w, https:\/\/www.blakors.no\/content\/uploads\/sites\/16\/2020\/10\/Gruppesamtale-Bla\u030a-Kors-Borgestadklinikken-300x192.jpg 300w, https:\/\/www.blakors.no\/content\/uploads\/sites\/16\/2020\/10\/Gruppesamtale-Bla\u030a-Kors-Borgestadklinikken-768x491.jpg 768w, https:\/\/www.blakors.no\/content\/uploads\/sites\/16\/2020\/10\/Gruppesamtale-Bla\u030a-Kors-Borgestadklinikken-1536x981.jpg 1536w, https:\/\/www.blakors.no\/content\/uploads\/sites\/16\/2020\/10\/Gruppesamtale-Bla\u030a-Kors-Borgestadklinikken.jpg 1600w\" sizes=\"auto, (max-width: 1024px) 100vw, 1024px\" \/><\/figure><div class=\"wp-block-media-text__content\">\n<p>V\u00e5re pasienter skal bli h\u00f8rt og kunne medvirke i alle deler av sin behandling. Samarbeidet om behandlingen og pasientforl\u00f8pet m\u00e5 etter samtykke fra pasienten ogs\u00e5 inkludere p\u00e5r\u00f8rende og samarbeidspartnere b\u00e5de i kommune og \u00f8vrig spesialisthelsetjeneste.<\/p>\n<\/div><\/div>\n\n\n\n<h2 class=\"wp-block-heading\" id=\"h-malsetting\"><strong>M\u00e5lsetting<\/strong><\/h2>\n\n\n\n<p>Pasienten skal tidlig i behandlingsforl\u00f8pet sette m\u00e5l for behandlingen sammen med behandler. Vi evaluerer sammen med pasienten jevnlig m\u00e5loppn\u00e5else, behov for justering og endringer.<\/p>\n\n\n\n<h2 class=\"wp-block-heading\" id=\"h-pasienten-skal-medvirke\"><strong>Pasienten skal medvirke<\/strong><\/h2>\n\n\n\n<p>Det er avgj\u00f8rende for god kvalitet i behandlingen at pasienten medvirker til alle valg knyttet til egen behandling. Vi vil tilrettelegge for at pasienten s\u00e5 langt som mulig kan medvirke i valg av unders\u00f8kelses- og behandlingsmetoder og tiltak. Dette gjelder ogs\u00e5 utarbeidelse av en plan for behandlingen som er tilpasset pasientens behov.<\/p>\n\n\n\n<h2 class=\"wp-block-heading\" id=\"h-god-informasjon\">God informasjon<\/h2>\n\n\n\n<p>Pasienten skal f\u00e5 god informasjon om dr\u00f8ftinger og vurderinger knyttet til egen behandling. S\u00e6rlig for pasienter som er innlagt mot eget samtykke er det viktig med \u00e5penhet, oversikt og kontroll over informasjonsflyt og beslutninger. N\u00e5r pasienten ettersp\u00f8r det, legger vi til rette for innsyn i egen journal.<\/p>\n\n\n\n<h2 class=\"wp-block-heading\" id=\"h-evaluere-og-gi-tilbakemelding\"><strong>Evaluere og gi tilbakemelding<\/strong><\/h2>\n\n\n\n<p>Pasientene b\u00f8r f\u00e5 mulighet til \u00e5 evaluere egen utvikling og nytte av behandlingen.Det styrker samarbeidet, sikrer individuell tilpasning og godt utbytte av behandlingen. Det samme gjelder opplevelse av samarbeidsforhold med enkeltbehandlere og institusjon.<\/p>\n\n\n\n<p>P\u00e5 Bl\u00e5 Kors klinikk Skien har vi som m\u00e5l at alle pasienter f\u00e5r tilbud om \u00e5 bruke tilbakemeldingsverkt\u00f8y (feedback) bruk for evaluere og m\u00e5le effekt og utbytte av behandlingen.<\/p>\n\n\n\n\t\t<div class=\"wp-block-lib-accentuated-link\">\n\t\t\t<a\n\t\t\t\tclass=\"lib-link__link\"\n\t\t\t\thref=\"https:\/\/www.blakors.no\/klinikk-skien\/systematisk-brukerevaluering-setter-pasienten-i-forersetet-for-behandlingen\/\"\n\t\t\t\ttarget=\"\"\n\t\t\t\trel=\"\"\n\t\t\t>\n\t\t\t\t\n\t\t\t\t<div class=\"lib-link__text-content\">\n\t\t\t\t\t<span class=\"lib-link__tagline\">\n\t\t\t\t\t\tLES OM \n\t\t\t\t\t<\/span>\n\n\t\t\t\t\t<h3 class=\"lib-link__title\">\n\t\t\t\t\t\tSystematisk brukerevaluering ( PCOMS)\n\t\t\t\t\t<\/h3>\n\n\t\t\t\t\t\n\t\t\t\t<\/div>\n\t\t\t<\/a>\n\t\t<\/div>","protected":false},"excerpt":{"rendered":"<p>Alliansen mellom pasient og behandler er avgj\u00f8rende for at pasienten skal lykkes i \u00e5 n\u00e5 sine m\u00e5l for behandlingen. Vi \u00f8nsker \u00e5 m\u00f8te alle pasienter med likeverd, respekt og forst\u00e5else. V\u00e5re pasienter skal bli h\u00f8rt og kunne medvirke i alle deler av sin behandling. Samarbeidet om behandlingen og pasientforl\u00f8pet m\u00e5 etter samtykke fra pasienten ogs\u00e5 [&hellip;]<\/p>\n","protected":false},"author":7,"featured_media":328,"parent":0,"menu_order":0,"comment_status":"closed","ping_status":"closed","template":"","meta":{"_acf_changed":false,"_relevanssi_hide_post":"","_relevanssi_hide_content":"","_relevanssi_pin_for_all":"","_relevanssi_pin_keywords":"","_relevanssi_unpin_keywords":"","_relevanssi_related_keywords":"","_relevanssi_related_include_ids":"","_relevanssi_related_exclude_ids":"","_relevanssi_related_no_append":"","_relevanssi_related_not_related":"","_relevanssi_related_posts":"1,38","_relevanssi_noindex_reason":"","_custom_cards_description":"","footnotes":""},"class_list":["post-717","page","type-page","status-publish","has-post-thumbnail","hentry"],"acf":[],"_links":{"self":[{"href":"https:\/\/www.blakors.no\/klinikk-skien\/wp-json\/wp\/v2\/pages\/717","targetHints":{"allow":["GET"]}}],"collection":[{"href":"https:\/\/www.blakors.no\/klinikk-skien\/wp-json\/wp\/v2\/pages"}],"about":[{"href":"https:\/\/www.blakors.no\/klinikk-skien\/wp-json\/wp\/v2\/types\/page"}],"author":[{"embeddable":true,"href":"https:\/\/www.blakors.no\/klinikk-skien\/wp-json\/wp\/v2\/users\/7"}],"replies":[{"embeddable":true,"href":"https:\/\/www.blakors.no\/klinikk-skien\/wp-json\/wp\/v2\/comments?post=717"}],"version-history":[{"count":5,"href":"https:\/\/www.blakors.no\/klinikk-skien\/wp-json\/wp\/v2\/pages\/717\/revisions"}],"predecessor-version":[{"id":4605,"href":"https:\/\/www.blakors.no\/klinikk-skien\/wp-json\/wp\/v2\/pages\/717\/revisions\/4605"}],"wp:featuredmedia":[{"embeddable":true,"href":"https:\/\/www.blakors.no\/klinikk-skien\/wp-json\/wp\/v2\/media\/328"}],"wp:attachment":[{"href":"https:\/\/www.blakors.no\/klinikk-skien\/wp-json\/wp\/v2\/media?parent=717"}],"curies":[{"name":"wp","href":"https:\/\/api.w.org\/{rel}","templated":true}]}}