{"id":723,"date":"2020-11-12T14:00:47","date_gmt":"2020-11-12T13:00:47","guid":{"rendered":"https:\/\/www.blakors.no\/borgestadklinikken\/?page_id=723"},"modified":"2023-06-16T13:03:11","modified_gmt":"2023-06-16T11:03:11","slug":"helhetlig-behandling","status":"publish","type":"page","link":"https:\/\/www.blakors.no\/klinikk-skien\/helhetlig-behandling\/","title":{"rendered":"Helhetlig behandling"},"content":{"rendered":"\n<p>Avhengighetsproblemer rammer helse og funksjon p\u00e5 mange omr\u00e5der. V\u00e5r erfaring er at pasientene\u00a0i tillegg til avhengighetsproblemet kan streve p\u00e5 ulike livsomr\u00e5der:<\/p>\n\n\n\n<ul class=\"wp-block-list\">\n<li>psykisk helse<\/li>\n\n\n\n<li>kognitive vansker <\/li>\n\n\n\n<li>ern\u00e6ringsproblemer<\/li>\n\n\n\n<li>kriminalitet<\/li>\n\n\n\n<li>konfliktfylte og vanskelige n\u00e6re relasjoner<\/li>\n\n\n\n<li>\u00f8konomi<\/li>\n\n\n\n<li>boforhold<\/li>\n\n\n\n<li>somatisk helse<\/li>\n<\/ul>\n\n\n\n<h2 class=\"wp-block-heading\" id=\"h-komplekse-problemer\">Komplekse problemer<\/h2>\n\n\n\n<p>Bred kartlegging og utredning er viktig for \u00e5 kunne tilby et tilrettelagt behandlingsforl\u00f8p for den enkelte og familien. Rus- og avhengighetsproblematikk inneb\u00e6rer ofte sv\u00e6rt komplekse problemer.  N\u00e5r vi tenker og arbeider helhetlig inneb\u00e6rer det at terapeutiske metoder og tiln\u00e6rmingsm\u00e5ter m\u00e5 bli valgt ut fra den aktuelle problematikk hos pasienten.<\/p>\n\n\n\n<h2 class=\"wp-block-heading\" id=\"h-et-helhetlig-behandlingstilbud\"><strong>Et helhetlig behandlingstilbud<\/strong><\/h2>\n\n\n\n<div class=\"custom-block-factbox\">\n\t<ul class=\"rich-text block-editor-rich-text__editable\" role=\"textbox\" aria-label=\"Write list\u2026\">\n<li><em data-rich-text-format-boundary=\"true\">Hjelp for avhengighetsrelaterte problemer.<\/em><\/li>\n<li><em>\u00c5 ivareta fysisk helse.<\/em>\u00a0God medisinsk oppf\u00f8lging, kosthold, s\u00f8vn, d\u00f8gnstruktur og muligheter for fysisk aktivitet.<\/li>\n<li><em>Tiltak knyttet til psykisk helse.<\/em>\u00a0Kartlegging, utredning og\u00a0behandling.<\/li>\n<li><em>Familie og nettverk.<\/em>\u00a0Kartlegging, bes\u00f8k, behandling.<\/li>\n<li><em>Sosial situasjon.<\/em>\u00a0Hjelp til pasientens arbeid med sosial situasjon: bolig, \u00f8konomi, aktivitet, nettverk, utdanning, arbeid.<\/li>\n<li><em>\u00c5ndelige og eksistensielle sp\u00f8rsm\u00e5l.<\/em>\u00a0Pasienter som \u00f8nsker det, f\u00e5r samtaler om \u00e5ndelige og eksistensielle problemstillinger.<\/li>\n<\/ul>\n<\/div>\n\n\n\n\t\t<div class=\"wp-block-lib-accentuated-link\">\n\t\t\t<a\n\t\t\t\tclass=\"lib-link__link\"\n\t\t\t\thref=\"https:\/\/www.blakors.no\/klinikk-skien\/tverrfaglig-spesialisert-behandling\/\"\n\t\t\t\ttarget=\"\"\n\t\t\t\trel=\"\"\n\t\t\t>\n\t\t\t\t\n\t\t\t\t<div class=\"lib-link__text-content\">\n\t\t\t\t\t<span class=\"lib-link__tagline\">\n\t\t\t\t\t\tLes Mer\n\t\t\t\t\t<\/span>\n\n\t\t\t\t\t<h3 class=\"lib-link__title\">\n\t\t\t\t\t\tVi jobber tverrfaglig med spesialisert behandling \n\t\t\t\t\t<\/h3>\n\n\t\t\t\t\t\n\t\t\t\t<\/div>\n\t\t\t<\/a>\n\t\t<\/div>","protected":false},"excerpt":{"rendered":"<p>Avhengighetsproblemer rammer helse og funksjon p\u00e5 mange omr\u00e5der. V\u00e5r erfaring er at pasientene\u00a0i tillegg til avhengighetsproblemet kan streve p\u00e5 ulike livsomr\u00e5der: Komplekse problemer Bred kartlegging og utredning er viktig for \u00e5 kunne tilby et tilrettelagt behandlingsforl\u00f8p for den enkelte og familien. Rus- og avhengighetsproblematikk inneb\u00e6rer ofte sv\u00e6rt komplekse problemer. N\u00e5r vi tenker og arbeider helhetlig [&hellip;]<\/p>\n","protected":false},"author":7,"featured_media":0,"parent":0,"menu_order":0,"comment_status":"closed","ping_status":"closed","template":"","meta":{"_acf_changed":false,"_relevanssi_hide_post":"","_relevanssi_hide_content":"","_relevanssi_pin_for_all":"","_relevanssi_pin_keywords":"","_relevanssi_unpin_keywords":"","_relevanssi_related_keywords":"","_relevanssi_related_include_ids":"","_relevanssi_related_exclude_ids":"","_relevanssi_related_no_append":"","_relevanssi_related_not_related":"","_relevanssi_related_posts":"38,1","_relevanssi_noindex_reason":"","_custom_cards_description":"","footnotes":""},"class_list":["post-723","page","type-page","status-publish","hentry"],"acf":[],"_links":{"self":[{"href":"https:\/\/www.blakors.no\/klinikk-skien\/wp-json\/wp\/v2\/pages\/723","targetHints":{"allow":["GET"]}}],"collection":[{"href":"https:\/\/www.blakors.no\/klinikk-skien\/wp-json\/wp\/v2\/pages"}],"about":[{"href":"https:\/\/www.blakors.no\/klinikk-skien\/wp-json\/wp\/v2\/types\/page"}],"author":[{"embeddable":true,"href":"https:\/\/www.blakors.no\/klinikk-skien\/wp-json\/wp\/v2\/users\/7"}],"replies":[{"embeddable":true,"href":"https:\/\/www.blakors.no\/klinikk-skien\/wp-json\/wp\/v2\/comments?post=723"}],"version-history":[{"count":4,"href":"https:\/\/www.blakors.no\/klinikk-skien\/wp-json\/wp\/v2\/pages\/723\/revisions"}],"predecessor-version":[{"id":3075,"href":"https:\/\/www.blakors.no\/klinikk-skien\/wp-json\/wp\/v2\/pages\/723\/revisions\/3075"}],"wp:attachment":[{"href":"https:\/\/www.blakors.no\/klinikk-skien\/wp-json\/wp\/v2\/media?parent=723"}],"curies":[{"name":"wp","href":"https:\/\/api.w.org\/{rel}","templated":true}]}}