{"id":857,"date":"2020-11-16T08:57:47","date_gmt":"2020-11-16T07:57:47","guid":{"rendered":"https:\/\/www.blakors.no\/borgestadklinikken\/?page_id=857"},"modified":"2025-07-30T08:31:37","modified_gmt":"2025-07-30T06:31:37","slug":"barn-som-parorende","status":"publish","type":"page","link":"https:\/\/www.blakors.no\/klinikk-skien\/barn-som-parorende\/","title":{"rendered":"Barn som p\u00e5r\u00f8rende"},"content":{"rendered":"<div class=\"custom-block-banner alignwide contenthalf\"><div class=\"banner-image\" style=\"background-image:url(https:\/\/www.blakors.no\/content\/uploads\/sites\/16\/2020\/10\/barneansvarlig-Linda-Galdal-1024x669.jpg)\"><\/div><div class=\"banner-inner\"><div><h1 id=\"barn-som-parorende\"  class=\"title large \" >Barn som p\u00e5r\u00f8rende<\/h1><p>Dersom pasienten har  barn samarbeider vi om \u00e5 gi barnet n\u00f8dvendig informasjon og st\u00f8tte. Barn og unge som er p\u00e5r\u00f8rende kan komme til klinikken for samtaler og de kan komme p\u00e5 bes\u00f8k.<\/p><\/div><\/div><\/div>\n\n\n<p>Det er viktig \u00e5 v\u00e6re klar over at et rusmiddelproblemer\/spilleproblemer kan p\u00e5virke barna i familien og deres hverdag, tanker og f\u00f8lelser mer enn vi voksne tror. Derfor er det s\u00e5 viktig \u00e5 snakke med barna! Barn og unge som er p\u00e5r\u00f8rende trenger informasjon, og f\u00e5 vite at de kan snakke med noen om det som er vanskelig. Det skaper trygghet.<\/p>\n\n\n\n<p>Helsepersonell er pliktig til \u00e5 bidra s\u00e5 behovet for informasjon og n\u00f8dvendig oppf\u00f8lging som mindre\u00e5rige barn kan ha, blir ivaretatt.<\/p>\n\n\n\n<h2 class=\"wp-block-heading\" id=\"h-hjelp-og-stotte\">Hjelp og st\u00f8tte<\/h2>\n\n\n\n<p>Bl\u00e5 Kors klinikk Skien (tidligere Borgestadklinikken) \u00f8nsker \u00e5 tilrettelegge behandlingstilbudet slik at barnet\/barna til v\u00e5re pasienter f\u00e5r den hjelp og st\u00f8tte de trenger. Vi snakker med pasientene om barnet\/barnas situasjon, og samarbeider med pasienten om \u00e5 gi barnet n\u00f8dvendig informasjon og st\u00f8tte.<\/p>\n\n\n\n<h2 class=\"wp-block-heading\" id=\"h-vi-har-barneansvarlige\">Vi har barneansvarlige<\/h2>\n\n\n\n<p>V\u00e5re barneansvarlige kan&nbsp;hjelpe pasientene med hvordan de p\u00e5 en trygg og god m\u00e5te snakker med barnet\/barna sine. Alle seksjoner har en barneansvarlig som skal ha et spesielt fokus p\u00e5 barn som p\u00e5r\u00f8rende. Dette gjelder ogs\u00e5 dersom pasienten har s\u00f8sken under 18 \u00e5r.<\/p>\n\n\n\n<p>Oppf\u00f8lgingen om barn som p\u00e5r\u00f8rende kan inneb\u00e6re samarbeid med andre rundt barnet, som skole, barnehage eller helses\u00f8ster.<\/p>\n\n\n\n\t\t<div class=\"wp-block-lib-accentuated-link\">\n\t\t\t<a\n\t\t\t\tclass=\"lib-link__link\"\n\t\t\t\thref=\"https:\/\/www.blakors.no\/klinikk-skien\/er-du-pasient-og-har-barn\/\"\n\t\t\t\ttarget=\"\"\n\t\t\t\trel=\"\"\n\t\t\t>\n\t\t\t\t\n\t\t\t\t<div class=\"lib-link__text-content\">\n\t\t\t\t\t<span class=\"lib-link__tagline\">\n\t\t\t\t\t\tLES OGS\u00c5\n\t\t\t\t\t<\/span>\n\n\t\t\t\t\t<h3 class=\"lib-link__title\">\n\t\t\t\t\t\tEr du pasient og har barn\n\t\t\t\t\t<\/h3>\n\n\t\t\t\t\t\n\t\t\t\t<\/div>\n\t\t\t<\/a>\n\t\t<\/div>\n\n\n\t\t<div class=\"wp-block-lib-accentuated-link\">\n\t\t\t<a\n\t\t\t\tclass=\"lib-link__link\"\n\t\t\t\thref=\"https:\/\/www.blakors.no\/fagside\/barn-som-er-parorende\/\"\n\t\t\t\ttarget=\"\"\n\t\t\t\trel=\"\"\n\t\t\t>\n\t\t\t\t\n\t\t\t\t<div class=\"lib-link__text-content\">\n\t\t\t\t\t<span class=\"lib-link__tagline\">\n\t\t\t\t\t\tLes mer hos bl\u00e5 Kors\n\t\t\t\t\t<\/span>\n\n\t\t\t\t\t<h3 class=\"lib-link__title\">\n\t\t\t\t\t\tBarn som p\u00e5r\u00f8rende \n\t\t\t\t\t<\/h3>\n\n\t\t\t\t\t\n\t\t\t\t<\/div>\n\t\t\t<\/a>\n\t\t<\/div>\n\n\n<h2 class=\"wp-block-heading\" id=\"h-fa-informasjon-og-hjelp-hos-barneansvarlige\">F\u00e5 informasjon og hjelp hos barneansvarlige <\/h2>\n\n\n\n<p>Pasienten eller p\u00e5r\u00f8rende kan ta kontakt med barneansvarlig for \u00e5 f\u00e5 informasjon, r\u00e5d og hjelp. Alle avdelinger \/ seksjoner har barneansvarlige. En av dem er Linda \u00d8verland:<\/p>\n\n\n<div class=\"wp-block-blakors-person-cards\">\n\t\t\t\n<div class=\"t2-featured-single-post compact-card-template t2-featured-content is-post-type-person compact-card-template wp-block-t2-featured-single-post\"><figure style=\"--t2-focal-point: 50% 50%;\" class=\"t2-post-featured-image has-image-ratio-1-1 wp-block-t2-post-featured-image\"><img loading=\"lazy\" decoding=\"async\" width=\"1756\" height=\"2048\" src=\"https:\/\/www.blakors.no\/content\/uploads\/sites\/16\/2020\/10\/Linda-Galdal_-jan-2020-scaled.jpg\" class=\"attachment-post-thumbnail size-post-thumbnail wp-post-image\" alt=\"\" srcset=\"https:\/\/www.blakors.no\/content\/uploads\/sites\/16\/2020\/10\/Linda-Galdal_-jan-2020-scaled.jpg 1756w, https:\/\/www.blakors.no\/content\/uploads\/sites\/16\/2020\/10\/Linda-Galdal_-jan-2020-257x300.jpg 257w, https:\/\/www.blakors.no\/content\/uploads\/sites\/16\/2020\/10\/Linda-Galdal_-jan-2020-878x1024.jpg 878w, https:\/\/www.blakors.no\/content\/uploads\/sites\/16\/2020\/10\/Linda-Galdal_-jan-2020-768x895.jpg 768w, https:\/\/www.blakors.no\/content\/uploads\/sites\/16\/2020\/10\/Linda-Galdal_-jan-2020-1317x1536.jpg 1317w\" sizes=\"auto, (min-width: 782px) 768px, 100vw\" \/><\/figure>\n\n<div class=\"wp-block-group alignfull is-layout-flow wp-block-group-is-layout-flow\">\n\t<div class=\"t2-post-dynamic-part is-source-filter filter-person_card_meta post-meta wp-block-t2-post-dynamic-part\"><div class=\"title\"><h2 id=\"linda-overland\"  class=\"t2-post-title wp-block-t2-post-title\" >Linda \u00d8verland<\/h2><p class=\"position\">Forl\u00f8pskoordinator, seksjon for rus og psykisk lidelse<\/p><\/div><div class=\"contact-info\"><p class=\"phone\"><a href=\"tel:+4799254029\">+47 992 54 029<\/a><\/p><p class=\"email\"><a href=\"mailto:linda.overland@blakors.no\">linda.overland@blakors.no<\/a><\/p><\/div><\/div>\n<\/div>\n\n<\/div>\n\n\t\t<\/div>\n\n\n<p><\/p>\n\n\n\n<div class=\"custom-block-cta no-icon\">\n\t<div class=\"text-button-container\"><div class=\"text\">Vi anbefaler ogs\u00e5 Bl\u00e5 Kors kompasset som tilbyr gratis terapi for alle mellom 13 og 35 \u00e5r, som har eller vokser opp i et hjem med alkohol- eller andre rusproblemer.<\/div><div class=\"wp-block-button is-style-primary\"><a class=\"wp-block-button__link\" href=\"https:\/\/www.blakors.no\/kompasset\/\" target=\"_blank\">Finn ut mer<\/a><\/div><\/div><\/div>\n","protected":false},"excerpt":{"rendered":"<p>Det er viktig \u00e5 v\u00e6re klar over at et rusmiddelproblemer\/spilleproblemer kan p\u00e5virke barna i familien og deres hverdag, tanker og f\u00f8lelser mer enn vi voksne tror. Derfor er det s\u00e5 viktig \u00e5 snakke med barna! Barn og unge som er p\u00e5r\u00f8rende trenger informasjon, og f\u00e5 vite at de kan snakke med noen om det som [&hellip;]<\/p>\n","protected":false},"author":7,"featured_media":662,"parent":0,"menu_order":0,"comment_status":"closed","ping_status":"closed","template":"","meta":{"_acf_changed":false,"_relevanssi_hide_post":"","_relevanssi_hide_content":"","_relevanssi_pin_for_all":"","_relevanssi_pin_keywords":"","_relevanssi_unpin_keywords":"","_relevanssi_related_keywords":"","_relevanssi_related_include_ids":"","_relevanssi_related_exclude_ids":"","_relevanssi_related_no_append":"","_relevanssi_related_not_related":"","_relevanssi_related_posts":"1,38","_relevanssi_noindex_reason":"","_custom_cards_description":"","footnotes":""},"class_list":["post-857","page","type-page","status-publish","has-post-thumbnail","hentry"],"acf":[],"_links":{"self":[{"href":"https:\/\/www.blakors.no\/klinikk-skien\/wp-json\/wp\/v2\/pages\/857","targetHints":{"allow":["GET"]}}],"collection":[{"href":"https:\/\/www.blakors.no\/klinikk-skien\/wp-json\/wp\/v2\/pages"}],"about":[{"href":"https:\/\/www.blakors.no\/klinikk-skien\/wp-json\/wp\/v2\/types\/page"}],"author":[{"embeddable":true,"href":"https:\/\/www.blakors.no\/klinikk-skien\/wp-json\/wp\/v2\/users\/7"}],"replies":[{"embeddable":true,"href":"https:\/\/www.blakors.no\/klinikk-skien\/wp-json\/wp\/v2\/comments?post=857"}],"version-history":[{"count":5,"href":"https:\/\/www.blakors.no\/klinikk-skien\/wp-json\/wp\/v2\/pages\/857\/revisions"}],"predecessor-version":[{"id":4078,"href":"https:\/\/www.blakors.no\/klinikk-skien\/wp-json\/wp\/v2\/pages\/857\/revisions\/4078"}],"wp:featuredmedia":[{"embeddable":true,"href":"https:\/\/www.blakors.no\/klinikk-skien\/wp-json\/wp\/v2\/media\/662"}],"wp:attachment":[{"href":"https:\/\/www.blakors.no\/klinikk-skien\/wp-json\/wp\/v2\/media?parent=857"}],"curies":[{"name":"wp","href":"https:\/\/api.w.org\/{rel}","templated":true}]}}