{"id":95,"date":"2020-10-05T21:21:11","date_gmt":"2020-10-05T19:21:11","guid":{"rendered":"https:\/\/www.blakors.no\/borgestadklinikken\/?page_id=95"},"modified":"2023-04-18T15:24:05","modified_gmt":"2023-04-18T13:24:05","slug":"tverrfaglig-spesialisert-behandling","status":"publish","type":"page","link":"https:\/\/www.blakors.no\/klinikk-skien\/tverrfaglig-spesialisert-behandling\/","title":{"rendered":"Tverrfaglig spesialisert behandling"},"content":{"rendered":"<div class=\"custom-block-banner alignwide contenthalf\"><div class=\"banner-image\" style=\"background-image:url(https:\/\/www.blakors.no\/content\/uploads\/sites\/16\/2020\/11\/Borgstadklinikken-Borgestad-oversikt-1024x576.jpg)\"><\/div><div class=\"banner-inner\"><div><h1 id=\"tverrfaglig-spesialisert-rusbehandling-tsb\"  class=\"title small \" >Tverrfaglig spesialisert rusbehandling (TSB)<\/h1><p>Bl\u00e5 Kors Klinikk Skien er en virksomhet innenfor TSB. Men hva inneb\u00e6rer dette for pasienter og samarbeidspartnere?<\/p><\/div><\/div><\/div>\n\n\n<p>Tverrfaglig spesialisert behandling av ruslidelser (TSB) er betegnelsen p\u00e5 behandling av rus- og avhengighetsbehandling i spesialisthelsetjenesten.<\/p>\n\n\n\n<h2 class=\"wp-block-heading\" id=\"h-et-helhetlig-tilbud\">Et helhetlig tilbud<\/h2>\n\n\n\n<p>Skadelig bruk av og avhengighet til rusmidler, spill og anabole androgene steroider er ofte en kompleks og sammensatt tilstand. Derfor skal behandlingen vi tilbyr romme b\u00e5de medisinske, psykologiske og sosiale forhold. TSB er alts\u00e5 et helhetlig tilbud som ogs\u00e5 inkluderer utredning og behandling av&nbsp;eventuelle psykiske og somatiske lidelser.<\/p>\n\n\n\n<h2 class=\"wp-block-heading\" id=\"h-god-spesialistdekning\">God spesialistdekning<\/h2>\n\n\n\n<p>Som i annen spesialisthelsetjeneste skal behandling i TSB&nbsp;blir garantert av spesialister.&nbsp;Disse&nbsp;spesialistene skal v\u00e6re representert:<\/p>\n\n\n\n<ul class=\"wp-block-list\">\n<li>Overlege med&nbsp;spesialisering i rus- og avhengighetsmedisin <\/li>\n\n\n\n<li>Psykolog med&nbsp;spesialisering i rus- og avhengighetspsykologi <\/li>\n\n\n\n<li>Sykepleier\/sosialfaglig ansatte med videreutdanning i rusbehandling<\/li>\n<\/ul>\n\n\n\n<p>Bl\u00e5 Kors Klinikk Skien har meget god spesialistdekning p\u00e5 alle de tre omr\u00e5dene.<\/p>\n\n\n\n<h2 class=\"wp-block-heading\" id=\"h-avtale-med-regionalt-helseforetak\">Avtale med regionalt helseforetak<\/h2>\n\n\n\n<p>Det er de regionale helseforetakene som har ansvaret for \u00e5 levere TSB- tjenester til befolkningen. Vi er en av flere som har avtale med Helse S\u00f8r \u00d8st om rus- og avhengighetsbehandling i v\u00e5r region. For pasientene inneb\u00e6rer dette blant annet at behandlingen er gratis utover ordin\u00e6r egenandel i poliklinikken.<\/p>\n\n\n\n<h2 class=\"wp-block-heading\" id=\"h-mer-informasjon\">Mer informasjon<\/h2>\n\n\n\n<div class=\"wp-block-lib-accentuated-link\"><a class=\"lib-link__link\" href=\"https:\/\/oslo-universitetssykehus.no\/fag-og-forskning\/nasjonale-og-regionale-tjenester\/tsb\" rel=\"noreferrer noopener\" target=\"_blank\"><div class=\"lib-link__text-content\"><h6 id=\"les-mer\"  class=\"lib-link__tagline\" >LES MER<\/h6><h3 id=\"kompetansetjeneste-tsb\"  class=\"lib-link__title\" >Kompetansetjeneste TSB<\/h3><span class=\"lib-link__link-source\">oslo-universitetssykehus.no<SVG viewBox=\"0 0 13 13\" xmlns=\"http:\/\/www.w3.org\/2000\/svg\" width=\"16\" height=\"16\">\n\t\t<Path d=\"M12.5,0h.15l0,0,0,0,0,0,0,0,0,0v0h0l0,0L12.85.15a.27.27,0,0,1,.07.08.08.08,0,0,1,0,0,.08.08,0,0,1,0,0s0,0,0,0A.43.43,0,0,1,13,.4h0v0a.09.09,0,0,1,0,0v4a.5.5,0,0,1-1,.09V1.71L5.52,8.19a.51.51,0,0,1-.71,0,.5.5,0,0,1,0-.64l0-.07L11.29,1H8.5A.5.5,0,0,1,8,.59V.5A.5.5,0,0,1,8.41,0H12.5ZM5.83,2a.5.5,0,0,1,.5.5A.49.49,0,0,1,5.92,3H1.83a.87.87,0,0,0-.59.24A.8.8,0,0,0,1,3.72v7.45a.87.87,0,0,0,.24.59.8.8,0,0,0,.48.23H9.17a.87.87,0,0,0,.59-.24.8.8,0,0,0,.23-.48V7.17a.5.5,0,0,1,.5-.5.49.49,0,0,1,.49.41v4.09a1.8,1.8,0,0,1-.54,1.29A1.76,1.76,0,0,1,9.33,13H1.83a1.8,1.8,0,0,1-1.29-.54A1.76,1.76,0,0,1,0,11.33V3.83A1.8,1.8,0,0,1,.54,2.54,1.76,1.76,0,0,1,1.67,2H5.83Z\"\/>\n<\/SVG>\n<\/span><\/div><\/a><\/div>\n\n\n\n<div class=\"wp-block-lib-accentuated-link\"><a class=\"lib-link__link\" href=\"https:\/\/www.blakors.no\/fagside\/tverrfaglig-spesialisert-behandling-i-bla-kors\/\" rel=\"noreferrer noopener\" target=\"_blank\"><div class=\"lib-link__text-content\"><h6 id=\"les-mer\"  class=\"lib-link__tagline\" >LES MER<\/h6><h3 id=\"tverrfaglig-spesialistbehandling-i-bla-kors\"  class=\"lib-link__title\" >Tverrfaglig spesialistbehandling i Bl\u00e5 Kors<\/h3><\/div><\/a><\/div>\n","protected":false},"excerpt":{"rendered":"<p>Tverrfaglig spesialisert behandling av ruslidelser (TSB) er betegnelsen p\u00e5 behandling av rus- og avhengighetsbehandling i spesialisthelsetjenesten. Et helhetlig tilbud Skadelig bruk av og avhengighet til rusmidler, spill og anabole androgene steroider er ofte en kompleks og sammensatt tilstand. Derfor skal behandlingen vi tilbyr romme b\u00e5de medisinske, psykologiske og sosiale forhold. TSB er alts\u00e5 et helhetlig [&hellip;]<\/p>\n","protected":false},"author":23,"featured_media":0,"parent":0,"menu_order":0,"comment_status":"closed","ping_status":"closed","template":"","meta":{"_acf_changed":false,"_relevanssi_hide_post":"","_relevanssi_hide_content":"","_relevanssi_pin_for_all":"","_relevanssi_pin_keywords":"","_relevanssi_unpin_keywords":"","_relevanssi_related_keywords":"","_relevanssi_related_include_ids":"","_relevanssi_related_exclude_ids":"","_relevanssi_related_no_append":"","_relevanssi_related_not_related":"","_relevanssi_related_posts":"1,38","_relevanssi_noindex_reason":"","_custom_cards_description":"","footnotes":""},"class_list":["post-95","page","type-page","status-publish","hentry"],"acf":[],"_links":{"self":[{"href":"https:\/\/www.blakors.no\/klinikk-skien\/wp-json\/wp\/v2\/pages\/95","targetHints":{"allow":["GET"]}}],"collection":[{"href":"https:\/\/www.blakors.no\/klinikk-skien\/wp-json\/wp\/v2\/pages"}],"about":[{"href":"https:\/\/www.blakors.no\/klinikk-skien\/wp-json\/wp\/v2\/types\/page"}],"author":[{"embeddable":true,"href":"https:\/\/www.blakors.no\/klinikk-skien\/wp-json\/wp\/v2\/users\/23"}],"replies":[{"embeddable":true,"href":"https:\/\/www.blakors.no\/klinikk-skien\/wp-json\/wp\/v2\/comments?post=95"}],"version-history":[{"count":5,"href":"https:\/\/www.blakors.no\/klinikk-skien\/wp-json\/wp\/v2\/pages\/95\/revisions"}],"predecessor-version":[{"id":2980,"href":"https:\/\/www.blakors.no\/klinikk-skien\/wp-json\/wp\/v2\/pages\/95\/revisions\/2980"}],"wp:attachment":[{"href":"https:\/\/www.blakors.no\/klinikk-skien\/wp-json\/wp\/v2\/media?parent=95"}],"curies":[{"name":"wp","href":"https:\/\/api.w.org\/{rel}","templated":true}]}}