{"id":21,"date":"2022-03-05T11:44:02","date_gmt":"2022-03-05T10:44:02","guid":{"rendered":"https:\/\/www.blakors.no\/klinikk-tjeldsund\/?page_id=21"},"modified":"2023-08-08T12:32:37","modified_gmt":"2023-08-08T10:32:37","slug":"medikamentavhengighet","status":"publish","type":"page","link":"https:\/\/www.blakors.no\/klinikk-tjeldsund\/medikamentavhengighet\/","title":{"rendered":"Medikamentavhengighet"},"content":{"rendered":"<div class=\"custom-block-banner alignwide is-style-green contenthalf\"><div class=\"banner-image\" style=\"background-image:url(https:\/\/www.blakors.no\/content\/uploads\/sites\/28\/2022\/04\/Samling-i-ring-1024x697.jpg)\"><\/div><div class=\"banner-inner\"><div><h1 id=\"medikamentavhengighet\"  class=\"title large \" >Medikamentavhengighet<\/h1><p>Avrusning fra medikamentavhengighet m\u00e5 skje gradvis gjennom nedtrapping. Behandlingen foreg\u00e5r f\u00f8rst og fremst i grupper hvor pasienten m\u00f8ter andre med tilsvarende problem.<\/p><\/div><\/div><\/div>\n\n\n<div class=\"wp-block-lib-header alignfull hide\"><div class=\"image-wrapper\"><img decoding=\"async\" src=\"https:\/\/www.blakors.no\/content\/uploads\/sites\/28\/2022\/04\/Samling-i-ring-scaled.jpg\"\/><\/div><div class=\"header-innercontent\"><\/div><\/div>\n\n\n\n<p>Medikamentavhengighet dreier seg i hovedsak om bruk av vanedannende medisiner i disse hovedgruppene:<\/p>\n\n\n\n<ul class=\"wp-block-list\"><li>Angstdempende\/beroligende benzodiazepiner som Valium, Vival, Stesolid, Sobril med flere<\/li><li>Smertestillende medikamenter som Paralgin forte, Kodein, Pinex forte, med flere<\/li><li>Sovemedisiner ( hypnotika) som Mogadon, Apodorm, Imovane med flere.&nbsp; <\/li><\/ul>\n\n\n\n<p>Medisinene kan v\u00e6re foreskrevet av lege og reseptbelagt eller de kj\u00f8pes illegalt.<\/p>\n\n\n\n\t\t<div class=\"wp-block-blakors-expanding-fact-box\">\n\t\t\t<h3 id=\"vanlige-symtomer-pa-medikamentavhengighet\"  class=\"blakors-fact-box__title\" >Vanlige symtomer p\u00e5 medikamentavhengighet<\/h3>\n\t\t\t<div class=\"blakors-fact-box__content\">\n\t\t\t\t\n<ul class=\"wp-block-list\"><li>At du selv aller andre mener du tar for mye piller<\/li><li>At du tar med enn det som legen foreskriver eller som er anbefalt for preparatet<\/li><li>Du har sterk lyst eller trang til \u00e5 ta legemiddelet<\/li><li>Du f\u00e5r fysisk og\/ eller psykisk ubehag om du ikke tar medikamentet<\/li><li>Medikamentet tar stor plass i hverdagen din og i tankene dine<\/li><li>Du kjenner deg d\u00e5rlig og tar mer av medikamentet for \u00e5 f\u00f8le deg bedre, uten \u00e5 oppn\u00e5 \u00f8nsket effekt<\/li><li>Du tar medikamentet for \u00e5 fungere bedre sosialt<\/li><li>Det er vanskelig \u00e5 st\u00e5 opp eller sove uten medikamentet<\/li><li>Det er vanskelig \u00e5 konsentrere seg og du husker d\u00e5rligere<\/li><\/ul>\n\n\t\t\t<\/div>\n\t\t\t<div class=\"blakors-fact-box__toggle\">\n\t\t\t\t<button class=\"blakors-fact-box__button\"><svg xmlns=\"http:\/\/www.w3.org\/2000\/svg\" viewBox=\"0 0 17.367 17.367\"><path d=\"M0-8.684v-2.133H13.2L7.16-16.91l1.523-1.523L17.367-9.75,8.684-1.066,7.109-2.59,13.2-8.684Z\" transform=\"translate(0 18.434)\" \/><\/svg><\/button>\n\t\t\t<\/div>\n\t\t<\/div>\n\n\n<p>Avrusning fra medikamentet(e) m\u00e5 skje ved en gradvis nedtrapping.<\/p>\n\n\n\n<div class=\"wp-block-lib-accentuated-link\"><a class=\"lib-link__link\" href=\"https:\/\/www.blakors.no\/klinikk-tjeldsund\/avrusning\/\" rel=\"\"><div class=\"lib-link__text-content\"><h6 id=\"les-mer\"  class=\"lib-link__tagline\" >LES MER<\/h6><h3 id=\"avrusning\"  class=\"lib-link__title\" >Avrusning<\/h3><\/div><\/a><\/div>\n\n\n\n<h2 class=\"wp-block-heading\" id=\"h-dette-er-sentralt-i-behandlingen\">Dette er sentralt i behandlingen<\/h2>\n\n\n\n<p>Behandlingen er spesifikt innrettet mot endring av avhengighetsadferden. Behandling foreg\u00e5r i grupper sammen med andre som har tilsvarende problem. Terapeutene som driver denne behandlingen har gjerne erfaringsbasert kompetanse.<\/p>\n\n\n\n<h2 class=\"wp-block-heading\" id=\"h-gruppeterapi\">Gruppeterapi<\/h2>\n\n\n\n<p>I gruppeterapien legges det stor vekt p\u00e5 \u00f8kt selvinnsikt og hjelp til \u00e5 se sin egen avhengighet, slik den objektivt og subjektivt sett fremst\u00e5r. Behandlingen har, som overordnet m\u00e5lsetting, \u00e5 gi bedring av total livskvalitet parallelt med totalavhold fra alle rusmidler.<\/p>\n\n\n\n<div class=\"wp-block-lib-accentuated-link\"><a class=\"lib-link__link\" href=\"https:\/\/www.blakors.no\/klinikk-tjeldsund\/12-trinnsmodellen\/\" rel=\"\"><div class=\"lib-link__text-content\"><h6 id=\"les-mer\"  class=\"lib-link__tagline\" >LES MER<\/h6><h3 id=\"dette-er-12-trinnsmodellen\"  class=\"lib-link__title\" >Dette er 12-trinnsmodellen<\/h3><\/div><\/a><\/div>\n\n\n\n<h2 class=\"wp-block-heading\" id=\"h-individuell-behandling\">Individuell behandling<\/h2>\n\n\n\n<p>Alle pasientene har m\u00f8ter med lege, psykolog, kontaktperson og sykepleier kort tid etter innleggelsen. Tverrfaglig team avgj\u00f8r i ukentlig m\u00f8te hvilke fagpersoner som skal knyttes til den enkeltes behandlingsopplegg. Kontaktperson har daglig kontakt med pasienten, og f\u00f8lger opp behandlingsplanen i samarbeid med pasienten.<br><br>I tillegg kan pasienten fritt velge \u00e5 ha samtale med alle fagpersoner som er ansatt p\u00e5 institusjonen. Individuell terapi avtales mellom terapeut og pasient. Enkelte pasienter fritas for gruppebasert tiln\u00e6rming og har bare individuell terapi.<\/p>\n\n\n\n<div class=\"wp-block-media-text alignwide is-stacked-on-mobile\"><figure class=\"wp-block-media-text__media\"><img loading=\"lazy\" decoding=\"async\" width=\"1024\" height=\"675\" src=\"https:\/\/www.blakors.no\/content\/uploads\/sites\/28\/2022\/04\/Samtale-i-hyggelige-omgivelser-1024x675.jpg\" alt=\"Mann og kvinne i samtale p\u00e5 et kontor\" class=\"wp-image-237 size-full\" srcset=\"https:\/\/www.blakors.no\/content\/uploads\/sites\/28\/2022\/04\/Samtale-i-hyggelige-omgivelser-1024x675.jpg 1024w, https:\/\/www.blakors.no\/content\/uploads\/sites\/28\/2022\/04\/Samtale-i-hyggelige-omgivelser-300x198.jpg 300w, https:\/\/www.blakors.no\/content\/uploads\/sites\/28\/2022\/04\/Samtale-i-hyggelige-omgivelser-768x507.jpg 768w, https:\/\/www.blakors.no\/content\/uploads\/sites\/28\/2022\/04\/Samtale-i-hyggelige-omgivelser-1536x1013.jpg 1536w, https:\/\/www.blakors.no\/content\/uploads\/sites\/28\/2022\/04\/Samtale-i-hyggelige-omgivelser-scaled.jpg 2048w\" sizes=\"auto, (max-width: 1024px) 100vw, 1024px\" \/><\/figure><div class=\"wp-block-media-text__content\">\n<p class=\"has-large-font-size\"><meta charset=\"utf-8\">Individualterapi hos psykolog<\/p>\n\n\n\n<p><meta charset=\"utf-8\">Etter hvert som pasientene blir tryggere og finner seg til rette i milj\u00f8et er det naturlig at mer bakenforliggende personlige problemer blir tatt opp i psykologsamtalene. Sv\u00e6rt ofte avdekkes omfattende og ubearbeide traumer fra tidligere i livet.<br><br>Det kan v\u00e6re omsorgssvikt, mishandling eller seksuelle overgrep. Psykologene g\u00e5r grundig inn p\u00e5 personens livshistorie og aktuelle problemer. F\u00f8lelsesmessige problemer som sinne, skam og sorg er sentrale tema.<br><br>Likes\u00e5 skal psykologen gj\u00f8re seg opp mening om pasientens kognitive forutsetninger for \u00e5 ha nytte av behandlingen. Eventuelle problemer med lesing og skriving blir tatt opp. Psykologspesialisten kan ogs\u00e5 komme inn p\u00e5 sp\u00f8rsm\u00e5l om seksuell legning. I tillegg foretas det en vurdering av suicidalfare og voldsproblematikk.<\/p>\n<\/div><\/div>\n\n\n\n<h2 class=\"wp-block-heading\" id=\"miljoterapi\">Milj\u00f8terapi<\/h2>\n\n\n\n<p>Milj\u00f8terapi er en relasjons- og aktivitetsbetonet behandlingsmetode. En milj\u00f8terapeutisk tiln\u00e6rming inneb\u00e6rer at milj\u00f8terapeuter bruker de muligheter som ligger i aktivitetene til \u00e5 fremme \u00f8kt f\u00f8lelsesmessig, sosial og praktisk fungering. Milj\u00f8terapien er gjennomg\u00e5ende for all behandling. Behandlingen skjer innenfor en milj\u00f8terapeutisk ramme.<\/p>\n\n\n\n<div class=\"wp-block-lib-accentuated-link\"><a class=\"lib-link__link\" href=\"https:\/\/www.blakors.no\/klinikk-tjeldsund\/terapi-med-dyr\/\" rel=\"\"><div class=\"lib-link__text-content\"><h6 id=\"les-ogsa\"  class=\"lib-link__tagline\" >Les ogs\u00e5<\/h6><h3 id=\"dyreassistert-terapi\"  class=\"lib-link__title\" >Dyreassistert terapi<\/h3><\/div><\/a><\/div>\n\n\n\n<h2 class=\"wp-block-heading\" id=\"h-slik-soker-du-behandling\">Slik s\u00f8ker du behandling<\/h2>\n\n\n\n<p>Klinikken tilbyr d\u00f8gnbehandling i henhold til avtale med Helse Nord RHF med behandlingslengde inntil 6-12 m\u00e5neder. Slik g\u00e5r du fram for \u00e5&nbsp;bli henvist til Bl\u00e5 Kors klinikk rus og avhengighet: Tjeldsund:<\/p>\n\n\n\n<ol class=\"wp-block-list\"><li>Ta kontakt med lege eller NAV for henvisning. Du kan ikke selv s\u00f8ke plass.<\/li><li>Legen eller NAV sender egen s\u00f8knad til en vurderingsinstans i den helseregionen du er bosatt.<\/li><li>Fritt behandlingsvalg: I f\u00f8lge pasientrettighetsloven st\u00e5r pasienten fritt \u00e5 velge behandlingssted. Hvis du \u00f8nsker behandling hos oss m\u00e5 dette komme klart fram i s\u00f8knaden.<\/li><\/ol>\n\n\n\n<div class=\"wp-block-lib-accentuated-link\"><a class=\"lib-link__link\" href=\"https:\/\/www.blakors.no\/klinikk-tjeldsund\/for-henviser\/\" rel=\"\"><div class=\"lib-link__text-content\"><h6 id=\"les-mer\"  class=\"lib-link__tagline\" >LES MER<\/h6><h3 id=\"informasjon-til-henviser\"  class=\"lib-link__title\" >Informasjon til henviser <\/h3><\/div><\/a><\/div>\n","protected":false},"excerpt":{"rendered":"<p>Medikamentavhengighet dreier seg i hovedsak om bruk av vanedannende medisiner i disse hovedgruppene: Angstdempende\/beroligende benzodiazepiner som Valium, Vival, Stesolid, Sobril med flere Smertestillende medikamenter som Paralgin forte, Kodein, Pinex forte, med flere Sovemedisiner ( hypnotika) som Mogadon, Apodorm, Imovane med flere.&nbsp; Medisinene kan v\u00e6re foreskrevet av lege og reseptbelagt eller de kj\u00f8pes illegalt. Avrusning fra [&hellip;]<\/p>\n","protected":false},"author":23,"featured_media":234,"parent":0,"menu_order":0,"comment_status":"closed","ping_status":"closed","template":"","meta":{"_acf_changed":false,"_relevanssi_hide_post":"","_relevanssi_hide_content":"","_relevanssi_pin_for_all":"on","_relevanssi_pin_keywords":"Medikamentavhengighet, pilleavhengighet, piller","_relevanssi_unpin_keywords":"","_relevanssi_related_keywords":"","_relevanssi_related_include_ids":"","_relevanssi_related_exclude_ids":"","_relevanssi_related_no_append":"","_relevanssi_related_not_related":"","_relevanssi_related_posts":"1","_relevanssi_noindex_reason":"","_custom_cards_description":"","footnotes":""},"class_list":["post-21","page","type-page","status-publish","has-post-thumbnail","hentry"],"acf":[],"_links":{"self":[{"href":"https:\/\/www.blakors.no\/klinikk-tjeldsund\/wp-json\/wp\/v2\/pages\/21","targetHints":{"allow":["GET"]}}],"collection":[{"href":"https:\/\/www.blakors.no\/klinikk-tjeldsund\/wp-json\/wp\/v2\/pages"}],"about":[{"href":"https:\/\/www.blakors.no\/klinikk-tjeldsund\/wp-json\/wp\/v2\/types\/page"}],"author":[{"embeddable":true,"href":"https:\/\/www.blakors.no\/klinikk-tjeldsund\/wp-json\/wp\/v2\/users\/23"}],"replies":[{"embeddable":true,"href":"https:\/\/www.blakors.no\/klinikk-tjeldsund\/wp-json\/wp\/v2\/comments?post=21"}],"version-history":[{"count":5,"href":"https:\/\/www.blakors.no\/klinikk-tjeldsund\/wp-json\/wp\/v2\/pages\/21\/revisions"}],"predecessor-version":[{"id":447,"href":"https:\/\/www.blakors.no\/klinikk-tjeldsund\/wp-json\/wp\/v2\/pages\/21\/revisions\/447"}],"wp:featuredmedia":[{"embeddable":true,"href":"https:\/\/www.blakors.no\/klinikk-tjeldsund\/wp-json\/wp\/v2\/media\/234"}],"wp:attachment":[{"href":"https:\/\/www.blakors.no\/klinikk-tjeldsund\/wp-json\/wp\/v2\/media?parent=21"}],"curies":[{"name":"wp","href":"https:\/\/api.w.org\/{rel}","templated":true}]}}