{"id":25,"date":"2022-03-05T11:45:01","date_gmt":"2022-03-05T10:45:01","guid":{"rendered":"https:\/\/www.blakors.no\/klinikk-tjeldsund\/?page_id=25"},"modified":"2024-10-10T11:07:36","modified_gmt":"2024-10-10T09:07:36","slug":"for-henviser","status":"publish","type":"page","link":"https:\/\/www.blakors.no\/klinikk-tjeldsund\/for-henviser\/","title":{"rendered":"For henviser"},"content":{"rendered":"\n<div class=\"wp-block-lib-header alignfull hide\"><div class=\"header-innercontent\"><\/div><\/div>\n\n\n\n<h2 class=\"wp-block-heading\" id=\"h-henvisning-og-soknad-om-behandlingsplass\"><meta charset=\"utf-8\">Henvisning og s\u00f8knad om behandlingsplass<\/h2>\n\n\n\n<p>Vi tar i mot pasienter fra alle helseregioner i Norge. Rutinene for innleggelse i rusinstitusjoner er noe annerledes enn for innleggelse p\u00e5 sykehus.&nbsp;<\/p>\n\n\n\n<h2 id=\"for-henviser\"  class=\"wp-block-heading\" >For henviser:<\/h2>\n\n\n\n<p>For inns\u00f8kende instans; lege, spesialisthelsetjenesten, ruskonsulenter&nbsp;eller NAV:<\/p>\n\n\n\n<ol class=\"wp-block-list\">\n<li>S\u00f8knad\/henvisning sendes til vurderingsinstans i pasientens helseregion. Det er valgfritt for pasienten hvilket vurderings team en \u00f8nsker \u00e5 sende henvisningen til uavhengig av pasientens bostedsadresse.<\/li>\n\n\n\n<li>Hvis pasienten \u00f8nsker innleggelse p\u00e5 Bl\u00e5 Kors klinikk, Tjeldsund m\u00e5 det fremg\u00e5 av s\u00f8knaden og at pasienten \u00f8nsker \u00e5 gj\u00f8re sin rett til fritt sykehus\/behandlingssted gjeldende.<\/li>\n\n\n\n<li>Det er viktig at henvisningen inneholder de opplysninger som er n\u00f8dvendige for \u00e5 vurdere pasientens tilstand og behov for helsehjelp. Det b\u00f8r v\u00e6re opplysninger om type rusmiddel, mengde, hyppighet, administrasjonsform og varighet, og eventuelle aktuelle endringer. Man b\u00f8r i tillegg ha opplysninger om skader og f\u00f8lgetilstander, samt rammefaktorer som famili\u00e6re, sosiale forhold, \u00f8konomi, bolig og nettverk.<\/li>\n<\/ol>\n\n\n\n<h2 class=\"wp-block-heading\" id=\"h-behandlingsomrader\">Behandlingsomr\u00e5der<\/h2>\n\n\n\n<p>Rusavhengige som g\u00e5r under kategorien ROP-pasienter er utenfor m\u00e5lgruppen for behandling hos oss.<\/p>\n\n\n\n<h3 id=\"behandlingsomrade-1\"  class=\"wp-block-heading\" ><strong>Behandlingsomr\u00e5de 1:<\/strong><\/h3>\n\n\n\n<p>Behandling inntil 6 mndr. alkoholavhengighet inkl. \u00a7 12 soning i institusjon.<\/p>\n\n\n\n<h3 id=\"behandlingsomrade-2\"  class=\"wp-block-heading\" ><strong>Behandlingsomr\u00e5de 2:<\/strong><\/h3>\n\n\n\n<p>Behandling inntil 6 mndr. For pasienter med behov for omfattende rehabilitering for rusavhengighet uansett type, herunder rehabilitering for pasienter med omfattende psykiske lidelser kombinert med avhengighet.<br>Tilbudet inkl. \u00a7 12 soning i institusjon.<\/p>\n\n\n\n<h3 id=\"behandlingsomrade-3\"  class=\"wp-block-heading\" ><strong>Behandlingsomr\u00e5de 3:<\/strong><\/h3>\n\n\n\n<p>Behandling inntil 12 mndr., for pasienter med behov for omfattende rehabilitering for rusavhengighet uansett type, herunder rehabilitering for pasienter med omfattende psykiske lidelser kombinert med avhengighet.<br>Tilbudet inkl. \u00a7 12 soning i institusjon.<\/p>\n\n\n\n<h3 id=\"behandlingsomrade-5\"  class=\"wp-block-heading\" ><strong>Behandlingsomr\u00e5de 5:<\/strong><\/h3>\n\n\n\n<p>Avrusning under medisinsk betryggende forhold for alle typer avhengighet. Lengde pr. avhengighet:<br>\u2013 Alkoholavhengighet: 5-7 dager, max 7 dager.<br>\u2013 Rusavhengighet \u00f8vrige typer avhengighet: 7-12 dager, max 14 dager.<\/p>\n\n\n\n<h2 class=\"wp-block-heading\" id=\"h-videre-saksgang\"><meta charset=\"utf-8\">Videre saksgang:<\/h2>\n\n\n\n<p>Vurderingsinstansen skal innen 10 virkedager vurdere om pasienten har behov for tilbud fra spesialisthelsetjenesten og gi uttalelse om rettighetsstatus, behandlingsniv\u00e5 og tilr\u00e5ding om konkret tiltak.<\/p>\n\n\n\n\t\t<div class=\"wp-block-lib-accentuated-link\">\n\t\t\t<a\n\t\t\t\tclass=\"lib-link__link\"\n\t\t\t\thref=\"https:\/\/www.blakors.no\/klinikk-tjeldsund\/12-trinnsmodell\/\"\n\t\t\t\ttarget=\"\"\n\t\t\t\trel=\"\"\n\t\t\t>\n\t\t\t\t\n\t\t\t\t<div class=\"lib-link__text-content\">\n\t\t\t\t\t<span class=\"lib-link__tagline\">\n\t\t\t\t\t\tLes mer\n\t\t\t\t\t<\/span>\n\n\t\t\t\t\t<h3 class=\"lib-link__title\">\n\t\t\t\t\t\tVi bruker 12-trinnsmodellen i behandling\n\t\t\t\t\t<\/h3>\n\n\t\t\t\t\t\n\t\t\t\t<\/div>\n\t\t\t<\/a>\n\t\t<\/div>\n\n\n\t\t<div class=\"wp-block-lib-accentuated-link\">\n\t\t\t<a\n\t\t\t\tclass=\"lib-link__link\"\n\t\t\t\thref=\"https:\/\/www.blakors.no\/klinikk-tjeldsund\/oppfolging-etter-behandling\/\"\n\t\t\t\ttarget=\"\"\n\t\t\t\trel=\"\"\n\t\t\t>\n\t\t\t\t\n\t\t\t\t<div class=\"lib-link__text-content\">\n\t\t\t\t\t<span class=\"lib-link__tagline\">\n\t\t\t\t\t\tles mer\n\t\t\t\t\t<\/span>\n\n\t\t\t\t\t<h3 class=\"lib-link__title\">\n\t\t\t\t\t\tOppf\u00f8lging etter behandling\n\t\t\t\t\t<\/h3>\n\n\t\t\t\t\t\n\t\t\t\t<\/div>\n\t\t\t<\/a>\n\t\t<\/div>\n\n<div class=\"blakors-link-list aligncenter wp-block-blakors-link-list\">\n\t\t\t<h2 id=\"behandling-for\"  class=\"blakors-link-list__title\" >Behandling for:<\/h2>\n\t\t\t\n\t\t\t<div class=\"blakors-link-list__items\">\n\t\t\t\t\n<div class=\"blakors-link-list-item alignwide wp-block-blakors-link-list-item has-background\">\n\t\t\t<a\n\t\t\t\tclass=\"blakors-link-list-item__holder\"\n\t\t\t\thref=\"https:\/\/www.blakors.no\/klinikk-tjeldsund\/alkoholavhengighet\/\"\n\t\t\t\trel=\"\"\n\t\t\t\t\n\t\t\t>\n\t\t\t\t<div class=\"blakors-link-list-item__content\">\n\t\t\t\t\t<div class=\"blakors-link-list-item__content-inner\">\n\t\t\t\t\t\t<div class=\"title-wrap\">\n\t\t\t\t\t\t\t<h3 class=\"blakors-link-list-item__title\">\n\t\t\t\t\t\t\t\tAlkoholavhengighet\n\t\t\t\t\t\t\t<\/h3>\n\t\t\t\t\t\t\t<svg\n\t\t\t\t\t\t\t\txmlns=\"http:\/\/www.w3.org\/2000\/svg\"\n\t\t\t\t\t\t\t\twidth=\"14\"\n\t\t\t\t\t\t\t\theight=\"12.92\"\n\t\t\t\t\t\t\t\tviewBox=\"0 0 14 12.92\"\n\t\t\t\t\t\t\t>\n\t\t\t\t\t\t\t\t<path\n\t\t\t\t\t\t\t\t\td=\"M7.14-6.58,1.34-.12-.4-1.62,1.84-4.06A8.352,8.352,0,0,1,3.56-5.52H-6.86V-7.64H3.54a7.7,7.7,0,0,1-.84-.61,10.977,10.977,0,0,1-.86-.85L-.4-11.54l1.74-1.5Z\"\n\t\t\t\t\t\t\t\t\ttransform=\"translate(6.86 13.04)\"\n\t\t\t\t\t\t\t\t\tfill=\"#0d76bc\"\n\t\t\t\t\t\t\t\t\/>\n\t\t\t\t\t\t\t<\/svg>\n\t\t\t\t\t\t<\/div>\n\t\t\t\t\t\t\n\t\t\t\t\t<\/div>\n\t\t\t\t<\/div>\n\t\t\t<\/a>\n\t\t<\/div>\n\n<div class=\"blakors-link-list-item alignwide wp-block-blakors-link-list-item has-background\">\n\t\t\t<a\n\t\t\t\tclass=\"blakors-link-list-item__holder\"\n\t\t\t\thref=\"https:\/\/www.blakors.no\/klinikk-tjeldsund\/medikamentavhengighet\/\"\n\t\t\t\trel=\"\"\n\t\t\t\t\n\t\t\t>\n\t\t\t\t<div class=\"blakors-link-list-item__content\">\n\t\t\t\t\t<div class=\"blakors-link-list-item__content-inner\">\n\t\t\t\t\t\t<div class=\"title-wrap\">\n\t\t\t\t\t\t\t<h3 class=\"blakors-link-list-item__title\">\n\t\t\t\t\t\t\t\tMedikamentavhengighet\n\t\t\t\t\t\t\t<\/h3>\n\t\t\t\t\t\t\t<svg\n\t\t\t\t\t\t\t\txmlns=\"http:\/\/www.w3.org\/2000\/svg\"\n\t\t\t\t\t\t\t\twidth=\"14\"\n\t\t\t\t\t\t\t\theight=\"12.92\"\n\t\t\t\t\t\t\t\tviewBox=\"0 0 14 12.92\"\n\t\t\t\t\t\t\t>\n\t\t\t\t\t\t\t\t<path\n\t\t\t\t\t\t\t\t\td=\"M7.14-6.58,1.34-.12-.4-1.62,1.84-4.06A8.352,8.352,0,0,1,3.56-5.52H-6.86V-7.64H3.54a7.7,7.7,0,0,1-.84-.61,10.977,10.977,0,0,1-.86-.85L-.4-11.54l1.74-1.5Z\"\n\t\t\t\t\t\t\t\t\ttransform=\"translate(6.86 13.04)\"\n\t\t\t\t\t\t\t\t\tfill=\"#0d76bc\"\n\t\t\t\t\t\t\t\t\/>\n\t\t\t\t\t\t\t<\/svg>\n\t\t\t\t\t\t<\/div>\n\t\t\t\t\t\t\n\t\t\t\t\t<\/div>\n\t\t\t\t<\/div>\n\t\t\t<\/a>\n\t\t<\/div>\n\n<div class=\"blakors-link-list-item alignwide wp-block-blakors-link-list-item has-background\">\n\t\t\t<a\n\t\t\t\tclass=\"blakors-link-list-item__holder\"\n\t\t\t\thref=\"https:\/\/www.blakors.no\/klinikk-tjeldsund\/bruk-av-illegale-rusmidler\/\"\n\t\t\t\trel=\"\"\n\t\t\t\t\n\t\t\t>\n\t\t\t\t<div class=\"blakors-link-list-item__content\">\n\t\t\t\t\t<div class=\"blakors-link-list-item__content-inner\">\n\t\t\t\t\t\t<div class=\"title-wrap\">\n\t\t\t\t\t\t\t<h3 class=\"blakors-link-list-item__title\">\n\t\t\t\t\t\t\t\tBruk av illegale rusmidler\n\t\t\t\t\t\t\t<\/h3>\n\t\t\t\t\t\t\t<svg\n\t\t\t\t\t\t\t\txmlns=\"http:\/\/www.w3.org\/2000\/svg\"\n\t\t\t\t\t\t\t\twidth=\"14\"\n\t\t\t\t\t\t\t\theight=\"12.92\"\n\t\t\t\t\t\t\t\tviewBox=\"0 0 14 12.92\"\n\t\t\t\t\t\t\t>\n\t\t\t\t\t\t\t\t<path\n\t\t\t\t\t\t\t\t\td=\"M7.14-6.58,1.34-.12-.4-1.62,1.84-4.06A8.352,8.352,0,0,1,3.56-5.52H-6.86V-7.64H3.54a7.7,7.7,0,0,1-.84-.61,10.977,10.977,0,0,1-.86-.85L-.4-11.54l1.74-1.5Z\"\n\t\t\t\t\t\t\t\t\ttransform=\"translate(6.86 13.04)\"\n\t\t\t\t\t\t\t\t\tfill=\"#0d76bc\"\n\t\t\t\t\t\t\t\t\/>\n\t\t\t\t\t\t\t<\/svg>\n\t\t\t\t\t\t<\/div>\n\t\t\t\t\t\t\n\t\t\t\t\t<\/div>\n\t\t\t\t<\/div>\n\t\t\t<\/a>\n\t\t<\/div>\n\n\t\t\t<\/div>\n\t\t<\/div>","protected":false},"excerpt":{"rendered":"<p>Henvisning og s\u00f8knad om behandlingsplass Vi tar i mot pasienter fra alle helseregioner i Norge. Rutinene for innleggelse i rusinstitusjoner er noe annerledes enn for innleggelse p\u00e5 sykehus.&nbsp; For henviser: For inns\u00f8kende instans; lege, spesialisthelsetjenesten, ruskonsulenter&nbsp;eller NAV: Behandlingsomr\u00e5der Rusavhengige som g\u00e5r under kategorien ROP-pasienter er utenfor m\u00e5lgruppen for behandling hos oss. Behandlingsomr\u00e5de 1: Behandling inntil [&hellip;]<\/p>\n","protected":false},"author":23,"featured_media":0,"parent":0,"menu_order":0,"comment_status":"closed","ping_status":"closed","template":"","meta":{"_acf_changed":false,"_relevanssi_hide_post":"","_relevanssi_hide_content":"","_relevanssi_pin_for_all":"","_relevanssi_pin_keywords":"","_relevanssi_unpin_keywords":"","_relevanssi_related_keywords":"","_relevanssi_related_include_ids":"","_relevanssi_related_exclude_ids":"","_relevanssi_related_no_append":"","_relevanssi_related_not_related":"","_relevanssi_related_posts":"1","_relevanssi_noindex_reason":"","_custom_cards_description":"","footnotes":""},"class_list":["post-25","page","type-page","status-publish","hentry"],"acf":[],"_links":{"self":[{"href":"https:\/\/www.blakors.no\/klinikk-tjeldsund\/wp-json\/wp\/v2\/pages\/25","targetHints":{"allow":["GET"]}}],"collection":[{"href":"https:\/\/www.blakors.no\/klinikk-tjeldsund\/wp-json\/wp\/v2\/pages"}],"about":[{"href":"https:\/\/www.blakors.no\/klinikk-tjeldsund\/wp-json\/wp\/v2\/types\/page"}],"author":[{"embeddable":true,"href":"https:\/\/www.blakors.no\/klinikk-tjeldsund\/wp-json\/wp\/v2\/users\/23"}],"replies":[{"embeddable":true,"href":"https:\/\/www.blakors.no\/klinikk-tjeldsund\/wp-json\/wp\/v2\/comments?post=25"}],"version-history":[{"count":5,"href":"https:\/\/www.blakors.no\/klinikk-tjeldsund\/wp-json\/wp\/v2\/pages\/25\/revisions"}],"predecessor-version":[{"id":574,"href":"https:\/\/www.blakors.no\/klinikk-tjeldsund\/wp-json\/wp\/v2\/pages\/25\/revisions\/574"}],"wp:attachment":[{"href":"https:\/\/www.blakors.no\/klinikk-tjeldsund\/wp-json\/wp\/v2\/media?parent=25"}],"curies":[{"name":"wp","href":"https:\/\/api.w.org\/{rel}","templated":true}]}}