{"id":27,"date":"2022-03-05T11:45:43","date_gmt":"2022-03-05T10:45:43","guid":{"rendered":"https:\/\/www.blakors.no\/klinikk-tjeldsund\/?page_id=27"},"modified":"2022-04-08T15:56:30","modified_gmt":"2022-04-08T13:56:30","slug":"avrusning","status":"publish","type":"page","link":"https:\/\/www.blakors.no\/klinikk-tjeldsund\/avrusning\/","title":{"rendered":"Avrusning"},"content":{"rendered":"<div class=\"custom-block-banner alignwide is-style-green contenthalf\"><div class=\"banner-image\" style=\"background-image:url(https:\/\/www.blakors.no\/content\/uploads\/sites\/28\/2022\/04\/Leser-en-bok-1024x682.jpg)\"><\/div><div class=\"banner-inner\"><div><h1 id=\"avrusning\"  class=\"title large \" >Avrusning<\/h1><p>Pasienter som kommer til oss trenger ikke v\u00e6re rusfrie n\u00e5r de kommer til klinikken. Medikamentassistert avrusning er en integrert del av behandlingen dersom det er behov for det.<\/p><\/div><\/div><\/div>\n\n\n<div class=\"wp-block-lib-header alignfull hide\"><div class=\"image-wrapper\"><img decoding=\"async\" src=\"https:\/\/www.blakors.no\/content\/uploads\/sites\/28\/2022\/04\/Leser-en-bok-scaled.jpg\"\/><\/div><div class=\"header-innercontent\"><\/div><\/div>\n\n\n\n<p><br>I avrusnings- og stabiliseringsperioden vil det i noen tilfeller bli benyttet substitusjonspreparater og&nbsp;annen&nbsp;n\u00f8dvendig st\u00f8tteterapi. N\u00e5r det gjelder&nbsp;substitusjonspreparater er&nbsp;Metadon, Subutex og Subuxone de mest vanlige. <br><br>Stabiliseringsperioden varier&nbsp;fra person til person avhengig av misbrukets omfang.&nbsp;Det benyttes ved behov skjematisk kartlegging av abstinenssymptomer de f\u00f8rste dagene inntil pasienten er stabilisert.&nbsp;Klinikkens leger&nbsp;f\u00f8lger opp behandlingsforl\u00f8pet til hver pasient i samarbeid med \u00f8vrig medisinsk personell.<\/p>\n","protected":false},"excerpt":{"rendered":"<p>I avrusnings- og stabiliseringsperioden vil det i noen tilfeller bli benyttet substitusjonspreparater og&nbsp;annen&nbsp;n\u00f8dvendig st\u00f8tteterapi. N\u00e5r det gjelder&nbsp;substitusjonspreparater er&nbsp;Metadon, Subutex og Subuxone de mest vanlige. Stabiliseringsperioden varier&nbsp;fra person til person avhengig av misbrukets omfang.&nbsp;Det benyttes ved behov skjematisk kartlegging av abstinenssymptomer de f\u00f8rste dagene inntil pasienten er stabilisert.&nbsp;Klinikkens leger&nbsp;f\u00f8lger opp behandlingsforl\u00f8pet til hver pasient i samarbeid [&hellip;]<\/p>\n","protected":false},"author":23,"featured_media":231,"parent":0,"menu_order":0,"comment_status":"closed","ping_status":"closed","template":"","meta":{"_acf_changed":false,"_relevanssi_hide_post":"","_relevanssi_hide_content":"","_relevanssi_pin_for_all":"on","_relevanssi_pin_keywords":"Avrusning","_relevanssi_unpin_keywords":"","_relevanssi_related_keywords":"","_relevanssi_related_include_ids":"","_relevanssi_related_exclude_ids":"","_relevanssi_related_no_append":"","_relevanssi_related_not_related":"","_relevanssi_related_posts":"1","_relevanssi_noindex_reason":"","_custom_cards_description":"","footnotes":""},"class_list":["post-27","page","type-page","status-publish","has-post-thumbnail","hentry"],"acf":[],"_links":{"self":[{"href":"https:\/\/www.blakors.no\/klinikk-tjeldsund\/wp-json\/wp\/v2\/pages\/27","targetHints":{"allow":["GET"]}}],"collection":[{"href":"https:\/\/www.blakors.no\/klinikk-tjeldsund\/wp-json\/wp\/v2\/pages"}],"about":[{"href":"https:\/\/www.blakors.no\/klinikk-tjeldsund\/wp-json\/wp\/v2\/types\/page"}],"author":[{"embeddable":true,"href":"https:\/\/www.blakors.no\/klinikk-tjeldsund\/wp-json\/wp\/v2\/users\/23"}],"replies":[{"embeddable":true,"href":"https:\/\/www.blakors.no\/klinikk-tjeldsund\/wp-json\/wp\/v2\/comments?post=27"}],"version-history":[{"count":15,"href":"https:\/\/www.blakors.no\/klinikk-tjeldsund\/wp-json\/wp\/v2\/pages\/27\/revisions"}],"predecessor-version":[{"id":323,"href":"https:\/\/www.blakors.no\/klinikk-tjeldsund\/wp-json\/wp\/v2\/pages\/27\/revisions\/323"}],"wp:featuredmedia":[{"embeddable":true,"href":"https:\/\/www.blakors.no\/klinikk-tjeldsund\/wp-json\/wp\/v2\/media\/231"}],"wp:attachment":[{"href":"https:\/\/www.blakors.no\/klinikk-tjeldsund\/wp-json\/wp\/v2\/media?parent=27"}],"curies":[{"name":"wp","href":"https:\/\/api.w.org\/{rel}","templated":true}]}}