{"id":31,"date":"2022-03-05T11:51:58","date_gmt":"2022-03-05T10:51:58","guid":{"rendered":"https:\/\/www.blakors.no\/klinikk-tjeldsund\/?page_id=31"},"modified":"2022-04-29T11:47:18","modified_gmt":"2022-04-29T09:47:18","slug":"terapi-med-dyr","status":"publish","type":"page","link":"https:\/\/www.blakors.no\/klinikk-tjeldsund\/terapi-med-dyr\/","title":{"rendered":"Terapi med dyr"},"content":{"rendered":"\n<div class=\"wp-block-lib-header alignfull hide\"><div class=\"image-wrapper\"><img decoding=\"async\" src=\"https:\/\/www.blakors.no\/content\/uploads\/sites\/28\/2022\/04\/Dyreassistert-terapi-scaled.jpg\"\/><\/div><div class=\"header-innercontent\"><\/div><\/div>\n\n\n<div class=\"custom-block-banner alignwide is-style-green contenthalf\"><div class=\"banner-image\" style=\"background-image:url(https:\/\/www.blakors.no\/content\/uploads\/sites\/28\/2022\/04\/Dyreassistert-terapi-1024x752.jpg)\"><\/div><div class=\"banner-inner\"><div><h1 id=\"dyreassistert-terapi\"  class=\"title large \" >Dyreassistert terapi<\/h1><p>Hundene Ceyla og Alva er med som firbente terapeuter n\u00e5r milj\u00f8arbeider Maria Bakkland er ute p\u00e5 turer sammen med pasientene. <\/p><\/div><\/div><\/div>\n\n\n<p>Dyreassistert terapi&nbsp;er en type terapi der dyr deltar som del av behandlingen. Vi erfarer at mange pasienter har stor glede av \u00e5 m\u00f8te hennes firbente terapeuter og at de kan fungere som brobyggere i kontakten med pasientene. <br><br>Noen kan streve med tilknytningsvansker og ha opplevelser med seg som f\u00f8rer til mistillit til andre mennesker. En hund slippes gjerne inn i komfortsonen allerede ved f\u00f8rste m\u00f8te.<\/p>\n\n\n\n<div class=\"wp-block-media-text alignwide is-stacked-on-mobile\"><figure class=\"wp-block-media-text__media\"><img loading=\"lazy\" decoding=\"async\" width=\"1024\" height=\"682\" src=\"https:\/\/www.blakors.no\/content\/uploads\/sites\/28\/2022\/04\/Samlingsstund-1024x682.jpg\" alt=\"Flere personer samlet rundt b\u00e5let\" class=\"wp-image-236 size-full\" srcset=\"https:\/\/www.blakors.no\/content\/uploads\/sites\/28\/2022\/04\/Samlingsstund-1024x682.jpg 1024w, https:\/\/www.blakors.no\/content\/uploads\/sites\/28\/2022\/04\/Samlingsstund-300x200.jpg 300w, https:\/\/www.blakors.no\/content\/uploads\/sites\/28\/2022\/04\/Samlingsstund-768x512.jpg 768w, https:\/\/www.blakors.no\/content\/uploads\/sites\/28\/2022\/04\/Samlingsstund-1536x1024.jpg 1536w, https:\/\/www.blakors.no\/content\/uploads\/sites\/28\/2022\/04\/Samlingsstund-scaled.jpg 2048w\" sizes=\"auto, (max-width: 1024px) 100vw, 1024px\" \/><\/figure><div class=\"wp-block-media-text__content\">\n<h2 class=\"wp-block-heading\" id=\"h-positiv-helseeffekt\">Positiv helseeffekt<\/h2>\n\n\n\n<p>Forskning viser og vi har erfart at omgang med dyr kan v\u00e6re med p\u00e5 \u00e5 styrke selvf\u00f8lelse og mestring. Hundene kan videre bidra til \u00e5 gi \u00f8kt motivasjon, fremme omsorgsevne og empati i mennesker. <br><br>I tillegg viser forskning at pasientene kan oppn\u00e5 lavere blodtrykk, lavere hjerterytme og det utskilles hormoner som er positive for ro og velv\u00e6re n\u00e5r pasienten har en positiv interaksjon med dyr. Det \u00e5 f\u00f8le seg elsket ubetinget er ogs\u00e5 en effekt av omgang med dyr.<\/p>\n\n\n\n<p>Dette er bakgrunnen for at vi har det som kalles dyreassistert intervensjon som del av det milj\u00f8terapeutiske tilbudet. Milj\u00f8arbeider Maria Bakkland er utdannet innen Dyreassistert intervensjon med hund(DAI) fra Antrozoologisenteret p\u00e5 \u00c5s. Hunden Ceyla er sertifisert terapihund og Alva er under utdanning.<\/p>\n<\/div><\/div>\n","protected":false},"excerpt":{"rendered":"<p>Dyreassistert terapi&nbsp;er en type terapi der dyr deltar som del av behandlingen. Vi erfarer at mange pasienter har stor glede av \u00e5 m\u00f8te hennes firbente terapeuter og at de kan fungere som brobyggere i kontakten med pasientene. Noen kan streve med tilknytningsvansker og ha opplevelser med seg som f\u00f8rer til mistillit til andre mennesker. En [&hellip;]<\/p>\n","protected":false},"author":23,"featured_media":226,"parent":0,"menu_order":0,"comment_status":"closed","ping_status":"closed","template":"","meta":{"_acf_changed":false,"_relevanssi_hide_post":"","_relevanssi_hide_content":"","_relevanssi_pin_for_all":"","_relevanssi_pin_keywords":"","_relevanssi_unpin_keywords":"","_relevanssi_related_keywords":"","_relevanssi_related_include_ids":"","_relevanssi_related_exclude_ids":"","_relevanssi_related_no_append":"","_relevanssi_related_not_related":"","_relevanssi_related_posts":"1","_relevanssi_noindex_reason":"","_custom_cards_description":"","footnotes":""},"class_list":["post-31","page","type-page","status-publish","has-post-thumbnail","hentry"],"acf":[],"_links":{"self":[{"href":"https:\/\/www.blakors.no\/klinikk-tjeldsund\/wp-json\/wp\/v2\/pages\/31","targetHints":{"allow":["GET"]}}],"collection":[{"href":"https:\/\/www.blakors.no\/klinikk-tjeldsund\/wp-json\/wp\/v2\/pages"}],"about":[{"href":"https:\/\/www.blakors.no\/klinikk-tjeldsund\/wp-json\/wp\/v2\/types\/page"}],"author":[{"embeddable":true,"href":"https:\/\/www.blakors.no\/klinikk-tjeldsund\/wp-json\/wp\/v2\/users\/23"}],"replies":[{"embeddable":true,"href":"https:\/\/www.blakors.no\/klinikk-tjeldsund\/wp-json\/wp\/v2\/comments?post=31"}],"version-history":[{"count":22,"href":"https:\/\/www.blakors.no\/klinikk-tjeldsund\/wp-json\/wp\/v2\/pages\/31\/revisions"}],"predecessor-version":[{"id":357,"href":"https:\/\/www.blakors.no\/klinikk-tjeldsund\/wp-json\/wp\/v2\/pages\/31\/revisions\/357"}],"wp:featuredmedia":[{"embeddable":true,"href":"https:\/\/www.blakors.no\/klinikk-tjeldsund\/wp-json\/wp\/v2\/media\/226"}],"wp:attachment":[{"href":"https:\/\/www.blakors.no\/klinikk-tjeldsund\/wp-json\/wp\/v2\/media?parent=31"}],"curies":[{"name":"wp","href":"https:\/\/api.w.org\/{rel}","templated":true}]}}