{"id":33,"date":"2023-03-30T10:42:32","date_gmt":"2023-03-30T08:42:32","guid":{"rendered":"https:\/\/www.blakors.no\/klinikk-tjeldsund\/?page_id=33"},"modified":"2023-03-30T14:55:02","modified_gmt":"2023-03-30T12:55:02","slug":"dine-rettigheter","status":"publish","type":"page","link":"https:\/\/www.blakors.no\/klinikk-tjeldsund\/dine-rettigheter\/","title":{"rendered":"Dine rettigheter"},"content":{"rendered":"\n<div class=\"wp-block-lib-header alignfull hide\"><div class=\"header-innercontent\"><\/div><\/div>\n\n\n\n<p>Som pasient hos oss har du samme rettigheter som for all spesialisthelsetjeneste. Alle henvisninger som mottas skal vurderes tverrfaglig og prioriteres etter alvorlighetsgrad.<\/p>\n\n\n\n<p>For pasienter over 23 \u00e5r skal vurderingen foretas innen 30 virkedager fra henvisningen mottas. For pasienter under 23 \u00e5r skal vurderingen gjennomf\u00f8res innen 10 virkedager.<\/p>\n\n\n\n<p>Lov om pasient- og brukerrettigheter og Prioriteringsforskriften er de lovmessige grunnlagene for prioritering av pasienter som henvises. Disse skal bidra til at de som trenger det mest, skal komme raskest til og f\u00e5 den riktige helsehjelpen.<\/p>\n\n\n\n<h2 class=\"wp-block-heading\" id=\"h-klagemuligheter\">Klagemuligheter<\/h2>\n\n\n\n<p>Dersom du mener at bestemmelser i pasientrettighetsloven er brutt, har du som pasient, eller som representant for pasient, mulighet til \u00e5 klage.<\/p>\n\n\n\n<p>Fremgangsm\u00e5ten er slik at forholdet f\u00f8rst tas opp med oss, skriftlig eller muntlig. Dersom anmodningen blir avvist, kan du klage til statsforvalteren. Denne klagen skal v\u00e6re skriftlig, og skal sendes direkte dit. Fristen for \u00e5 be om endring av vurdering er 4 uker fra svaret p\u00e5 henvisningen er mottatt, mens fristen for \u00e5 klage til Helsetilsynet i fylket er 3 uker fra du f\u00e5r\/burde f\u00e5tt kjennskap til utfallet av anmodningen.<\/p>\n\n\n\n<h2 class=\"wp-block-heading\" id=\"h-statsforvalteren\">Statsforvalteren<\/h2>\n\n\n\n<p>Klageinstansens adresse i Troms og Finnmark er:<\/p>\n\n\n\n<p>Statsforvalteren i Troms og Finnmark<\/p>\n\n\n\n<p>Postboks 700<\/p>\n\n\n\n<p>9815 Vads\u00f8<\/p>\n\n\n\n<h2 class=\"wp-block-heading\" id=\"h-pasient-og-brukerombud\">Pasient- og brukerombud<\/h2>\n\n\n\n<p>Det finnes et pasientombud i alle fylker som kan gi mer informasjon eller bist\u00e5 ved en eventuell klage.<\/p>\n\n\n\n<p>I Troms og Finnmark finner du pasientombudet p\u00e5 f\u00f8lgende adresse:<\/p>\n\n\n\n<p>Pasient- og brukerombudet i Troms og Finnmark<\/p>\n\n\n\n<p>Bes\u00f8ksadresse:<\/p>\n\n\n\n<p>Fylkeshuset Strandvegen 13, 9007 Troms\u00f8<\/p>\n\n\n\n<div class=\"wp-block-lib-accentuated-link\"><a class=\"lib-link__link\" href=\"https:\/\/www.pasientogbrukerombudet.no\/kontakt-oss\" rel=\"noreferrer noopener\" target=\"_blank\"><div class=\"lib-link__text-content\"><h6 id=\"les-mer\"  class=\"lib-link__tagline\" >LES MER<\/h6><h3 id=\"pasient-og-brukerombudet\"  class=\"lib-link__title\" >Pasient- og brukerombudet<\/h3><span class=\"lib-link__link-source\">www.pasientogbrukerombudet.no<SVG viewBox=\"0 0 13 13\" xmlns=\"http:\/\/www.w3.org\/2000\/svg\" width=\"16\" height=\"16\">\n\t\t<Path d=\"M12.5,0h.15l0,0,0,0,0,0,0,0,0,0v0h0l0,0L12.85.15a.27.27,0,0,1,.07.08.08.08,0,0,1,0,0,.08.08,0,0,1,0,0s0,0,0,0A.43.43,0,0,1,13,.4h0v0a.09.09,0,0,1,0,0v4a.5.5,0,0,1-1,.09V1.71L5.52,8.19a.51.51,0,0,1-.71,0,.5.5,0,0,1,0-.64l0-.07L11.29,1H8.5A.5.5,0,0,1,8,.59V.5A.5.5,0,0,1,8.41,0H12.5ZM5.83,2a.5.5,0,0,1,.5.5A.49.49,0,0,1,5.92,3H1.83a.87.87,0,0,0-.59.24A.8.8,0,0,0,1,3.72v7.45a.87.87,0,0,0,.24.59.8.8,0,0,0,.48.23H9.17a.87.87,0,0,0,.59-.24.8.8,0,0,0,.23-.48V7.17a.5.5,0,0,1,.5-.5.49.49,0,0,1,.49.41v4.09a1.8,1.8,0,0,1-.54,1.29A1.76,1.76,0,0,1,9.33,13H1.83a1.8,1.8,0,0,1-1.29-.54A1.76,1.76,0,0,1,0,11.33V3.83A1.8,1.8,0,0,1,.54,2.54,1.76,1.76,0,0,1,1.67,2H5.83Z\"\/>\n<\/SVG>\n<\/span><\/div><\/a><\/div>\n","protected":false},"excerpt":{"rendered":"<p>Som pasient hos oss har du samme rettigheter som for all spesialisthelsetjeneste. Alle henvisninger som mottas skal vurderes tverrfaglig og prioriteres etter alvorlighetsgrad. For pasienter over 23 \u00e5r skal vurderingen foretas innen 30 virkedager fra henvisningen mottas. For pasienter under 23 \u00e5r skal vurderingen gjennomf\u00f8res innen 10 virkedager. Lov om pasient- og brukerrettigheter og Prioriteringsforskriften [&hellip;]<\/p>\n","protected":false},"author":23,"featured_media":0,"parent":0,"menu_order":0,"comment_status":"closed","ping_status":"closed","template":"","meta":{"_acf_changed":false,"_relevanssi_hide_post":"","_relevanssi_hide_content":"","_relevanssi_pin_for_all":"","_relevanssi_pin_keywords":"","_relevanssi_unpin_keywords":"","_relevanssi_related_keywords":"","_relevanssi_related_include_ids":"","_relevanssi_related_exclude_ids":"","_relevanssi_related_no_append":"","_relevanssi_related_not_related":"","_relevanssi_related_posts":"1","_relevanssi_noindex_reason":"","_custom_cards_description":"","footnotes":""},"class_list":["post-33","page","type-page","status-publish","hentry"],"acf":[],"_links":{"self":[{"href":"https:\/\/www.blakors.no\/klinikk-tjeldsund\/wp-json\/wp\/v2\/pages\/33","targetHints":{"allow":["GET"]}}],"collection":[{"href":"https:\/\/www.blakors.no\/klinikk-tjeldsund\/wp-json\/wp\/v2\/pages"}],"about":[{"href":"https:\/\/www.blakors.no\/klinikk-tjeldsund\/wp-json\/wp\/v2\/types\/page"}],"author":[{"embeddable":true,"href":"https:\/\/www.blakors.no\/klinikk-tjeldsund\/wp-json\/wp\/v2\/users\/23"}],"replies":[{"embeddable":true,"href":"https:\/\/www.blakors.no\/klinikk-tjeldsund\/wp-json\/wp\/v2\/comments?post=33"}],"version-history":[{"count":5,"href":"https:\/\/www.blakors.no\/klinikk-tjeldsund\/wp-json\/wp\/v2\/pages\/33\/revisions"}],"predecessor-version":[{"id":414,"href":"https:\/\/www.blakors.no\/klinikk-tjeldsund\/wp-json\/wp\/v2\/pages\/33\/revisions\/414"}],"wp:attachment":[{"href":"https:\/\/www.blakors.no\/klinikk-tjeldsund\/wp-json\/wp\/v2\/media?parent=33"}],"curies":[{"name":"wp","href":"https:\/\/api.w.org\/{rel}","templated":true}]}}