{"id":365,"date":"2022-06-30T15:10:53","date_gmt":"2022-06-30T13:10:53","guid":{"rendered":"https:\/\/www.blakors.no\/klinikk-tjeldsund\/?page_id=365"},"modified":"2025-02-06T10:14:16","modified_gmt":"2025-02-06T09:14:16","slug":"ledige-stillinger","status":"publish","type":"page","link":"https:\/\/www.blakors.no\/klinikk-tjeldsund\/ledige-stillinger\/","title":{"rendered":"Ledige stillinger hos Bl\u00e5 Kors klinikk Tjeldsund"},"content":{"rendered":"\n<div class=\"wp-block-lib-header alignfull hide\"><div class=\"header-innercontent\"><\/div><\/div>\n\n\n\n<figure class=\"wp-block-table\"><table><tbody><tr><td><strong>Stilling<\/strong><\/td><td><strong>Avdeling<\/strong><\/td><td><strong>Frist<\/strong><\/td><\/tr><tr><td><\/td><td><\/td><td><\/td><\/tr><\/tbody><\/table><\/figure>\n\n\n\n<div class=\"custom-block-factbox\">\n\t<p>\u00d8nsker du \u00e5 jobbe hos oss, ta kontakt med oss p\u00e5 telefon 76 93 60 00 eller send oss din CV p\u00e5: post.tjeldsund@blakors.no<\/p>\n<\/div>\n","protected":false},"excerpt":{"rendered":"<p>Stilling Avdeling Frist<\/p>\n","protected":false},"author":23,"featured_media":0,"parent":0,"menu_order":0,"comment_status":"closed","ping_status":"closed","template":"","meta":{"_acf_changed":false,"_relevanssi_hide_post":"","_relevanssi_hide_content":"","_relevanssi_pin_for_all":"","_relevanssi_pin_keywords":"","_relevanssi_unpin_keywords":"","_relevanssi_related_keywords":"","_relevanssi_related_include_ids":"","_relevanssi_related_exclude_ids":"","_relevanssi_related_no_append":"","_relevanssi_related_not_related":"","_relevanssi_related_posts":"1","_relevanssi_noindex_reason":"","_custom_cards_description":"","footnotes":""},"class_list":["post-365","page","type-page","status-publish","hentry"],"acf":[],"_links":{"self":[{"href":"https:\/\/www.blakors.no\/klinikk-tjeldsund\/wp-json\/wp\/v2\/pages\/365","targetHints":{"allow":["GET"]}}],"collection":[{"href":"https:\/\/www.blakors.no\/klinikk-tjeldsund\/wp-json\/wp\/v2\/pages"}],"about":[{"href":"https:\/\/www.blakors.no\/klinikk-tjeldsund\/wp-json\/wp\/v2\/types\/page"}],"author":[{"embeddable":true,"href":"https:\/\/www.blakors.no\/klinikk-tjeldsund\/wp-json\/wp\/v2\/users\/23"}],"replies":[{"embeddable":true,"href":"https:\/\/www.blakors.no\/klinikk-tjeldsund\/wp-json\/wp\/v2\/comments?post=365"}],"version-history":[{"count":5,"href":"https:\/\/www.blakors.no\/klinikk-tjeldsund\/wp-json\/wp\/v2\/pages\/365\/revisions"}],"predecessor-version":[{"id":591,"href":"https:\/\/www.blakors.no\/klinikk-tjeldsund\/wp-json\/wp\/v2\/pages\/365\/revisions\/591"}],"wp:attachment":[{"href":"https:\/\/www.blakors.no\/klinikk-tjeldsund\/wp-json\/wp\/v2\/media?parent=365"}],"curies":[{"name":"wp","href":"https:\/\/api.w.org\/{rel}","templated":true}]}}