{"id":402,"date":"2023-03-30T14:38:29","date_gmt":"2023-03-30T12:38:29","guid":{"rendered":"https:\/\/www.blakors.no\/klinikk-tjeldsund\/?page_id=402"},"modified":"2026-04-07T10:33:18","modified_gmt":"2026-04-07T08:33:18","slug":"ventetid","status":"publish","type":"page","link":"https:\/\/www.blakors.no\/klinikk-tjeldsund\/ventetid\/","title":{"rendered":"Ventetid"},"content":{"rendered":"\n<div class=\"wp-block-lib-header alignfull hide\"><div class=\"header-innercontent\"><\/div><\/div>\n\n\n\n<figure class=\"wp-block-table\"><table><tbody><tr><td><strong>Behandling<\/strong><\/td><td><strong>Ventetid<\/strong><\/td><\/tr><tr><td>Avrusning<\/td><td>2 uker<\/td><\/tr><tr><td>Behandling<\/td><td>2 uker<\/td><\/tr><\/tbody><\/table><figcaption class=\"wp-element-caption\">oppdatert 01.04.2026<\/figcaption><\/figure>\n\n\n\n<p>Dette er en gjennomsnittlig ventetid hos oss. Les mer om hvordan g\u00e5 fram for \u00e5 henvise til behandling hos oss og snakk med v\u00e5re forl\u00f8pskoordinatorer for mer informasjon:<\/p>\n\n\n\n\t\t<div class=\"wp-block-lib-accentuated-link\">\n\t\t\t<a\n\t\t\t\tclass=\"lib-link__link\"\n\t\t\t\thref=\"https:\/\/www.blakors.no\/klinikk-tjeldsund\/for-henviser\/\"\n\t\t\t\ttarget=\"\"\n\t\t\t\trel=\"\"\n\t\t\t>\n\t\t\t\t\n\t\t\t\t<div class=\"lib-link__text-content\">\n\t\t\t\t\t<span class=\"lib-link__tagline\">\n\t\t\t\t\t\tLES MER\n\t\t\t\t\t<\/span>\n\n\t\t\t\t\t<h3 class=\"lib-link__title\">\n\t\t\t\t\t\tHvordan s\u00f8ke behandling \n\t\t\t\t\t<\/h3>\n\n\t\t\t\t\t\n\t\t\t\t<\/div>\n\t\t\t<\/a>\n\t\t<\/div>\n\n\n<p><\/p>\n","protected":false},"excerpt":{"rendered":"<p>Behandling Ventetid Avrusning 2 uker Behandling 2 uker oppdatert 01.04.2026 Dette er en gjennomsnittlig ventetid hos oss. Les mer om hvordan g\u00e5 fram for \u00e5 henvise til behandling hos oss og snakk med v\u00e5re forl\u00f8pskoordinatorer for mer informasjon:<\/p>\n","protected":false},"author":86,"featured_media":0,"parent":0,"menu_order":0,"comment_status":"closed","ping_status":"closed","template":"","meta":{"_acf_changed":false,"_relevanssi_hide_post":"","_relevanssi_hide_content":"","_relevanssi_pin_for_all":"","_relevanssi_pin_keywords":"","_relevanssi_unpin_keywords":"","_relevanssi_related_keywords":"","_relevanssi_related_include_ids":"","_relevanssi_related_exclude_ids":"","_relevanssi_related_no_append":"","_relevanssi_related_not_related":"","_relevanssi_related_posts":"","_relevanssi_noindex_reason":"","_custom_cards_description":"","footnotes":""},"class_list":["post-402","page","type-page","status-publish","hentry"],"acf":[],"_links":{"self":[{"href":"https:\/\/www.blakors.no\/klinikk-tjeldsund\/wp-json\/wp\/v2\/pages\/402","targetHints":{"allow":["GET"]}}],"collection":[{"href":"https:\/\/www.blakors.no\/klinikk-tjeldsund\/wp-json\/wp\/v2\/pages"}],"about":[{"href":"https:\/\/www.blakors.no\/klinikk-tjeldsund\/wp-json\/wp\/v2\/types\/page"}],"author":[{"embeddable":true,"href":"https:\/\/www.blakors.no\/klinikk-tjeldsund\/wp-json\/wp\/v2\/users\/86"}],"replies":[{"embeddable":true,"href":"https:\/\/www.blakors.no\/klinikk-tjeldsund\/wp-json\/wp\/v2\/comments?post=402"}],"version-history":[{"count":5,"href":"https:\/\/www.blakors.no\/klinikk-tjeldsund\/wp-json\/wp\/v2\/pages\/402\/revisions"}],"predecessor-version":[{"id":700,"href":"https:\/\/www.blakors.no\/klinikk-tjeldsund\/wp-json\/wp\/v2\/pages\/402\/revisions\/700"}],"wp:attachment":[{"href":"https:\/\/www.blakors.no\/klinikk-tjeldsund\/wp-json\/wp\/v2\/media?parent=402"}],"curies":[{"name":"wp","href":"https:\/\/api.w.org\/{rel}","templated":true}]}}