{"id":89,"date":"2022-03-06T22:04:25","date_gmt":"2022-03-06T21:04:25","guid":{"rendered":"https:\/\/www.blakors.no\/klinikk-tjeldsund\/?page_id=89"},"modified":"2022-04-08T15:59:22","modified_gmt":"2022-04-08T13:59:22","slug":"oppfolging-etter-behandling","status":"publish","type":"page","link":"https:\/\/www.blakors.no\/klinikk-tjeldsund\/oppfolging-etter-behandling\/","title":{"rendered":"Oppf\u00f8lging etter behandling"},"content":{"rendered":"<div class=\"custom-block-banner alignwide is-style-green contenthalf\"><div class=\"banner-image\" style=\"background-image:url(https:\/\/www.blakors.no\/content\/uploads\/sites\/28\/2022\/04\/Terapisetting-smil-1024x700.jpg)\"><\/div><div class=\"banner-inner\"><div><h1 id=\"oppfolging-etter-behandling\"  class=\"title small \" >Oppf\u00f8lging etter behandling<\/h1><p>Oppf\u00f8lging etter behandling er en viktig del av klinikkens tilbud. Tiltak settes i verk der pasienten bor og vi tilbyr et eget oppf\u00f8lgingsprogram.<\/p><\/div><\/div><\/div>\n\n\n<div class=\"wp-block-lib-header alignfull hide\"><div class=\"image-wrapper\"><img decoding=\"async\" src=\"https:\/\/www.blakors.no\/content\/uploads\/sites\/28\/2022\/04\/Terapisetting-smil-scaled.jpg\"\/><\/div><div class=\"header-innercontent\"><\/div><\/div>\n\n\n\n<p>Mange gode behandlingsopplegg mislykkes p\u00e5 grunn av for d\u00e5rlig oppf\u00f8lging etter utskriving. Oppf\u00f8lging er derfor en s\u00e6rdeles viktig del av klinikkens totale tilbud til pasientene. I tillegg til tiltak som kan settes i verk lokalt, kan vi tilby et eget oppf\u00f8lgingsprogram etter utskriving. <br><br>Dette bygger p\u00e5 en velpr\u00f8vd modell, og utgj\u00f8r siste del av det totale behandlingsopplegget. Vi samarbeider med hjemkommune og henviser om hvordan vi sammen kan gi god oppf\u00f8lging etter utskriving.<\/p>\n\n\n\n<h2 class=\"wp-block-heading\" id=\"h-personlig-oppfolgingsplan\">Personlig oppf\u00f8lgingsplan<\/h2>\n\n\n\n<p>F\u00f8r utskriving lager pasienten en personlig oppf\u00f8lgingsplan med sentrale omr\u00e5der som pasienten skal konsentrere seg om den f\u00f8rste tiden. Pasienten lager planen i samr\u00e5d med terapeut, og den blir lagt fram for terapigruppen f\u00f8r utskriving. Denne planen blir en del av det tilbudet pasienten f\u00e5r i hjemkommunen.<\/p>\n\n\n\n<h2 id=\"oppfolgingsuke\"  class=\"wp-block-heading\" >Oppf\u00f8lgingsuke<\/h2>\n\n\n\n<p>Pasienter f\u00e5r tilbud om \u00e5 komme tilbake til oppf\u00f8lgingsuke for \u00e5 vedlikeholde kunnskap fra hoved-behandlingen. Hvor ofte dette skjer blir avtalt med den enkelte pasient ved utskrivning. Tilbakemeldinger fra pasienter som benytter seg av oppf\u00f8lgingsuker viser klart at tilbudet gj\u00f8r det lettere \u00e5 vedlikeholde edruskapet og hindrer tilbakefall.<\/p>\n\n\n\n<h2 id=\"deltakelse-i-aa-na\"  class=\"wp-block-heading\" >Deltakelse i AA\/NA<\/h2>\n\n\n\n<p><meta charset=\"utf-8\">Deltakelse i Anonyme Alkoholikere\/ Anonyme Narkomane (AA\/NA) er selvstyrte brukergrupper og utgj\u00f8r en viktig del av \u00abettervernet\u00bb for v\u00e5re pasienter. V\u00e5r behandling bygger p\u00e5 12-trinnsmodellen i AA. Deltakelse i disse gruppene blir derfor en naturlig forlengelse og videref\u00f8ring av prosessen som ble startet under oppholdet.<\/p>\n\n\n\n<h2 id=\"sponsorsystem\"  class=\"wp-block-heading\" >Sponsorsystem<\/h2>\n\n\n\n<p>F\u00f8r pasienten blir utskrevet \u00f8nsker vi \u00e5 knytte kontakt med en rusfri tidligere pasient i samme distrikt. Denne personen blir det vi kaller \u00absponsor\u00bb, med spesielle oppgaver i forhold til den nyutskrevne. Sponsor kan kontaktes av pasienten til enhver tid p\u00e5 d\u00f8gnet for \u00e5 forhindre tilbakefall. Dette opplegget har lange tradisjoner og har vist seg \u00e5 v\u00e6re en meget nyttig del av oppf\u00f8lgingsplanen.<\/p>\n\n\n\n<h2 id=\"besok-pa-klinikken\"  class=\"wp-block-heading\" >Bes\u00f8k p\u00e5 klinikken<\/h2>\n\n\n\n<p>Alle utskrevne pasienter blir oppfordret til \u00e5 komme til klinikken n\u00e5r de f\u00f8ler behov for det. Hos oss st\u00e5r d\u00f8rene alltid \u00e5pne for v\u00e5re tidligere pasienter. Vi \u00f8nsker \u00e5 v\u00e6re en \u00abn\u00f8dhavn\u00bb n\u00e5r livet blir vanskelig. Vi strekker oss langt for \u00e5 gi pasientene v\u00e5re en mulighet til \u00e5 komme utenom faste avtalte oppf\u00f8lgingsuker.<\/p>\n","protected":false},"excerpt":{"rendered":"<p>Mange gode behandlingsopplegg mislykkes p\u00e5 grunn av for d\u00e5rlig oppf\u00f8lging etter utskriving. Oppf\u00f8lging er derfor en s\u00e6rdeles viktig del av klinikkens totale tilbud til pasientene. I tillegg til tiltak som kan settes i verk lokalt, kan vi tilby et eget oppf\u00f8lgingsprogram etter utskriving. Dette bygger p\u00e5 en velpr\u00f8vd modell, og utgj\u00f8r siste del av det [&hellip;]<\/p>\n","protected":false},"author":23,"featured_media":242,"parent":0,"menu_order":0,"comment_status":"closed","ping_status":"closed","template":"","meta":{"_acf_changed":false,"_relevanssi_hide_post":"","_relevanssi_hide_content":"","_relevanssi_pin_for_all":"on","_relevanssi_pin_keywords":"Oppf\u00f8lging etter behandling","_relevanssi_unpin_keywords":"","_relevanssi_related_keywords":"","_relevanssi_related_include_ids":"","_relevanssi_related_exclude_ids":"","_relevanssi_related_no_append":"","_relevanssi_related_not_related":"","_relevanssi_related_posts":"1","_relevanssi_noindex_reason":"","_custom_cards_description":"","footnotes":""},"class_list":["post-89","page","type-page","status-publish","has-post-thumbnail","hentry"],"acf":[],"_links":{"self":[{"href":"https:\/\/www.blakors.no\/klinikk-tjeldsund\/wp-json\/wp\/v2\/pages\/89","targetHints":{"allow":["GET"]}}],"collection":[{"href":"https:\/\/www.blakors.no\/klinikk-tjeldsund\/wp-json\/wp\/v2\/pages"}],"about":[{"href":"https:\/\/www.blakors.no\/klinikk-tjeldsund\/wp-json\/wp\/v2\/types\/page"}],"author":[{"embeddable":true,"href":"https:\/\/www.blakors.no\/klinikk-tjeldsund\/wp-json\/wp\/v2\/users\/23"}],"replies":[{"embeddable":true,"href":"https:\/\/www.blakors.no\/klinikk-tjeldsund\/wp-json\/wp\/v2\/comments?post=89"}],"version-history":[{"count":9,"href":"https:\/\/www.blakors.no\/klinikk-tjeldsund\/wp-json\/wp\/v2\/pages\/89\/revisions"}],"predecessor-version":[{"id":288,"href":"https:\/\/www.blakors.no\/klinikk-tjeldsund\/wp-json\/wp\/v2\/pages\/89\/revisions\/288"}],"wp:featuredmedia":[{"embeddable":true,"href":"https:\/\/www.blakors.no\/klinikk-tjeldsund\/wp-json\/wp\/v2\/media\/242"}],"wp:attachment":[{"href":"https:\/\/www.blakors.no\/klinikk-tjeldsund\/wp-json\/wp\/v2\/media?parent=89"}],"curies":[{"name":"wp","href":"https:\/\/api.w.org\/{rel}","templated":true}]}}