{"id":125,"date":"2019-11-10T12:31:52","date_gmt":"2019-11-10T11:31:52","guid":{"rendered":"https:\/\/www.blakors.no\/kompasset\/?page_id=125"},"modified":"2023-11-03T13:23:06","modified_gmt":"2023-11-03T12:23:06","slug":"vart-tilbud","status":"publish","type":"page","link":"https:\/\/www.blakors.no\/kompasset\/vart-tilbud\/","title":{"rendered":"Tilbud til deg mellom 13 og 35 \u00e5r:"},"content":{"rendered":"\n<p>Om du \u00f8nsker \u00e5 f\u00e5 terapi eller har andre sp\u00f8rsm\u00e5l, ta kontakt med <a href=\"https:\/\/www.blakors.no\/kompasset\/avdelinger\/\">avdelingen n\u00e6rmest deg.<\/a><\/p>\n\n\n<div class=\"blakors-link-list aligncenter wp-block-blakors-link-list\">\n\t\t\t<h2 id=\"vare-behandlingstilbud\"  class=\"blakors-link-list__title\" >V\u00e5re behandlingstilbud:<\/h2>\n\t\t\t\n\t\t\t<div class=\"blakors-link-list__items\">\n\t\t\t\t\n<div class=\"blakors-link-list-item alignwide wp-block-blakors-link-list-item has-background\">\n\t\t\t<a\n\t\t\t\tclass=\"blakors-link-list-item__holder\"\n\t\t\t\thref=\"https:\/\/www.blakors.no\/kompasset\/terapi\/\"\n\t\t\t\trel=\"\"\n\t\t\t\t\n\t\t\t>\n\t\t\t\t<div class=\"blakors-link-list-item__content\">\n\t\t\t\t\t<div class=\"blakors-link-list-item__content-inner\">\n\t\t\t\t\t\t<div class=\"title-wrap\">\n\t\t\t\t\t\t\t<h3 class=\"blakors-link-list-item__title\">\n\t\t\t\t\t\t\t\tIndividualterapi\n\t\t\t\t\t\t\t<\/h3>\n\t\t\t\t\t\t\t<svg\n\t\t\t\t\t\t\t\txmlns=\"http:\/\/www.w3.org\/2000\/svg\"\n\t\t\t\t\t\t\t\twidth=\"14\"\n\t\t\t\t\t\t\t\theight=\"12.92\"\n\t\t\t\t\t\t\t\tviewBox=\"0 0 14 12.92\"\n\t\t\t\t\t\t\t>\n\t\t\t\t\t\t\t\t<path\n\t\t\t\t\t\t\t\t\td=\"M7.14-6.58,1.34-.12-.4-1.62,1.84-4.06A8.352,8.352,0,0,1,3.56-5.52H-6.86V-7.64H3.54a7.7,7.7,0,0,1-.84-.61,10.977,10.977,0,0,1-.86-.85L-.4-11.54l1.74-1.5Z\"\n\t\t\t\t\t\t\t\t\ttransform=\"translate(6.86 13.04)\"\n\t\t\t\t\t\t\t\t\tfill=\"#0d76bc\"\n\t\t\t\t\t\t\t\t\/>\n\t\t\t\t\t\t\t<\/svg>\n\t\t\t\t\t\t<\/div>\n\t\t\t\t\t\t\n\t\t\t\t\t<\/div>\n\t\t\t\t<\/div>\n\t\t\t<\/a>\n\t\t<\/div>\n\n<div class=\"blakors-link-list-item alignwide wp-block-blakors-link-list-item has-background\">\n\t\t\t<a\n\t\t\t\tclass=\"blakors-link-list-item__holder\"\n\t\t\t\thref=\"https:\/\/www.blakors.no\/kompasset\/terapi-pa-nett\/\"\n\t\t\t\trel=\"\"\n\t\t\t\t\n\t\t\t>\n\t\t\t\t<div class=\"blakors-link-list-item__content\">\n\t\t\t\t\t<div class=\"blakors-link-list-item__content-inner\">\n\t\t\t\t\t\t<div class=\"title-wrap\">\n\t\t\t\t\t\t\t<h3 class=\"blakors-link-list-item__title\">\n\t\t\t\t\t\t\t\tTerapi p\u00e5 nett\n\t\t\t\t\t\t\t<\/h3>\n\t\t\t\t\t\t\t<svg\n\t\t\t\t\t\t\t\txmlns=\"http:\/\/www.w3.org\/2000\/svg\"\n\t\t\t\t\t\t\t\twidth=\"14\"\n\t\t\t\t\t\t\t\theight=\"12.92\"\n\t\t\t\t\t\t\t\tviewBox=\"0 0 14 12.92\"\n\t\t\t\t\t\t\t>\n\t\t\t\t\t\t\t\t<path\n\t\t\t\t\t\t\t\t\td=\"M7.14-6.58,1.34-.12-.4-1.62,1.84-4.06A8.352,8.352,0,0,1,3.56-5.52H-6.86V-7.64H3.54a7.7,7.7,0,0,1-.84-.61,10.977,10.977,0,0,1-.86-.85L-.4-11.54l1.74-1.5Z\"\n\t\t\t\t\t\t\t\t\ttransform=\"translate(6.86 13.04)\"\n\t\t\t\t\t\t\t\t\tfill=\"#0d76bc\"\n\t\t\t\t\t\t\t\t\/>\n\t\t\t\t\t\t\t<\/svg>\n\t\t\t\t\t\t<\/div>\n\t\t\t\t\t\t\n\t\t\t\t\t<\/div>\n\t\t\t\t<\/div>\n\t\t\t<\/a>\n\t\t<\/div>\n\n<div class=\"blakors-link-list-item alignwide wp-block-blakors-link-list-item has-background\">\n\t\t\t<a\n\t\t\t\tclass=\"blakors-link-list-item__holder\"\n\t\t\t\thref=\"https:\/\/www.blakors.no\/kompasset\/gruppeterapi\/\"\n\t\t\t\trel=\"\"\n\t\t\t\t\n\t\t\t>\n\t\t\t\t<div class=\"blakors-link-list-item__content\">\n\t\t\t\t\t<div class=\"blakors-link-list-item__content-inner\">\n\t\t\t\t\t\t<div class=\"title-wrap\">\n\t\t\t\t\t\t\t<h3 class=\"blakors-link-list-item__title\">\n\t\t\t\t\t\t\t\tGruppeterapi\n\t\t\t\t\t\t\t<\/h3>\n\t\t\t\t\t\t\t<svg\n\t\t\t\t\t\t\t\txmlns=\"http:\/\/www.w3.org\/2000\/svg\"\n\t\t\t\t\t\t\t\twidth=\"14\"\n\t\t\t\t\t\t\t\theight=\"12.92\"\n\t\t\t\t\t\t\t\tviewBox=\"0 0 14 12.92\"\n\t\t\t\t\t\t\t>\n\t\t\t\t\t\t\t\t<path\n\t\t\t\t\t\t\t\t\td=\"M7.14-6.58,1.34-.12-.4-1.62,1.84-4.06A8.352,8.352,0,0,1,3.56-5.52H-6.86V-7.64H3.54a7.7,7.7,0,0,1-.84-.61,10.977,10.977,0,0,1-.86-.85L-.4-11.54l1.74-1.5Z\"\n\t\t\t\t\t\t\t\t\ttransform=\"translate(6.86 13.04)\"\n\t\t\t\t\t\t\t\t\tfill=\"#0d76bc\"\n\t\t\t\t\t\t\t\t\/>\n\t\t\t\t\t\t\t<\/svg>\n\t\t\t\t\t\t<\/div>\n\t\t\t\t\t\t\n\t\t\t\t\t<\/div>\n\t\t\t\t<\/div>\n\t\t\t<\/a>\n\t\t<\/div>\n\n<div class=\"blakors-link-list-item alignwide wp-block-blakors-link-list-item has-background\">\n\t\t\t<a\n\t\t\t\tclass=\"blakors-link-list-item__holder\"\n\t\t\t\thref=\"https:\/\/www.blakors.no\/kompasset\/par-og-familieterapi\/\"\n\t\t\t\trel=\"\"\n\t\t\t\t\n\t\t\t>\n\t\t\t\t<div class=\"blakors-link-list-item__content\">\n\t\t\t\t\t<div class=\"blakors-link-list-item__content-inner\">\n\t\t\t\t\t\t<div class=\"title-wrap\">\n\t\t\t\t\t\t\t<h3 class=\"blakors-link-list-item__title\">\n\t\t\t\t\t\t\t\tPar-, s\u00f8sken- og familieterapi\n\t\t\t\t\t\t\t<\/h3>\n\t\t\t\t\t\t\t<svg\n\t\t\t\t\t\t\t\txmlns=\"http:\/\/www.w3.org\/2000\/svg\"\n\t\t\t\t\t\t\t\twidth=\"14\"\n\t\t\t\t\t\t\t\theight=\"12.92\"\n\t\t\t\t\t\t\t\tviewBox=\"0 0 14 12.92\"\n\t\t\t\t\t\t\t>\n\t\t\t\t\t\t\t\t<path\n\t\t\t\t\t\t\t\t\td=\"M7.14-6.58,1.34-.12-.4-1.62,1.84-4.06A8.352,8.352,0,0,1,3.56-5.52H-6.86V-7.64H3.54a7.7,7.7,0,0,1-.84-.61,10.977,10.977,0,0,1-.86-.85L-.4-11.54l1.74-1.5Z\"\n\t\t\t\t\t\t\t\t\ttransform=\"translate(6.86 13.04)\"\n\t\t\t\t\t\t\t\t\tfill=\"#0d76bc\"\n\t\t\t\t\t\t\t\t\/>\n\t\t\t\t\t\t\t<\/svg>\n\t\t\t\t\t\t<\/div>\n\t\t\t\t\t\t\n\t\t\t\t\t<\/div>\n\t\t\t\t<\/div>\n\t\t\t<\/a>\n\t\t<\/div>\n\n<div class=\"blakors-link-list-item alignwide wp-block-blakors-link-list-item has-background\">\n\t\t\t<a\n\t\t\t\tclass=\"blakors-link-list-item__holder\"\n\t\t\t\thref=\"https:\/\/www.blakors.no\/kompasset\/foreldregruppe-pa-nett\/\"\n\t\t\t\trel=\"\"\n\t\t\t\t\n\t\t\t>\n\t\t\t\t<div class=\"blakors-link-list-item__content\">\n\t\t\t\t\t<div class=\"blakors-link-list-item__content-inner\">\n\t\t\t\t\t\t<div class=\"title-wrap\">\n\t\t\t\t\t\t\t<h3 class=\"blakors-link-list-item__title\">\n\t\t\t\t\t\t\t\tForeldregruppe p\u00e5 nett\n\t\t\t\t\t\t\t<\/h3>\n\t\t\t\t\t\t\t<svg\n\t\t\t\t\t\t\t\txmlns=\"http:\/\/www.w3.org\/2000\/svg\"\n\t\t\t\t\t\t\t\twidth=\"14\"\n\t\t\t\t\t\t\t\theight=\"12.92\"\n\t\t\t\t\t\t\t\tviewBox=\"0 0 14 12.92\"\n\t\t\t\t\t\t\t>\n\t\t\t\t\t\t\t\t<path\n\t\t\t\t\t\t\t\t\td=\"M7.14-6.58,1.34-.12-.4-1.62,1.84-4.06A8.352,8.352,0,0,1,3.56-5.52H-6.86V-7.64H3.54a7.7,7.7,0,0,1-.84-.61,10.977,10.977,0,0,1-.86-.85L-.4-11.54l1.74-1.5Z\"\n\t\t\t\t\t\t\t\t\ttransform=\"translate(6.86 13.04)\"\n\t\t\t\t\t\t\t\t\tfill=\"#0d76bc\"\n\t\t\t\t\t\t\t\t\/>\n\t\t\t\t\t\t\t<\/svg>\n\t\t\t\t\t\t<\/div>\n\t\t\t\t\t\t\n\t\t\t\t\t<\/div>\n\t\t\t\t<\/div>\n\t\t\t<\/a>\n\t\t<\/div>\n\n<div class=\"blakors-link-list-item alignwide wp-block-blakors-link-list-item has-background\">\n\t\t\t<a\n\t\t\t\tclass=\"blakors-link-list-item__holder\"\n\t\t\t\thref=\"https:\/\/www.blakors.no\/kompasset\/radgivning\/\"\n\t\t\t\trel=\"\"\n\t\t\t\t\n\t\t\t>\n\t\t\t\t<div class=\"blakors-link-list-item__content\">\n\t\t\t\t\t<div class=\"blakors-link-list-item__content-inner\">\n\t\t\t\t\t\t<div class=\"title-wrap\">\n\t\t\t\t\t\t\t<h3 class=\"blakors-link-list-item__title\">\n\t\t\t\t\t\t\t\tR\u00e5dgivning\n\t\t\t\t\t\t\t<\/h3>\n\t\t\t\t\t\t\t<svg\n\t\t\t\t\t\t\t\txmlns=\"http:\/\/www.w3.org\/2000\/svg\"\n\t\t\t\t\t\t\t\twidth=\"14\"\n\t\t\t\t\t\t\t\theight=\"12.92\"\n\t\t\t\t\t\t\t\tviewBox=\"0 0 14 12.92\"\n\t\t\t\t\t\t\t>\n\t\t\t\t\t\t\t\t<path\n\t\t\t\t\t\t\t\t\td=\"M7.14-6.58,1.34-.12-.4-1.62,1.84-4.06A8.352,8.352,0,0,1,3.56-5.52H-6.86V-7.64H3.54a7.7,7.7,0,0,1-.84-.61,10.977,10.977,0,0,1-.86-.85L-.4-11.54l1.74-1.5Z\"\n\t\t\t\t\t\t\t\t\ttransform=\"translate(6.86 13.04)\"\n\t\t\t\t\t\t\t\t\tfill=\"#0d76bc\"\n\t\t\t\t\t\t\t\t\/>\n\t\t\t\t\t\t\t<\/svg>\n\t\t\t\t\t\t<\/div>\n\t\t\t\t\t\t\n\t\t\t\t\t<\/div>\n\t\t\t\t<\/div>\n\t\t\t<\/a>\n\t\t<\/div>\n\n<div class=\"blakors-link-list-item alignwide wp-block-blakors-link-list-item has-background\">\n\t\t\t<a\n\t\t\t\tclass=\"blakors-link-list-item__holder\"\n\t\t\t\thref=\"https:\/\/www.blakors.no\/kompasset\/temakveld\/\"\n\t\t\t\trel=\"\"\n\t\t\t\t\n\t\t\t>\n\t\t\t\t<div class=\"blakors-link-list-item__content\">\n\t\t\t\t\t<div class=\"blakors-link-list-item__content-inner\">\n\t\t\t\t\t\t<div class=\"title-wrap\">\n\t\t\t\t\t\t\t<h3 class=\"blakors-link-list-item__title\">\n\t\t\t\t\t\t\t\tTemakveld\n\t\t\t\t\t\t\t<\/h3>\n\t\t\t\t\t\t\t<svg\n\t\t\t\t\t\t\t\txmlns=\"http:\/\/www.w3.org\/2000\/svg\"\n\t\t\t\t\t\t\t\twidth=\"14\"\n\t\t\t\t\t\t\t\theight=\"12.92\"\n\t\t\t\t\t\t\t\tviewBox=\"0 0 14 12.92\"\n\t\t\t\t\t\t\t>\n\t\t\t\t\t\t\t\t<path\n\t\t\t\t\t\t\t\t\td=\"M7.14-6.58,1.34-.12-.4-1.62,1.84-4.06A8.352,8.352,0,0,1,3.56-5.52H-6.86V-7.64H3.54a7.7,7.7,0,0,1-.84-.61,10.977,10.977,0,0,1-.86-.85L-.4-11.54l1.74-1.5Z\"\n\t\t\t\t\t\t\t\t\ttransform=\"translate(6.86 13.04)\"\n\t\t\t\t\t\t\t\t\tfill=\"#0d76bc\"\n\t\t\t\t\t\t\t\t\/>\n\t\t\t\t\t\t\t<\/svg>\n\t\t\t\t\t\t<\/div>\n\t\t\t\t\t\t\n\t\t\t\t\t<\/div>\n\t\t\t\t<\/div>\n\t\t\t<\/a>\n\t\t<\/div>\n\n\t\t\t<\/div>\n\t\t<\/div>\n\n\n<div class=\"custom-block-cta no-icon\">\n\t<div class=\"text-button-container\"><div class=\"text\">Finn ut n\u00e5r det er temakveld der du bor<\/div><div class=\"wp-block-button is-style-primary\"><a class=\"wp-block-button__link\" href=\"https:\/\/www.blakors.no\/kompasset\/hva-skjer\/\" target=\"\">Temakvelder<\/a><\/div><\/div><\/div>\n\n\n\n<p> <\/p>\n","protected":false},"excerpt":{"rendered":"<p>Om du \u00f8nsker \u00e5 f\u00e5 terapi eller har andre sp\u00f8rsm\u00e5l, ta kontakt med avdelingen n\u00e6rmest deg.<\/p>\n","protected":false},"author":17,"featured_media":0,"parent":0,"menu_order":0,"comment_status":"closed","ping_status":"closed","template":"","meta":{"_acf_changed":false,"_relevanssi_hide_post":"","_relevanssi_hide_content":"","_relevanssi_pin_for_all":"on","_relevanssi_pin_keywords":"Tilbud, behandlingstilbud","_relevanssi_unpin_keywords":"","_relevanssi_related_keywords":"","_relevanssi_related_include_ids":"","_relevanssi_related_exclude_ids":"","_relevanssi_related_no_append":"","_relevanssi_related_not_related":"","_relevanssi_related_posts":"1329,1285,83","_relevanssi_noindex_reason":"","_custom_cards_description":"","footnotes":""},"class_list":["post-125","page","type-page","status-publish","hentry"],"acf":[],"_links":{"self":[{"href":"https:\/\/www.blakors.no\/kompasset\/wp-json\/wp\/v2\/pages\/125","targetHints":{"allow":["GET"]}}],"collection":[{"href":"https:\/\/www.blakors.no\/kompasset\/wp-json\/wp\/v2\/pages"}],"about":[{"href":"https:\/\/www.blakors.no\/kompasset\/wp-json\/wp\/v2\/types\/page"}],"author":[{"embeddable":true,"href":"https:\/\/www.blakors.no\/kompasset\/wp-json\/wp\/v2\/users\/17"}],"replies":[{"embeddable":true,"href":"https:\/\/www.blakors.no\/kompasset\/wp-json\/wp\/v2\/comments?post=125"}],"version-history":[{"count":5,"href":"https:\/\/www.blakors.no\/kompasset\/wp-json\/wp\/v2\/pages\/125\/revisions"}],"predecessor-version":[{"id":3112,"href":"https:\/\/www.blakors.no\/kompasset\/wp-json\/wp\/v2\/pages\/125\/revisions\/3112"}],"wp:attachment":[{"href":"https:\/\/www.blakors.no\/kompasset\/wp-json\/wp\/v2\/media?parent=125"}],"curies":[{"name":"wp","href":"https:\/\/api.w.org\/{rel}","templated":true}]}}