{"id":1728,"date":"2021-03-24T17:14:29","date_gmt":"2021-03-24T16:14:29","guid":{"rendered":"https:\/\/www.blakors.no\/kompasset\/?page_id=1728"},"modified":"2025-06-16T15:23:15","modified_gmt":"2025-06-16T13:23:15","slug":"foreldregruppe-pa-nett","status":"publish","type":"page","link":"https:\/\/www.blakors.no\/kompasset\/foreldregruppe-pa-nett\/","title":{"rendered":"Foreldregruppe p\u00e5 nett"},"content":{"rendered":"\n<div class=\"wp-block-lib-header alignfull hide\"><div class=\"image-wrapper\"><img decoding=\"async\" src=\"https:\/\/www.blakors.no\/content\/uploads\/sites\/3\/2021\/02\/COLOURBOX47379747-scaled.jpg\"\/><\/div><div class=\"header-innercontent\">\n\n<\/div><\/div>\n\n\n<div class=\"custom-block-banner alignwide contenthalf\"><div class=\"banner-image\" style=\"background-image:url(https:\/\/www.blakors.no\/content\/uploads\/sites\/3\/2021\/02\/COLOURBOX47379747-1024x341.jpg)\"><\/div><div class=\"banner-inner\"><div><h1 id=\"foreldregruppe-pa-nett\"  class=\"title large \" >Foreldregruppe p\u00e5 nett<\/h1><p>Dersom du har vokst opp i en familie med alkoholproblemer og har blitt forelder selv, kan det v\u00e6re vanlig \u00e5 kjenne p\u00e5 utfordringer.<\/p><\/div><\/div><\/div>\n\n\n<p>Gruppen arbeider med temaer med utgangspunkt i hverdagserfaringer foreldre selv har: <\/p>\n\n\n\n<ul class=\"wp-block-list\">\n<li>Kunnskap og kjennskap til hvordan egne oppveksterfaringer virker inn p\u00e5 det \u00e5 v\u00e6re foreldre.<\/li>\n\n\n\n<li>Hvordan bli kjent med egne f\u00f8lelser i m\u00f8te med barnets f\u00f8lelser og atferd.<\/li>\n\n\n\n<li>Hvordan hjelpe barnet til \u00e5 t\u00e5le \u00e5 st\u00e5 i egne f\u00f8lelser.<\/li>\n<\/ul>\n\n\n\n<p>Det er plass til 4 foreldre som m\u00f8tes over nett hver annen uke, i alt 8 ganger. Nye grupper starter opp fortl\u00f8pende.<\/p>\n\n\n\n<p>Gruppen f\u00e5r kunnskap og kjennskap til hvordan egne oppveksterfaringer virker inn p\u00e5 det \u00e5 v\u00e6re foreldre, og arbeider med temaer med utgangspunkt i de hverdagserfaringer foreldre selv har.<\/p>\n\n\n\n<div class=\"wp-block-buttons is-horizontal is-content-justification-center is-layout-flex wp-container-core-buttons-is-layout-5f1ce0a9 wp-block-buttons-is-layout-flex\">\n<div class=\"wp-block-button has-custom-width wp-block-button__width-50\"><a class=\"wp-block-button__link has-blue-background-color has-background wp-element-button\" href=\"mailto:veslemoy.storstein@blakors.no\">Trykk her for \u00e5 ta kontakt<\/a><\/div>\n<\/div>\n","protected":false},"excerpt":{"rendered":"<p>Gruppen arbeider med temaer med utgangspunkt i hverdagserfaringer foreldre selv har: Det er plass til 4 foreldre som m\u00f8tes over nett hver annen uke, i alt 8 ganger. Nye grupper starter opp fortl\u00f8pende. Gruppen f\u00e5r kunnskap og kjennskap til hvordan egne oppveksterfaringer virker inn p\u00e5 det \u00e5 v\u00e6re foreldre, og arbeider med temaer med utgangspunkt [&hellip;]<\/p>\n","protected":false},"author":3,"featured_media":1662,"parent":0,"menu_order":0,"comment_status":"closed","ping_status":"closed","template":"","meta":{"_acf_changed":false,"_relevanssi_hide_post":"","_relevanssi_hide_content":"","_relevanssi_pin_for_all":"on","_relevanssi_pin_keywords":"foreldregruppe","_relevanssi_unpin_keywords":"","_relevanssi_related_keywords":"","_relevanssi_related_include_ids":"","_relevanssi_related_exclude_ids":"","_relevanssi_related_no_append":"","_relevanssi_related_not_related":"","_relevanssi_related_posts":"1285,1329,83","_relevanssi_noindex_reason":"","_custom_cards_description":"","footnotes":""},"class_list":["post-1728","page","type-page","status-publish","has-post-thumbnail","hentry"],"acf":[],"_links":{"self":[{"href":"https:\/\/www.blakors.no\/kompasset\/wp-json\/wp\/v2\/pages\/1728","targetHints":{"allow":["GET"]}}],"collection":[{"href":"https:\/\/www.blakors.no\/kompasset\/wp-json\/wp\/v2\/pages"}],"about":[{"href":"https:\/\/www.blakors.no\/kompasset\/wp-json\/wp\/v2\/types\/page"}],"author":[{"embeddable":true,"href":"https:\/\/www.blakors.no\/kompasset\/wp-json\/wp\/v2\/users\/3"}],"replies":[{"embeddable":true,"href":"https:\/\/www.blakors.no\/kompasset\/wp-json\/wp\/v2\/comments?post=1728"}],"version-history":[{"count":5,"href":"https:\/\/www.blakors.no\/kompasset\/wp-json\/wp\/v2\/pages\/1728\/revisions"}],"predecessor-version":[{"id":4097,"href":"https:\/\/www.blakors.no\/kompasset\/wp-json\/wp\/v2\/pages\/1728\/revisions\/4097"}],"wp:featuredmedia":[{"embeddable":true,"href":"https:\/\/www.blakors.no\/kompasset\/wp-json\/wp\/v2\/media\/1662"}],"wp:attachment":[{"href":"https:\/\/www.blakors.no\/kompasset\/wp-json\/wp\/v2\/media?parent=1728"}],"curies":[{"name":"wp","href":"https:\/\/api.w.org\/{rel}","templated":true}]}}