{"id":26,"date":"2019-11-08T16:20:20","date_gmt":"2019-11-08T15:20:20","guid":{"rendered":"https:\/\/www.blakors.no\/kompasset\/?page_id=26"},"modified":"2025-07-29T13:13:57","modified_gmt":"2025-07-29T11:13:57","slug":"kontakt-oss","status":"publish","type":"page","link":"https:\/\/www.blakors.no\/kompasset\/kontakt-oss\/","title":{"rendered":"Kontakt Bl\u00e5 Kors kompasset"},"content":{"rendered":"\n<p><strong>For deg som \u00f8nsker terapi:<\/strong><br>For avtale om terapi eller informasjon om tilbudet der du bor, <a href=\"https:\/\/www.blakors.no\/kompasset\/avdelinger\/\">klikk p\u00e5 byen n\u00e6rmest deg i menyen<\/a>. <\/p>\n\n\n\n<p><strong>For fagpersonell, presse og andre:<\/strong><br>Bl\u00e5 Kors kompasset har som en del av sin m\u00e5lsetting \u00e5 v\u00e6re en p\u00e5driver for \u00e5 \u00f8ke kunnskap om rus i familien og v\u00e6re med p\u00e5 \u00e5 bryte tabuer i samfunnet. Ta gjerne kontakt om dere \u00f8nsker \u00e5 f\u00e5 belyst v\u00e5r tematikk gjennom foredrag, undervisning eller saker i media.<\/p>\n\n\n<div class=\"t2-featured-content-layout alignwide alignwide wp-block-blakors-multisite-query-loop wp-block-t2-featured-content-layout\" role=\"list\">\n\t\t\t\t<div class=\"t2-featured-single-post t2-featured-content-layout-col-12 t2-featured-content is-post-type-person t2-featured-content-layout-col-12 wp-block-t2-featured-single-post\"><figure style=\"--t2-focal-point: 50% 50%;\" class=\"t2-post-featured-image has-image-ratio-1-1 wp-block-t2-post-featured-image\"><img loading=\"lazy\" decoding=\"async\" width=\"2048\" height=\"1365\" src=\"https:\/\/www.blakors.no\/content\/uploads\/sites\/3\/2019\/11\/Froydis_Eidheim-scaled.jpg\" class=\"attachment-post-thumbnail size-post-thumbnail wp-post-image\" alt=\"\" srcset=\"https:\/\/www.blakors.no\/content\/uploads\/sites\/3\/2019\/11\/Froydis_Eidheim-scaled.jpg 2048w, https:\/\/www.blakors.no\/content\/uploads\/sites\/3\/2019\/11\/Froydis_Eidheim-300x200.jpg 300w, https:\/\/www.blakors.no\/content\/uploads\/sites\/3\/2019\/11\/Froydis_Eidheim-1024x683.jpg 1024w, https:\/\/www.blakors.no\/content\/uploads\/sites\/3\/2019\/11\/Froydis_Eidheim-768x512.jpg 768w, https:\/\/www.blakors.no\/content\/uploads\/sites\/3\/2019\/11\/Froydis_Eidheim-1536x1024.jpg 1536w\" sizes=\"auto, (min-width: 782px) 768px, 100vw\" \/><\/figure>\n\n<div class=\"wp-block-group alignfull is-layout-flow wp-block-group-is-layout-flow\">\n\t<div class=\"t2-post-dynamic-part is-source-filter filter-person_card_meta post-meta wp-block-t2-post-dynamic-part\"><div class=\"title\"><h2 id=\"froydis-eidheim\"  class=\"t2-post-title wp-block-t2-post-title\" >Fr\u00f8ydis Eidheim<\/h2><p class=\"position\">Nasjonal leder Bl\u00e5 Kors kompasset<\/p><\/div><div class=\"contact-info\"><p class=\"phone\"><a href=\"tel:+4748042826\">+47 480 42 826<\/a><\/p><p class=\"email\"><a href=\"mailto:froydis.eidheim@blakors.no\">froydis.eidheim@blakors.no<\/a><\/p><\/div><\/div>\n<\/div>\n\n<\/div>\n\t\t\t\t\n\t\t\t<\/div>","protected":false},"excerpt":{"rendered":"<p>For deg som \u00f8nsker terapi:For avtale om terapi eller informasjon om tilbudet der du bor, klikk p\u00e5 byen n\u00e6rmest deg i menyen. For fagpersonell, presse og andre:Bl\u00e5 Kors kompasset har som en del av sin m\u00e5lsetting \u00e5 v\u00e6re en p\u00e5driver for \u00e5 \u00f8ke kunnskap om rus i familien og v\u00e6re med p\u00e5 \u00e5 bryte tabuer [&hellip;]<\/p>\n","protected":false},"author":1,"featured_media":0,"parent":0,"menu_order":0,"comment_status":"closed","ping_status":"closed","template":"","meta":{"_acf_changed":false,"_relevanssi_hide_post":"","_relevanssi_hide_content":"","_relevanssi_pin_for_all":"on","_relevanssi_pin_keywords":"Kontakt oss, kontakt","_relevanssi_unpin_keywords":"","_relevanssi_related_keywords":"","_relevanssi_related_include_ids":"","_relevanssi_related_exclude_ids":"","_relevanssi_related_no_append":"","_relevanssi_related_not_related":"","_relevanssi_related_posts":"1285,1329,1188,83","_relevanssi_noindex_reason":"","_custom_cards_description":"","footnotes":""},"class_list":["post-26","page","type-page","status-publish","hentry"],"acf":[],"_links":{"self":[{"href":"https:\/\/www.blakors.no\/kompasset\/wp-json\/wp\/v2\/pages\/26","targetHints":{"allow":["GET"]}}],"collection":[{"href":"https:\/\/www.blakors.no\/kompasset\/wp-json\/wp\/v2\/pages"}],"about":[{"href":"https:\/\/www.blakors.no\/kompasset\/wp-json\/wp\/v2\/types\/page"}],"author":[{"embeddable":true,"href":"https:\/\/www.blakors.no\/kompasset\/wp-json\/wp\/v2\/users\/1"}],"replies":[{"embeddable":true,"href":"https:\/\/www.blakors.no\/kompasset\/wp-json\/wp\/v2\/comments?post=26"}],"version-history":[{"count":5,"href":"https:\/\/www.blakors.no\/kompasset\/wp-json\/wp\/v2\/pages\/26\/revisions"}],"predecessor-version":[{"id":4428,"href":"https:\/\/www.blakors.no\/kompasset\/wp-json\/wp\/v2\/pages\/26\/revisions\/4428"}],"wp:attachment":[{"href":"https:\/\/www.blakors.no\/kompasset\/wp-json\/wp\/v2\/media?parent=26"}],"curies":[{"name":"wp","href":"https:\/\/api.w.org\/{rel}","templated":true}]}}