{"id":3001,"date":"2023-09-20T12:35:32","date_gmt":"2023-09-20T10:35:32","guid":{"rendered":"https:\/\/www.blakors.no\/kompasset\/?page_id=3001"},"modified":"2024-08-21T13:57:59","modified_gmt":"2024-08-21T11:57:59","slug":"individual-terapi","status":"publish","type":"page","link":"https:\/\/www.blakors.no\/kompasset\/individual-terapi\/","title":{"rendered":"Individualterapi &#8211; Bl\u00e5 Kors kompasset"},"content":{"rendered":"\n<div class=\"wp-block-lib-header alignfull hide\"><div class=\"image-wrapper\"><img decoding=\"async\" src=\"https:\/\/www.blakors.no\/content\/uploads\/sites\/3\/2020\/01\/20191129_Blaakors1344-scaled.jpg\" alt=\"header\"\/><\/div><div class=\"header-innercontent\"><\/div><\/div>\n\n\n<div class=\"custom-block-banner alignwide contenthalf\"><div class=\"banner-image\" style=\"background-image:url(https:\/\/www.blakors.no\/content\/uploads\/sites\/3\/2020\/01\/20191129_Blaakors1344-1024x683.jpg)\"><\/div><div class=\"banner-inner\"><div><h1 id=\"individualterapi\"  class=\"title large \" >Individualterapi<\/h1><p>Utgangspunktet for \u00e5 s\u00f8ke hjelp er som regel et \u00f8nske om \u00e5 f\u00e5 det bedre. Vi vet at mange trenger tid f\u00f8r de v\u00e5ger \u00e5 snakke om det \u00e5 vokse opp i en familie med alkohol- eller andre rusproblemer. En viktig del av arbeidet starter derfor den dagen du tar kontakt med oss. <\/p><\/div><\/div><\/div>\n\n\n<div class=\"wp-block-group alignwide has-beige-background-color has-background is-layout-constrained wp-block-group-is-layout-constrained\">\n<p class=\"has-text-align-center\"><strong>Vi tilbyr individualterapi i <a href=\"https:\/\/www.blakors.no\/kompasset\/avdelinger\/\">v\u00e5re avdelinger<\/a> og <a href=\"https:\/\/www.blakors.no\/kompasset\/terapi-pa-nett\/\">p\u00e5 nett<\/a><\/strong><\/p>\n<\/div>\n\n\n\n<p><strong>Individualterapi inneb\u00e6rer at du og en terapeut snakker sammen og utforsker det du er opptatt av.<\/strong> Det er vanlig at dere m\u00f8tes flere ganger over noe tid. Terapeutens jobb er \u00e5 skape gode rammer for endring og utvikling. <br><br><strong>Vi er opptatt av \u00e5 lytte til dine erfaringer, og vi legger vekt p\u00e5 at du er den som best vet hva du trenger og \u00f8nsker hjelp til<\/strong>. Temaer og m\u00e5lsetting for samtalene p\u00e5 Kompasset blir derfor til i samarbeid mellom deg og din terapeut. Dette kan endre seg underveis. <\/p>\n\n\n\n<h2 class=\"wp-block-heading\" id=\"h-terapien-kan-handle-om\">Terapien kan handle om: <\/h2>\n\n\n\n<ul class=\"wp-block-list\">\n<li>\u00c5 snakke om det som er vanskelig<\/li>\n\n\n\n<li>\u00c5 bli bedre kjent med seg selv<\/li>\n\n\n\n<li>\u00c5 forst\u00e5 hvordan belastninger i oppveksten kan p\u00e5virke deg i dag<\/li>\n\n\n\n<li>\u00c5 bli kjent med og ta hensyn til egne interesser, verdier og dr\u00f8mmer<\/li>\n\n\n\n<li>\u00c5 kunne sette ord p\u00e5 og forst\u00e5 egne f\u00f8lelser<\/li>\n\n\n\n<li>\u00c5 sette gode grenser og oppn\u00e5 handlekraft<\/li>\n\n\n\n<li>\u00c5 se nye og andre muligheter<\/li>\n\n\n\n<li>\u00c5 takle overgangssituasjoner; for eksempel \u00e5 flytte hjemmefra, starte i ny jobb, etablere n\u00e6re relasjoner og egen familie<\/li>\n<\/ul>\n","protected":false},"excerpt":{"rendered":"<p>Vi tilbyr individualterapi i v\u00e5re avdelinger og p\u00e5 nett Individualterapi inneb\u00e6rer at du og en terapeut snakker sammen og utforsker det du er opptatt av. Det er vanlig at dere m\u00f8tes flere ganger over noe tid. Terapeutens jobb er \u00e5 skape gode rammer for endring og utvikling. Vi er opptatt av \u00e5 lytte til dine [&hellip;]<\/p>\n","protected":false},"author":134,"featured_media":577,"parent":0,"menu_order":0,"comment_status":"closed","ping_status":"closed","template":"","meta":{"_acf_changed":false,"_relevanssi_hide_post":"","_relevanssi_hide_content":"","_relevanssi_pin_for_all":"","_relevanssi_pin_keywords":"","_relevanssi_unpin_keywords":"","_relevanssi_related_keywords":"","_relevanssi_related_include_ids":"","_relevanssi_related_exclude_ids":"","_relevanssi_related_no_append":"","_relevanssi_related_not_related":"","_relevanssi_related_posts":"1188,83,1329,1285","_relevanssi_noindex_reason":"","_custom_cards_description":"","footnotes":""},"class_list":["post-3001","page","type-page","status-publish","has-post-thumbnail","hentry"],"acf":[],"_links":{"self":[{"href":"https:\/\/www.blakors.no\/kompasset\/wp-json\/wp\/v2\/pages\/3001","targetHints":{"allow":["GET"]}}],"collection":[{"href":"https:\/\/www.blakors.no\/kompasset\/wp-json\/wp\/v2\/pages"}],"about":[{"href":"https:\/\/www.blakors.no\/kompasset\/wp-json\/wp\/v2\/types\/page"}],"author":[{"embeddable":true,"href":"https:\/\/www.blakors.no\/kompasset\/wp-json\/wp\/v2\/users\/134"}],"replies":[{"embeddable":true,"href":"https:\/\/www.blakors.no\/kompasset\/wp-json\/wp\/v2\/comments?post=3001"}],"version-history":[{"count":5,"href":"https:\/\/www.blakors.no\/kompasset\/wp-json\/wp\/v2\/pages\/3001\/revisions"}],"predecessor-version":[{"id":3582,"href":"https:\/\/www.blakors.no\/kompasset\/wp-json\/wp\/v2\/pages\/3001\/revisions\/3582"}],"wp:featuredmedia":[{"embeddable":true,"href":"https:\/\/www.blakors.no\/kompasset\/wp-json\/wp\/v2\/media\/577"}],"wp:attachment":[{"href":"https:\/\/www.blakors.no\/kompasset\/wp-json\/wp\/v2\/media?parent=3001"}],"curies":[{"name":"wp","href":"https:\/\/api.w.org\/{rel}","templated":true}]}}