{"id":593,"date":"2020-01-07T17:55:11","date_gmt":"2020-01-07T16:55:11","guid":{"rendered":"https:\/\/www.blakors.no\/kompasset\/?page_id=593"},"modified":"2023-03-28T15:24:23","modified_gmt":"2023-03-28T13:24:23","slug":"radgivning","status":"publish","type":"page","link":"https:\/\/www.blakors.no\/kompasset\/radgivning\/","title":{"rendered":"R\u00e5dgivning"},"content":{"rendered":"<div class=\"custom-block-banner alignwide contenthalf\"><div class=\"banner-image\" style=\"background-image:url(https:\/\/www.blakors.no\/content\/uploads\/sites\/3\/2020\/01\/1738-1-1024x661.jpg)\"><\/div><div class=\"banner-inner\"><div><h1 id=\"radgivning\"  class=\"title large \" >R\u00e5dgivning<\/h1><p>Bl\u00e5 Kors kompasset har betydelig erfaring med og kompetanse rundt hvordan rus p\u00e5virker familier og hvilke konsekvenser det kan ha \u00e5 vokse opp med slike belastninger. Vi driver informasjons- og opplysningsarbeid, undervisning, politisk p\u00e5virkning og veiledning <\/p><\/div><\/div><\/div>\n\n\n<p>Rus, og s\u00e6rlig misbruk av alkohol, er et betydelig samfunnsproblem, og det rammer til enhver tid 90.000 barn under 18 \u00e5r i Norge. <\/p>\n\n\n\n<p>Bl\u00e5 Kors kompasset ser det som sin oppgave \u00e5 rette fokus mot denne tematikken, b\u00e5de p\u00e5 samfunnsniv\u00e5 og i faglige sammenhenger. <strong>Vi driver informasjons- og opplysningsarbeid, undervisning, politisk p\u00e5virkning og veiledning<\/strong> for \u00e5 understreke at dette ang\u00e5r en betydelig gruppe unge mennesker.<\/p>\n\n\n\n<p>Dersom du er journalist, helsepersonell, l\u00e6rer, familie eller venn og \u00f8nsker bidrag, r\u00e5d eller veiledning kan du ta kontakt nedenfor:<\/p>\n\n\n\n<p class=\"has-text-align-center has-beige-background-color has-background\"><strong>Vi tilbyr r\u00e5dgivning p\u00e5 telefon, <a href=\"https:\/\/www.blakors.no\/kompasset\/avdelinger\/\">i v\u00e5re avdelinger<\/a> og <a href=\"https:\/\/www.blakors.no\/kompasset\/terapi-pa-nett\/\">p\u00e5 nett<\/a><\/strong><\/p>\n","protected":false},"excerpt":{"rendered":"<p>Rus, og s\u00e6rlig misbruk av alkohol, er et betydelig samfunnsproblem, og det rammer til enhver tid 90.000 barn under 18 \u00e5r i Norge. Bl\u00e5 Kors kompasset ser det som sin oppgave \u00e5 rette fokus mot denne tematikken, b\u00e5de p\u00e5 samfunnsniv\u00e5 og i faglige sammenhenger. Vi driver informasjons- og opplysningsarbeid, undervisning, politisk p\u00e5virkning og veiledning for [&hellip;]<\/p>\n","protected":false},"author":13,"featured_media":752,"parent":0,"menu_order":0,"comment_status":"closed","ping_status":"closed","template":"","meta":{"_acf_changed":false,"_relevanssi_hide_post":"","_relevanssi_hide_content":"","_relevanssi_pin_for_all":"","_relevanssi_pin_keywords":"","_relevanssi_unpin_keywords":"","_relevanssi_related_keywords":"","_relevanssi_related_include_ids":"","_relevanssi_related_exclude_ids":"","_relevanssi_related_no_append":"","_relevanssi_related_not_related":"","_relevanssi_related_posts":"1329,83,1285","_relevanssi_noindex_reason":"","_custom_cards_description":"","footnotes":""},"class_list":["post-593","page","type-page","status-publish","has-post-thumbnail","hentry"],"acf":[],"_links":{"self":[{"href":"https:\/\/www.blakors.no\/kompasset\/wp-json\/wp\/v2\/pages\/593","targetHints":{"allow":["GET"]}}],"collection":[{"href":"https:\/\/www.blakors.no\/kompasset\/wp-json\/wp\/v2\/pages"}],"about":[{"href":"https:\/\/www.blakors.no\/kompasset\/wp-json\/wp\/v2\/types\/page"}],"author":[{"embeddable":true,"href":"https:\/\/www.blakors.no\/kompasset\/wp-json\/wp\/v2\/users\/13"}],"replies":[{"embeddable":true,"href":"https:\/\/www.blakors.no\/kompasset\/wp-json\/wp\/v2\/comments?post=593"}],"version-history":[{"count":4,"href":"https:\/\/www.blakors.no\/kompasset\/wp-json\/wp\/v2\/pages\/593\/revisions"}],"predecessor-version":[{"id":2680,"href":"https:\/\/www.blakors.no\/kompasset\/wp-json\/wp\/v2\/pages\/593\/revisions\/2680"}],"wp:featuredmedia":[{"embeddable":true,"href":"https:\/\/www.blakors.no\/kompasset\/wp-json\/wp\/v2\/media\/752"}],"wp:attachment":[{"href":"https:\/\/www.blakors.no\/kompasset\/wp-json\/wp\/v2\/media?parent=593"}],"curies":[{"name":"wp","href":"https:\/\/api.w.org\/{rel}","templated":true}]}}