{"id":599,"date":"2020-01-07T17:56:52","date_gmt":"2020-01-07T16:56:52","guid":{"rendered":"https:\/\/www.blakors.no\/kompasset\/?page_id=599"},"modified":"2024-08-21T13:57:44","modified_gmt":"2024-08-21T11:57:44","slug":"temakveld","status":"publish","type":"page","link":"https:\/\/www.blakors.no\/kompasset\/temakveld\/","title":{"rendered":"Temakveld"},"content":{"rendered":"<div class=\"custom-block-banner alignwide contenthalf\"><div class=\"banner-image\" style=\"background-image:url(https:\/\/www.blakors.no\/content\/uploads\/sites\/3\/2022\/12\/armer.png)\"><\/div><div class=\"banner-inner\"><div><h1 id=\"temakveld\"  class=\"title large \" >Temakveld<\/h1><p>Temakvelder er foredrag om ulike temaer som er relavante hvis man har vokst opp med rus i hjemmet. Vi arrangerer temakvelder regelmessig i v\u00e5re lokaler og p\u00e5 nett. \r\n<\/p><\/div><\/div><\/div>\n\n\n<div class=\"wp-block-group alignwide has-beige-background-color has-background is-layout-constrained wp-block-group-is-layout-constrained\">\n<p class=\"has-text-align-center\"><strong>Vi har digitale og fysiske temakvelder. Se v\u00e5r <a aria-label=\"kalenderen  (opens in a new tab)\" href=\"https:\/\/www.blakors.no\/kompasset\/hva-skjer\/\" target=\"_blank\" rel=\"noreferrer noopener\">kalender<\/a>.<\/strong><\/p>\n<\/div>\n\n\n\n<p><strong>P\u00e5 temakveld kan du m\u00f8te andre med liknende erfaringer. <\/strong>Gjennom et faglig innlegg eller et kulturelt bidrag retter vi blikket mot temaer vi vet er relevante for mange som opps\u00f8ker oss.  Temakveld er ikke terapi, men v\u00e5re terapeuter er tilgjengelige for sp\u00f8rsm\u00e5l p\u00e5 slike arrangementer. Det er anledning til \u00e5 stille sp\u00f8rsm\u00e5l, men du kan ogs\u00e5 bare lytte. Alle som m\u00f8ter opp har taushetsplikt om det som deles.<\/p>\n\n\n\n<p>Temakveldene er \u00e5pne for alle i Bl\u00e5 Kors kompassets m\u00e5lgruppe og man er velkommen til \u00e5 ta med seg en venn eller en annen viktig person.<\/p>\n\n\n\n<p>Noen temakvelder har p\u00e5melding, p\u00e5meldingsinformasjon finner du under hvert arrangement i kalenderen v\u00e5r. <\/p>\n\n\n\n<p class=\"has-text-align-center has-beige-background-color has-background\"><strong>Se kommende temakvelder i <a aria-label=\"kalenderen  (opens in a new tab)\" href=\"https:\/\/www.blakors.no\/kompasset\/hva-skjer\/\" target=\"_blank\" rel=\"noreferrer noopener\">kalenderen<\/a> v\u00e5r.<\/strong><\/p>\n","protected":false},"excerpt":{"rendered":"<p>Vi har digitale og fysiske temakvelder. Se v\u00e5r kalender. P\u00e5 temakveld kan du m\u00f8te andre med liknende erfaringer. Gjennom et faglig innlegg eller et kulturelt bidrag retter vi blikket mot temaer vi vet er relevante for mange som opps\u00f8ker oss. Temakveld er ikke terapi, men v\u00e5re terapeuter er tilgjengelige for sp\u00f8rsm\u00e5l p\u00e5 slike arrangementer. Det [&hellip;]<\/p>\n","protected":false},"author":13,"featured_media":655,"parent":0,"menu_order":0,"comment_status":"closed","ping_status":"closed","template":"","meta":{"_acf_changed":false,"_relevanssi_hide_post":"","_relevanssi_hide_content":"","_relevanssi_pin_for_all":"","_relevanssi_pin_keywords":"","_relevanssi_unpin_keywords":"","_relevanssi_related_keywords":"","_relevanssi_related_include_ids":"","_relevanssi_related_exclude_ids":"","_relevanssi_related_no_append":"","_relevanssi_related_not_related":"","_relevanssi_related_posts":"1285,1329,83","_relevanssi_noindex_reason":"","_custom_cards_description":"","footnotes":""},"class_list":["post-599","page","type-page","status-publish","has-post-thumbnail","hentry"],"acf":[],"_links":{"self":[{"href":"https:\/\/www.blakors.no\/kompasset\/wp-json\/wp\/v2\/pages\/599","targetHints":{"allow":["GET"]}}],"collection":[{"href":"https:\/\/www.blakors.no\/kompasset\/wp-json\/wp\/v2\/pages"}],"about":[{"href":"https:\/\/www.blakors.no\/kompasset\/wp-json\/wp\/v2\/types\/page"}],"author":[{"embeddable":true,"href":"https:\/\/www.blakors.no\/kompasset\/wp-json\/wp\/v2\/users\/13"}],"replies":[{"embeddable":true,"href":"https:\/\/www.blakors.no\/kompasset\/wp-json\/wp\/v2\/comments?post=599"}],"version-history":[{"count":5,"href":"https:\/\/www.blakors.no\/kompasset\/wp-json\/wp\/v2\/pages\/599\/revisions"}],"predecessor-version":[{"id":3581,"href":"https:\/\/www.blakors.no\/kompasset\/wp-json\/wp\/v2\/pages\/599\/revisions\/3581"}],"wp:featuredmedia":[{"embeddable":true,"href":"https:\/\/www.blakors.no\/kompasset\/wp-json\/wp\/v2\/media\/655"}],"wp:attachment":[{"href":"https:\/\/www.blakors.no\/kompasset\/wp-json\/wp\/v2\/media?parent=599"}],"curies":[{"name":"wp","href":"https:\/\/api.w.org\/{rel}","templated":true}]}}