{"id":266,"date":"2020-08-06T11:01:58","date_gmt":"2020-08-06T09:01:58","guid":{"rendered":"https:\/\/www.blakors.no\/kristiansand\/?page_id=266"},"modified":"2024-01-08T14:30:02","modified_gmt":"2024-01-08T13:30:02","slug":"bla-kors-kulturskole","status":"publish","type":"page","link":"https:\/\/www.blakors.no\/kristiansand\/virksomheter\/bla-kors-kulturskole\/","title":{"rendered":"Bl\u00e5 Kors kulturskole"},"content":{"rendered":"<div class=\"custom-block-banner alignwide contenthalf\"><div class=\"banner-image\" style=\"background-image:url(https:\/\/www.blakors.no\/content\/uploads\/sites\/11\/2020\/08\/BK-Posebyen-Kulturskole-1024x683.jpg)\"><\/div><div class=\"banner-inner\"><div><h1 id=\"bla-kors-kulturskole\"  class=\"title large \" >Bl\u00e5 Kors kulturskole<\/h1><\/div><\/div><\/div>\n\n\n<p>Vi har dessverre avviklet v\u00e5rt kulturskoletilbud. For andre tilbud for ungdom i Bl\u00e5 Kors Kristiansand, sjekk ut v\u00e5r <a href=\"https:\/\/www.blakors.no\/kristiansand\/virksomheter\/bla-kors-vision-aktivitetspark\/\">aktivitetspark<\/a><strong>.<\/strong><\/p>\n","protected":false},"excerpt":{"rendered":"<p>Vi har dessverre avviklet v\u00e5rt kulturskoletilbud. For andre tilbud for ungdom i Bl\u00e5 Kors Kristiansand, sjekk ut v\u00e5r aktivitetspark.<\/p>\n","protected":false},"author":25,"featured_media":267,"parent":7,"menu_order":0,"comment_status":"closed","ping_status":"closed","template":"","meta":{"_acf_changed":false,"_relevanssi_hide_post":"","_relevanssi_hide_content":"","_relevanssi_pin_for_all":"","_relevanssi_pin_keywords":"","_relevanssi_unpin_keywords":"","_relevanssi_related_keywords":"","_relevanssi_related_include_ids":"","_relevanssi_related_exclude_ids":"","_relevanssi_related_no_append":"","_relevanssi_related_not_related":"","_relevanssi_related_posts":"4130,4147,4160,3765,4095,4154","_relevanssi_noindex_reason":"","_custom_cards_description":"","footnotes":""},"class_list":["post-266","page","type-page","status-publish","has-post-thumbnail","hentry"],"acf":[],"_links":{"self":[{"href":"https:\/\/www.blakors.no\/kristiansand\/wp-json\/wp\/v2\/pages\/266","targetHints":{"allow":["GET"]}}],"collection":[{"href":"https:\/\/www.blakors.no\/kristiansand\/wp-json\/wp\/v2\/pages"}],"about":[{"href":"https:\/\/www.blakors.no\/kristiansand\/wp-json\/wp\/v2\/types\/page"}],"author":[{"embeddable":true,"href":"https:\/\/www.blakors.no\/kristiansand\/wp-json\/wp\/v2\/users\/25"}],"replies":[{"embeddable":true,"href":"https:\/\/www.blakors.no\/kristiansand\/wp-json\/wp\/v2\/comments?post=266"}],"version-history":[{"count":5,"href":"https:\/\/www.blakors.no\/kristiansand\/wp-json\/wp\/v2\/pages\/266\/revisions"}],"predecessor-version":[{"id":7880,"href":"https:\/\/www.blakors.no\/kristiansand\/wp-json\/wp\/v2\/pages\/266\/revisions\/7880"}],"up":[{"embeddable":true,"href":"https:\/\/www.blakors.no\/kristiansand\/wp-json\/wp\/v2\/pages\/7"}],"wp:featuredmedia":[{"embeddable":true,"href":"https:\/\/www.blakors.no\/kristiansand\/wp-json\/wp\/v2\/media\/267"}],"wp:attachment":[{"href":"https:\/\/www.blakors.no\/kristiansand\/wp-json\/wp\/v2\/media?parent=266"}],"curies":[{"name":"wp","href":"https:\/\/api.w.org\/{rel}","templated":true}]}}