{"id":276,"date":"2020-08-06T11:45:51","date_gmt":"2020-08-06T09:45:51","guid":{"rendered":"https:\/\/www.blakors.no\/kristiansand\/?page_id=276"},"modified":"2025-09-08T15:24:36","modified_gmt":"2025-09-08T13:24:36","slug":"bla-kors-foreningen","status":"publish","type":"page","link":"https:\/\/www.blakors.no\/kristiansand\/virksomheter\/bla-kors-foreningen\/","title":{"rendered":"Bl\u00e5 Kors Foreningen"},"content":{"rendered":"<div class=\"custom-block-banner alignwide has-background has-blue-light-background-color contenthalf\"><div class=\"banner-image\" style=\"background-image:url(https:\/\/www.blakors.no\/content\/uploads\/sites\/11\/2020\/08\/komper.jpg)\"><\/div><div class=\"banner-inner\"><div><h1 id=\"omsorg-og-medmenneskelighet-i-100-ar\"  class=\"title small \" >Omsorg og medmenneskelighet i 100 \u00e5r<\/h1><p>Bl\u00e5 Kors foreningen har lange tradisjoner i byen og driver omsorgsarbeid over et stort spekter.\u00a0<\/p><\/div><\/div><\/div>\n\n\n<p>Tradisjonelle, evangeliske m\u00f8ter og sangm\u00f8ter har v\u00e6rt et fundement helt siden etableringen i 1909 og det arrangeres fremdeles m\u00f8ter hver uke. Foreningen st\u00e5r ogs\u00e5 bak ettervernsgruppa som i 2016 markerte sitt 25 \u00e5rs jubileum. Samlingene er et viktig treffpunkt hvor forutsigbarheten og de trygge sosiale rammene er avgj\u00f8rende.<\/p>\n\n\n\n<p>Foreningen har flere kor for folk i forskjellige aldre.<br>Speidergruppa feiret sitt 70-\u00e5rs jubileum i 2017 og er fremdeles veldig aktiv.<br>Bl\u00e5 Kors samarbeider ogs\u00e5 med andre akt\u00f8rer i byen i forbindelse med fengselsbes\u00f8k.<\/p>\n\n\n\n<h2 id=\"turer\"  class=\"wp-block-heading\" >Turer<\/h2>\n\n\n\n<div class=\"custom-block-factbox has-background has-green-light-background-color\">\n\t<h2 id=\"oktober-2025-svipptur-til-sverige\"  >Oktober 2025: Svipptur til Sverige<\/h2>\n<h3 id=\"program\"  >Program<\/h3>\n<p><strong>ONSDAG 8\/10:<\/strong> Avreise fra Bl\u00e5 Kors, Gyldenl\u00f8vesgt. 60 kl 08:00. Vi kj\u00f8rer til Horten og tar ferja over til Moss. Deretter g\u00e5r turen til Nordby Hotell (Rasta. Tlf: +46\u202f526 40\u202f200). Etter middag skal vi til \u00d8sterbo Evangeliesenter, der vi skal ha m\u00f8te kl 19:30. Det blir informasjon om arbeidet, sang og vitnesbyrd av bl.a. Itohan P. Moses med venner. Kaffe og noe \u00e5 bite i blir det ogs\u00e5.<\/p>\n<p><strong>TORSDAG 9\/10:<\/strong> Etter frokost er det tid til \u00e5 handle i Nordby-senteret. Vi kj\u00f8rer s\u00e5 til fergen i Str\u00f8mstad med avgang kl 13:40. Vi har ogs\u00e5 p\u00e5 denne turen lagt inn det store skandinaviske buffetbordet i prisen. Etter en hyggelig overfart er vi i Sandefjord kl 16:10, og ankommer Bl\u00e5 Kors, Gyldenl\u00f8vesgt. 60 ca. kl 19:30. Endringer i programmet kan forekomme.<\/p>\n<p><strong>Turpris kr 1.990,- inkluderer:<\/strong><br \/>\nReise i moderne turbuss, vei-avgifter, ferjeoverfart Sandefjord-Str\u00f8mstad, overnatting p\u00e5 Nordby Hotell, middag, frokost og buffetbord. Kaffe og kaker n\u00e5r vi raster. Tillegg for enkeltrom (begrenset antall): kr 350,-.<\/p>\n<p><strong>P\u00e5melding: <\/strong><br \/>\nBl\u00e5 Kors Kristiansand,<br \/>\nmobil: 90 10 68 73, e-post: <a href=\"mailto:trond.gundersen@blakorskrs.no\">trond.gundersen@blakorskrs.no <\/a><\/p>\n<p>Betaling p\u00e5 tilsendt faktura. Husk gyldig legitimasjon. Deltaker er ansvarlig for egen reise- og avbestillingsforsikring.<\/p>\n<\/div>\n","protected":false},"excerpt":{"rendered":"<p>Tradisjonelle, evangeliske m\u00f8ter og sangm\u00f8ter har v\u00e6rt et fundement helt siden etableringen i 1909 og det arrangeres fremdeles m\u00f8ter hver uke. Foreningen st\u00e5r ogs\u00e5 bak ettervernsgruppa som i 2016 markerte sitt 25 \u00e5rs jubileum. Samlingene er et viktig treffpunkt hvor forutsigbarheten og de trygge sosiale rammene er avgj\u00f8rende. Foreningen har flere kor for folk i [&hellip;]<\/p>\n","protected":false},"author":25,"featured_media":277,"parent":7,"menu_order":0,"comment_status":"closed","ping_status":"closed","template":"","meta":{"_acf_changed":false,"_relevanssi_hide_post":"","_relevanssi_hide_content":"","_relevanssi_pin_for_all":"","_relevanssi_pin_keywords":"","_relevanssi_unpin_keywords":"","_relevanssi_related_keywords":"","_relevanssi_related_include_ids":"","_relevanssi_related_exclude_ids":"","_relevanssi_related_no_append":"","_relevanssi_related_not_related":"","_relevanssi_related_posts":"4147,4130,3765,4095,4103,4163","_relevanssi_noindex_reason":"","_custom_cards_description":"","footnotes":""},"class_list":["post-276","page","type-page","status-publish","has-post-thumbnail","hentry"],"acf":[],"_links":{"self":[{"href":"https:\/\/www.blakors.no\/kristiansand\/wp-json\/wp\/v2\/pages\/276","targetHints":{"allow":["GET"]}}],"collection":[{"href":"https:\/\/www.blakors.no\/kristiansand\/wp-json\/wp\/v2\/pages"}],"about":[{"href":"https:\/\/www.blakors.no\/kristiansand\/wp-json\/wp\/v2\/types\/page"}],"author":[{"embeddable":true,"href":"https:\/\/www.blakors.no\/kristiansand\/wp-json\/wp\/v2\/users\/25"}],"replies":[{"embeddable":true,"href":"https:\/\/www.blakors.no\/kristiansand\/wp-json\/wp\/v2\/comments?post=276"}],"version-history":[{"count":5,"href":"https:\/\/www.blakors.no\/kristiansand\/wp-json\/wp\/v2\/pages\/276\/revisions"}],"predecessor-version":[{"id":9127,"href":"https:\/\/www.blakors.no\/kristiansand\/wp-json\/wp\/v2\/pages\/276\/revisions\/9127"}],"up":[{"embeddable":true,"href":"https:\/\/www.blakors.no\/kristiansand\/wp-json\/wp\/v2\/pages\/7"}],"wp:featuredmedia":[{"embeddable":true,"href":"https:\/\/www.blakors.no\/kristiansand\/wp-json\/wp\/v2\/media\/277"}],"wp:attachment":[{"href":"https:\/\/www.blakors.no\/kristiansand\/wp-json\/wp\/v2\/media?parent=276"}],"curies":[{"name":"wp","href":"https:\/\/api.w.org\/{rel}","templated":true}]}}