{"id":3,"date":"2020-03-24T20:56:50","date_gmt":"2020-03-24T19:56:50","guid":{"rendered":"https:\/\/www.blakors.no\/kristiansand\/?page_id=3"},"modified":"2025-11-21T10:34:43","modified_gmt":"2025-11-21T09:34:43","slug":"om-oss","status":"publish","type":"page","link":"https:\/\/www.blakors.no\/kristiansand\/om-oss\/","title":{"rendered":"Om Bl\u00e5 Kors Kristiansand"},"content":{"rendered":"<div class=\"custom-block-banner alignwide has-background has-blue-light-background-color contenthalf\"><div class=\"banner-image\" style=\"background-image:url(https:\/\/www.blakors.no\/content\/uploads\/sites\/11\/2025\/11\/Tidgivere-1920px-1024x681.png)\"><\/div><div class=\"banner-inner\"><div><h1 id=\"i-sentrum-star-et-menneske\"  class=\"title small \" >I sentrum st\u00e5r et menneske<\/h1><\/div><\/div><\/div>\n\n\n<blockquote class=\"wp-block-quote is-layout-flow wp-block-quote-is-layout-flow\">\n<p>Med hjerte, kunnskap og kraft skaper Bl\u00e5 Kors mulighet for mestring og mening.<\/p>\n<cite>Bl\u00e5 Kors&#8217; visjon<\/cite><\/blockquote>\n\n\n\n<p><strong>I over 115 \u00e5r har Bl\u00e5 Kors med hjerte, kunnskap og kraft v\u00e6rt en trygg havn for mennesker som av ulike \u00e5rsaker sliter i hverdagen. Det skal vi fortsatt v\u00e6re.<\/strong><\/p>\n\n\n\n<p>Bl\u00e5 Kors Kristiansand ble etablert i 1909, og har en lang historie bak seg. Bl\u00e5 Kors er en diakonal organisasjon som fremmer rusfrihet i samfunnet. Vi hjelper mennesker som sliter med alkohol-, rus- og spilleavhengighet, psykiske utfordringer og mobbing. Organisasjonen satser ogs\u00e5 p\u00e5 forebyggende tiltak i tillegg til behandling, rehabilitering og ettervern av mennesker og deres familier.<br><br>Mange har det t\u00f8ft. Blant annet kommer 1 av 10 barn hjem til rus hver dag. Andre sliter med psykiske lidelser, isolasjon og ensomhet. Fattig og rik, syk og frisk \u2013 rusen f\u00f8rer til mye smerte for den det gjelder, p\u00e5r\u00f8rende og samfunnet. <\/p>\n\n\n\n<h2 id=\"virksomheter-og-tjenester\"  class=\"wp-block-heading\" >Virksomheter og tjenester<\/h2>\n\n\n\n<p>Vi holder til i sentrum av Kristiansand, i \u00abPosebyen\u00bb, med forskjellige <a href=\"https:\/\/www.blakors.no\/kristiansand\/virksomheter\/\">virksomheter<\/a>. M\u00e5lgruppene for virksomhetene spenner seg fra gravide og de yngste barna, til voksne og eldre mennesker. Driften dekkes i stor grad av det offentlige slik at alle gaver g\u00e5r til aktivitet og hjelp til dem som trenger det.<\/p>\n\n\n\n<figure class=\"wp-block-embed dekode-gtm-iframe-preview is-type-video is-provider-youtube wp-block-embed-youtube wp-embed-aspect-16-9 wp-has-aspect-ratio\"><div class=\"wp-block-embed__wrapper\">\n<iframe title=\"Glimt fra Bl\u00e5 Kors Kristiansand\" width=\"500\" height=\"281\" data-cookieconsent=\"marketing\" data-cookieblock-src=\"https:\/\/www.youtube.com\/embed\/xUJLSDJRTck?feature=oembed\"  allow=\"accelerometer; autoplay; clipboard-write; encrypted-media; gyroscope; picture-in-picture; web-share\" referrerpolicy=\"strict-origin-when-cross-origin\" allowfullscreen sandbox=\"allow-scripts allow-same-origin allow-popups allow-presentation allow-popups-to-escape-sandbox\"><\/iframe>\n\t\t<div class=\"cookieconsent-optout-marketing dekode-gtm-cookie-consent-video-placeholder\">\n\t\t\t<div class=\"dekode-gtm-cookie-consent is-block-core-embed is-provider-youtube\">\n\t\t\t\t\n\t\t\t<img decoding=\"async\" src=\"https:\/\/i.ytimg.com\/vi\/xUJLSDJRTck\/hqdefault.jpg\" alt=\"youtube\" \/>\n\t\t\t\t<div class=\"overlay\">\n\t\t\t\t\t<div class=\"cookie-info\">\n\t\t\t\t\t\t<h2 id=\"her-ligger-det-medieinnhold-fra-en-ekstern-kilde\"  >Her ligger det medieinnhold fra en ekstern kilde. <\/h2> \n\n<p>For \u00e5 se innholdet, m\u00e5 du endre samtykket ditt.<\/p>\n\n<p>Les mer om hvordan dataen din blir behandlet av eksterne kilder i personvernerkl\u00e6ringen v\u00e5r.<\/p>\n\t\t\t\t\t\t<p>\n\t\t\t\t\t\t\t<a title=\"Endre samtykke\" class=\"dekode-gtm-cookiebot-renew\" href=\"#\">Endre samtykke<\/a>\n\t\t\t\t\t\t\t\n\t\t\t\t\t\t<\/p>\n\t\t\t\t\t<\/div>\n\t\t\t\t<\/div>\n\t\t\t<\/div>\n\t\t<\/div>\n<\/div><\/figure>\n\n\n\n<h2 class=\"wp-block-heading\" id=\"arsrapporter\">\u00c5rsberetninger<\/h2>\n\n\n\n<p>Bl\u00e5 Kors Kristiansands \u00e5rsberetning de siste 10 \u00e5rene er tilgjengelig i PDF. Klikk p\u00e5 bildene f\u00e5r \u00e5 laste ned.<\/p>\n\n\n\n<div class=\"wp-block-group is-layout-grid wp-container-core-group-is-layout-9649a0d9 wp-block-group-is-layout-grid\">\n<figure class=\"wp-block-image size-large\"><a href=\"https:\/\/www.blakors.no\/content\/uploads\/sites\/11\/2025\/11\/Arsberetning-2024-web.pdf\"><img loading=\"lazy\" decoding=\"async\" width=\"722\" height=\"1024\" src=\"https:\/\/www.blakors.no\/content\/uploads\/sites\/11\/2025\/11\/Arsberetning-2024-722x1024.png\" alt=\"A\u030arsberetning-2024\" class=\"wp-image-9287\" srcset=\"https:\/\/www.blakors.no\/content\/uploads\/sites\/11\/2025\/11\/Arsberetning-2024-722x1024.png 722w, https:\/\/www.blakors.no\/content\/uploads\/sites\/11\/2025\/11\/Arsberetning-2024-211x300.png 211w, https:\/\/www.blakors.no\/content\/uploads\/sites\/11\/2025\/11\/Arsberetning-2024-768x1090.png 768w, https:\/\/www.blakors.no\/content\/uploads\/sites\/11\/2025\/11\/Arsberetning-2024-1082x1536.png 1082w, https:\/\/www.blakors.no\/content\/uploads\/sites\/11\/2025\/11\/Arsberetning-2024-1015x1440.png 1015w, https:\/\/www.blakors.no\/content\/uploads\/sites\/11\/2025\/11\/Arsberetning-2024.png 1353w\" sizes=\"auto, (max-width: 722px) 100vw, 722px\" \/><\/a><\/figure>\n\n\n\n<figure class=\"wp-block-image size-large\"><a href=\"https:\/\/www.blakors.no\/content\/uploads\/sites\/11\/2025\/11\/Arsberetning-2023-web.pdf\"><img loading=\"lazy\" decoding=\"async\" width=\"722\" height=\"1024\" src=\"https:\/\/www.blakors.no\/content\/uploads\/sites\/11\/2025\/11\/Arsberetning-2023-722x1024.png\" alt=\"A\u030arsberetning-2023\" class=\"wp-image-9286\" srcset=\"https:\/\/www.blakors.no\/content\/uploads\/sites\/11\/2025\/11\/Arsberetning-2023-722x1024.png 722w, https:\/\/www.blakors.no\/content\/uploads\/sites\/11\/2025\/11\/Arsberetning-2023-211x300.png 211w, https:\/\/www.blakors.no\/content\/uploads\/sites\/11\/2025\/11\/Arsberetning-2023-768x1090.png 768w, https:\/\/www.blakors.no\/content\/uploads\/sites\/11\/2025\/11\/Arsberetning-2023-1082x1536.png 1082w, https:\/\/www.blakors.no\/content\/uploads\/sites\/11\/2025\/11\/Arsberetning-2023-1015x1440.png 1015w, https:\/\/www.blakors.no\/content\/uploads\/sites\/11\/2025\/11\/Arsberetning-2023.png 1353w\" sizes=\"auto, (max-width: 722px) 100vw, 722px\" \/><\/a><\/figure>\n\n\n\n<figure class=\"wp-block-image size-large\"><a href=\"https:\/\/www.blakors.no\/content\/uploads\/sites\/11\/2025\/11\/Arsberetning-2022-web.pdf\"><img loading=\"lazy\" decoding=\"async\" width=\"722\" height=\"1024\" src=\"https:\/\/www.blakors.no\/content\/uploads\/sites\/11\/2025\/11\/Arsberetning-2022-722x1024.png\" alt=\"A\u030arsberetning-2022\" class=\"wp-image-9285\" srcset=\"https:\/\/www.blakors.no\/content\/uploads\/sites\/11\/2025\/11\/Arsberetning-2022-722x1024.png 722w, https:\/\/www.blakors.no\/content\/uploads\/sites\/11\/2025\/11\/Arsberetning-2022-211x300.png 211w, https:\/\/www.blakors.no\/content\/uploads\/sites\/11\/2025\/11\/Arsberetning-2022-768x1090.png 768w, https:\/\/www.blakors.no\/content\/uploads\/sites\/11\/2025\/11\/Arsberetning-2022-1082x1536.png 1082w, https:\/\/www.blakors.no\/content\/uploads\/sites\/11\/2025\/11\/Arsberetning-2022-1015x1440.png 1015w, https:\/\/www.blakors.no\/content\/uploads\/sites\/11\/2025\/11\/Arsberetning-2022.png 1353w\" sizes=\"auto, (max-width: 722px) 100vw, 722px\" \/><\/a><\/figure>\n\n\n\n<figure class=\"wp-block-image size-large\"><a href=\"https:\/\/www.blakors.no\/content\/uploads\/sites\/11\/2025\/11\/Arsberetning-2021-web.pdf\"><img loading=\"lazy\" decoding=\"async\" width=\"722\" height=\"1024\" src=\"https:\/\/www.blakors.no\/content\/uploads\/sites\/11\/2025\/11\/Arsberetning-2021-722x1024.png\" alt=\"A\u030arsberetning-2021\" class=\"wp-image-9284\" srcset=\"https:\/\/www.blakors.no\/content\/uploads\/sites\/11\/2025\/11\/Arsberetning-2021-722x1024.png 722w, https:\/\/www.blakors.no\/content\/uploads\/sites\/11\/2025\/11\/Arsberetning-2021-211x300.png 211w, https:\/\/www.blakors.no\/content\/uploads\/sites\/11\/2025\/11\/Arsberetning-2021-768x1090.png 768w, https:\/\/www.blakors.no\/content\/uploads\/sites\/11\/2025\/11\/Arsberetning-2021-1082x1536.png 1082w, https:\/\/www.blakors.no\/content\/uploads\/sites\/11\/2025\/11\/Arsberetning-2021-1015x1440.png 1015w, https:\/\/www.blakors.no\/content\/uploads\/sites\/11\/2025\/11\/Arsberetning-2021.png 1353w\" sizes=\"auto, (max-width: 722px) 100vw, 722px\" \/><\/a><\/figure>\n\n\n\n<figure class=\"wp-block-image size-large\"><a href=\"https:\/\/www.blakors.no\/content\/uploads\/sites\/11\/2025\/11\/Arsberetning-2020-web.pdf\"><img loading=\"lazy\" decoding=\"async\" width=\"722\" height=\"1024\" src=\"https:\/\/www.blakors.no\/content\/uploads\/sites\/11\/2025\/11\/Arsberetning-2020-722x1024.png\" alt=\"A\u030arsberetning-2020\" class=\"wp-image-9291\" srcset=\"https:\/\/www.blakors.no\/content\/uploads\/sites\/11\/2025\/11\/Arsberetning-2020-722x1024.png 722w, https:\/\/www.blakors.no\/content\/uploads\/sites\/11\/2025\/11\/Arsberetning-2020-211x300.png 211w, https:\/\/www.blakors.no\/content\/uploads\/sites\/11\/2025\/11\/Arsberetning-2020-768x1090.png 768w, https:\/\/www.blakors.no\/content\/uploads\/sites\/11\/2025\/11\/Arsberetning-2020-1082x1536.png 1082w, https:\/\/www.blakors.no\/content\/uploads\/sites\/11\/2025\/11\/Arsberetning-2020-1015x1440.png 1015w, https:\/\/www.blakors.no\/content\/uploads\/sites\/11\/2025\/11\/Arsberetning-2020.png 1353w\" sizes=\"auto, (max-width: 722px) 100vw, 722px\" \/><\/a><\/figure>\n\n\n\n<figure class=\"wp-block-image size-large\"><a href=\"https:\/\/www.blakors.no\/content\/uploads\/sites\/11\/2025\/11\/Arsberetning-2019-web.pdf\"><img loading=\"lazy\" decoding=\"async\" width=\"722\" height=\"1024\" src=\"https:\/\/www.blakors.no\/content\/uploads\/sites\/11\/2025\/11\/Arsberetning-2019-722x1024.png\" alt=\"A\u030arsberetning-2019\" class=\"wp-image-9283\" srcset=\"https:\/\/www.blakors.no\/content\/uploads\/sites\/11\/2025\/11\/Arsberetning-2019-722x1024.png 722w, https:\/\/www.blakors.no\/content\/uploads\/sites\/11\/2025\/11\/Arsberetning-2019-211x300.png 211w, https:\/\/www.blakors.no\/content\/uploads\/sites\/11\/2025\/11\/Arsberetning-2019-768x1090.png 768w, https:\/\/www.blakors.no\/content\/uploads\/sites\/11\/2025\/11\/Arsberetning-2019-1082x1536.png 1082w, https:\/\/www.blakors.no\/content\/uploads\/sites\/11\/2025\/11\/Arsberetning-2019-1015x1440.png 1015w, https:\/\/www.blakors.no\/content\/uploads\/sites\/11\/2025\/11\/Arsberetning-2019.png 1353w\" sizes=\"auto, (max-width: 722px) 100vw, 722px\" \/><\/a><\/figure>\n\n\n\n<figure class=\"wp-block-image size-large\"><a href=\"https:\/\/www.blakors.no\/content\/uploads\/sites\/11\/2025\/11\/Arsberetning-2018-web.pdf\"><img loading=\"lazy\" decoding=\"async\" width=\"722\" height=\"1024\" src=\"https:\/\/www.blakors.no\/content\/uploads\/sites\/11\/2025\/11\/Arsberetning-2018-722x1024.png\" alt=\"A\u030arsberetning-2018\" class=\"wp-image-9282\" srcset=\"https:\/\/www.blakors.no\/content\/uploads\/sites\/11\/2025\/11\/Arsberetning-2018-722x1024.png 722w, https:\/\/www.blakors.no\/content\/uploads\/sites\/11\/2025\/11\/Arsberetning-2018-211x300.png 211w, https:\/\/www.blakors.no\/content\/uploads\/sites\/11\/2025\/11\/Arsberetning-2018-768x1090.png 768w, https:\/\/www.blakors.no\/content\/uploads\/sites\/11\/2025\/11\/Arsberetning-2018-1082x1536.png 1082w, https:\/\/www.blakors.no\/content\/uploads\/sites\/11\/2025\/11\/Arsberetning-2018-1015x1440.png 1015w, https:\/\/www.blakors.no\/content\/uploads\/sites\/11\/2025\/11\/Arsberetning-2018.png 1353w\" sizes=\"auto, (max-width: 722px) 100vw, 722px\" \/><\/a><\/figure>\n\n\n\n<figure class=\"wp-block-image size-large\"><a href=\"https:\/\/www.blakors.no\/content\/uploads\/sites\/11\/2025\/11\/Arsberetning-2017-web.pdf\"><img loading=\"lazy\" decoding=\"async\" width=\"722\" height=\"1024\" src=\"https:\/\/www.blakors.no\/content\/uploads\/sites\/11\/2025\/11\/Arsberetning-2017-722x1024.png\" alt=\"A\u030arsberetning-2017\" class=\"wp-image-9281\" srcset=\"https:\/\/www.blakors.no\/content\/uploads\/sites\/11\/2025\/11\/Arsberetning-2017-722x1024.png 722w, https:\/\/www.blakors.no\/content\/uploads\/sites\/11\/2025\/11\/Arsberetning-2017-211x300.png 211w, https:\/\/www.blakors.no\/content\/uploads\/sites\/11\/2025\/11\/Arsberetning-2017-768x1090.png 768w, https:\/\/www.blakors.no\/content\/uploads\/sites\/11\/2025\/11\/Arsberetning-2017-1082x1536.png 1082w, https:\/\/www.blakors.no\/content\/uploads\/sites\/11\/2025\/11\/Arsberetning-2017-1015x1440.png 1015w, https:\/\/www.blakors.no\/content\/uploads\/sites\/11\/2025\/11\/Arsberetning-2017.png 1353w\" sizes=\"auto, (max-width: 722px) 100vw, 722px\" \/><\/a><\/figure>\n\n\n\n<figure class=\"wp-block-image size-large\"><a href=\"https:\/\/www.blakors.no\/content\/uploads\/sites\/11\/2025\/11\/Arsberetning-2016-web.pdf\"><img loading=\"lazy\" decoding=\"async\" width=\"722\" height=\"1024\" src=\"https:\/\/www.blakors.no\/content\/uploads\/sites\/11\/2025\/11\/Arsberetning-2016-722x1024.png\" alt=\"A\u030arsberetning 2016\" class=\"wp-image-9280\" srcset=\"https:\/\/www.blakors.no\/content\/uploads\/sites\/11\/2025\/11\/Arsberetning-2016-722x1024.png 722w, https:\/\/www.blakors.no\/content\/uploads\/sites\/11\/2025\/11\/Arsberetning-2016-211x300.png 211w, https:\/\/www.blakors.no\/content\/uploads\/sites\/11\/2025\/11\/Arsberetning-2016-768x1090.png 768w, https:\/\/www.blakors.no\/content\/uploads\/sites\/11\/2025\/11\/Arsberetning-2016-1082x1536.png 1082w, https:\/\/www.blakors.no\/content\/uploads\/sites\/11\/2025\/11\/Arsberetning-2016-1015x1440.png 1015w, https:\/\/www.blakors.no\/content\/uploads\/sites\/11\/2025\/11\/Arsberetning-2016.png 1353w\" sizes=\"auto, (max-width: 722px) 100vw, 722px\" \/><\/a><\/figure>\n\n\n\n<figure class=\"wp-block-image size-large\"><a href=\"https:\/\/www.blakors.no\/content\/uploads\/sites\/11\/2025\/11\/Arsberetning-2015-web.pdf\"><img loading=\"lazy\" decoding=\"async\" width=\"722\" height=\"1024\" src=\"https:\/\/www.blakors.no\/content\/uploads\/sites\/11\/2025\/11\/Arsberetning-2015-722x1024.png\" alt=\"A\u030arsberetning 2015\" class=\"wp-image-9279\" srcset=\"https:\/\/www.blakors.no\/content\/uploads\/sites\/11\/2025\/11\/Arsberetning-2015-722x1024.png 722w, https:\/\/www.blakors.no\/content\/uploads\/sites\/11\/2025\/11\/Arsberetning-2015-211x300.png 211w, https:\/\/www.blakors.no\/content\/uploads\/sites\/11\/2025\/11\/Arsberetning-2015-768x1090.png 768w, https:\/\/www.blakors.no\/content\/uploads\/sites\/11\/2025\/11\/Arsberetning-2015-1082x1536.png 1082w, https:\/\/www.blakors.no\/content\/uploads\/sites\/11\/2025\/11\/Arsberetning-2015-1015x1440.png 1015w, https:\/\/www.blakors.no\/content\/uploads\/sites\/11\/2025\/11\/Arsberetning-2015.png 1353w\" sizes=\"auto, (max-width: 722px) 100vw, 722px\" \/><\/a><\/figure>\n<\/div>\n\n\n\n<h2 id=\"bli-medlem-i-bla-kors\"  class=\"wp-block-heading\" >Bli medlem i Bl\u00e5 Kors<\/h2>\n\n\n\n<p>Ved \u00e5 bli medlem i Bl\u00e5 Kors er du med p\u00e5 \u00e5 styrke v\u00e5r diakonale og samfunnsnyttige tjeneste.&nbsp;Bl\u00e5 Kors Kristiansand arbeider med og for mennesker med alkohol-, rus- og spilleavhengighet, psykiske utfordringer og forskjellige former for utenforskap. Vi driver forebyggende tiltak, behandling, rehabilitering og ettervern for mennesker og deres familier. Som medlem i Bl\u00e5 Kors er du med p\u00e5 \u00e5 gi de stemmel\u00f8se en tydelig r\u00f8st i det offentlige som. Du kan forandre livet til noen som virkelig trenger hjelp.&nbsp;Som medlem har du stemmerett p\u00e5&nbsp;lokalforeningens \u00e5rsm\u00f8te.<\/p>\n\n\n\n<h3 id=\"kontingent\"  class=\"wp-block-heading\" >Kontingent<\/h3>\n\n\n\n<p>Ordin\u00e6rt medlemskap: 350,- pr \u00e5r<br>Ektepar: 450,- pr \u00e5r <br>Familiemedlemskap: 500,- pr \u00e5r <br>Unge medlemmer: 100,- pr \u00e5r (inntil det \u00e5ret man fyller 26)<\/p>\n\n\n\n<h2 id=\"bla-kors-i-norge\"  class=\"wp-block-heading\" >Bl\u00e5 Kors i Norge<\/h2>\n\n\n\n<p>Bl\u00e5 Kors eier og driver 54 virksomheter fordelt over store deler av Norge. Vi har behandlingsinstitusjoner, poliklinisk virksomhet, arbeid for barn og unge, videreg\u00e5ende skoler, gaten\u00e6re tiltak, boligsentre, lokale stiftelser og foreninger med mer.<\/p>\n\n\n\n<p>Med n\u00e6rmere 1300 dyktige medarbeidere, 1500 engasjerte frivillige tidgivere og 2400 aktive medlemmer n\u00e5r vi langt ut.<\/p>\n\n\n\n<p>Bl\u00e5 Kors er en paraplyorganisasjon p\u00e5 rusfeltet for 16 medlemsorganisasjoner. Vi er ogs\u00e5 del av&nbsp;<a href=\"https:\/\/www.internationalbluecross.org\/\" target=\"_blank\" rel=\"noreferrer noopener\">International Blue Cross<\/a>&nbsp;som teller\u202frundt 40\u202fmedlemsorganisasjoner.&nbsp; Organisasjonen baserer sin virksomhet p\u00e5 diakonalt arbeid som uttrykkes gjennom nestekj\u00e6rlighet, inkluderende fellesskap og kamp for rettferdighet.<\/p>\n","protected":false},"excerpt":{"rendered":"<p>Med hjerte, kunnskap og kraft skaper Bl\u00e5 Kors mulighet for mestring og mening. Bl\u00e5 Kors&#8217; visjon I over 115 \u00e5r har Bl\u00e5 Kors med hjerte, kunnskap og kraft v\u00e6rt en trygg havn for mennesker som av ulike \u00e5rsaker sliter i hverdagen. Det skal vi fortsatt v\u00e6re. Bl\u00e5 Kors Kristiansand ble etablert i 1909, og har [&hellip;]<\/p>\n","protected":false},"author":25,"featured_media":257,"parent":0,"menu_order":0,"comment_status":"closed","ping_status":"closed","template":"","meta":{"_acf_changed":false,"_relevanssi_hide_post":"","_relevanssi_hide_content":"","_relevanssi_pin_for_all":"","_relevanssi_pin_keywords":"","_relevanssi_unpin_keywords":"","_relevanssi_related_keywords":"","_relevanssi_related_include_ids":"","_relevanssi_related_exclude_ids":"","_relevanssi_related_no_append":"","_relevanssi_related_not_related":"","_relevanssi_related_posts":"720,632,3087,2636,2479,2675","_relevanssi_noindex_reason":"","_custom_cards_description":"","footnotes":""},"class_list":["post-3","page","type-page","status-publish","has-post-thumbnail","hentry"],"acf":[],"_links":{"self":[{"href":"https:\/\/www.blakors.no\/kristiansand\/wp-json\/wp\/v2\/pages\/3","targetHints":{"allow":["GET"]}}],"collection":[{"href":"https:\/\/www.blakors.no\/kristiansand\/wp-json\/wp\/v2\/pages"}],"about":[{"href":"https:\/\/www.blakors.no\/kristiansand\/wp-json\/wp\/v2\/types\/page"}],"author":[{"embeddable":true,"href":"https:\/\/www.blakors.no\/kristiansand\/wp-json\/wp\/v2\/users\/25"}],"replies":[{"embeddable":true,"href":"https:\/\/www.blakors.no\/kristiansand\/wp-json\/wp\/v2\/comments?post=3"}],"version-history":[{"count":4,"href":"https:\/\/www.blakors.no\/kristiansand\/wp-json\/wp\/v2\/pages\/3\/revisions"}],"predecessor-version":[{"id":9292,"href":"https:\/\/www.blakors.no\/kristiansand\/wp-json\/wp\/v2\/pages\/3\/revisions\/9292"}],"wp:featuredmedia":[{"embeddable":true,"href":"https:\/\/www.blakors.no\/kristiansand\/wp-json\/wp\/v2\/media\/257"}],"wp:attachment":[{"href":"https:\/\/www.blakors.no\/kristiansand\/wp-json\/wp\/v2\/media?parent=3"}],"curies":[{"name":"wp","href":"https:\/\/api.w.org\/{rel}","templated":true}]}}