{"id":301,"date":"2020-08-06T14:17:35","date_gmt":"2020-08-06T12:17:35","guid":{"rendered":"https:\/\/www.blakors.no\/kristiansand\/?page_id=301"},"modified":"2025-12-11T11:48:09","modified_gmt":"2025-12-11T10:48:09","slug":"bla-kors-ung-kristiansand","status":"publish","type":"page","link":"https:\/\/www.blakors.no\/kristiansand\/virksomheter\/bla-kors-ung-kristiansand\/","title":{"rendered":"Bl\u00e5 Kors Ung Kristiansand"},"content":{"rendered":"\n\t<div style=\"--t2-hero-dim:0.5;\" class=\"t2-hero t2-hero-content-position-center-left t2-hero-has-dim-50 t2-hero-has-fullsize-image alignfull wp-block-t2-hero has-text-color has-white-color has-background has-blue-darker-background-color\">\n\t\t<img decoding=\"async\" width=\"1920\" height=\"1080\" src=\"https:\/\/www.blakors.no\/content\/uploads\/sites\/11\/2023\/09\/Tre-jenter-spiller-stigegolfspillet.jpg\" class=\"t2-hero__image\" alt=\"Tre jenter spiller stigegolfspillet\" style=\"object-position: 50% 50%;\" loading=\"eager\" fetchpriority=\"high\" srcset=\"https:\/\/www.blakors.no\/content\/uploads\/sites\/11\/2023\/09\/Tre-jenter-spiller-stigegolfspillet.jpg 1920w, https:\/\/www.blakors.no\/content\/uploads\/sites\/11\/2023\/09\/Tre-jenter-spiller-stigegolfspillet-300x169.jpg 300w, https:\/\/www.blakors.no\/content\/uploads\/sites\/11\/2023\/09\/Tre-jenter-spiller-stigegolfspillet-1024x576.jpg 1024w, https:\/\/www.blakors.no\/content\/uploads\/sites\/11\/2023\/09\/Tre-jenter-spiller-stigegolfspillet-768x432.jpg 768w, https:\/\/www.blakors.no\/content\/uploads\/sites\/11\/2023\/09\/Tre-jenter-spiller-stigegolfspillet-1536x864.jpg 1536w\" sizes=\"(max-width: 1920px) 100vw, 1920px\" \/>\n\t\t<div class=\"t2-hero__header\"><div class=\"t2-hero__header__content\">\n\n<h1 id=\"bla-kors-ung-kristiansand\"  class=\"wp-block-heading has-white-color has-text-color\" >Bl\u00e5 Kors Ung, Kristiansand<\/h1>\n\n<\/div><\/div>\n\t<\/div>\n\n\n<p><strong>Bl\u00e5 Kors Ung er n\u00e5 en del av tilbudet i <a href=\"https:\/\/www.blakors.no\/kristiansand\/virksomheter\/bla-kors-aktivitetspark\/\">Bl\u00e5 Kors aktivitetspark<\/a>.<\/strong><\/p>\n","protected":false},"excerpt":{"rendered":"<p>Bl\u00e5 Kors Ung er n\u00e5 en del av tilbudet i Bl\u00e5 Kors aktivitetspark.<\/p>\n","protected":false},"author":25,"featured_media":0,"parent":7,"menu_order":0,"comment_status":"closed","ping_status":"closed","template":"","meta":{"_acf_changed":false,"_relevanssi_hide_post":"","_relevanssi_hide_content":"","_relevanssi_pin_for_all":"","_relevanssi_pin_keywords":"","_relevanssi_unpin_keywords":"","_relevanssi_related_keywords":"","_relevanssi_related_include_ids":"","_relevanssi_related_exclude_ids":"","_relevanssi_related_no_append":"","_relevanssi_related_not_related":"","_relevanssi_related_posts":"4435,4557,4632,4670,4594,4423","_relevanssi_noindex_reason":"","_custom_cards_description":"","footnotes":""},"class_list":["post-301","page","type-page","status-publish","hentry"],"acf":[],"_links":{"self":[{"href":"https:\/\/www.blakors.no\/kristiansand\/wp-json\/wp\/v2\/pages\/301","targetHints":{"allow":["GET"]}}],"collection":[{"href":"https:\/\/www.blakors.no\/kristiansand\/wp-json\/wp\/v2\/pages"}],"about":[{"href":"https:\/\/www.blakors.no\/kristiansand\/wp-json\/wp\/v2\/types\/page"}],"author":[{"embeddable":true,"href":"https:\/\/www.blakors.no\/kristiansand\/wp-json\/wp\/v2\/users\/25"}],"replies":[{"embeddable":true,"href":"https:\/\/www.blakors.no\/kristiansand\/wp-json\/wp\/v2\/comments?post=301"}],"version-history":[{"count":5,"href":"https:\/\/www.blakors.no\/kristiansand\/wp-json\/wp\/v2\/pages\/301\/revisions"}],"predecessor-version":[{"id":9332,"href":"https:\/\/www.blakors.no\/kristiansand\/wp-json\/wp\/v2\/pages\/301\/revisions\/9332"}],"up":[{"embeddable":true,"href":"https:\/\/www.blakors.no\/kristiansand\/wp-json\/wp\/v2\/pages\/7"}],"wp:attachment":[{"href":"https:\/\/www.blakors.no\/kristiansand\/wp-json\/wp\/v2\/media?parent=301"}],"curies":[{"name":"wp","href":"https:\/\/api.w.org\/{rel}","templated":true}]}}