{"id":316,"date":"2020-08-06T15:24:04","date_gmt":"2020-08-06T13:24:04","guid":{"rendered":"https:\/\/www.blakors.no\/kristiansand\/?page_id=316"},"modified":"2025-12-18T12:50:54","modified_gmt":"2025-12-18T11:50:54","slug":"parkour","status":"publish","type":"page","link":"https:\/\/www.blakors.no\/kristiansand\/virksomheter\/bla-kors-aktivitetspark\/parkour\/","title":{"rendered":"Parkourhall"},"content":{"rendered":"<div class=\"custom-block-banner alignwide contenthalf\"><div class=\"banner-image\" style=\"background-image:url(https:\/\/www.blakors.no\/content\/uploads\/sites\/11\/2022\/01\/WEB_VISION_bursdagsfest-03405-1024x683.jpg)\"><\/div><div class=\"banner-inner\"><div><h1 id=\"parkourhall\"  class=\"title large \" >Parkourhall<\/h1><p>Parkour, eller freerunning, er en enkelt eller en rekke sammensatte akrobatiske bevegelser. Det inkluderer klatring, balansering, hopping og l\u00f8ping, samt triks som frontflip, backflip, flikk flakk, wall spin, palm flip, forskjellige kampsport-spark, mm.\r\n&#8211; Treningsgrupper\r\n&#8211; Drop-in muligheter\r\n&#8211; Familieparkour<\/p><\/div><\/div><\/div>\n\n\n<p><strong>Drop in:<br><\/strong>L\u00f8rdag kl 12-16<br>Pris: 150,-&nbsp;<br>Aldersgrense: 8 \u00e5r<\/p>\n\n\n\n<p>Gratis tilgang til parkourhallen (og skatehall og gamingsenter) for deg som har betalt semesteravgift. Se egne priser for ukentlig trening.<\/p>\n\n\n\n<div class=\"wp-block-buttons is-layout-flex wp-block-buttons-is-layout-flex\">\n<div class=\"wp-block-button is-style-fill\"><a class=\"wp-block-button__link wp-element-button\" href=\"https:\/\/event.checkin.no\/212870\/parkourtreninger-var-2026\" target=\"_blank\" rel=\"noopener\">P\u00e5melding til gruppetilbud &gt;<\/a><\/div>\n<\/div>\n\n\n\n<p><strong>Familieparkour:<br><\/strong>Familieskate&nbsp;og familieparkour&nbsp;er for familier med barn under 8 \u00e5r. Dette er et tilbud for de aller minste barna. Hver l\u00f8rdag og s\u00f8ndag mellom kl 10 og 12&nbsp;kan barnefamilier med barn under 8 \u00e5r boltre seg i skatehallen. Inkludert i prisen er l\u00e5n av utstyr, v\u00e5re ber\u00f8mte skatevafler, kaffe og saft.<\/p>\n\n\n\n<p><strong>Familieparkour gjelder kun p\u00e5 l\u00f8rdager<\/strong>.<\/p>\n\n\n\n<p><strong>Priser:<\/strong> 80,- pr pers eller 240 kr for en familie ( 3 pers+)<\/p>\n\n\n\n<p>Har man s\u00f8sken over 8 \u00e5r, kan de v\u00e6re med, men dette gjelder kun for s\u00f8sken. Ikke eldre venner. Eldre s\u00f8sken m\u00e5 ta hensyn til at dette er en tid for de aller minste.<\/p>\n\n\n\n<p><strong>Gruppetilbud:<br><\/strong>For deg som vil trene fast hver uke, p\u00e5 en gruppe, er semesteravgiften 700,-. <br>For &laquo;18+ gruppen&raquo; er prisen 400,- pr semester. Se mer info nedenfor.<\/p>\n\n\n\n<p><strong>Pr\u00f8vetime<br><\/strong>For deg som ikke har pr\u00f8vd parkour f\u00f8r kan du komme p\u00e5 en gratis pr\u00f8vetime.<br>Dette p\u00e5 avtales i forkant p\u00e5 e-post: <a href=\"mailto:aktivitetsparken@blakorskrs.no\">aktivitetsparken@blakorskrs.no<\/a>.<br>NB! Pr\u00f8vetime p\u00e5 \u00abNEXT Gen\u00bb-grupper er ikke mulig. Man kan ikke v\u00e6re nybegynner p\u00e5 disse gruppene.&nbsp;<\/p>\n\n\n\n<h2 class=\"wp-block-heading\" id=\"h-bli-med-i-en-gruppe\">Tren ukentlig med oss:<\/h2>\n\n\n\n<p id=\"h-parkour-eller-freerunning-er-et-enkelt-eller-en-rekke-sammensatte-akrobatiske-bevegelser-det-inkluderer-klatring-balansering-hopping-og-l-ping-samt-triks-som-frontflip-backflip-flikk-flakk-wall-spin-palm-flip-forskjellige-kampsport-spark-osv\">Parkour, eller freerunning, er et enkelt eller en rekke sammensatte akrobatiske bevegelser. Det inkluderer klatring, balansering, hopping og l\u00f8ping, samt triks som frontflip, backflip, flikk flakk, wall spin, palm flip, forskjellige kampsport-spark, mm.<\/p>\n\n\n\n<p>N\u00e5r du melder deg p\u00e5 en gruppe er du med i denne gruppa til samme tid, hver uke ut semesteret. <\/p>\n\n\n\n<p>V\u00e5rt trenerteam best\u00e5r av fire instrukt\u00f8rer som er kurset i parkour, trampolinesikring, f\u00f8rstehjelp og pedagogikk. I tillegg trener alle v\u00e5re trenere aktivt parkour selv. P\u00e5 alle treningene er det \u00e9n hovedtrener. Disse jobber faste dager hver uke, slik at de som g\u00e5r p\u00e5 gruppene blir godt kjent med sine trenere.<\/p>\n\n\n\n<p>Kj\u00f8p tilgang til en gruppe ved \u00e5 klikke p\u00e5 den aktuelle gruppen nedenfor. Se mer info p\u00e5 selve bestillingssiden.<\/p>\n\n\n\n<p><strong>Vi har tre ulike gruppetilbud:<\/strong><\/p>\n\n\n\n<ul class=\"wp-block-list\">\n<li>INTRO-gruppe for de som ikke har v\u00e6rt p\u00e5 parkourtrening tidligere<\/li>\n\n\n\n<li>Vanlige grupper<\/li>\n\n\n\n<li>NEXT GEN er for deg som \u00f8nsker \u00e5 utvikle deg enda mer.<\/li>\n<\/ul>\n\n\n\n<p><strong>Semesteravgift per halv\u00e5r: 700,-<\/strong><\/p>\n\n\n\n<p><em>Vi har 15% s\u00f8skenrabatt p\u00e5 semesteravgift, og hvis en har flere treninger pr uke. Rabatten kommer opp under bestilling.<\/em><\/p>\n\n\n\n<figure class=\"wp-block-table alignwide is-style-regular\"><table><tbody><tr><td class=\"has-text-align-center\" data-align=\"center\"><strong>Tid<\/strong><\/td><td class=\"has-text-align-center\" data-align=\"center\"><strong>Tirsdag<\/strong><\/td><td class=\"has-text-align-center\" data-align=\"center\"><strong>Onsdag<\/strong><\/td><td class=\"has-text-align-center\" data-align=\"center\"><strong>Torsdag<\/strong><\/td><td class=\"has-text-align-center\" data-align=\"center\"><strong>L\u00f8rdag<\/strong><\/td><\/tr><tr><td class=\"has-text-align-center\" data-align=\"center\">10-12<\/td><td class=\"has-text-align-center\" data-align=\"center\"><\/td><td class=\"has-text-align-center\" data-align=\"center\"><\/td><td class=\"has-text-align-center\" data-align=\"center\"><\/td><td class=\"has-text-align-center\" data-align=\"center\">Familieparkour<\/td><\/tr><tr><td class=\"has-text-align-center\" data-align=\"center\">12-16<\/td><td class=\"has-text-align-center\" data-align=\"center\"><\/td><td class=\"has-text-align-center\" data-align=\"center\"><\/td><td class=\"has-text-align-center\" data-align=\"center\"><\/td><td class=\"has-text-align-center\" data-align=\"center\">Drop-in<\/td><\/tr><tr><td class=\"has-text-align-center\" data-align=\"center\">16-17<\/td><td class=\"has-text-align-center\" data-align=\"center\"><a class=\"wp-block-button__link has-white-color has-blue-background-color has-text-color has-background wp-element-button\" href=\"https:\/\/event.checkin.no\/212870\/parkourtreninger-var-2026\" style=\"border-radius:0px\" target=\"_blank\" rel=\"noopener\">5.-7. klasse<br>INTRO<\/a><\/td><td class=\"has-text-align-center\" data-align=\"center\"><\/td><td class=\"has-text-align-center\" data-align=\"center\"><\/td><td class=\"has-text-align-center\" data-align=\"center\"><\/td><\/tr><tr><td class=\"has-text-align-center\" data-align=\"center\">17-18<\/td><td class=\"has-text-align-center\" data-align=\"center\"><a class=\"wp-block-button__link has-white-color has-blue-background-color has-text-color has-background wp-element-button\" href=\"https:\/\/event.checkin.no\/212870\/parkourtreninger-var-2026\" style=\"border-radius:0px\" target=\"_blank\" rel=\"noopener\">1.-2. klasse<\/a><\/td><td class=\"has-text-align-center\" data-align=\"center\"><a class=\"wp-block-button__link has-white-color has-blue-background-color has-text-color has-background wp-element-button\" style=\"border-radius:0px\" href=\"https:\/\/event.checkin.no\/212870\/parkourtreninger-var-2026\" target=\"_blank\" rel=\"noopener\">3.-4. klasse<br>NEXT GEN<\/a><br><\/td><td class=\"has-text-align-center\" data-align=\"center\"><a class=\"wp-block-button__link has-white-color has-blue-background-color has-text-color has-background wp-element-button\" style=\"border-radius:0px\" href=\"https:\/\/event.checkin.no\/212870\/parkourtreninger-var-2026\" target=\"_blank\" rel=\"noopener\">5.-6. klasse<\/a><\/td><td class=\"has-text-align-center\" data-align=\"center\"><\/td><\/tr><tr><td class=\"has-text-align-center\" data-align=\"center\">18-19<\/td><td class=\"has-text-align-center\" data-align=\"center\"><a class=\"wp-block-button__link has-white-color has-blue-background-color has-text-color has-background wp-element-button\" href=\"https:\/\/event.checkin.no\/212870\/parkourtreninger-var-2026\" style=\"border-radius:0px\" target=\"_blank\" rel=\"noopener\">3.-4. klasse<\/a><\/td><td class=\"has-text-align-center\" data-align=\"center\"><a class=\"wp-block-button__link has-white-color has-blue-background-color has-text-color has-background wp-element-button\" href=\"https:\/\/event.checkin.no\/212870\/parkourtreninger-var-2026\" style=\"border-radius:0px\" target=\"_blank\" rel=\"noopener\">3.-4. klasse<\/a><\/td><td class=\"has-text-align-center\" data-align=\"center\"><a class=\"wp-block-button__link has-white-color has-blue-background-color has-text-color has-background wp-element-button\" style=\"border-radius:0px\" href=\"https:\/\/event.checkin.no\/212870\/parkourtreninger-var-2026\" target=\"_blank\" rel=\"noopener\">3.-4. klasse<\/a><\/td><td class=\"has-text-align-center\" data-align=\"center\"><\/td><\/tr><tr><td class=\"has-text-align-center\" data-align=\"center\">19-20<\/td><td class=\"has-text-align-center\" data-align=\"center\"><a class=\"wp-block-button__link has-white-color has-blue-background-color has-text-color has-background wp-element-button\" href=\"https:\/\/event.checkin.no\/212870\/parkourtreninger-var-2026\" style=\"border-radius:0px\" target=\"_blank\" rel=\"noopener\">5.-6. klasse<br>NEXT GEN<\/a><\/td><td class=\"has-text-align-center\" data-align=\"center\"><a class=\"wp-block-button__link has-white-color has-blue-background-color has-text-color has-background wp-element-button\" href=\"https:\/\/event.checkin.no\/212870\/parkourtreninger-var-2026\" style=\"border-radius:0px\" target=\"_blank\" rel=\"noopener\">6.-7. klasse<br>NEXT GEN<\/a><\/td><td class=\"has-text-align-center\" data-align=\"center\"><a class=\"wp-block-button__link has-white-color has-blue-background-color has-text-color has-background wp-element-button\" href=\"https:\/\/event.checkin.no\/212870\/parkourtreninger-var-2026\" style=\"border-radius:0px\" target=\"_blank\" rel=\"noopener\">6.-7. klasse<\/a><\/td><td class=\"has-text-align-center\" data-align=\"center\"><\/td><\/tr><tr><td class=\"has-text-align-center\" data-align=\"center\">20-21<\/td><td class=\"has-text-align-center\" data-align=\"center\"><a class=\"wp-block-button__link has-white-color has-blue-background-color has-text-color has-background wp-element-button\" href=\"https:\/\/event.checkin.no\/212870\/parkourtreninger-var-2026\" style=\"border-radius:0px\" target=\"_blank\" rel=\"noopener\">8.-10. klasse<\/a><\/td><td class=\"has-text-align-center\" data-align=\"center\"><a class=\"wp-block-button__link has-white-color has-blue-background-color has-text-color has-background wp-element-button\" href=\"https:\/\/event.checkin.no\/212870\/parkourtreninger-var-2026\" style=\"border-radius:0px\" target=\"_blank\" rel=\"noopener\">Parkour 18+<\/a><\/td><td class=\"has-text-align-center\" data-align=\"center\"><\/td><td class=\"has-text-align-center\" data-align=\"center\"><\/td><\/tr><tr><td class=\"has-text-align-center\" data-align=\"center\">21-22<\/td><td class=\"has-text-align-center\" data-align=\"center\"><\/td><td class=\"has-text-align-center\" data-align=\"center\"><a class=\"wp-block-button__link has-white-color has-blue-background-color has-text-color has-background wp-element-button\" style=\"border-radius:0px\" href=\"https:\/\/event.checkin.no\/212870\/parkourtreninger-var-2026\" target=\"_blank\" rel=\"noopener\">Parkour 18+<\/a><\/td><td class=\"has-text-align-center\" data-align=\"center\"><\/td><td class=\"has-text-align-center\" data-align=\"center\"><\/td><\/tr><\/tbody><\/table><\/figure>\n\n\n<div class=\"wp-block-blakors-person-cards\">\n\t\t\t\n<div class=\"t2-featured-single-post compact-card-template t2-featured-content is-post-type-person compact-card-template wp-block-t2-featured-single-post\"><figure style=\"--t2-focal-point: 50% 50%;\" class=\"t2-post-featured-image has-image-ratio-1-1 wp-block-t2-post-featured-image\"><img loading=\"lazy\" decoding=\"async\" width=\"1080\" height=\"1080\" src=\"https:\/\/www.blakors.no\/content\/uploads\/sites\/11\/2023\/01\/Resepsjon.jpg\" class=\"attachment-post-thumbnail size-post-thumbnail wp-post-image\" alt=\"Resepsjon Bl\u00e5 Kors aktivitetspark\" srcset=\"https:\/\/www.blakors.no\/content\/uploads\/sites\/11\/2023\/01\/Resepsjon.jpg 1080w, https:\/\/www.blakors.no\/content\/uploads\/sites\/11\/2023\/01\/Resepsjon-300x300.jpg 300w, https:\/\/www.blakors.no\/content\/uploads\/sites\/11\/2023\/01\/Resepsjon-1024x1024.jpg 1024w, https:\/\/www.blakors.no\/content\/uploads\/sites\/11\/2023\/01\/Resepsjon-150x150.jpg 150w, https:\/\/www.blakors.no\/content\/uploads\/sites\/11\/2023\/01\/Resepsjon-768x768.jpg 768w, https:\/\/www.blakors.no\/content\/uploads\/sites\/11\/2023\/01\/Resepsjon-200x200.jpg 200w\" sizes=\"auto, (min-width: 782px) 768px, 100vw\" \/><\/figure>\n\n<div class=\"wp-block-group alignfull is-layout-flow wp-block-group-is-layout-flow\">\n\t<div class=\"t2-post-dynamic-part is-source-filter filter-person_card_meta post-meta wp-block-t2-post-dynamic-part\"><div class=\"title\"><h2 id=\"bla-kors-aktivitetspark-resepsjon\"  class=\"t2-post-title wp-block-t2-post-title\" >Bl\u00e5 Kors aktivitetspark (resepsjon)<\/h2><p class=\"position\">Bes\u00f8k oss i Industrigata 26 p\u00e5 Lund, i Kristiansand.<\/p><\/div><div class=\"contact-info\"><p class=\"phone\"><a href=\"tel:+4792255878\">922 55 878<\/a><\/p><p class=\"email\"><a href=\"mailto:aktivitetsparken@blakorskrs.no\">aktivitetsparken@blakorskrs.no<\/a><\/p><\/div><\/div>\n<\/div>\n\n<\/div>\n\n\t\t<\/div>\n\n\n<div class=\"wp-block-group has-blue-light-background-color has-background is-layout-constrained wp-block-group-is-layout-constrained\">\n<h2 id=\"trenger-du-okonomisk-stotte\"  class=\"wp-block-heading\" >Trenger du \u00f8konomisk st\u00f8tte?<\/h2>\n\n\n\n<p><strong>Det er mulig \u00e5 f\u00e5 st\u00f8tte til fritidsaktiviteter for barn og ungdom hos kommunens Fritidsfond.<\/strong><\/p>\n\n\n\n<p>Form\u00e5let med Fritidsfond er \u00e5 sikre en bredere deltakelse og inkludering av flere barn og unge i organiserte fritidsaktiviteter som g\u00e5r over tid n\u00e5r familien ikke har \u00f8konomi til \u00e5 betale dette selv. En kan s\u00f8ke om kontingent og n\u00f8dvendig utstyr til barn og unge som skal delta i en organisert fritidsaktivitet.<\/p>\n\n\n\n<p>Om du skulle f\u00e5 avslag p\u00e5 din s\u00f8knad hos Fritidsfond, eller trenger hjelp til \u00e5 s\u00f8ke, s\u00e5 ta kontakt med <a href=\"mailto:ida.hoitorp@blakorskrs.no\">Ida Marie Thornes H\u00f8itorp<\/a>.<\/p>\n\n\n\n<div class=\"wp-block-buttons is-layout-flex wp-block-buttons-is-layout-flex\">\n<div class=\"wp-block-button\"><a class=\"wp-block-button__link wp-element-button\" href=\"https:\/\/www.kristiansand.kommune.no\/fritidsfond\" target=\"_blank\" rel=\"noopener\">S\u00f8k fritidsfondet<\/a><\/div>\n<\/div>\n<\/div>\n\n\n<div class=\"blakors-link-list aligncenter is-style-default wp-block-blakors-link-list\">\n\t\t\t\n\t\t\t\n\t\t\t<div class=\"blakors-link-list__items\">\n\t\t\t\t\n<div class=\"blakors-link-list-item alignwide wp-block-blakors-link-list-item has-background\">\n\t\t\t<a class=\"blakors-link-list-item__holder\" href=\"https:\/\/www.blakors.no\/kristiansand\/virksomheter\/bla-kors-vision-aktivitetspark\" rel=\"\">\n\t\t\t\t<div class=\"blakors-link-list-item__content\">\n\t\t\t\t\t<div class=\"blakors-link-list-item__content-inner\">\n\t\t\t\t\t\t<div class=\"title-wrap\">\n\t\t\t\t\t\t\t<h3 class=\"blakors-link-list-item__title\">\n\t\t\t\t\t\t\t\tBl\u00e5 Kors aktivitetspark\n\t\t\t\t\t\t\t<\/h3>\n\t\t\t\t\t\t\t<svg\n\t\t\t\t\t\t\t\txmlns=\"http:\/\/www.w3.org\/2000\/svg\"\n\t\t\t\t\t\t\t\twidth=\"14\"\n\t\t\t\t\t\t\t\theight=\"12.92\"\n\t\t\t\t\t\t\t\tviewBox=\"0 0 14 12.92\"\n\t\t\t\t\t\t\t>\n\t\t\t\t\t\t\t\t<path\n\t\t\t\t\t\t\t\t\td=\"M7.14-6.58,1.34-.12-.4-1.62,1.84-4.06A8.352,8.352,0,0,1,3.56-5.52H-6.86V-7.64H3.54a7.7,7.7,0,0,1-.84-.61,10.977,10.977,0,0,1-.86-.85L-.4-11.54l1.74-1.5Z\"\n\t\t\t\t\t\t\t\t\ttransform=\"translate(6.86 13.04)\"\n\t\t\t\t\t\t\t\t\tfill=\"#0d76bc\"\n\t\t\t\t\t\t\t\t\/>\n\t\t\t\t\t\t\t<\/svg>\n\t\t\t\t\t\t<\/div>\n\t\t\t\t\t\t\n\t\t\t\t\t<\/div>\n\t\t\t\t<\/div>\n\t\t\t<\/a>\n\t\t<\/div>\n\n<div class=\"blakors-link-list-item alignwide wp-block-blakors-link-list-item has-background\">\n\t\t\t<a class=\"blakors-link-list-item__holder\" href=\"https:\/\/www.blakors.no\/kristiansand\/virksomheter\/bla-kors-vision-aktivitetspark\/skatehall\/\" rel=\"\">\n\t\t\t\t<div class=\"blakors-link-list-item__content\">\n\t\t\t\t\t<div class=\"blakors-link-list-item__content-inner\">\n\t\t\t\t\t\t<div class=\"title-wrap\">\n\t\t\t\t\t\t\t<h3 class=\"blakors-link-list-item__title\">\n\t\t\t\t\t\t\t\tSkatehall\n\t\t\t\t\t\t\t<\/h3>\n\t\t\t\t\t\t\t<svg\n\t\t\t\t\t\t\t\txmlns=\"http:\/\/www.w3.org\/2000\/svg\"\n\t\t\t\t\t\t\t\twidth=\"14\"\n\t\t\t\t\t\t\t\theight=\"12.92\"\n\t\t\t\t\t\t\t\tviewBox=\"0 0 14 12.92\"\n\t\t\t\t\t\t\t>\n\t\t\t\t\t\t\t\t<path\n\t\t\t\t\t\t\t\t\td=\"M7.14-6.58,1.34-.12-.4-1.62,1.84-4.06A8.352,8.352,0,0,1,3.56-5.52H-6.86V-7.64H3.54a7.7,7.7,0,0,1-.84-.61,10.977,10.977,0,0,1-.86-.85L-.4-11.54l1.74-1.5Z\"\n\t\t\t\t\t\t\t\t\ttransform=\"translate(6.86 13.04)\"\n\t\t\t\t\t\t\t\t\tfill=\"#0d76bc\"\n\t\t\t\t\t\t\t\t\/>\n\t\t\t\t\t\t\t<\/svg>\n\t\t\t\t\t\t<\/div>\n\t\t\t\t\t\t\n\t\t\t\t\t<\/div>\n\t\t\t\t<\/div>\n\t\t\t<\/a>\n\t\t<\/div>\n\n<div class=\"blakors-link-list-item alignwide wp-block-blakors-link-list-item has-background\">\n\t\t\t<a class=\"blakors-link-list-item__holder\" href=\"https:\/\/www.blakors.no\/kristiansand\/virksomheter\/bla-kors-vision-aktivitetspark\/parkour\/\" rel=\"\">\n\t\t\t\t<div class=\"blakors-link-list-item__content\">\n\t\t\t\t\t<div class=\"blakors-link-list-item__content-inner\">\n\t\t\t\t\t\t<div class=\"title-wrap\">\n\t\t\t\t\t\t\t<h3 class=\"blakors-link-list-item__title\">\n\t\t\t\t\t\t\t\tParkour\n\t\t\t\t\t\t\t<\/h3>\n\t\t\t\t\t\t\t<svg\n\t\t\t\t\t\t\t\txmlns=\"http:\/\/www.w3.org\/2000\/svg\"\n\t\t\t\t\t\t\t\twidth=\"14\"\n\t\t\t\t\t\t\t\theight=\"12.92\"\n\t\t\t\t\t\t\t\tviewBox=\"0 0 14 12.92\"\n\t\t\t\t\t\t\t>\n\t\t\t\t\t\t\t\t<path\n\t\t\t\t\t\t\t\t\td=\"M7.14-6.58,1.34-.12-.4-1.62,1.84-4.06A8.352,8.352,0,0,1,3.56-5.52H-6.86V-7.64H3.54a7.7,7.7,0,0,1-.84-.61,10.977,10.977,0,0,1-.86-.85L-.4-11.54l1.74-1.5Z\"\n\t\t\t\t\t\t\t\t\ttransform=\"translate(6.86 13.04)\"\n\t\t\t\t\t\t\t\t\tfill=\"#0d76bc\"\n\t\t\t\t\t\t\t\t\/>\n\t\t\t\t\t\t\t<\/svg>\n\t\t\t\t\t\t<\/div>\n\t\t\t\t\t\t\n\t\t\t\t\t<\/div>\n\t\t\t\t<\/div>\n\t\t\t<\/a>\n\t\t<\/div>\n\n<div class=\"blakors-link-list-item alignwide wp-block-blakors-link-list-item has-background\">\n\t\t\t<a class=\"blakors-link-list-item__holder\" href=\"https:\/\/www.blakors.no\/kristiansand\/virksomheter\/bla-kors-vision-aktivitetspark\/gaming\/\" rel=\"\">\n\t\t\t\t<div class=\"blakors-link-list-item__content\">\n\t\t\t\t\t<div class=\"blakors-link-list-item__content-inner\">\n\t\t\t\t\t\t<div class=\"title-wrap\">\n\t\t\t\t\t\t\t<h3 class=\"blakors-link-list-item__title\">\n\t\t\t\t\t\t\t\tGaming-senter\n\t\t\t\t\t\t\t<\/h3>\n\t\t\t\t\t\t\t<svg\n\t\t\t\t\t\t\t\txmlns=\"http:\/\/www.w3.org\/2000\/svg\"\n\t\t\t\t\t\t\t\twidth=\"14\"\n\t\t\t\t\t\t\t\theight=\"12.92\"\n\t\t\t\t\t\t\t\tviewBox=\"0 0 14 12.92\"\n\t\t\t\t\t\t\t>\n\t\t\t\t\t\t\t\t<path\n\t\t\t\t\t\t\t\t\td=\"M7.14-6.58,1.34-.12-.4-1.62,1.84-4.06A8.352,8.352,0,0,1,3.56-5.52H-6.86V-7.64H3.54a7.7,7.7,0,0,1-.84-.61,10.977,10.977,0,0,1-.86-.85L-.4-11.54l1.74-1.5Z\"\n\t\t\t\t\t\t\t\t\ttransform=\"translate(6.86 13.04)\"\n\t\t\t\t\t\t\t\t\tfill=\"#0d76bc\"\n\t\t\t\t\t\t\t\t\/>\n\t\t\t\t\t\t\t<\/svg>\n\t\t\t\t\t\t<\/div>\n\t\t\t\t\t\t\n\t\t\t\t\t<\/div>\n\t\t\t\t<\/div>\n\t\t\t<\/a>\n\t\t<\/div>\n\n<div class=\"blakors-link-list-item alignwide wp-block-blakors-link-list-item has-background\">\n\t\t\t<a class=\"blakors-link-list-item__holder\" href=\"https:\/\/www.blakors.no\/kristiansand\/virksomheter\/bla-kors-vision-aktivitetspark\/feire-bursdag\/\" rel=\"\">\n\t\t\t\t<div class=\"blakors-link-list-item__content\">\n\t\t\t\t\t<div class=\"blakors-link-list-item__content-inner\">\n\t\t\t\t\t\t<div class=\"title-wrap\">\n\t\t\t\t\t\t\t<h3 class=\"blakors-link-list-item__title\">\n\t\t\t\t\t\t\t\tFeire bursdag\n\t\t\t\t\t\t\t<\/h3>\n\t\t\t\t\t\t\t<svg\n\t\t\t\t\t\t\t\txmlns=\"http:\/\/www.w3.org\/2000\/svg\"\n\t\t\t\t\t\t\t\twidth=\"14\"\n\t\t\t\t\t\t\t\theight=\"12.92\"\n\t\t\t\t\t\t\t\tviewBox=\"0 0 14 12.92\"\n\t\t\t\t\t\t\t>\n\t\t\t\t\t\t\t\t<path\n\t\t\t\t\t\t\t\t\td=\"M7.14-6.58,1.34-.12-.4-1.62,1.84-4.06A8.352,8.352,0,0,1,3.56-5.52H-6.86V-7.64H3.54a7.7,7.7,0,0,1-.84-.61,10.977,10.977,0,0,1-.86-.85L-.4-11.54l1.74-1.5Z\"\n\t\t\t\t\t\t\t\t\ttransform=\"translate(6.86 13.04)\"\n\t\t\t\t\t\t\t\t\tfill=\"#0d76bc\"\n\t\t\t\t\t\t\t\t\/>\n\t\t\t\t\t\t\t<\/svg>\n\t\t\t\t\t\t<\/div>\n\t\t\t\t\t\t\n\t\t\t\t\t<\/div>\n\t\t\t\t<\/div>\n\t\t\t<\/a>\n\t\t<\/div>\n\n\t\t\t<\/div>\n\t\t<\/div>","protected":false},"excerpt":{"rendered":"<p>Drop in:L\u00f8rdag kl 12-16Pris: 150,-&nbsp;Aldersgrense: 8 \u00e5r Gratis tilgang til parkourhallen (og skatehall og gamingsenter) for deg som har betalt semesteravgift. Se egne priser for ukentlig trening. Familieparkour:Familieskate&nbsp;og familieparkour&nbsp;er for familier med barn under 8 \u00e5r. Dette er et tilbud for de aller minste barna. Hver l\u00f8rdag og s\u00f8ndag mellom kl 10 og 12&nbsp;kan barnefamilier [&hellip;]<\/p>\n","protected":false},"author":25,"featured_media":4834,"parent":309,"menu_order":0,"comment_status":"closed","ping_status":"closed","template":"","meta":{"_acf_changed":false,"_relevanssi_hide_post":"","_relevanssi_hide_content":"","_relevanssi_pin_for_all":"","_relevanssi_pin_keywords":"","_relevanssi_unpin_keywords":"","_relevanssi_related_keywords":"","_relevanssi_related_include_ids":"","_relevanssi_related_exclude_ids":"","_relevanssi_related_no_append":"","_relevanssi_related_not_related":"","_relevanssi_related_posts":"3359,2253,701,1378,1899,3327","_relevanssi_noindex_reason":"","_custom_cards_description":"Vi har treningsgrupper til ulike alderstrinn, samt drop-in muligheter og familieparkour.","footnotes":""},"class_list":["post-316","page","type-page","status-publish","has-post-thumbnail","hentry"],"acf":[],"_links":{"self":[{"href":"https:\/\/www.blakors.no\/kristiansand\/wp-json\/wp\/v2\/pages\/316","targetHints":{"allow":["GET"]}}],"collection":[{"href":"https:\/\/www.blakors.no\/kristiansand\/wp-json\/wp\/v2\/pages"}],"about":[{"href":"https:\/\/www.blakors.no\/kristiansand\/wp-json\/wp\/v2\/types\/page"}],"author":[{"embeddable":true,"href":"https:\/\/www.blakors.no\/kristiansand\/wp-json\/wp\/v2\/users\/25"}],"replies":[{"embeddable":true,"href":"https:\/\/www.blakors.no\/kristiansand\/wp-json\/wp\/v2\/comments?post=316"}],"version-history":[{"count":4,"href":"https:\/\/www.blakors.no\/kristiansand\/wp-json\/wp\/v2\/pages\/316\/revisions"}],"predecessor-version":[{"id":9352,"href":"https:\/\/www.blakors.no\/kristiansand\/wp-json\/wp\/v2\/pages\/316\/revisions\/9352"}],"up":[{"embeddable":true,"href":"https:\/\/www.blakors.no\/kristiansand\/wp-json\/wp\/v2\/pages\/309"}],"wp:featuredmedia":[{"embeddable":true,"href":"https:\/\/www.blakors.no\/kristiansand\/wp-json\/wp\/v2\/media\/4834"}],"wp:attachment":[{"href":"https:\/\/www.blakors.no\/kristiansand\/wp-json\/wp\/v2\/media?parent=316"}],"curies":[{"name":"wp","href":"https:\/\/api.w.org\/{rel}","templated":true}]}}