{"id":3847,"date":"2021-01-12T15:51:15","date_gmt":"2021-01-12T14:51:15","guid":{"rendered":"https:\/\/www.blakors.no\/kristiansand\/?page_id=3847"},"modified":"2025-07-29T15:11:03","modified_gmt":"2025-07-29T13:11:03","slug":"testamentarisk-gave","status":"publish","type":"page","link":"https:\/\/www.blakors.no\/kristiansand\/testamentarisk-gave\/","title":{"rendered":"Testamentarisk gave"},"content":{"rendered":"\n<div class=\"wp-block-lib-header alignfull hide\"><div class=\"image-wrapper\"><img decoding=\"async\" src=\"https:\/\/www.blakors.no\/content\/uploads\/sites\/11\/2021\/01\/Jente-pa\u030a-huske.jpg\" alt=\"header\"\/><\/div><div class=\"header-innercontent\"><\/div><\/div>\n\n\n<div class=\"custom-block-banner alignwide contenthalf\"><div class=\"banner-image\" style=\"background-image:url(https:\/\/www.blakors.no\/content\/uploads\/sites\/11\/2021\/01\/Jente-pa\u030a-huske-1024x959.jpg)\"><\/div><div class=\"banner-inner\"><div><h1 id=\"du-kan-testamentere-til-din-hjertesak\"  class=\"title small \" >Du kan testamentere til din hjertesak<\/h1><p>Et testament sikrer at dine eiendeler og midler fordeles slik du \u00f8nsker. Det er derfor mange gode grunner til \u00e5 skrive testament. \u00c5 gi en gave til en ideell organisasjon, kan v\u00e6re \u00e9n av dem.<\/p><\/div><\/div><\/div>\n\n\n<p><strong>Mange velger \u00e5 gi en slik gave, og snakker \u00e5pent med sine n\u00e6rmeste om hva de \u00f8nsker. Dette bidrar til \u00e5 skape forst\u00e5else, og luket bort kilder til uenighet. N\u00e5 og i fremtiden.<\/strong><\/p>\n\n\n\n<p>For Bl\u00e5 Kors Kristiansand er testamentariske gaver et kj\u00e6rkomment tilskudd.&nbsp;Dette kan bety at vi kan gj\u00f8re en st\u00f8rre innsats for barn og unge som vokser opp i hjem med rus og alkohol, og personer som p\u00e5 grunn av avhengighet sliter med \u00e5 f\u00e5 et trygt og meningsfylt liv.<\/p>\n\n\n\n<h2 class=\"wp-block-heading\" id=\"hvem-kan-arve\">Hvem kan arve?<\/h2>\n\n\n\n<p>Et testament sikrer at det dine eiendeler og midler fordeles slik du \u00f8nsker det. Hvis du har livsarvinger, dvs. barn eller etterkommere av egne barn, har de rett p\u00e5 2\/3 av arven, begrenset oppad til kr. 1.000.000 pr barn eller 200.000 kr per barnebarn. Dette kalles pliktdelsarv.<\/p>\n\n\n\n<p>Formue ut over dette kan du disponere gjennom ditt testamente.<\/p>\n\n\n\n<p>Har du ikke livsarvinger, kan du disponere over hele formuen gjennom et testamente. Om du \u00f8nsker \u00e5 tilgodese et bestemt form\u00e5l kan dette angis i testamentet.<\/p>\n\n\n\n<p><strong>Kontakt fundraisingkoordinator Trond Furseth for mer informasjon:<\/strong><\/p>\n\n\n<div class=\"wp-block-blakors-person-cards\">\n\t\t\t\n<div class=\"t2-featured-single-post compact-card-template t2-featured-content is-post-type-person compact-card-template wp-block-t2-featured-single-post\"><figure style=\"--t2-focal-point: 50% 50%;\" class=\"t2-post-featured-image has-image-ratio-1-1 wp-block-t2-post-featured-image\"><img loading=\"lazy\" decoding=\"async\" width=\"2048\" height=\"1368\" src=\"https:\/\/www.blakors.no\/content\/uploads\/sites\/11\/2023\/02\/trond-furseth-scaled.jpg\" class=\"attachment-post-thumbnail size-post-thumbnail wp-post-image\" alt=\"Trond Furseth i Bl\u00e5 Kors Kristiansand\" srcset=\"https:\/\/www.blakors.no\/content\/uploads\/sites\/11\/2023\/02\/trond-furseth-scaled.jpg 2048w, https:\/\/www.blakors.no\/content\/uploads\/sites\/11\/2023\/02\/trond-furseth-300x200.jpg 300w, https:\/\/www.blakors.no\/content\/uploads\/sites\/11\/2023\/02\/trond-furseth-1024x684.jpg 1024w, https:\/\/www.blakors.no\/content\/uploads\/sites\/11\/2023\/02\/trond-furseth-768x513.jpg 768w, https:\/\/www.blakors.no\/content\/uploads\/sites\/11\/2023\/02\/trond-furseth-1536x1026.jpg 1536w\" sizes=\"auto, (min-width: 782px) 768px, 100vw\" \/><\/figure>\n\n<div class=\"wp-block-group alignfull is-layout-flow wp-block-group-is-layout-flow\">\n\t<div class=\"t2-post-dynamic-part is-source-filter filter-person_card_meta post-meta wp-block-t2-post-dynamic-part\"><div class=\"title\"><h2 id=\"trond-furseth\"  class=\"t2-post-title wp-block-t2-post-title\" >Trond Furseth<\/h2><p class=\"position\">Fundraisingkoordinator<\/p><\/div><div class=\"contact-info\"><p class=\"phone\"><a href=\"tel:+4798487054\">984 87 054<\/a><\/p><p class=\"email\"><a href=\"mailto:trond.furseth@blakorskrs.no\">trond.furseth@blakorskrs.no<\/a><\/p><\/div><\/div>\n<\/div>\n\n<\/div>\n\n\t\t<\/div>","protected":false},"excerpt":{"rendered":"<p>Mange velger \u00e5 gi en slik gave, og snakker \u00e5pent med sine n\u00e6rmeste om hva de \u00f8nsker. Dette bidrar til \u00e5 skape forst\u00e5else, og luket bort kilder til uenighet. N\u00e5 og i fremtiden. For Bl\u00e5 Kors Kristiansand er testamentariske gaver et kj\u00e6rkomment tilskudd.&nbsp;Dette kan bety at vi kan gj\u00f8re en st\u00f8rre innsats for barn og [&hellip;]<\/p>\n","protected":false},"author":25,"featured_media":3848,"parent":0,"menu_order":0,"comment_status":"closed","ping_status":"closed","template":"","meta":{"_acf_changed":false,"_relevanssi_hide_post":"","_relevanssi_hide_content":"","_relevanssi_pin_for_all":"","_relevanssi_pin_keywords":"","_relevanssi_unpin_keywords":"","_relevanssi_related_keywords":"","_relevanssi_related_include_ids":"","_relevanssi_related_exclude_ids":"","_relevanssi_related_no_append":"","_relevanssi_related_not_related":"","_relevanssi_related_posts":"2146,2193,1750,2072,1576,661","_relevanssi_noindex_reason":"","_custom_cards_description":"","footnotes":""},"class_list":["post-3847","page","type-page","status-publish","has-post-thumbnail","hentry"],"acf":[],"_links":{"self":[{"href":"https:\/\/www.blakors.no\/kristiansand\/wp-json\/wp\/v2\/pages\/3847","targetHints":{"allow":["GET"]}}],"collection":[{"href":"https:\/\/www.blakors.no\/kristiansand\/wp-json\/wp\/v2\/pages"}],"about":[{"href":"https:\/\/www.blakors.no\/kristiansand\/wp-json\/wp\/v2\/types\/page"}],"author":[{"embeddable":true,"href":"https:\/\/www.blakors.no\/kristiansand\/wp-json\/wp\/v2\/users\/25"}],"replies":[{"embeddable":true,"href":"https:\/\/www.blakors.no\/kristiansand\/wp-json\/wp\/v2\/comments?post=3847"}],"version-history":[{"count":5,"href":"https:\/\/www.blakors.no\/kristiansand\/wp-json\/wp\/v2\/pages\/3847\/revisions"}],"predecessor-version":[{"id":8937,"href":"https:\/\/www.blakors.no\/kristiansand\/wp-json\/wp\/v2\/pages\/3847\/revisions\/8937"}],"wp:featuredmedia":[{"embeddable":true,"href":"https:\/\/www.blakors.no\/kristiansand\/wp-json\/wp\/v2\/media\/3848"}],"wp:attachment":[{"href":"https:\/\/www.blakors.no\/kristiansand\/wp-json\/wp\/v2\/media?parent=3847"}],"curies":[{"name":"wp","href":"https:\/\/api.w.org\/{rel}","templated":true}]}}