{"id":3915,"date":"2021-01-18T11:55:20","date_gmt":"2021-01-18T10:55:20","guid":{"rendered":"https:\/\/www.blakors.no\/kristiansand\/?page_id=3915"},"modified":"2021-01-18T11:55:20","modified_gmt":"2021-01-18T10:55:20","slug":"vilkar-og-retningslinjer-for-gaver-og-faste-giveravtaler-med-bla-kors-kristiansand","status":"publish","type":"page","link":"https:\/\/www.blakors.no\/kristiansand\/gi-en-enkeltgave\/vilkar-og-retningslinjer-for-gaver-og-faste-giveravtaler-med-bla-kors-kristiansand\/","title":{"rendered":"Vilk\u00e5r og retningslinjer for gaver og faste giveravtaler med Bl\u00e5 Kors Kristiansand"},"content":{"rendered":"\n<div class=\"wp-block-lib-header alignfull hide\"><div class=\"header-innercontent\"><\/div><\/div>\n\n\n\n<p><strong>P\u00e5 denne siden finner du Bl\u00e5 Kors Kristiansands vilk\u00e5r og retningslinjer for donasjoner og fastgiveravtaler. I Bl\u00e5 Kors Kristiansand jobber vi med forebyggende tiltak, spesielt rettet mot barn og unge, samt behandling og oppf\u00f8lging etter behandling. P\u00e5 v\u00e5re nettsider kan du lese mer om hvordan vi bruker midlene.<\/strong><\/p>\n\n\n\n<h2 id=\"betaling\"  class=\"wp-block-heading\" >Betaling<\/h2>\n\n\n\n<p><strong>Faste givere:<\/strong><\/p>\n\n\n\n<p>Gjelder fastgiverforhold per SMS, AvtaleGiro og Vipps.<\/p>\n\n\n\n<p>Trekk gjennomf\u00f8res per standard den 20. i hver m\u00e5ned. Dette gjelder per SMS og AvtaleGiro. Ved signering med Vipps settes trekkdato til det samme som signeringsdato. Trekkdato kan tilpasses. Det trekkes aldri annet enn avtalt sum.<\/p>\n\n\n\n<p>Fastgiverforhold per SMS belastes telefonregning. Fastgiverforhold per AvtaleGiro er tilgjengelig i givers nettbank, og trekkes fra \u00f8nsket bankkonto. Fastgiver per Vipps er tilgjengelige i app eller nettside, og trekkes fra \u00f8nsket bankkort eller -konto.<\/p>\n\n\n\n<p><strong>Oppsigelse av faste avtaler:<\/strong><\/p>\n\n\n\n<p>Send e-post til giverkrs@blakors.no ring oss p\u00e5 tlf: 38 02 02 73 hverdager mellom kl. 09-15. Dette gjelder avtaler om faste bidrag via SMS, Avtalegiro og papirgiro. E-posten b\u00f8r inkludere navn, adresse, telefonnummer og \/ eller e-postadresse p\u00e5 giver som \u00f8nsker \u00e5 avslutte giverforholdet.<\/p>\n\n\n\n<p>Avtaler via Vipps faste betalinger avsluttes i Vipps-appen.<\/p>\n\n\n\n<p>V\u00e5rt fastgiverforhold er pr. i dag p\u00e5 kr 200 pr. mnd. P\u00e5 SMS kan dette avsluttes ved \u00e5 sende kodeord \u00abBKK VENN STOPP\u00bb til 2210.<\/p>\n\n\n\n<p>Ved fastgiverforhold per AvtaleGiro m\u00e5 giver selv inn i nettbanken og slette eventuelle trekkfiler etter at avtalen er bekreftet avsluttet, da organisasjonen ikke kan gj\u00f8re dette etter at trekkfiler er sendt.<\/p>\n\n\n\n<h2 id=\"angre\"  class=\"wp-block-heading\" >Angre<\/h2>\n\n\n\n<p><strong>Inng\u00e5else av faste betalinger:<\/strong><\/p>\n\n\n\n<p>Du har mulighet til \u00e5 angre deg ved inng\u00e5else av ordninger med faste betalinger. Med andre ord kan du si opp giveravtalen din hos oss n\u00e5r som helst. Dette gjelder b\u00e5de SMS, Vipps og AvtaleGiro.<\/p>\n\n\n\n<p>Selv om det i utgangspunktet ikke er mulig \u00e5 angre seg p\u00e5 tidligere donasjoner \u00e5pner Bl\u00e5 Kors for bruk av skj\u00f8nn i slike situasjoner, der siste donasjon kan delvis eller helt krediteres.<\/p>\n","protected":false},"excerpt":{"rendered":"<p>P\u00e5 denne siden finner du Bl\u00e5 Kors Kristiansands vilk\u00e5r og retningslinjer for donasjoner og fastgiveravtaler. I Bl\u00e5 Kors Kristiansand jobber vi med forebyggende tiltak, spesielt rettet mot barn og unge, samt behandling og oppf\u00f8lging etter behandling. P\u00e5 v\u00e5re nettsider kan du lese mer om hvordan vi bruker midlene. Betaling Faste givere: Gjelder fastgiverforhold per SMS, [&hellip;]<\/p>\n","protected":false},"author":25,"featured_media":3806,"parent":3817,"menu_order":0,"comment_status":"closed","ping_status":"closed","template":"","meta":{"_acf_changed":false,"_relevanssi_hide_post":"","_relevanssi_hide_content":"","_relevanssi_pin_for_all":"on","_relevanssi_pin_keywords":"","_relevanssi_unpin_keywords":"","_relevanssi_related_keywords":"","_relevanssi_related_include_ids":"","_relevanssi_related_exclude_ids":"","_relevanssi_related_no_append":"","_relevanssi_related_not_related":"","_relevanssi_related_posts":"","_relevanssi_noindex_reason":"","_custom_cards_description":"","footnotes":""},"class_list":["post-3915","page","type-page","status-publish","has-post-thumbnail","hentry"],"acf":[],"_links":{"self":[{"href":"https:\/\/www.blakors.no\/kristiansand\/wp-json\/wp\/v2\/pages\/3915","targetHints":{"allow":["GET"]}}],"collection":[{"href":"https:\/\/www.blakors.no\/kristiansand\/wp-json\/wp\/v2\/pages"}],"about":[{"href":"https:\/\/www.blakors.no\/kristiansand\/wp-json\/wp\/v2\/types\/page"}],"author":[{"embeddable":true,"href":"https:\/\/www.blakors.no\/kristiansand\/wp-json\/wp\/v2\/users\/25"}],"replies":[{"embeddable":true,"href":"https:\/\/www.blakors.no\/kristiansand\/wp-json\/wp\/v2\/comments?post=3915"}],"version-history":[{"count":1,"href":"https:\/\/www.blakors.no\/kristiansand\/wp-json\/wp\/v2\/pages\/3915\/revisions"}],"predecessor-version":[{"id":3916,"href":"https:\/\/www.blakors.no\/kristiansand\/wp-json\/wp\/v2\/pages\/3915\/revisions\/3916"}],"up":[{"embeddable":true,"href":"https:\/\/www.blakors.no\/kristiansand\/wp-json\/wp\/v2\/pages\/3817"}],"wp:featuredmedia":[{"embeddable":true,"href":"https:\/\/www.blakors.no\/kristiansand\/wp-json\/wp\/v2\/media\/3806"}],"wp:attachment":[{"href":"https:\/\/www.blakors.no\/kristiansand\/wp-json\/wp\/v2\/media?parent=3915"}],"curies":[{"name":"wp","href":"https:\/\/api.w.org\/{rel}","templated":true}]}}