{"id":3928,"date":"2021-01-20T12:45:51","date_gmt":"2021-01-20T11:45:51","guid":{"rendered":"https:\/\/www.blakors.no\/kristiansand\/?page_id=3928"},"modified":"2025-06-26T11:25:04","modified_gmt":"2025-06-26T09:25:04","slug":"bli-fast-giver","status":"publish","type":"page","link":"https:\/\/www.blakors.no\/kristiansand\/bli-fast-giver\/","title":{"rendered":"Bli fast giver"},"content":{"rendered":"<div class=\"custom-block-banner alignwide contenthalf\"><div class=\"banner-image\" style=\"background-image:url(https:\/\/www.blakors.no\/content\/uploads\/sites\/11\/2021\/01\/pexels-burst-544983-liggende-1024x705.jpg)\"><\/div><div class=\"banner-inner\"><div><h1 id=\"bli-fast-giver\"  class=\"title large \" >Bli fast giver<\/h1><p>Bl\u00e5 Kors er avhengige av faste givere for \u00e5 skape forutsigbarhet og trygghet for de s\u00e5rbare menneskene i regionen. Du kan forandre livet til noen som virkelig trenger hjelp.<\/p><\/div><\/div><\/div>\n\n\n<div class=\"wp-block-lib-header alignfull hide\"><div class=\"image-wrapper\"><img decoding=\"async\" src=\"https:\/\/www.blakors.no\/content\/uploads\/sites\/11\/2021\/01\/pexels-burst-544983-liggende-scaled.jpg\" alt=\"header\"\/><\/div><div class=\"header-innercontent\"><\/div><\/div>\n\n\n\n<p>Bl\u00e5 Kors er en viktig akt\u00f8r innen forebygging og rusomsorg i Kristiansand. Mange trenger hjelp, men vi klarer det ikke alene. Vi inviterer deg til \u00e5 bli med \u00e5 gj\u00f8re en forskjell og bli fast giver.  Da er du med \u00e5 spre trygghet, varme og glede til alle i v\u00e5r by som trenger det mest. Og siden det offentlige dekker husleie og l\u00f8nnsutgifter, g\u00e5r dine gaver i all hovedsak til omsorg og aktivitet.<\/p>\n\n\n\n<iframe loading=\"lazy\" src=\"https:\/\/blakors.profundo.no\/giver-kristiansand\" width=\"100%\" height=\"880\" scrolling=\"no\" class=\"iframe-class\" frameborder=\"0\"><\/iframe>\n","protected":false},"excerpt":{"rendered":"<p>Bl\u00e5 Kors er en viktig akt\u00f8r innen forebygging og rusomsorg i Kristiansand. Mange trenger hjelp, men vi klarer det ikke alene. Vi inviterer deg til \u00e5 bli med \u00e5 gj\u00f8re en forskjell og bli fast giver. Da er du med \u00e5 spre trygghet, varme og glede til alle i v\u00e5r by som trenger det mest. [&hellip;]<\/p>\n","protected":false},"author":25,"featured_media":3806,"parent":0,"menu_order":0,"comment_status":"closed","ping_status":"closed","template":"","meta":{"_acf_changed":false,"_relevanssi_hide_post":"","_relevanssi_hide_content":"","_relevanssi_pin_for_all":"","_relevanssi_pin_keywords":"","_relevanssi_unpin_keywords":"","_relevanssi_related_keywords":"","_relevanssi_related_include_ids":"","_relevanssi_related_exclude_ids":"","_relevanssi_related_no_append":"","_relevanssi_related_not_related":"","_relevanssi_related_posts":"1172,2623,2248,2938,1193,2013","_relevanssi_noindex_reason":"","_custom_cards_description":"","footnotes":""},"class_list":["post-3928","page","type-page","status-publish","has-post-thumbnail","hentry"],"acf":[],"_links":{"self":[{"href":"https:\/\/www.blakors.no\/kristiansand\/wp-json\/wp\/v2\/pages\/3928","targetHints":{"allow":["GET"]}}],"collection":[{"href":"https:\/\/www.blakors.no\/kristiansand\/wp-json\/wp\/v2\/pages"}],"about":[{"href":"https:\/\/www.blakors.no\/kristiansand\/wp-json\/wp\/v2\/types\/page"}],"author":[{"embeddable":true,"href":"https:\/\/www.blakors.no\/kristiansand\/wp-json\/wp\/v2\/users\/25"}],"replies":[{"embeddable":true,"href":"https:\/\/www.blakors.no\/kristiansand\/wp-json\/wp\/v2\/comments?post=3928"}],"version-history":[{"count":5,"href":"https:\/\/www.blakors.no\/kristiansand\/wp-json\/wp\/v2\/pages\/3928\/revisions"}],"predecessor-version":[{"id":8895,"href":"https:\/\/www.blakors.no\/kristiansand\/wp-json\/wp\/v2\/pages\/3928\/revisions\/8895"}],"wp:featuredmedia":[{"embeddable":true,"href":"https:\/\/www.blakors.no\/kristiansand\/wp-json\/wp\/v2\/media\/3806"}],"wp:attachment":[{"href":"https:\/\/www.blakors.no\/kristiansand\/wp-json\/wp\/v2\/media?parent=3928"}],"curies":[{"name":"wp","href":"https:\/\/api.w.org\/{rel}","templated":true}]}}