{"id":3942,"date":"2021-01-20T13:03:53","date_gmt":"2021-01-20T12:03:53","guid":{"rendered":"https:\/\/www.blakors.no\/kristiansand\/?page_id=3942"},"modified":"2025-08-06T10:41:57","modified_gmt":"2025-08-06T08:41:57","slug":"kontaktinformasjon","status":"publish","type":"page","link":"https:\/\/www.blakors.no\/kristiansand\/kontaktinformasjon\/","title":{"rendered":"Kontaktinformasjon &#8211; Bl\u00e5 Kors Kristiansand"},"content":{"rendered":"<div class=\"custom-block-banner alignwide contenthalf\"><div class=\"banner-image\" style=\"background-image:url(https:\/\/www.blakors.no\/content\/uploads\/sites\/11\/2021\/01\/Fasade2-Bla\u030a-Kors-Kristiansand-1024x683.jpg)\"><\/div><div class=\"banner-inner\"><div><h1 id=\"kontaktinformasjon\"  class=\"title large \" >Kontaktinformasjon<\/h1><p>Bl\u00e5 Kors Kristiansand har virksomheter flere steder i Kristiansand kommune, men de fleste forbinder nok Bl\u00e5 Kors Kristiansand med lokalene i Posebyen, i sentrum. Her har administrasjonen og de fleste virksomhetsledere kontorer. Bl\u00e5 Kors aktivitetspark har lokaler p\u00e5 Lund og Bl\u00e5 Kors arbeid og inkludering holder til p\u00e5 Mj\u00e5vann Industriomr\u00e5de.<\/p><\/div><\/div><\/div>\n\n\n<div class=\"wp-block-lib-header alignfull hide\"><div class=\"image-wrapper\"><img decoding=\"async\" src=\"https:\/\/www.blakors.no\/content\/uploads\/sites\/11\/2021\/01\/Fasade-Bla\u030a-Kors-Kristiansand-scaled.jpg\" alt=\"header\"\/><\/div><div class=\"header-innercontent\"><\/div><\/div>\n\n\n\n<h3 class=\"wp-block-heading\" id=\"h-bla-kors-kristiansand\"><strong><br>Bl\u00e5 Kors Kristiansand<\/strong><\/h3>\n\n\n\n<p><strong>I Posebyen:<br><\/strong>Gyldenl\u00f8ves gate 60<br>4614 Kristiansand<\/p>\n\n\n\n<p>Telefon: 38 02 02 73<br>E-post:\u00a0<a href=\"mailto:kristiansand@blakorskrs.no\">kristiansand@blakorskrs.no<\/a><\/p>\n\n\n\n<p>Gavekonto:&nbsp;3126.32.06323<br>VIPPS: #11665<br>Org. nr: 974 804 344<\/p>\n","protected":false},"excerpt":{"rendered":"<p>Bl\u00e5 Kors Kristiansand I Posebyen:Gyldenl\u00f8ves gate 604614 Kristiansand Telefon: 38 02 02 73E-post:\u00a0kristiansand@blakorskrs.no Gavekonto:&nbsp;3126.32.06323VIPPS: #11665Org. nr: 974 804 344<\/p>\n","protected":false},"author":25,"featured_media":3940,"parent":0,"menu_order":0,"comment_status":"closed","ping_status":"closed","template":"","meta":{"_acf_changed":false,"_relevanssi_hide_post":"","_relevanssi_hide_content":"","_relevanssi_pin_for_all":"on","_relevanssi_pin_keywords":"","_relevanssi_unpin_keywords":"","_relevanssi_related_keywords":"","_relevanssi_related_include_ids":"","_relevanssi_related_exclude_ids":"","_relevanssi_related_no_append":"","_relevanssi_related_not_related":"","_relevanssi_related_posts":"2534,3217,2915,1249,1128,3233","_relevanssi_noindex_reason":"","_custom_cards_description":"","footnotes":""},"class_list":["post-3942","page","type-page","status-publish","has-post-thumbnail","hentry"],"acf":[],"_links":{"self":[{"href":"https:\/\/www.blakors.no\/kristiansand\/wp-json\/wp\/v2\/pages\/3942","targetHints":{"allow":["GET"]}}],"collection":[{"href":"https:\/\/www.blakors.no\/kristiansand\/wp-json\/wp\/v2\/pages"}],"about":[{"href":"https:\/\/www.blakors.no\/kristiansand\/wp-json\/wp\/v2\/types\/page"}],"author":[{"embeddable":true,"href":"https:\/\/www.blakors.no\/kristiansand\/wp-json\/wp\/v2\/users\/25"}],"replies":[{"embeddable":true,"href":"https:\/\/www.blakors.no\/kristiansand\/wp-json\/wp\/v2\/comments?post=3942"}],"version-history":[{"count":5,"href":"https:\/\/www.blakors.no\/kristiansand\/wp-json\/wp\/v2\/pages\/3942\/revisions"}],"predecessor-version":[{"id":8953,"href":"https:\/\/www.blakors.no\/kristiansand\/wp-json\/wp\/v2\/pages\/3942\/revisions\/8953"}],"wp:featuredmedia":[{"embeddable":true,"href":"https:\/\/www.blakors.no\/kristiansand\/wp-json\/wp\/v2\/media\/3940"}],"wp:attachment":[{"href":"https:\/\/www.blakors.no\/kristiansand\/wp-json\/wp\/v2\/media?parent=3942"}],"curies":[{"name":"wp","href":"https:\/\/api.w.org\/{rel}","templated":true}]}}