{"id":4898,"date":"2022-02-02T13:27:09","date_gmt":"2022-02-02T12:27:09","guid":{"rendered":"https:\/\/www.blakors.no\/kristiansand\/?page_id=4898"},"modified":"2026-02-05T08:30:16","modified_gmt":"2026-02-05T07:30:16","slug":"feire-bursdag","status":"publish","type":"page","link":"https:\/\/www.blakors.no\/kristiansand\/virksomheter\/bla-kors-aktivitetspark\/feire-bursdag\/","title":{"rendered":"Feire bursdag"},"content":{"rendered":"<div class=\"custom-block-banner alignwide contenthalf\"><div class=\"banner-image\" style=\"background-image:url(https:\/\/www.blakors.no\/content\/uploads\/sites\/11\/2022\/02\/WEB_VISION_bursdagsfest-09881-1024x683.jpg)\"><\/div><div class=\"banner-inner\"><div><h1 id=\"feire-bursdag-i-aktivitetsparken\"  class=\"title small \" >Feire bursdag i aktivitetsparken!<\/h1><p>Hos oss kan du ha verdens r\u00e5este bursdagsfeiring med mye fart og moro! <\/p><\/div><\/div><\/div>\n\n\n<h2 id=\"inkluderer\"  class=\"wp-block-heading\" ><strong>Inkluderer:<\/strong><\/h2>\n\n\n\n<ul class=\"wp-block-list\">\n<li>2 timer med mye g\u00f8y og god mat<\/li>\n\n\n\n<li>Eget bursdagsrom<\/li>\n\n\n\n<li>Aktivitet i \u00e9n hall:&nbsp;\n<ul class=\"wp-block-list\">\n<li>Skatehallen: skating, scoot (sparkesykkel) og rullesk\u00f8yter<\/li>\n\n\n\n<li>Parkourhallen: alt av utstyr er tilgjengelig<\/li>\n\n\n\n<li>Gamingsenteret: pcer, PS4 og nintendo switch<\/li>\n<\/ul>\n<\/li>\n\n\n\n<li>Utstyr som trengs til aktiviteten; dere trenger ikke ta med noe selv<\/li>\n\n\n\n<li>2 pizzastykker til hver gjest<\/li>\n\n\n\n<li>Saft<\/li>\n\n\n\n<li>Kaffe til voksne<\/li>\n\n\n\n<li><strong>Om \u00f8nskelig:<\/strong>\n<ul class=\"wp-block-list\">\n<li>Ta med egen kake eller annen snacks<\/li>\n\n\n\n<li>Kom 30 min f\u00f8r bursdagen starter for \u00e5 pynte<\/li>\n<\/ul>\n<\/li>\n<\/ul>\n\n\n\n<h2 id=\"priser-og-annen-info\"  class=\"wp-block-heading\" ><strong>Priser og annen info:<\/strong><\/h2>\n\n\n\n<div class=\"wp-block-columns is-layout-flex wp-container-core-columns-is-layout-9d6595d7 wp-block-columns-is-layout-flex\">\n<div class=\"wp-block-column is-layout-flow wp-block-column-is-layout-flow\">\n\t\t<div class=\"t2-factbox wp-block-t2-factbox has-background has-green-light-background-color\" id=\"t2-factbox\">\n\t\t\t<div class=\"t2-factbox__content\">\n\t\t\t\t<div class=\"t2-factbox__blocks t2-factbox__inner-container is-layout-flow\">\n\t\t\t\t\t\n\n<h3 id=\"opp-til-10-gjester\"  class=\"wp-block-heading\" >Opp til 10 gjester:<\/h3>\n\n\n\n<ul class=\"wp-block-list\">\n<li>Aldersgrense: Fra \u00e5ret de fyller 9 \u00e5r<\/li>\n\n\n\n<li>240,- per gjest<\/li>\n\n\n\n<li>Betales ved ankomst<\/li>\n\n\n\n<li>Skjer i v\u00e5re \u00e5pningstider<\/li>\n<\/ul>\n\n\n\n<div class=\"wp-block-buttons is-layout-flex wp-block-buttons-is-layout-flex\">\n<div class=\"wp-block-button\"><a class=\"wp-block-button__link wp-element-button\" href=\"https:\/\/app.acuityscheduling.com\/schedule.php?owner=26927844\" target=\"_blank\" rel=\"noopener\">Book bursdagsfesten her<\/a><\/div>\n<\/div>\n\n\n\t\t\t\t<\/div>\n\t\t\t\t\n\t\t\t<\/div>\n\t\t\t\n\t\t<\/div><\/div>\n\n\n\n<div class=\"wp-block-column is-layout-flow wp-block-column-is-layout-flow\">\n\t\t<div class=\"t2-factbox wp-block-t2-factbox has-background has-brown-light-background-color\" id=\"t2-factbox-1\">\n\t\t\t<div class=\"t2-factbox__content\">\n\t\t\t\t<div class=\"t2-factbox__blocks t2-factbox__inner-container is-layout-flow\">\n\t\t\t\t\t\n\n<h3 id=\"flere-enn-10-gjester\"  class=\"wp-block-heading\" >Flere enn 10 gjester:&nbsp;<\/h3>\n\n\n\n<ul class=\"wp-block-list\">\n<li>Aldersgrense: <strong>for alle<\/strong><\/li>\n\n\n\n<li>240,- per gjest + 500,- i treneravgift<\/li>\n\n\n\n<li>Minstepris 3140,-<\/li>\n\n\n\n<li>Betales ved ankomst<\/li>\n\n\n\n<li>Skjer utenom v\u00e5re \u00e5pningstider<\/li>\n\n\n\n<li>Aktivitet i \u00e9n hall<\/li>\n<\/ul>\n\n\n\n<h3 id=\"ta-kontakt-for-ledig-tid-disse-dagene\"  class=\"wp-block-heading\" >Ta <a href=\"mailto:aktivitetsparken@blakorskrs.no\">kontakt<\/a> for ledig tid disse dagene:&nbsp;<\/h3>\n\n\n\n<p>Fredag kl 17-19<br>L\u00f8rdag kl 16-18<br>S\u00f8ndag kl 16-18&nbsp;<\/p>\n\n\n\t\t\t\t<\/div>\n\t\t\t\t\n\t\t\t<\/div>\n\t\t\t\n\t\t<\/div><\/div>\n<\/div>\n\n\n\n<div class=\"custom-block-factbox has-background has-pink-light-background-color\">\n\t<p><strong>Personer med funksjonsnedsettelse<\/strong><br \/>\nV\u00e6r oppmerksom p\u00e5 at Bl\u00e5 Kors aktivitetspark er en hall for ekstremsport (skate, scoot, parkour etc) og ikke spesielt tilrettelagt for personer med funksjonsnedsettelse. Dette gjelder spesielt parkourhallen og skatehallen.<\/p>\n<\/div>\n\n\n\n<figure class=\"wp-block-embed dekode-gtm-iframe-preview is-type-video is-provider-youtube wp-block-embed-youtube wp-embed-aspect-16-9 wp-has-aspect-ratio\"><div class=\"wp-block-embed__wrapper\">\n<iframe title=\"Feire bursdagen i Vision Aktivitetspark\" width=\"500\" height=\"281\" data-cookieconsent=\"marketing\" data-cookieblock-src=\"https:\/\/www.youtube.com\/embed\/gv-9DOaF4j0?feature=oembed\"  allow=\"accelerometer; autoplay; clipboard-write; encrypted-media; gyroscope; picture-in-picture; web-share\" referrerpolicy=\"strict-origin-when-cross-origin\" allowfullscreen sandbox=\"allow-scripts allow-same-origin allow-popups allow-presentation allow-popups-to-escape-sandbox\"><\/iframe>\n\t\t<div class=\"cookieconsent-optout-marketing dekode-gtm-cookie-consent-video-placeholder\">\n\t\t\t<div class=\"dekode-gtm-cookie-consent is-block-core-embed is-provider-youtube\">\n\t\t\t\t\n\t\t\t<img decoding=\"async\" src=\"https:\/\/i.ytimg.com\/vi\/gv-9DOaF4j0\/hqdefault.jpg\" alt=\"youtube\" \/>\n\t\t\t\t<div class=\"overlay\">\n\t\t\t\t\t<div class=\"cookie-info\">\n\t\t\t\t\t\t<h2 id=\"her-ligger-det-medieinnhold-fra-en-ekstern-kilde\"  >Her ligger det medieinnhold fra en ekstern kilde. <\/h2> \n\n<p>For \u00e5 se innholdet, m\u00e5 du endre samtykket ditt.<\/p>\n\n<p>Les mer om hvordan dataen din blir behandlet av eksterne kilder i personvernerkl\u00e6ringen v\u00e5r.<\/p>\n\t\t\t\t\t\t<p>\n\t\t\t\t\t\t\t<a title=\"Endre samtykke\" class=\"dekode-gtm-cookiebot-renew\" href=\"#\">Endre samtykke<\/a>\n\t\t\t\t\t\t\t\n\t\t\t\t\t\t<\/p>\n\t\t\t\t\t<\/div>\n\t\t\t\t<\/div>\n\t\t\t<\/div>\n\t\t<\/div>\n<\/div><\/figure>\n\n\n<div class=\"wp-block-blakors-person-cards\">\n\t\t\t\n<div class=\"t2-featured-single-post compact-card-template t2-featured-content is-post-type-person compact-card-template wp-block-t2-featured-single-post\"><figure style=\"--t2-focal-point: 50% 50%;\" class=\"t2-post-featured-image has-image-ratio-1-1 wp-block-t2-post-featured-image\"><img loading=\"lazy\" decoding=\"async\" width=\"1080\" height=\"1080\" src=\"https:\/\/www.blakors.no\/content\/uploads\/sites\/11\/2023\/01\/Resepsjon.jpg\" class=\"attachment-post-thumbnail size-post-thumbnail wp-post-image\" alt=\"Resepsjon Bl\u00e5 Kors aktivitetspark\" srcset=\"https:\/\/www.blakors.no\/content\/uploads\/sites\/11\/2023\/01\/Resepsjon.jpg 1080w, https:\/\/www.blakors.no\/content\/uploads\/sites\/11\/2023\/01\/Resepsjon-300x300.jpg 300w, https:\/\/www.blakors.no\/content\/uploads\/sites\/11\/2023\/01\/Resepsjon-1024x1024.jpg 1024w, https:\/\/www.blakors.no\/content\/uploads\/sites\/11\/2023\/01\/Resepsjon-150x150.jpg 150w, https:\/\/www.blakors.no\/content\/uploads\/sites\/11\/2023\/01\/Resepsjon-768x768.jpg 768w, https:\/\/www.blakors.no\/content\/uploads\/sites\/11\/2023\/01\/Resepsjon-200x200.jpg 200w\" sizes=\"auto, (min-width: 782px) 768px, 100vw\" \/><\/figure>\n\n<div class=\"wp-block-group alignfull is-layout-flow wp-block-group-is-layout-flow\">\n\t<div class=\"t2-post-dynamic-part is-source-filter filter-person_card_meta post-meta wp-block-t2-post-dynamic-part\"><div class=\"title\"><h2 id=\"bla-kors-aktivitetspark-resepsjon\"  class=\"t2-post-title wp-block-t2-post-title\" >Bl\u00e5 Kors aktivitetspark (resepsjon)<\/h2><p class=\"position\">Bes\u00f8k oss i Industrigata 26 p\u00e5 Lund, i Kristiansand.<\/p><\/div><div class=\"contact-info\"><p class=\"phone\"><a href=\"tel:+4792255878\">922 55 878<\/a><\/p><p class=\"email\"><a href=\"mailto:aktivitetsparken@blakorskrs.no\">aktivitetsparken@blakorskrs.no<\/a><\/p><\/div><\/div>\n<\/div>\n\n<\/div>\n\n\t\t<\/div>\n\n<div class=\"blakors-link-list aligncenter is-style-default wp-block-blakors-link-list\">\n\t\t\t\n\t\t\t\n\t\t\t<div class=\"blakors-link-list__items\">\n\t\t\t\t\n<div class=\"blakors-link-list-item alignwide wp-block-blakors-link-list-item has-background\">\n\t\t\t<a class=\"blakors-link-list-item__holder\" href=\"https:\/\/www.blakors.no\/kristiansand\/virksomheter\/bla-kors-vision-aktivitetspark\" rel=\"\">\n\t\t\t\t<div class=\"blakors-link-list-item__content\">\n\t\t\t\t\t<div class=\"blakors-link-list-item__content-inner\">\n\t\t\t\t\t\t<div class=\"title-wrap\">\n\t\t\t\t\t\t\t<h3 class=\"blakors-link-list-item__title\">\n\t\t\t\t\t\t\t\tBl\u00e5 Kors aktivitetspark\n\t\t\t\t\t\t\t<\/h3>\n\t\t\t\t\t\t\t<svg\n\t\t\t\t\t\t\t\txmlns=\"http:\/\/www.w3.org\/2000\/svg\"\n\t\t\t\t\t\t\t\twidth=\"14\"\n\t\t\t\t\t\t\t\theight=\"12.92\"\n\t\t\t\t\t\t\t\tviewBox=\"0 0 14 12.92\"\n\t\t\t\t\t\t\t>\n\t\t\t\t\t\t\t\t<path\n\t\t\t\t\t\t\t\t\td=\"M7.14-6.58,1.34-.12-.4-1.62,1.84-4.06A8.352,8.352,0,0,1,3.56-5.52H-6.86V-7.64H3.54a7.7,7.7,0,0,1-.84-.61,10.977,10.977,0,0,1-.86-.85L-.4-11.54l1.74-1.5Z\"\n\t\t\t\t\t\t\t\t\ttransform=\"translate(6.86 13.04)\"\n\t\t\t\t\t\t\t\t\tfill=\"#0d76bc\"\n\t\t\t\t\t\t\t\t\/>\n\t\t\t\t\t\t\t<\/svg>\n\t\t\t\t\t\t<\/div>\n\t\t\t\t\t\t\n\t\t\t\t\t<\/div>\n\t\t\t\t<\/div>\n\t\t\t<\/a>\n\t\t<\/div>\n\n<div class=\"blakors-link-list-item alignwide wp-block-blakors-link-list-item has-background\">\n\t\t\t<a class=\"blakors-link-list-item__holder\" href=\"https:\/\/www.blakors.no\/kristiansand\/virksomheter\/bla-kors-vision-aktivitetspark\/skatehall\/\" rel=\"\">\n\t\t\t\t<div class=\"blakors-link-list-item__content\">\n\t\t\t\t\t<div class=\"blakors-link-list-item__content-inner\">\n\t\t\t\t\t\t<div class=\"title-wrap\">\n\t\t\t\t\t\t\t<h3 class=\"blakors-link-list-item__title\">\n\t\t\t\t\t\t\t\tSkatehall\n\t\t\t\t\t\t\t<\/h3>\n\t\t\t\t\t\t\t<svg\n\t\t\t\t\t\t\t\txmlns=\"http:\/\/www.w3.org\/2000\/svg\"\n\t\t\t\t\t\t\t\twidth=\"14\"\n\t\t\t\t\t\t\t\theight=\"12.92\"\n\t\t\t\t\t\t\t\tviewBox=\"0 0 14 12.92\"\n\t\t\t\t\t\t\t>\n\t\t\t\t\t\t\t\t<path\n\t\t\t\t\t\t\t\t\td=\"M7.14-6.58,1.34-.12-.4-1.62,1.84-4.06A8.352,8.352,0,0,1,3.56-5.52H-6.86V-7.64H3.54a7.7,7.7,0,0,1-.84-.61,10.977,10.977,0,0,1-.86-.85L-.4-11.54l1.74-1.5Z\"\n\t\t\t\t\t\t\t\t\ttransform=\"translate(6.86 13.04)\"\n\t\t\t\t\t\t\t\t\tfill=\"#0d76bc\"\n\t\t\t\t\t\t\t\t\/>\n\t\t\t\t\t\t\t<\/svg>\n\t\t\t\t\t\t<\/div>\n\t\t\t\t\t\t\n\t\t\t\t\t<\/div>\n\t\t\t\t<\/div>\n\t\t\t<\/a>\n\t\t<\/div>\n\n<div class=\"blakors-link-list-item alignwide wp-block-blakors-link-list-item has-background\">\n\t\t\t<a class=\"blakors-link-list-item__holder\" href=\"https:\/\/www.blakors.no\/kristiansand\/virksomheter\/bla-kors-vision-aktivitetspark\/parkour\/\" rel=\"\">\n\t\t\t\t<div class=\"blakors-link-list-item__content\">\n\t\t\t\t\t<div class=\"blakors-link-list-item__content-inner\">\n\t\t\t\t\t\t<div class=\"title-wrap\">\n\t\t\t\t\t\t\t<h3 class=\"blakors-link-list-item__title\">\n\t\t\t\t\t\t\t\tParkour\n\t\t\t\t\t\t\t<\/h3>\n\t\t\t\t\t\t\t<svg\n\t\t\t\t\t\t\t\txmlns=\"http:\/\/www.w3.org\/2000\/svg\"\n\t\t\t\t\t\t\t\twidth=\"14\"\n\t\t\t\t\t\t\t\theight=\"12.92\"\n\t\t\t\t\t\t\t\tviewBox=\"0 0 14 12.92\"\n\t\t\t\t\t\t\t>\n\t\t\t\t\t\t\t\t<path\n\t\t\t\t\t\t\t\t\td=\"M7.14-6.58,1.34-.12-.4-1.62,1.84-4.06A8.352,8.352,0,0,1,3.56-5.52H-6.86V-7.64H3.54a7.7,7.7,0,0,1-.84-.61,10.977,10.977,0,0,1-.86-.85L-.4-11.54l1.74-1.5Z\"\n\t\t\t\t\t\t\t\t\ttransform=\"translate(6.86 13.04)\"\n\t\t\t\t\t\t\t\t\tfill=\"#0d76bc\"\n\t\t\t\t\t\t\t\t\/>\n\t\t\t\t\t\t\t<\/svg>\n\t\t\t\t\t\t<\/div>\n\t\t\t\t\t\t\n\t\t\t\t\t<\/div>\n\t\t\t\t<\/div>\n\t\t\t<\/a>\n\t\t<\/div>\n\n<div class=\"blakors-link-list-item alignwide wp-block-blakors-link-list-item has-background\">\n\t\t\t<a class=\"blakors-link-list-item__holder\" href=\"https:\/\/www.blakors.no\/kristiansand\/virksomheter\/bla-kors-vision-aktivitetspark\/gaming\/\" rel=\"\">\n\t\t\t\t<div class=\"blakors-link-list-item__content\">\n\t\t\t\t\t<div class=\"blakors-link-list-item__content-inner\">\n\t\t\t\t\t\t<div class=\"title-wrap\">\n\t\t\t\t\t\t\t<h3 class=\"blakors-link-list-item__title\">\n\t\t\t\t\t\t\t\tGaming-senter\n\t\t\t\t\t\t\t<\/h3>\n\t\t\t\t\t\t\t<svg\n\t\t\t\t\t\t\t\txmlns=\"http:\/\/www.w3.org\/2000\/svg\"\n\t\t\t\t\t\t\t\twidth=\"14\"\n\t\t\t\t\t\t\t\theight=\"12.92\"\n\t\t\t\t\t\t\t\tviewBox=\"0 0 14 12.92\"\n\t\t\t\t\t\t\t>\n\t\t\t\t\t\t\t\t<path\n\t\t\t\t\t\t\t\t\td=\"M7.14-6.58,1.34-.12-.4-1.62,1.84-4.06A8.352,8.352,0,0,1,3.56-5.52H-6.86V-7.64H3.54a7.7,7.7,0,0,1-.84-.61,10.977,10.977,0,0,1-.86-.85L-.4-11.54l1.74-1.5Z\"\n\t\t\t\t\t\t\t\t\ttransform=\"translate(6.86 13.04)\"\n\t\t\t\t\t\t\t\t\tfill=\"#0d76bc\"\n\t\t\t\t\t\t\t\t\/>\n\t\t\t\t\t\t\t<\/svg>\n\t\t\t\t\t\t<\/div>\n\t\t\t\t\t\t\n\t\t\t\t\t<\/div>\n\t\t\t\t<\/div>\n\t\t\t<\/a>\n\t\t<\/div>\n\n<div class=\"blakors-link-list-item alignwide wp-block-blakors-link-list-item has-background\">\n\t\t\t<a class=\"blakors-link-list-item__holder\" href=\"https:\/\/www.blakors.no\/kristiansand\/virksomheter\/bla-kors-vision-aktivitetspark\/feire-bursdag\/\" rel=\"\">\n\t\t\t\t<div class=\"blakors-link-list-item__content\">\n\t\t\t\t\t<div class=\"blakors-link-list-item__content-inner\">\n\t\t\t\t\t\t<div class=\"title-wrap\">\n\t\t\t\t\t\t\t<h3 class=\"blakors-link-list-item__title\">\n\t\t\t\t\t\t\t\tFeire bursdag\n\t\t\t\t\t\t\t<\/h3>\n\t\t\t\t\t\t\t<svg\n\t\t\t\t\t\t\t\txmlns=\"http:\/\/www.w3.org\/2000\/svg\"\n\t\t\t\t\t\t\t\twidth=\"14\"\n\t\t\t\t\t\t\t\theight=\"12.92\"\n\t\t\t\t\t\t\t\tviewBox=\"0 0 14 12.92\"\n\t\t\t\t\t\t\t>\n\t\t\t\t\t\t\t\t<path\n\t\t\t\t\t\t\t\t\td=\"M7.14-6.58,1.34-.12-.4-1.62,1.84-4.06A8.352,8.352,0,0,1,3.56-5.52H-6.86V-7.64H3.54a7.7,7.7,0,0,1-.84-.61,10.977,10.977,0,0,1-.86-.85L-.4-11.54l1.74-1.5Z\"\n\t\t\t\t\t\t\t\t\ttransform=\"translate(6.86 13.04)\"\n\t\t\t\t\t\t\t\t\tfill=\"#0d76bc\"\n\t\t\t\t\t\t\t\t\/>\n\t\t\t\t\t\t\t<\/svg>\n\t\t\t\t\t\t<\/div>\n\t\t\t\t\t\t\n\t\t\t\t\t<\/div>\n\t\t\t\t<\/div>\n\t\t\t<\/a>\n\t\t<\/div>\n\n\t\t\t<\/div>\n\t\t<\/div>\n\n\n<div class=\"wp-block-buttons is-layout-flex wp-block-buttons-is-layout-flex\"><\/div>\n","protected":false},"excerpt":{"rendered":"<p>Inkluderer: Priser og annen info:<\/p>\n","protected":false},"author":25,"featured_media":379,"parent":309,"menu_order":0,"comment_status":"closed","ping_status":"closed","template":"","meta":{"_acf_changed":false,"_relevanssi_hide_post":"","_relevanssi_hide_content":"","_relevanssi_pin_for_all":"","_relevanssi_pin_keywords":"","_relevanssi_unpin_keywords":"","_relevanssi_related_keywords":"","_relevanssi_related_include_ids":"","_relevanssi_related_exclude_ids":"","_relevanssi_related_no_append":"","_relevanssi_related_not_related":"","_relevanssi_related_posts":"1510,1091,1882,2050,2619,2238","_relevanssi_noindex_reason":"","_custom_cards_description":"Hos oss kan du ha verdens kuleste bursdagsfeiring! F\u00e5 eget bursdagsrom for dere selv i to timer!","footnotes":""},"class_list":["post-4898","page","type-page","status-publish","has-post-thumbnail","hentry"],"acf":[],"_links":{"self":[{"href":"https:\/\/www.blakors.no\/kristiansand\/wp-json\/wp\/v2\/pages\/4898","targetHints":{"allow":["GET"]}}],"collection":[{"href":"https:\/\/www.blakors.no\/kristiansand\/wp-json\/wp\/v2\/pages"}],"about":[{"href":"https:\/\/www.blakors.no\/kristiansand\/wp-json\/wp\/v2\/types\/page"}],"author":[{"embeddable":true,"href":"https:\/\/www.blakors.no\/kristiansand\/wp-json\/wp\/v2\/users\/25"}],"replies":[{"embeddable":true,"href":"https:\/\/www.blakors.no\/kristiansand\/wp-json\/wp\/v2\/comments?post=4898"}],"version-history":[{"count":5,"href":"https:\/\/www.blakors.no\/kristiansand\/wp-json\/wp\/v2\/pages\/4898\/revisions"}],"predecessor-version":[{"id":9399,"href":"https:\/\/www.blakors.no\/kristiansand\/wp-json\/wp\/v2\/pages\/4898\/revisions\/9399"}],"up":[{"embeddable":true,"href":"https:\/\/www.blakors.no\/kristiansand\/wp-json\/wp\/v2\/pages\/309"}],"wp:featuredmedia":[{"embeddable":true,"href":"https:\/\/www.blakors.no\/kristiansand\/wp-json\/wp\/v2\/media\/379"}],"wp:attachment":[{"href":"https:\/\/www.blakors.no\/kristiansand\/wp-json\/wp\/v2\/media?parent=4898"}],"curies":[{"name":"wp","href":"https:\/\/api.w.org\/{rel}","templated":true}]}}