{"id":5089,"date":"2022-06-20T09:00:00","date_gmt":"2022-06-20T07:00:00","guid":{"rendered":"https:\/\/www.blakors.no\/kristiansand\/?page_id=5089"},"modified":"2026-01-26T13:11:13","modified_gmt":"2026-01-26T12:11:13","slug":"bla-kors-gjenbruk","status":"publish","type":"page","link":"https:\/\/www.blakors.no\/kristiansand\/virksomheter\/bla-kors-gjenbruk\/","title":{"rendered":"Bl\u00e5 Kors gjenbruk"},"content":{"rendered":"<div class=\"custom-block-banner alignwide has-background has-green-light-background-color contenthalf\"><div class=\"banner-image\" style=\"background-image:url(https:\/\/www.blakors.no\/content\/uploads\/sites\/11\/2022\/11\/gjenbruk-mennesker-1024x684.jpg)\"><\/div><div class=\"banner-inner\"><div><h1 id=\"velkommen-til-bla-kors-gjenbruk\"  class=\"title small \" >Velkommen til Bl\u00e5 Kors gjenbruk<\/h1><p>Vi har tre flotte gjenbruksbutikker i Kristiansand, p\u00e5 M\u00f8lla p\u00e5 Grim, p\u00e5 Mj\u00e5vann ved Avfall S\u00f8r og i R\u00e5dhusgata 35, samt lagersalg p\u00e5 Lund og innlevering p\u00e5 Sydinga. <\/p><\/div><\/div><\/div>\n\n\n<p><strong>I v\u00e5re butikker fyller vi daglig p\u00e5 med nye varer, og holder lave priser, s\u00e5 her kan kan du gj\u00f8re en god handel hver gang du er innom. Alt overskudd g\u00e5r til Bl\u00e5 Kors-arbeidet i byen\ud83d\udc99<\/strong><\/p>\n\n\n\n<p>Butikkene har egne avdelinger og inspirasjonsrom for ulike varegrupper. Det gj\u00f8r det b\u00e5de lett \u00e5 finne frem, og ekstra g\u00f8y \u00e5 b\u00e5de kikke og handle. Begge butikker har m\u00f8bler, leker, spill, b\u00f8ker, kj\u00f8kkenutstyr, interi\u00f8r, elektronikk, sportsutstyr ++ <br><br>I tillegg har butikken p\u00e5 M\u00f8lla p\u00e5 Grim en stor klesavdeling, med egne soner for dame, herre, barn, og baby. Vi har ogs\u00e5 et godt utvalg av sko, i tillegg til v\u00e5rt eget klesmerke: \u00d8y by Bl\u00e5 Kors. <br><br>Butikkene har ogs\u00e5 en kaf\u00e9-sone, hvor du kan sitte ned for en kopp kaffe og en kjas.<\/p>\n\n\n\n<blockquote class=\"wp-block-quote is-style-default is-layout-flow wp-block-quote-is-layout-flow\">\n<p>Det beste av alt er at alle inntekter g\u00e5r til Bl\u00e5 Kors-arbeidet her i regionen!<\/p>\n<\/blockquote>\n\n\n\n<h2 id=\"apningstider-molla-og-mjavann\"  class=\"wp-block-heading\" >\u00c5pningstider (M\u00f8lla og Mj\u00e5vann):<\/h2>\n\n\n\n<p>Mandag &#8211; fredag: 11:00 &#8211; 18:00<br>L\u00f8rdag: 10:00 &#8211; 15:00<\/p>\n\n\n\n<h3 id=\"kontaktinformasjon\"  class=\"wp-block-heading\" >Kontaktinformasjon:<\/h3>\n\n\n\n<p><strong>Bl\u00e5 Kors gjenbruk, M\u00f8lla p\u00e5 Grim<\/strong><br>Setesdalsveien 43<br>4616 Kristiansand<\/p>\n\n\n\n<p>Tlf: 467 04 102<\/p>\n\n\n\n<p><strong>Bl\u00e5 Kors gjenbruk, Mj\u00e5vann<\/strong><br>Mj\u00e5vannsvegen 46<br>4628 Kristiansand<\/p>\n\n\n\n<p>Tlf: 900 29 659<\/p>\n\n\n\n<p><strong>Gjenbruksmottak<\/strong><br>Sydinga 31 (forbi IKEA)<br>4636 Kristiansand<\/p>\n\n\n\n\t\t<div class=\"wp-block-lib-accentuated-link\">\n\t\t\t<a class=\"lib-link__link\" href=\"https:\/\/www.instagram.com\/bkgjenbruk\/\" target=\"\" rel=\"noopener\">\n\t\t\t\t\n\t\t\t\t<div class=\"lib-link__text-content\">\n\t\t\t\t\t<span class=\"lib-link__tagline\">\n\t\t\t\t\t\tBli inspirert!\n\t\t\t\t\t<\/span>\n\n\t\t\t\t\t<h3 class=\"lib-link__title\">\n\t\t\t\t\t\tF\u00f8lg Bl\u00e5 Kors gjenbruk p\u00e5 Instagram\n\t\t\t\t\t<\/h3>\n\n\t\t\t\t\t\n\t\t\t<span class=\"lib-link__link-source\">\n\t\t\t\twww.instagram.com\n\t\t\t\t<svg xmlns=\"http:\/\/www.w3.org\/2000\/svg\" viewBox=\"0 0 24 24\" height=\"24\" width=\"24\" class=\"t2-icon t2-icon-linkexternal\" aria-hidden=\"true\" focusable=\"false\"><path d=\"M5 21c-.5 0-1-.2-1.4-.6S3 19.6 3 19V5c0-.6.2-1 .6-1.4S4.5 3 5 3h6c.3 0 .5.1.7.3.2.2.3.4.3.7 0 .3-.1.5-.3.7-.2.2-.4.3-.7.3H5v14h14v-6c0-.3.1-.5.3-.7.2-.2.4-.3.7-.3s.5.1.7.3c.2.2.3.4.3.7v6c0 .6-.2 1-.6 1.4s-.8.6-1.4.6H5zm4-6c-.2-.2-.3-.4-.3-.7s.1-.5.3-.7L17.6 5H15c-.3 0-.5-.1-.7-.3-.2-.2-.3-.4-.3-.7 0-.3.1-.5.3-.7.2-.2.4-.3.7-.3h5c.3 0 .5.1.7.3.2.2.3.4.3.7v5c0 .3-.1.5-.3.7-.2.2-.4.3-.7.3s-.5-.1-.7-.3c-.2-.2-.3-.4-.3-.7V6.4L10.4 15c-.2.2-.4.3-.7.3s-.5-.1-.7-.3z\" fill=\"currentColor\" \/><\/svg>\n\t\t\t<\/span>\n\t\t\t\t<\/div>\n\t\t\t<\/a>\n\t\t<\/div>\n\n\n<figure class=\"wp-block-gallery has-nested-images columns-default is-cropped wp-block-gallery-1 is-layout-flex wp-block-gallery-is-layout-flex\">\n<figure class=\"wp-block-image size-large\"><img loading=\"lazy\" decoding=\"async\" width=\"1024\" height=\"683\" data-id=\"8705\" src=\"https:\/\/www.blakors.no\/content\/uploads\/sites\/11\/2025\/03\/molla-apning-13-1024x683.jpg\" alt=\"\" class=\"wp-image-8705\" srcset=\"https:\/\/www.blakors.no\/content\/uploads\/sites\/11\/2025\/03\/molla-apning-13-1024x683.jpg 1024w, https:\/\/www.blakors.no\/content\/uploads\/sites\/11\/2025\/03\/molla-apning-13-300x200.jpg 300w, https:\/\/www.blakors.no\/content\/uploads\/sites\/11\/2025\/03\/molla-apning-13-768x512.jpg 768w, https:\/\/www.blakors.no\/content\/uploads\/sites\/11\/2025\/03\/molla-apning-13-1536x1024.jpg 1536w, https:\/\/www.blakors.no\/content\/uploads\/sites\/11\/2025\/03\/molla-apning-13-2048x1365.jpg 2048w\" sizes=\"auto, (max-width: 1024px) 100vw, 1024px\" \/><\/figure>\n\n\n\n<figure class=\"wp-block-image size-large\"><img loading=\"lazy\" decoding=\"async\" width=\"1024\" height=\"683\" data-id=\"8706\" src=\"https:\/\/www.blakors.no\/content\/uploads\/sites\/11\/2025\/03\/molla-apning-16-1024x683.jpg\" alt=\"\" class=\"wp-image-8706\" srcset=\"https:\/\/www.blakors.no\/content\/uploads\/sites\/11\/2025\/03\/molla-apning-16-1024x683.jpg 1024w, https:\/\/www.blakors.no\/content\/uploads\/sites\/11\/2025\/03\/molla-apning-16-300x200.jpg 300w, https:\/\/www.blakors.no\/content\/uploads\/sites\/11\/2025\/03\/molla-apning-16-768x512.jpg 768w, https:\/\/www.blakors.no\/content\/uploads\/sites\/11\/2025\/03\/molla-apning-16-1536x1024.jpg 1536w, https:\/\/www.blakors.no\/content\/uploads\/sites\/11\/2025\/03\/molla-apning-16-2048x1365.jpg 2048w\" sizes=\"auto, (max-width: 1024px) 100vw, 1024px\" \/><\/figure>\n<\/figure>\n\n\n\n<h2 class=\"wp-block-heading\" id=\"h-vil-du-bli-frivillig-hos-oss\">Innlevering av varer<\/h2>\n\n\n\n<p>Nye varer er viktig for oss, og vi setter stor pris p\u00e5 om du har noe du vil levere. Vi tar imot varer med et hjertelig takk<strong> i v\u00e5r butikk p\u00e5 gjenvinningsstasjonen p\u00e5 Mj\u00e5vann, samt p\u00e5 v\u00e5rt gjenbruksmottak p\u00e5 gjenvinningsstasjonen p\u00e5 Sydinga (ved Ikea).<\/strong><\/p>\n\n\n\n<p>Vi tar imot varer i alle kategorier, og er takknemlige for at kl\u00e6r er vasket f\u00f8r innlevering.<br><br>Tusen takk &#8211; ditt bidrag betyr mye for mange \ud83e\udef6\ud83c\udffc<\/p>\n\n\n\n<h2 class=\"wp-block-heading\" id=\"h-vil-du-bli-frivillig-hos-oss\">Vil du bli frivillig hos oss?<\/h2>\n\n\n\n<p>Vi kaller v\u00e5re frivillige for &laquo;Tidgivere&raquo;. Tid er det mest verdifulle du kan gi til andre. Har du litt tid til overs er Bl\u00e5 Kors gjenbruk et meningsfylt sted \u00e5 v\u00e6re med, det er sosialt og gir mye tilbake. Du kan v\u00e6re med \u00e5 gj\u00f8re en forskjell for andre. <a href=\"https:\/\/www.blakors.no\/kristiansand\/virksomheter\/bla-kors-frivilligsentral\/\">Kontakt oss gjerne<\/a> hvis du \u00f8nsker \u00e5 gi litt tid p\u00e5 Bl\u00e5 Kors gjenbruk.<\/p>\n\n\n\n<figure class=\"wp-block-embed dekode-gtm-iframe-preview is-type-video is-provider-youtube wp-block-embed-youtube wp-embed-aspect-4-3 wp-has-aspect-ratio\"><div class=\"wp-block-embed__wrapper\">\n<iframe title=\"Bl\u00e5 Kors gjenbruk, M\u00f8lla p\u00e5 Grim\" width=\"422\" height=\"750\" data-cookieconsent=\"marketing\" data-cookieblock-src=\"https:\/\/www.youtube.com\/embed\/oZq1wlsdtpc?feature=oembed\"  allow=\"accelerometer; autoplay; clipboard-write; encrypted-media; gyroscope; picture-in-picture; web-share\" referrerpolicy=\"strict-origin-when-cross-origin\" allowfullscreen sandbox=\"allow-scripts allow-same-origin allow-popups allow-presentation allow-popups-to-escape-sandbox\"><\/iframe>\n\t\t<div class=\"cookieconsent-optout-marketing dekode-gtm-cookie-consent-video-placeholder\">\n\t\t\t<div class=\"dekode-gtm-cookie-consent is-block-core-embed is-provider-youtube\">\n\t\t\t\t\n\t\t\t<img decoding=\"async\" src=\"https:\/\/i.ytimg.com\/vi\/\/hqdefault.jpg\" alt=\"youtube\" \/>\n\t\t\t\t<div class=\"overlay\">\n\t\t\t\t\t<div class=\"cookie-info\">\n\t\t\t\t\t\t<h2 id=\"her-ligger-det-medieinnhold-fra-en-ekstern-kilde\"  >Her ligger det medieinnhold fra en ekstern kilde. <\/h2> \n\n<p>For \u00e5 se innholdet, m\u00e5 du endre samtykket ditt.<\/p>\n\n<p>Les mer om hvordan dataen din blir behandlet av eksterne kilder i personvernerkl\u00e6ringen v\u00e5r.<\/p>\n\t\t\t\t\t\t<p>\n\t\t\t\t\t\t\t<a title=\"Endre samtykke\" class=\"dekode-gtm-cookiebot-renew\" href=\"#\">Endre samtykke<\/a>\n\t\t\t\t\t\t\t\n\t\t\t\t\t\t<\/p>\n\t\t\t\t\t<\/div>\n\t\t\t\t<\/div>\n\t\t\t<\/div>\n\t\t<\/div>\n<\/div><\/figure>\n\n\n<div class=\"wp-block-blakors-person-cards\">\n\t\t\t\n\t\t<\/div>","protected":false},"excerpt":{"rendered":"<p>I v\u00e5re butikker fyller vi daglig p\u00e5 med nye varer, og holder lave priser, s\u00e5 her kan kan du gj\u00f8re en god handel hver gang du er innom. Alt overskudd g\u00e5r til Bl\u00e5 Kors-arbeidet i byen\ud83d\udc99 Butikkene har egne avdelinger og inspirasjonsrom for ulike varegrupper. Det gj\u00f8r det b\u00e5de lett \u00e5 finne frem, og ekstra [&hellip;]<\/p>\n","protected":false},"author":25,"featured_media":8705,"parent":7,"menu_order":0,"comment_status":"closed","ping_status":"closed","template":"","meta":{"_acf_changed":false,"_relevanssi_hide_post":"","_relevanssi_hide_content":"","_relevanssi_pin_for_all":"","_relevanssi_pin_keywords":"","_relevanssi_unpin_keywords":"","_relevanssi_related_keywords":"","_relevanssi_related_include_ids":"","_relevanssi_related_exclude_ids":"","_relevanssi_related_no_append":"","_relevanssi_related_not_related":"","_relevanssi_related_posts":"4130,4147,4160,3765,4095,4154","_relevanssi_noindex_reason":"","_custom_cards_description":"","footnotes":""},"class_list":["post-5089","page","type-page","status-publish","has-post-thumbnail","hentry"],"acf":[],"_links":{"self":[{"href":"https:\/\/www.blakors.no\/kristiansand\/wp-json\/wp\/v2\/pages\/5089","targetHints":{"allow":["GET"]}}],"collection":[{"href":"https:\/\/www.blakors.no\/kristiansand\/wp-json\/wp\/v2\/pages"}],"about":[{"href":"https:\/\/www.blakors.no\/kristiansand\/wp-json\/wp\/v2\/types\/page"}],"author":[{"embeddable":true,"href":"https:\/\/www.blakors.no\/kristiansand\/wp-json\/wp\/v2\/users\/25"}],"replies":[{"embeddable":true,"href":"https:\/\/www.blakors.no\/kristiansand\/wp-json\/wp\/v2\/comments?post=5089"}],"version-history":[{"count":4,"href":"https:\/\/www.blakors.no\/kristiansand\/wp-json\/wp\/v2\/pages\/5089\/revisions"}],"predecessor-version":[{"id":9372,"href":"https:\/\/www.blakors.no\/kristiansand\/wp-json\/wp\/v2\/pages\/5089\/revisions\/9372"}],"up":[{"embeddable":true,"href":"https:\/\/www.blakors.no\/kristiansand\/wp-json\/wp\/v2\/pages\/7"}],"wp:featuredmedia":[{"embeddable":true,"href":"https:\/\/www.blakors.no\/kristiansand\/wp-json\/wp\/v2\/media\/8705"}],"wp:attachment":[{"href":"https:\/\/www.blakors.no\/kristiansand\/wp-json\/wp\/v2\/media?parent=5089"}],"curies":[{"name":"wp","href":"https:\/\/api.w.org\/{rel}","templated":true}]}}