{"id":5685,"date":"2022-08-17T11:06:33","date_gmt":"2022-08-17T09:06:33","guid":{"rendered":"https:\/\/www.blakors.no\/kristiansand\/?page_id=5685"},"modified":"2025-08-06T14:20:18","modified_gmt":"2025-08-06T12:20:18","slug":"bla-kors-vedsentral","status":"publish","type":"page","link":"https:\/\/www.blakors.no\/kristiansand\/virksomheter\/bla-kors-vedsentral\/","title":{"rendered":"Bl\u00e5 Kors vedsentral"},"content":{"rendered":"<div class=\"custom-block-banner alignwide contenthalf\"><div class=\"banner-image\" style=\"background-image:url(https:\/\/www.blakors.no\/content\/uploads\/sites\/11\/2022\/08\/ved-20-1024x1024.jpg)\"><\/div><div class=\"banner-inner\"><div><h1 id=\"kjop-ved-av-bla-kors\"  class=\"title large \" >Kj\u00f8p ved av Bl\u00e5 Kors<\/h1><p>Vi selger bj\u00f8rkeved i 40-liters sekker og 1.000-liters sekker fra v\u00e5r vedsentral i \u00c6girsvei 3 p\u00e5 Lund i Kristiansand. Bestill ved med hjemlevering p\u00e5 bkved.no eller kontakt oss p\u00e5 tlf 960 08 797.<\/p><\/div><\/div><\/div>\n\n\n<p><strong>Alt overskudd g\u00e5r til Bl\u00e5 Kors sitt arbeid.&nbsp;<\/strong><\/p>\n\n\n\n<p>Veden fra Bl\u00e5 Kors vedsentral fraktes milj\u00f8vennlig og av ypperste kvalitet. T\u00f8rr, fin bj\u00f8rkeved i 40-liters sekker eller 1.000-liters sekker som kan l\u00f8ftes rett p\u00e5 henger. Veden holder Norsk Standard klasse 1 for fyringsved.<\/p>\n\n\n\n<div class=\"custom-block-factbox is-style-blue\">\n\t<h2 id=\"bestill-ved-med-hjemlevering\"  >Bestill ved med <strong>hjemlevering<\/strong>?<\/h2>\n<p>Du kan benytte <a href=\"https:\/\/bkved.no\/\" target=\"_blank\" rel=\"noopener\">v\u00e5r nettbutikk<\/a> dersom du \u00f8nsker levering til din adresse.<\/p>\n<\/div>\n\n\n\n<p><strong>Dette er ved som gir dobbel varme!<\/strong><\/p>\n\n\n\n<ul class=\"wp-block-list\">\n<li>Alt overskudd g\u00e5r videre til Bl\u00e5 Kors sitt arbeid<\/li>\n\n\n\n<li>Kortreist &amp; milj\u00f8vennlig norsk ved<\/li>\n<\/ul>\n\n\n\t<div class=\"custom-block-related-article \">\n\t\t\t<div class=\"image\">\n\t\t\t\t<a href=\"https:\/\/www.blakors.no\/kristiansand\/2022\/08\/08\/i-ar-dobler-vi-vedsalget\/\">\n\t\t\t\t<img loading=\"lazy\" decoding=\"async\" width=\"300\" height=\"200\" src=\"https:\/\/www.blakors.no\/content\/uploads\/sites\/11\/2022\/08\/IMG_1883-300x200.jpg\" class=\"attachment-medium size-medium wp-post-image\" alt=\"Bl\u00e5 Kors&#039; &quot;vedgeneral&quot; Arve Hjalmar Bjerke\" srcset=\"https:\/\/www.blakors.no\/content\/uploads\/sites\/11\/2022\/08\/IMG_1883-300x200.jpg 300w, https:\/\/www.blakors.no\/content\/uploads\/sites\/11\/2022\/08\/IMG_1883-1024x683.jpg 1024w, https:\/\/www.blakors.no\/content\/uploads\/sites\/11\/2022\/08\/IMG_1883-768x512.jpg 768w, https:\/\/www.blakors.no\/content\/uploads\/sites\/11\/2022\/08\/IMG_1883-1536x1024.jpg 1536w, https:\/\/www.blakors.no\/content\/uploads\/sites\/11\/2022\/08\/IMG_1883-scaled.jpg 2048w\" sizes=\"auto, (max-width: 300px) 100vw, 300px\" \/>\t\t\t\t<\/a>\n\t\t\t<\/div>\n\t\t\t<div class=\"content\">\n\t\t\t\t<a href=\"https:\/\/www.blakors.no\/kristiansand\/2022\/08\/08\/i-ar-dobler-vi-vedsalget\/\">\n\t\t\t\t<span class=\"label\">Les ogs\u00e5<\/span><h3 id=\"i-ar-dobler-vi-vedsalget\"  class=\"title\" >&#8211; I \u00e5r dobler vi vedsalget<\/h3>\t\t\t\t<\/a>\n\t\t\t<\/div>\n\t<\/div>\n\t\n\n\t<div class=\"custom-block-related-article \">\n\t\t\t<div class=\"image\">\n\t\t\t\t<a href=\"https:\/\/www.blakors.no\/kristiansand\/2021\/08\/16\/har-pakket-over-12-000-sekker-med-ved\/\">\n\t\t\t\t<img loading=\"lazy\" decoding=\"async\" width=\"300\" height=\"169\" src=\"https:\/\/www.blakors.no\/content\/uploads\/sites\/11\/2021\/08\/DSC_0073-edited-300x169.jpg\" class=\"attachment-medium size-medium wp-post-image\" alt=\"Mihitu Sium, Robel Habtu og Samuel Solomon Mestun\" srcset=\"https:\/\/www.blakors.no\/content\/uploads\/sites\/11\/2021\/08\/DSC_0073-edited-300x169.jpg 300w, https:\/\/www.blakors.no\/content\/uploads\/sites\/11\/2021\/08\/DSC_0073-edited-1024x577.jpg 1024w, https:\/\/www.blakors.no\/content\/uploads\/sites\/11\/2021\/08\/DSC_0073-edited-768x433.jpg 768w, https:\/\/www.blakors.no\/content\/uploads\/sites\/11\/2021\/08\/DSC_0073-edited-1536x865.jpg 1536w, https:\/\/www.blakors.no\/content\/uploads\/sites\/11\/2021\/08\/DSC_0073-edited-scaled.jpg 2048w\" sizes=\"auto, (max-width: 300px) 100vw, 300px\" \/>\t\t\t\t<\/a>\n\t\t\t<\/div>\n\t\t\t<div class=\"content\">\n\t\t\t\t<a href=\"https:\/\/www.blakors.no\/kristiansand\/2021\/08\/16\/har-pakket-over-12-000-sekker-med-ved\/\">\n\t\t\t\t<span class=\"label\">Les ogs\u00e5<\/span><h3 id=\"har-pakket-over-12-000-sekker-med-ved\"  class=\"title\" >Har pakket over 12.000 sekker med ved<\/h3>\t\t\t\t<\/a>\n\t\t\t<\/div>\n\t<\/div>\n\t","protected":false},"excerpt":{"rendered":"<p>Alt overskudd g\u00e5r til Bl\u00e5 Kors sitt arbeid.&nbsp; Veden fra Bl\u00e5 Kors vedsentral fraktes milj\u00f8vennlig og av ypperste kvalitet. T\u00f8rr, fin bj\u00f8rkeved i 40-liters sekker eller 1.000-liters sekker som kan l\u00f8ftes rett p\u00e5 henger. Veden holder Norsk Standard klasse 1 for fyringsved. Dette er ved som gir dobbel varme!<\/p>\n","protected":false},"author":25,"featured_media":5680,"parent":7,"menu_order":0,"comment_status":"closed","ping_status":"closed","template":"","meta":{"_acf_changed":false,"_relevanssi_hide_post":"","_relevanssi_hide_content":"","_relevanssi_pin_for_all":"on","_relevanssi_pin_keywords":"","_relevanssi_unpin_keywords":"","_relevanssi_related_keywords":"","_relevanssi_related_include_ids":"","_relevanssi_related_exclude_ids":"","_relevanssi_related_no_append":"","_relevanssi_related_not_related":"","_relevanssi_related_posts":"4147,4130,3765,4095,4103,4163","_relevanssi_noindex_reason":"","_custom_cards_description":"","footnotes":""},"class_list":["post-5685","page","type-page","status-publish","has-post-thumbnail","hentry"],"acf":[],"_links":{"self":[{"href":"https:\/\/www.blakors.no\/kristiansand\/wp-json\/wp\/v2\/pages\/5685","targetHints":{"allow":["GET"]}}],"collection":[{"href":"https:\/\/www.blakors.no\/kristiansand\/wp-json\/wp\/v2\/pages"}],"about":[{"href":"https:\/\/www.blakors.no\/kristiansand\/wp-json\/wp\/v2\/types\/page"}],"author":[{"embeddable":true,"href":"https:\/\/www.blakors.no\/kristiansand\/wp-json\/wp\/v2\/users\/25"}],"replies":[{"embeddable":true,"href":"https:\/\/www.blakors.no\/kristiansand\/wp-json\/wp\/v2\/comments?post=5685"}],"version-history":[{"count":4,"href":"https:\/\/www.blakors.no\/kristiansand\/wp-json\/wp\/v2\/pages\/5685\/revisions"}],"predecessor-version":[{"id":9000,"href":"https:\/\/www.blakors.no\/kristiansand\/wp-json\/wp\/v2\/pages\/5685\/revisions\/9000"}],"up":[{"embeddable":true,"href":"https:\/\/www.blakors.no\/kristiansand\/wp-json\/wp\/v2\/pages\/7"}],"wp:featuredmedia":[{"embeddable":true,"href":"https:\/\/www.blakors.no\/kristiansand\/wp-json\/wp\/v2\/media\/5680"}],"wp:attachment":[{"href":"https:\/\/www.blakors.no\/kristiansand\/wp-json\/wp\/v2\/media?parent=5685"}],"curies":[{"name":"wp","href":"https:\/\/api.w.org\/{rel}","templated":true}]}}