{"id":5916,"date":"2022-09-06T12:41:20","date_gmt":"2022-09-06T10:41:20","guid":{"rendered":"https:\/\/www.blakors.no\/kristiansand\/?page_id=5916"},"modified":"2023-10-02T11:58:09","modified_gmt":"2023-10-02T09:58:09","slug":"innafor","status":"publish","type":"page","link":"https:\/\/www.blakors.no\/kristiansand\/innafor\/","title":{"rendered":"Innafor app"},"content":{"rendered":"<div class=\"custom-block-banner alignwide contenthalf\"><div class=\"banner-image\" style=\"background-image:url(https:\/\/www.blakors.no\/content\/uploads\/sites\/11\/2022\/09\/Innafor-iPhone-1024x711.jpg)\"><\/div><div class=\"banner-inner\"><div><h1 id=\"flest-mulig-lengst-mulig\"  class=\"title small \" >Flest mulig, lengst mulig!<\/h1><p>Med appen Innafor fra Bl\u00e5 Kors.<\/p><\/div><\/div><\/div>\n\n\n<p><strong>V\u00e5rt m\u00e5l er at flere barn og unge skal f\u00f8le seg inkludert i felleskapet, oppleve idrettsglede, likeverd og en mobbefri hverdag.<\/strong><\/p>\n\n\n\n<h2 class=\"wp-block-heading\" id=\"h-appen-innafor\">Appen &laquo;Innafor&raquo;<\/h2>\n\n\n\n<p>Innafor-appen hjelper trenere i \u00e5 fange opp utenforskap, mobbing, trivsel og andre viktige faktorer for \u00e5 bli sett og inkludert. Appens kjernefunksjon er enkle, anonyme unders\u00f8kelser som m\u00e5ler de unges situasjon i gruppa.\u202f<\/p>\n\n\n\n<p>Positive fritidsaktiviteter er god forebygging. Ved hjelp av appen kan treneren ligge i forkant og se hvilke grep som er n\u00f8dvendige for at de unge f\u00e5r en bedre hverdag.<\/p>\n\n\n\n<h3 id=\"skjermbilder\"  class=\"wp-block-heading\" >Skjermbilder<\/h3>\n\n\n\n<figure class=\"wp-block-image alignwide size-large\"><img loading=\"lazy\" decoding=\"async\" width=\"1024\" height=\"312\" src=\"https:\/\/www.blakors.no\/content\/uploads\/sites\/11\/2022\/09\/Innafor-skjermbilder-1-1024x312.png\" alt=\"Innafor-skjermbilder\" class=\"wp-image-5969\" srcset=\"https:\/\/www.blakors.no\/content\/uploads\/sites\/11\/2022\/09\/Innafor-skjermbilder-1-1024x312.png 1024w, https:\/\/www.blakors.no\/content\/uploads\/sites\/11\/2022\/09\/Innafor-skjermbilder-1-300x91.png 300w, https:\/\/www.blakors.no\/content\/uploads\/sites\/11\/2022\/09\/Innafor-skjermbilder-1-768x234.png 768w, https:\/\/www.blakors.no\/content\/uploads\/sites\/11\/2022\/09\/Innafor-skjermbilder-1-1536x468.png 1536w, https:\/\/www.blakors.no\/content\/uploads\/sites\/11\/2022\/09\/Innafor-skjermbilder-1.png 1920w\" sizes=\"auto, (max-width: 1024px) 100vw, 1024px\" \/><\/figure>\n\n\n\n<figure class=\"wp-block-embed dekode-gtm-iframe-preview is-type-video is-provider-youtube wp-block-embed-youtube wp-embed-aspect-16-9 wp-has-aspect-ratio\"><div class=\"wp-block-embed__wrapper\">\n<iframe title=\"Trenerens rolle\" width=\"500\" height=\"281\" data-cookieconsent=\"marketing\" data-cookieblock-src=\"https:\/\/www.youtube.com\/embed\/AyaUNmQFYxo?feature=oembed\"  allow=\"accelerometer; autoplay; clipboard-write; encrypted-media; gyroscope; picture-in-picture; web-share\" referrerpolicy=\"strict-origin-when-cross-origin\" allowfullscreen sandbox=\"allow-scripts allow-same-origin allow-popups allow-presentation allow-popups-to-escape-sandbox\"><\/iframe>\n\t\t<div class=\"cookieconsent-optout-marketing dekode-gtm-cookie-consent-video-placeholder\">\n\t\t\t<div class=\"dekode-gtm-cookie-consent is-block-core-embed is-provider-youtube\">\n\t\t\t\t\n\t\t\t<img decoding=\"async\" src=\"https:\/\/i.ytimg.com\/vi\/AyaUNmQFYxo\/hqdefault.jpg\" alt=\"youtube\" \/>\n\t\t\t\t<div class=\"overlay\">\n\t\t\t\t\t<div class=\"cookie-info\">\n\t\t\t\t\t\t<h2 id=\"her-ligger-det-medieinnhold-fra-en-ekstern-kilde\"  >Her ligger det medieinnhold fra en ekstern kilde. <\/h2> \n\n<p>For \u00e5 se innholdet, m\u00e5 du endre samtykket ditt.<\/p>\n\n<p>Les mer om hvordan dataen din blir behandlet av eksterne kilder i personvernerkl\u00e6ringen v\u00e5r.<\/p>\n\t\t\t\t\t\t<p>\n\t\t\t\t\t\t\t<a title=\"Endre samtykke\" class=\"dekode-gtm-cookiebot-renew\" href=\"#\">Endre samtykke<\/a>\n\t\t\t\t\t\t\t\n\t\t\t\t\t\t<\/p>\n\t\t\t\t\t<\/div>\n\t\t\t\t<\/div>\n\t\t\t<\/div>\n\t\t<\/div>\n<\/div><\/figure>\n\n\n\n<h2 class=\"wp-block-heading\" id=\"h-onsker-ditt-lag-a-bruke-innafor-appen\">\u00d8nsker ditt lag \u00e5 bruke Innafor-appen?<\/h2>\n\n\n\n<p>Du finner den i App Store og Google Play &#8211; helt gratis!<\/p>\n\n\n\n<figure class=\"wp-block-image aligncenter size-full is-resized\"><a href=\"https:\/\/apps.apple.com\/no\/app\/innafor-app\/id1571911359?l=nb\" target=\"_blank\" rel=\"noopener\"><img loading=\"lazy\" decoding=\"async\" src=\"https:\/\/www.blakors.no\/content\/uploads\/sites\/11\/2022\/09\/Badge-App_Store_NO_blk_100317.png\" alt=\"Badge-App_Store_NO_blk_100317\" class=\"wp-image-5919\" width=\"151\" height=\"50\" srcset=\"https:\/\/www.blakors.no\/content\/uploads\/sites\/11\/2022\/09\/Badge-App_Store_NO_blk_100317.png 499w, https:\/\/www.blakors.no\/content\/uploads\/sites\/11\/2022\/09\/Badge-App_Store_NO_blk_100317-300x100.png 300w\" sizes=\"auto, (max-width: 151px) 100vw, 151px\" \/><\/a><\/figure>\n\n\n\n<figure class=\"wp-block-image aligncenter size-full is-resized\"><a href=\"https:\/\/play.google.com\/store\/apps\/details?id=com.egde.innafor&amp;gl=NO\" target=\"_blank\" rel=\"noopener\"><img loading=\"lazy\" decoding=\"async\" src=\"https:\/\/www.blakors.no\/content\/uploads\/sites\/11\/2022\/09\/Badge-google-play-1.png\" alt=\"Badge-google-play\" class=\"wp-image-5999\" width=\"151\" height=\"44\" srcset=\"https:\/\/www.blakors.no\/content\/uploads\/sites\/11\/2022\/09\/Badge-google-play-1.png 564w, https:\/\/www.blakors.no\/content\/uploads\/sites\/11\/2022\/09\/Badge-google-play-1-300x89.png 300w\" sizes=\"auto, (max-width: 151px) 100vw, 151px\" \/><\/a><\/figure>\n\n\n\n<h2 id=\"samarbeidspartnere\"  class=\"wp-block-heading\" >Samarbeidspartnere<\/h2>\n\n\n\n<p><strong>Universitetet i Agder<\/strong><br>Universitetet i Agder er S\u00f8rlandets ledende utdannings- og forskningsinstitusjon. Universitetet har bidratt med studentarbeid og et solid fagmilj\u00f8 innen teknologi, helse- og idrettsvitenskap under utviklingen av Innafor-appen.<\/p>\n\n\n\n<p><strong>Egde Consulting<br><\/strong>Egde har S\u00f8rlandets ledende fagmilj\u00f8 innen digitalisering og teknologi og har siden 2020 v\u00e6rt prosjektet tekniske partner og leverand\u00f8r. Egde jobber for \u00e5\u202fforene mennesker og teknologi.<\/p>\n\n\n\n<p><strong>Sparebankstiftelsen Sparebanken S\u00f8r<\/strong><br>Innafor-appen er finansiert med st\u00f8tte fra Sparebankstiftelsen Sparebanken S\u00f8r. Stiftelsen fokuserer i hovedsak p\u00e5 prosjekter som skal bidra til \u00e5 forebygge levek\u00e5rs-utfordringer i Agder og Telemark.<\/p>\n\n\n\n<p><strong>Fotballklubben Jerv<\/strong><br>FK Jerv plasserer holdninger og trivsel i sentrum og vil gjennom samarbeid med Innafor-appen legge til rette for et trygt og inkluderende milj\u00f8 for barn og unge b\u00e5de p\u00e5 og utenfor fotballbanen.<\/p>\n\n\n\n<hr>\n\n\n\n<p>Se v\u00e5r <a href=\"https:\/\/www.blakors.no\/kristiansand\/personvernerklaering-innafor-app\/\">personvernerkl\u00e6ring<\/a><\/p>\n","protected":false},"excerpt":{"rendered":"<p>V\u00e5rt m\u00e5l er at flere barn og unge skal f\u00f8le seg inkludert i felleskapet, oppleve idrettsglede, likeverd og en mobbefri hverdag. Appen &laquo;Innafor&raquo; Innafor-appen hjelper trenere i \u00e5 fange opp utenforskap, mobbing, trivsel og andre viktige faktorer for \u00e5 bli sett og inkludert. Appens kjernefunksjon er enkle, anonyme unders\u00f8kelser som m\u00e5ler de unges situasjon i [&hellip;]<\/p>\n","protected":false},"author":25,"featured_media":5977,"parent":0,"menu_order":0,"comment_status":"closed","ping_status":"closed","template":"","meta":{"_acf_changed":false,"_relevanssi_hide_post":"","_relevanssi_hide_content":"","_relevanssi_pin_for_all":"on","_relevanssi_pin_keywords":"","_relevanssi_unpin_keywords":"","_relevanssi_related_keywords":"","_relevanssi_related_include_ids":"","_relevanssi_related_exclude_ids":"","_relevanssi_related_no_append":"","_relevanssi_related_not_related":"","_relevanssi_related_posts":"4130,4147,4160,3765,4095,4154","_relevanssi_noindex_reason":"","_custom_cards_description":"","footnotes":""},"class_list":["post-5916","page","type-page","status-publish","has-post-thumbnail","hentry"],"acf":[],"_links":{"self":[{"href":"https:\/\/www.blakors.no\/kristiansand\/wp-json\/wp\/v2\/pages\/5916","targetHints":{"allow":["GET"]}}],"collection":[{"href":"https:\/\/www.blakors.no\/kristiansand\/wp-json\/wp\/v2\/pages"}],"about":[{"href":"https:\/\/www.blakors.no\/kristiansand\/wp-json\/wp\/v2\/types\/page"}],"author":[{"embeddable":true,"href":"https:\/\/www.blakors.no\/kristiansand\/wp-json\/wp\/v2\/users\/25"}],"replies":[{"embeddable":true,"href":"https:\/\/www.blakors.no\/kristiansand\/wp-json\/wp\/v2\/comments?post=5916"}],"version-history":[{"count":5,"href":"https:\/\/www.blakors.no\/kristiansand\/wp-json\/wp\/v2\/pages\/5916\/revisions"}],"predecessor-version":[{"id":7540,"href":"https:\/\/www.blakors.no\/kristiansand\/wp-json\/wp\/v2\/pages\/5916\/revisions\/7540"}],"wp:featuredmedia":[{"embeddable":true,"href":"https:\/\/www.blakors.no\/kristiansand\/wp-json\/wp\/v2\/media\/5977"}],"wp:attachment":[{"href":"https:\/\/www.blakors.no\/kristiansand\/wp-json\/wp\/v2\/media?parent=5916"}],"curies":[{"name":"wp","href":"https:\/\/api.w.org\/{rel}","templated":true}]}}