{"id":7,"date":"2020-03-24T20:57:35","date_gmt":"2020-03-24T19:57:35","guid":{"rendered":"https:\/\/www.blakors.no\/kristiansand\/?page_id=7"},"modified":"2025-08-26T11:09:49","modified_gmt":"2025-08-26T09:09:49","slug":"virksomheter","status":"publish","type":"page","link":"https:\/\/www.blakors.no\/kristiansand\/virksomheter\/","title":{"rendered":"Lokale virksomheter"},"content":{"rendered":"\n<div class=\"wp-block-media-text alignwide is-stacked-on-mobile\" style=\"grid-template-columns:25% auto\"><figure class=\"wp-block-media-text__media\"><img loading=\"lazy\" decoding=\"async\" width=\"1024\" height=\"629\" src=\"https:\/\/www.blakors.no\/content\/uploads\/sites\/11\/2020\/11\/WEB-Vision_Jenteskate-02559-1024x629.jpg\" alt=\"Nye aktiviteter i Bl\u00e5 Kors aktivitetspark\" class=\"wp-image-3149 size-full\" srcset=\"https:\/\/www.blakors.no\/content\/uploads\/sites\/11\/2020\/11\/WEB-Vision_Jenteskate-02559-1024x629.jpg 1024w, https:\/\/www.blakors.no\/content\/uploads\/sites\/11\/2020\/11\/WEB-Vision_Jenteskate-02559-300x184.jpg 300w, https:\/\/www.blakors.no\/content\/uploads\/sites\/11\/2020\/11\/WEB-Vision_Jenteskate-02559-768x472.jpg 768w, https:\/\/www.blakors.no\/content\/uploads\/sites\/11\/2020\/11\/WEB-Vision_Jenteskate-02559-1536x944.jpg 1536w, https:\/\/www.blakors.no\/content\/uploads\/sites\/11\/2020\/11\/WEB-Vision_Jenteskate-02559.jpg 2048w\" sizes=\"auto, (max-width: 1024px) 100vw, 1024px\" \/><\/figure><div class=\"wp-block-media-text__content\">\n<h2 class=\"wp-block-heading\" id=\"bla-kors-ferier\">Bl\u00e5 Kors aktivitetspark<\/h2>\n\n\n\n<p>\u201cMestring og gode opplevelser\u201d \u2013 m\u00e5let med Bl\u00e5 Kors aktivitetspark er \u00e5 gi barn og unge et trygt, rusfritt og aktivt sted for \u00e5 utfolde seg. Her kan en boltre seg hver dag, hele \u00e5ret.<\/p>\n\n\n\n<div class=\"wp-block-buttons is-layout-flex wp-block-buttons-is-layout-flex\">\n<div class=\"wp-block-button is-style-secondary\"><a class=\"wp-block-button__link wp-element-button\" href=\"https:\/\/www.blakors.no\/ung\/kristiansand\/\">Les mer&#8230;<\/a><\/div>\n<\/div>\n<\/div><\/div>\n\n\n\n<div class=\"wp-block-media-text alignwide is-stacked-on-mobile\" style=\"grid-template-columns:25% auto\"><figure class=\"wp-block-media-text__media\"><img loading=\"lazy\" decoding=\"async\" width=\"1024\" height=\"650\" src=\"https:\/\/www.blakors.no\/content\/uploads\/sites\/11\/2021\/02\/3522-1024x650.jpg\" alt=\"Bl\u00e5 Kors barnas stasjon Kristiansand\" class=\"wp-image-4084 size-full\" srcset=\"https:\/\/www.blakors.no\/content\/uploads\/sites\/11\/2021\/02\/3522-1024x650.jpg 1024w, https:\/\/www.blakors.no\/content\/uploads\/sites\/11\/2021\/02\/3522-300x190.jpg 300w, https:\/\/www.blakors.no\/content\/uploads\/sites\/11\/2021\/02\/3522-768x487.jpg 768w, https:\/\/www.blakors.no\/content\/uploads\/sites\/11\/2021\/02\/3522-1536x975.jpg 1536w, https:\/\/www.blakors.no\/content\/uploads\/sites\/11\/2021\/02\/3522-scaled.jpg 2048w\" sizes=\"auto, (max-width: 1024px) 100vw, 1024px\" \/><\/figure><div class=\"wp-block-media-text__content\">\n<h2 class=\"wp-block-heading\" id=\"bla-kors-ferier\">Bl\u00e5 Kors barnas stasjon<\/h2>\n\n\n\n<p>Bl\u00e5 Kors barnas stasjon gir en helhetlig st\u00f8tte til familier i s\u00e5rbare livssituasjoner med barn i alderen 0-12 \u00e5r. I tillegg til stasjonen i Kristiansand har vi stasjoner i Lister og Lindesnes.<\/p>\n\n\n\n<div class=\"wp-block-buttons is-layout-flex wp-block-buttons-is-layout-flex\">\n<div class=\"wp-block-button is-style-secondary\"><a class=\"wp-block-button__link wp-element-button\" href=\"https:\/\/www.blakors.no\/barnas-stasjon\/kristiansand\/\">Les mer&#8230;<\/a><\/div>\n<\/div>\n<\/div><\/div>\n\n\n\n<div class=\"wp-block-media-text alignwide is-stacked-on-mobile\" style=\"grid-template-columns:25% auto\"><figure class=\"wp-block-media-text__media\"><img loading=\"lazy\" decoding=\"async\" width=\"800\" height=\"800\" src=\"https:\/\/www.blakors.no\/content\/uploads\/sites\/11\/2020\/08\/komper.jpg\" alt=\"Bl\u00e5 Kors Foreningen\" class=\"wp-image-277 size-full\" srcset=\"https:\/\/www.blakors.no\/content\/uploads\/sites\/11\/2020\/08\/komper.jpg 800w, https:\/\/www.blakors.no\/content\/uploads\/sites\/11\/2020\/08\/komper-300x300.jpg 300w, https:\/\/www.blakors.no\/content\/uploads\/sites\/11\/2020\/08\/komper-150x150.jpg 150w, https:\/\/www.blakors.no\/content\/uploads\/sites\/11\/2020\/08\/komper-768x768.jpg 768w\" sizes=\"auto, (max-width: 800px) 100vw, 800px\" \/><\/figure><div class=\"wp-block-media-text__content\">\n<h2 class=\"wp-block-heading\" id=\"bla-kors-ferier\">Bl\u00e5 Kors foreningen<\/h2>\n\n\n\n<p>Bl\u00e5 Kors foreningen har lange tradisjoner i byen og driver omsorgsarbeid over et stort spekter.&nbsp;<\/p>\n\n\n\n<div class=\"wp-block-buttons is-layout-flex wp-block-buttons-is-layout-flex\">\n<div class=\"wp-block-button is-style-secondary\"><a class=\"wp-block-button__link wp-element-button\" href=\"https:\/\/www.blakors.no\/kristiansand\/virksomheter\/bla-kors-foreningen\/\">Les mer&#8230;<\/a><\/div>\n<\/div>\n<\/div><\/div>\n\n\n\n<div class=\"wp-block-media-text alignwide is-stacked-on-mobile\" style=\"grid-template-columns:25% auto\"><figure class=\"wp-block-media-text__media\"><img loading=\"lazy\" decoding=\"async\" width=\"1024\" height=\"576\" src=\"https:\/\/www.blakors.no\/content\/uploads\/sites\/11\/2023\/06\/gatenaert-apning-1024x576.jpg\" alt=\"\u00c5pning av Bl\u00e5 Kors gaten\u00e6rt i Kristiansand\" class=\"wp-image-6938 size-medium\" srcset=\"https:\/\/www.blakors.no\/content\/uploads\/sites\/11\/2023\/06\/gatenaert-apning-1024x576.jpg 1024w, https:\/\/www.blakors.no\/content\/uploads\/sites\/11\/2023\/06\/gatenaert-apning-300x169.jpg 300w, https:\/\/www.blakors.no\/content\/uploads\/sites\/11\/2023\/06\/gatenaert-apning-768x432.jpg 768w, https:\/\/www.blakors.no\/content\/uploads\/sites\/11\/2023\/06\/gatenaert-apning-1536x863.jpg 1536w, https:\/\/www.blakors.no\/content\/uploads\/sites\/11\/2023\/06\/gatenaert-apning-scaled.jpg 2048w\" sizes=\"auto, (max-width: 1024px) 100vw, 1024px\" \/><\/figure><div class=\"wp-block-media-text__content\">\n<h2 class=\"wp-block-heading\" id=\"bla-kors-ferier\">Bl\u00e5 Kors gaten\u00e6rt<\/h2>\n\n\n\n<p>Bl\u00e5 Kors gaten\u00e6rt er til for mennesker som har rusrelaterte utfordringer. Vi har opps\u00f8kende team og tilbyr veiledning og st\u00f8tte, ulike aktiviteter og samtalegrupper.<\/p>\n\n\n\n<div class=\"wp-block-buttons is-layout-flex wp-block-buttons-is-layout-flex\">\n<div class=\"wp-block-button is-style-secondary\"><a class=\"wp-block-button__link wp-element-button\" href=\"https:\/\/www.blakors.no\/kristiansand\/virksomheter\/bla-kors-gatenaert\/\">Les mer&#8230;<\/a><\/div>\n<\/div>\n<\/div><\/div>\n\n\n\n<div class=\"wp-block-media-text alignwide is-stacked-on-mobile\" style=\"grid-template-columns:25% auto\"><figure class=\"wp-block-media-text__media\"><img loading=\"lazy\" decoding=\"async\" width=\"1024\" height=\"684\" src=\"https:\/\/www.blakors.no\/content\/uploads\/sites\/11\/2022\/06\/gjenbruk-mennesker-1024x684.jpg\" alt=\"\" class=\"wp-image-5556 size-medium\" srcset=\"https:\/\/www.blakors.no\/content\/uploads\/sites\/11\/2022\/06\/gjenbruk-mennesker-1024x684.jpg 1024w, https:\/\/www.blakors.no\/content\/uploads\/sites\/11\/2022\/06\/gjenbruk-mennesker-300x200.jpg 300w, https:\/\/www.blakors.no\/content\/uploads\/sites\/11\/2022\/06\/gjenbruk-mennesker-768x513.jpg 768w, https:\/\/www.blakors.no\/content\/uploads\/sites\/11\/2022\/06\/gjenbruk-mennesker-1536x1026.jpg 1536w, https:\/\/www.blakors.no\/content\/uploads\/sites\/11\/2022\/06\/gjenbruk-mennesker-scaled.jpg 2048w\" sizes=\"auto, (max-width: 1024px) 100vw, 1024px\" \/><\/figure><div class=\"wp-block-media-text__content\">\n<h2 class=\"wp-block-heading\" id=\"bla-kors-ferier\">Bl\u00e5 Kors gjenbruk<\/h2>\n\n\n\n<p>Ved Avfall S\u00f8r p\u00e5 Mj\u00e5vann finner du gjenbruksbutikken med et stort utvalg av sm\u00e5 og store skatter.<\/p>\n\n\n\n<div class=\"wp-block-buttons is-layout-flex wp-block-buttons-is-layout-flex\">\n<div class=\"wp-block-button is-style-secondary\"><a class=\"wp-block-button__link wp-element-button\" href=\"https:\/\/www.blakors.no\/kristiansand\/virksomheter\/bla-kors-gjenbruk\">Les mer&#8230;<\/a><\/div>\n<\/div>\n<\/div><\/div>\n\n\n\n<div class=\"wp-block-media-text alignwide is-stacked-on-mobile\" style=\"grid-template-columns:25% auto\"><figure class=\"wp-block-media-text__media\"><img loading=\"lazy\" decoding=\"async\" width=\"1024\" height=\"576\" src=\"https:\/\/www.blakors.no\/content\/uploads\/sites\/11\/2020\/08\/Tidgivere-gruppebilde-1024x576.jpg\" alt=\"Tidgivere i Bl\u00e5 Kors Kristiansand\" class=\"wp-image-257 size-full\" srcset=\"https:\/\/www.blakors.no\/content\/uploads\/sites\/11\/2020\/08\/Tidgivere-gruppebilde-1024x576.jpg 1024w, https:\/\/www.blakors.no\/content\/uploads\/sites\/11\/2020\/08\/Tidgivere-gruppebilde-300x169.jpg 300w, https:\/\/www.blakors.no\/content\/uploads\/sites\/11\/2020\/08\/Tidgivere-gruppebilde-768x432.jpg 768w, https:\/\/www.blakors.no\/content\/uploads\/sites\/11\/2020\/08\/Tidgivere-gruppebilde-1536x864.jpg 1536w, https:\/\/www.blakors.no\/content\/uploads\/sites\/11\/2020\/08\/Tidgivere-gruppebilde-scaled.jpg 2048w\" sizes=\"auto, (max-width: 1024px) 100vw, 1024px\" \/><\/figure><div class=\"wp-block-media-text__content\">\n<h2 class=\"wp-block-heading\" id=\"bla-kors-ferier\">Bl\u00e5 Kors frivilligsentral<\/h2>\n\n\n\n<p>Bl\u00e5 Kors posebyen frivilligsentral har som form\u00e5l \u00e5 skape m\u00f8teplasser som fremmer frivillig innsats, for mennesker som av ulike \u00e5rsaker har behov for v\u00e5r tid.<\/p>\n\n\n\n<div class=\"wp-block-buttons is-layout-flex wp-block-buttons-is-layout-flex\">\n<div class=\"wp-block-button is-style-secondary\"><a class=\"wp-block-button__link wp-element-button\" href=\"https:\/\/www.blakors.no\/kristiansand\/virksomheter\/bla-kors-frivilligsentral\/\">Les mer&#8230;<\/a><\/div>\n<\/div>\n<\/div><\/div>\n\n\n\n<div class=\"wp-block-media-text alignwide is-stacked-on-mobile\" style=\"grid-template-columns:25% auto\"><figure class=\"wp-block-media-text__media\"><img loading=\"lazy\" decoding=\"async\" width=\"1024\" height=\"951\" src=\"https:\/\/www.blakors.no\/content\/uploads\/sites\/11\/2020\/08\/Steg-for-steg-2020-1024x951.jpg\" alt=\"Bl\u00e5 Kors steg for steg\" class=\"wp-image-246 size-full\" srcset=\"https:\/\/www.blakors.no\/content\/uploads\/sites\/11\/2020\/08\/Steg-for-steg-2020-1024x951.jpg 1024w, https:\/\/www.blakors.no\/content\/uploads\/sites\/11\/2020\/08\/Steg-for-steg-2020-300x279.jpg 300w, https:\/\/www.blakors.no\/content\/uploads\/sites\/11\/2020\/08\/Steg-for-steg-2020-768x713.jpg 768w, https:\/\/www.blakors.no\/content\/uploads\/sites\/11\/2020\/08\/Steg-for-steg-2020-1536x1427.jpg 1536w, https:\/\/www.blakors.no\/content\/uploads\/sites\/11\/2020\/08\/Steg-for-steg-2020-scaled.jpg 2048w\" sizes=\"auto, (max-width: 1024px) 100vw, 1024px\" \/><\/figure><div class=\"wp-block-media-text__content\">\n<h2 class=\"wp-block-heading\" id=\"bla-kors-ferier\">Bl\u00e5 Kors steg for steg<\/h2>\n\n\n\n<p>Et bedre liv uten rus. Bl\u00e5 Kors steg for steg er et tilbud b\u00e5de f\u00f8r, under og etter behandling i tett samarbeid med kommunen og andre akt\u00f8rer. Hensikten er sosial integrering med fokus p\u00e5 bolig, nettverk, arbeid og fritid.<\/p>\n\n\n\n<div class=\"wp-block-buttons is-layout-flex wp-block-buttons-is-layout-flex\">\n<div class=\"wp-block-button is-style-secondary\"><a class=\"wp-block-button__link wp-element-button\" href=\"https:\/\/www.blakors.no\/kristiansand\/virksomheter\/bla-kors-steg-for-steg\/\">Les mer&#8230;<\/a><\/div>\n<\/div>\n<\/div><\/div>\n\n\n\n<div class=\"wp-block-media-text alignwide is-stacked-on-mobile\" style=\"grid-template-columns:25% auto\"><figure class=\"wp-block-media-text__media\"><img loading=\"lazy\" decoding=\"async\" width=\"1024\" height=\"1024\" src=\"https:\/\/www.blakors.no\/content\/uploads\/sites\/11\/2024\/03\/vinglass-1080-1024x1024.jpg\" alt=\"Bl\u00e5 Kors terapi er for deg med rusutfordringersom\" class=\"wp-image-8090 size-full\" srcset=\"https:\/\/www.blakors.no\/content\/uploads\/sites\/11\/2024\/03\/vinglass-1080-1024x1024.jpg 1024w, https:\/\/www.blakors.no\/content\/uploads\/sites\/11\/2024\/03\/vinglass-1080-300x300.jpg 300w, https:\/\/www.blakors.no\/content\/uploads\/sites\/11\/2024\/03\/vinglass-1080-150x150.jpg 150w, https:\/\/www.blakors.no\/content\/uploads\/sites\/11\/2024\/03\/vinglass-1080-768x768.jpg 768w, https:\/\/www.blakors.no\/content\/uploads\/sites\/11\/2024\/03\/vinglass-1080-200x200.jpg 200w, https:\/\/www.blakors.no\/content\/uploads\/sites\/11\/2024\/03\/vinglass-1080.jpg 1080w\" sizes=\"auto, (max-width: 1024px) 100vw, 1024px\" \/><\/figure><div class=\"wp-block-media-text__content\">\n<h2 class=\"wp-block-heading\" id=\"bla-kors-ferier\">Bl\u00e5 Kors terapi<\/h2>\n\n\n\n<p>Et tilbud for deg med rusutfordringer, eller for deg som pa\u030ar\u00f8rende eller arbeidsgiver. Bl\u00e5 Kors terapier et spesialisert tilbud med h\u00f8y kompetanse og mange \u00e5rs erfaring hos personalet. De ansatte har s\u00e6rlig kunnskap om hvordan rusmiddelmisbruk&nbsp;p\u00e5virker&nbsp;familien. Terapeutene har taushetsplikt.<\/p>\n\n\n\n<div class=\"wp-block-buttons is-layout-flex wp-block-buttons-is-layout-flex\">\n<div class=\"wp-block-button is-style-secondary\"><a class=\"wp-block-button__link wp-element-button\" href=\"https:\/\/www.blakors.no\/kristiansand\/virksomheter\/bla-kors-terapi\/\">Les mer&#8230;<\/a><\/div>\n<\/div>\n<\/div><\/div>\n\n\n\n<div class=\"wp-block-media-text alignwide is-stacked-on-mobile\" style=\"grid-template-columns:25% auto\"><figure class=\"wp-block-media-text__media\"><img loading=\"lazy\" decoding=\"async\" width=\"1024\" height=\"576\" src=\"https:\/\/www.blakors.no\/content\/uploads\/sites\/11\/2023\/09\/Tre-jenter-spiller-stigegolfspillet-1024x576.jpg\" alt=\"Tre jenter spiller stigegolfspillet\" class=\"wp-image-7512 size-full\" srcset=\"https:\/\/www.blakors.no\/content\/uploads\/sites\/11\/2023\/09\/Tre-jenter-spiller-stigegolfspillet-1024x576.jpg 1024w, https:\/\/www.blakors.no\/content\/uploads\/sites\/11\/2023\/09\/Tre-jenter-spiller-stigegolfspillet-300x169.jpg 300w, https:\/\/www.blakors.no\/content\/uploads\/sites\/11\/2023\/09\/Tre-jenter-spiller-stigegolfspillet-768x432.jpg 768w, https:\/\/www.blakors.no\/content\/uploads\/sites\/11\/2023\/09\/Tre-jenter-spiller-stigegolfspillet-1536x864.jpg 1536w, https:\/\/www.blakors.no\/content\/uploads\/sites\/11\/2023\/09\/Tre-jenter-spiller-stigegolfspillet.jpg 1920w\" sizes=\"auto, (max-width: 1024px) 100vw, 1024px\" \/><\/figure><div class=\"wp-block-media-text__content\">\n<h2 class=\"wp-block-heading\" id=\"bla-kors-ferier\">Bl\u00e5 Kors Ung, Kristiansand<\/h2>\n\n\n\n<p>Bl\u00e5 Kors Ung er n\u00e5 en del av tilbudet i <a href=\"https:\/\/www.blakors.no\/ung\/kristiansand\/\">Bl\u00e5 Kors aktivitetspark<\/a> \u2013 Bl\u00e5 Kors Ung i Kristiansand er for ungdom opp til 26 \u00e5r. Vi \u00f8nsker \u00e5 motivere til en rusfri livsstil i trygge omgivelser og med varierte, sosiale aktiviteter.<\/p>\n\n\n\n<div class=\"wp-block-buttons is-layout-flex wp-block-buttons-is-layout-flex\">\n<div class=\"wp-block-button is-style-secondary\"><a class=\"wp-block-button__link wp-element-button\" href=\"https:\/\/www.blakors.no\/kristiansand\/virksomheter\/bla-kors-ung-kristiansand\/\">Les mer&#8230;<\/a><\/div>\n<\/div>\n<\/div><\/div>\n\n\n\n<hr>\n\n\n\n<h2 id=\"nasjonale-virksomheter\"  class=\"wp-block-heading\" >Nasjonale virksomheter<\/h2>\n\n\n\n<div class=\"wp-block-media-text alignwide is-stacked-on-mobile\" style=\"grid-template-columns:25% auto\"><figure class=\"wp-block-media-text__media\"><img loading=\"lazy\" decoding=\"async\" width=\"1024\" height=\"576\" src=\"https:\/\/www.blakors.no\/content\/uploads\/sites\/11\/2023\/11\/Bla-Kors-ferier-1024x576.jpg\" alt=\"Bla\u030a Kors ferier\" class=\"wp-image-7729 size-full\" srcset=\"https:\/\/www.blakors.no\/content\/uploads\/sites\/11\/2023\/11\/Bla-Kors-ferier-1024x576.jpg 1024w, https:\/\/www.blakors.no\/content\/uploads\/sites\/11\/2023\/11\/Bla-Kors-ferier-300x169.jpg 300w, https:\/\/www.blakors.no\/content\/uploads\/sites\/11\/2023\/11\/Bla-Kors-ferier-768x432.jpg 768w, https:\/\/www.blakors.no\/content\/uploads\/sites\/11\/2023\/11\/Bla-Kors-ferier-1536x864.jpg 1536w, https:\/\/www.blakors.no\/content\/uploads\/sites\/11\/2023\/11\/Bla-Kors-ferier.jpg 1920w\" sizes=\"auto, (max-width: 1024px) 100vw, 1024px\" \/><\/figure><div class=\"wp-block-media-text__content\">\n<h2 class=\"wp-block-heading\" id=\"bla-kors-ferier\">Bl\u00e5 Kors ferier<\/h2>\n\n\n\n<p>Bl\u00e5 Kors ferier er et gratis, rusfritt ferietilbud for familier som har rusavhengighet, psykiske utfordringer, eller lavinntekt tett p\u00e5 livet. Tilbudet gjelder for familier i hele landet. Foto: Adam Read \/ Visit S\u00f8rlandet<\/p>\n\n\n\n<div class=\"wp-block-buttons is-layout-flex wp-block-buttons-is-layout-flex\">\n<div class=\"wp-block-button is-style-secondary\"><a class=\"wp-block-button__link wp-element-button\" href=\"https:\/\/www.blakors.no\/ferier\/\">Les mer&#8230;<\/a><\/div>\n<\/div>\n\n\n\n<p><\/p>\n<\/div><\/div>\n\n\n\n<div class=\"wp-block-media-text alignwide is-stacked-on-mobile\" style=\"grid-template-columns:25% auto\"><figure class=\"wp-block-media-text__media\"><img loading=\"lazy\" decoding=\"async\" width=\"1024\" height=\"683\" src=\"https:\/\/www.blakors.no\/content\/uploads\/sites\/11\/2023\/11\/blakors-cs-opt-1024x683.jpg\" alt=\"Bl\u00e5 Kors chat-senter\" class=\"wp-image-7731 size-full\" srcset=\"https:\/\/www.blakors.no\/content\/uploads\/sites\/11\/2023\/11\/blakors-cs-opt-1024x683.jpg 1024w, https:\/\/www.blakors.no\/content\/uploads\/sites\/11\/2023\/11\/blakors-cs-opt-300x200.jpg 300w, https:\/\/www.blakors.no\/content\/uploads\/sites\/11\/2023\/11\/blakors-cs-opt-768x512.jpg 768w, https:\/\/www.blakors.no\/content\/uploads\/sites\/11\/2023\/11\/blakors-cs-opt-1536x1024.jpg 1536w, https:\/\/www.blakors.no\/content\/uploads\/sites\/11\/2023\/11\/blakors-cs-opt.jpg 1920w\" sizes=\"auto, (max-width: 1024px) 100vw, 1024px\" \/><\/figure><div class=\"wp-block-media-text__content\">\n<h2 class=\"wp-block-heading\" id=\"bla-kors-chat-senter\">Bl\u00e5 Kors chat-senter<\/h2>\n\n\n\n<p>Chat 100% anonymt med en trygg voksen. Tjenestene Bl\u00e5 Kors SnakkOmMobbing.no og Bl\u00e5 Kors SnakkOmPsyken.no er nasjonale chat-tjenester for barn og unge mellom 9-19 \u00e5r. Her kommer du i direkte kontakt med en fagperson, helt gratis og helt anonymt. Vi har ogs\u00e5 en lokal samtaletjeneste; Bl\u00e5 Kors UngPrat.no.<\/p>\n\n\n\n<div class=\"wp-block-buttons is-layout-flex wp-block-buttons-is-layout-flex\">\n<div class=\"wp-block-button is-style-secondary\"><a class=\"wp-block-button__link wp-element-button\" href=\"https:\/\/www.blakors.no\/virksomhet\/chat-senter\/\">Les mer&#8230;<\/a><\/div>\n<\/div>\n<\/div><\/div>\n","protected":false},"excerpt":{"rendered":"<p>Nasjonale virksomheter<\/p>\n","protected":false},"author":25,"featured_media":0,"parent":0,"menu_order":0,"comment_status":"closed","ping_status":"closed","template":"","meta":{"_acf_changed":false,"_relevanssi_hide_post":"","_relevanssi_hide_content":"","_relevanssi_pin_for_all":"","_relevanssi_pin_keywords":"","_relevanssi_unpin_keywords":"","_relevanssi_related_keywords":"","_relevanssi_related_include_ids":"","_relevanssi_related_exclude_ids":"","_relevanssi_related_no_append":"","_relevanssi_related_not_related":"","_relevanssi_related_posts":"1529,1007,1769,2551,2338,1435","_relevanssi_noindex_reason":"","_custom_cards_description":"","footnotes":""},"class_list":["post-7","page","type-page","status-publish","hentry"],"acf":[],"_links":{"self":[{"href":"https:\/\/www.blakors.no\/kristiansand\/wp-json\/wp\/v2\/pages\/7","targetHints":{"allow":["GET"]}}],"collection":[{"href":"https:\/\/www.blakors.no\/kristiansand\/wp-json\/wp\/v2\/pages"}],"about":[{"href":"https:\/\/www.blakors.no\/kristiansand\/wp-json\/wp\/v2\/types\/page"}],"author":[{"embeddable":true,"href":"https:\/\/www.blakors.no\/kristiansand\/wp-json\/wp\/v2\/users\/25"}],"replies":[{"embeddable":true,"href":"https:\/\/www.blakors.no\/kristiansand\/wp-json\/wp\/v2\/comments?post=7"}],"version-history":[{"count":5,"href":"https:\/\/www.blakors.no\/kristiansand\/wp-json\/wp\/v2\/pages\/7\/revisions"}],"predecessor-version":[{"id":9019,"href":"https:\/\/www.blakors.no\/kristiansand\/wp-json\/wp\/v2\/pages\/7\/revisions\/9019"}],"wp:attachment":[{"href":"https:\/\/www.blakors.no\/kristiansand\/wp-json\/wp\/v2\/media?parent=7"}],"curies":[{"name":"wp","href":"https:\/\/api.w.org\/{rel}","templated":true}]}}