{"id":7635,"date":"2023-11-13T13:19:02","date_gmt":"2023-11-13T12:19:02","guid":{"rendered":"https:\/\/www.blakors.no\/kristiansand\/?page_id=7635"},"modified":"2025-12-18T12:48:56","modified_gmt":"2025-12-18T11:48:56","slug":"skatehall","status":"publish","type":"page","link":"https:\/\/www.blakors.no\/kristiansand\/virksomheter\/bla-kors-aktivitetspark\/skatehall\/","title":{"rendered":"Skatehall"},"content":{"rendered":"<div class=\"custom-block-banner alignwide contenthalf\"><div class=\"banner-image\" style=\"background-image:url(https:\/\/www.blakors.no\/content\/uploads\/sites\/11\/2022\/02\/WEB-Vision_Jenteskate-02739-1024x575.jpg)\"><\/div><div class=\"banner-inner\"><div><h1 id=\"skatehall\"  class=\"title large \" >Skatehall<\/h1><p>En diger hall med ramper, rails og andre utfordringer for skateboard, sparkesykkel, bmx mm.\r\n&#8211; Drop-in\r\n&#8211; Familieskate\r\n&#8211; Jenteskate<\/p><\/div><\/div><\/div>\n\n\n<p>Aldersgrense i skatehallen er fylte <strong>8 \u00e5r<\/strong>. <br>Kun p\u00e5 <strong>Familieskate<\/strong> (l\u00f8rdager og s\u00f8ndager) og <strong>familieparkour<\/strong> (l\u00f8rdager) kan barn under 8 \u00e5r delta i f\u00f8lge med foreldre\/foresatte.<\/p>\n\n\n\n<p id=\"grupper\"><strong>EGNE GRUPPER:<\/strong><br>Onsdag<strong> 20-22 <\/strong>Seniorskate (18+)<br>Torsdag<strong> 16-18 <\/strong>Jenteskate<br>L\u00f8rdag<strong> 10-12 <\/strong>Familieskate<br>S\u00f8ndag <strong>10-12<\/strong> Familieskate<\/p>\n\n\n\n<h2 id=\"familieskate-og-familieparkour\"  class=\"wp-block-heading\" >Familieskate og familieparkour<\/h2>\n\n\n\n<p>Familieskate&nbsp;og familieparkour&nbsp;er for familier med barn under 8 \u00e5r. Dette er et tilbud for de aller minste barna. Hver l\u00f8rdag og s\u00f8ndag mellom kl 10 og 12&nbsp;kan barnefamilier med barn under 8 \u00e5r boltre seg i skatehallen. Inkludert i prisen er l\u00e5n av utstyr, v\u00e5re ber\u00f8mte skatevafler, kaffe og saft.<\/p>\n\n\n\n<p><strong>Familieparkour gjelder kun p\u00e5 l\u00f8rdager<\/strong>.<\/p>\n\n\n\n<p><strong>Priser:<\/strong> 80,- pr pers eller 240 kr for en familie ( 3 pers+)<\/p>\n\n\n\n<p>Har man s\u00f8sken over 8 \u00e5r, kan de v\u00e6re med, men dette gjelder kun for s\u00f8sken. Ikke eldre venner. Eldre s\u00f8sken m\u00e5 ta hensyn til at dette er en tid for de aller minste.<\/p>\n\n\n\n<h2 id=\"jenteskate\"  class=\"wp-block-heading\" >Jenteskate<\/h2>\n\n\n\n<p>Hver <strong>torsdag kl 16-18<\/strong> er skatehallen kun for jenter. Dersom du trenger utstyr, kan du l\u00e5ne dette gratis i hallen. Dette er en kjempefin arena for deg som er nybegynner og for deg som er ekspert.<\/p>\n\n\n\n<div class=\"wp-block-buttons is-layout-flex wp-block-buttons-is-layout-flex\">\n<div class=\"wp-block-button is-style-fill\"><a class=\"wp-block-button__link wp-element-button\" href=\"https:\/\/event.checkin.no\/208477\/semesterkort-skatehallen-2026\" target=\"_blank\" rel=\"noopener\">Bli medlem og f\u00e5 semesterkort. Les mer&#8230;<\/a><\/div>\n<\/div>\n\n\n\n<h2 id=\"ukeplan-for-skatehallen\"  class=\"wp-block-heading\" >Ukeplan for skatehallen<\/h2>\n\n\n\n<figure class=\"wp-block-table alignwide is-style-regular\"><table><tbody><tr><td class=\"has-text-align-center\" data-align=\"center\"><strong>Tid<\/strong><\/td><td class=\"has-text-align-center\" data-align=\"center\"><strong>Tirsdag<\/strong><\/td><td class=\"has-text-align-center\" data-align=\"center\"><strong>Onsdag<\/strong><\/td><td class=\"has-text-align-center\" data-align=\"center\"><strong>Torsdag<\/strong><\/td><td class=\"has-text-align-center\" data-align=\"center\"><strong>L\u00f8rdag<\/strong><\/td><td class=\"has-text-align-center\" data-align=\"center\"><strong>S\u00f8ndag<\/strong><\/td><\/tr><tr><td class=\"has-text-align-center\" data-align=\"center\">10-12<\/td><td class=\"has-text-align-center\" data-align=\"center\"><\/td><td class=\"has-text-align-center\" data-align=\"center\"><\/td><td class=\"has-text-align-center\" data-align=\"center\"><\/td><td class=\"has-text-align-center\" data-align=\"center\"><a class=\"wp-block-button__link has-white-color has-blue-light-background-color has-text-color has-background wp-element-button\" style=\"border-radius:0px\" href=\"#\">Familieskate<\/a><\/td><td class=\"has-text-align-center\" data-align=\"center\"><a class=\"wp-block-button__link has-white-color has-blue-light-background-color has-text-color has-background wp-element-button\" style=\"border-radius:0px\" href=\"#\">Familieskate<\/a><\/td><\/tr><tr><td class=\"has-text-align-center\" data-align=\"center\">12-14<\/td><td class=\"has-text-align-center\" data-align=\"center\"><\/td><td class=\"has-text-align-center\" data-align=\"center\"><\/td><td class=\"has-text-align-center\" data-align=\"center\"><\/td><td class=\"has-text-align-center\" data-align=\"center\"><a class=\"wp-block-button__link has-white-color has-lila-background-color has-text-color has-background wp-element-button\" style=\"border-radius:0px\" href=\"https:\/\/event.checkin.no\/208477\/semesterkort-skatehallen-2026\" target=\"_blank\" rel=\"noopener\">Drop-in<\/a><\/td><td class=\"has-text-align-center\" data-align=\"center\"><a class=\"wp-block-button__link has-white-color has-lila-background-color has-text-color has-background wp-element-button\" style=\"border-radius:0px\" href=\"https:\/\/event.checkin.no\/208477\/semesterkort-skatehallen-2026\" target=\"_blank\" rel=\"noopener\">Drop-in<\/a><\/td><\/tr><tr><td class=\"has-text-align-center\" data-align=\"center\">14-16<\/td><td class=\"has-text-align-center\" data-align=\"center\"><a class=\"wp-block-button__link has-white-color has-lila-background-color has-text-color has-background wp-element-button\" style=\"border-radius:0px\" href=\"https:\/\/event.checkin.no\/208477\/semesterkort-skatehallen-2026\" target=\"_blank\" rel=\"noopener\">Drop-in<br>(m\/mat)<\/a><\/td><td class=\"has-text-align-center\" data-align=\"center\"><a class=\"wp-block-button__link has-white-color has-lila-background-color has-text-color has-background wp-element-button\" style=\"border-radius:0px\" href=\"https:\/\/event.checkin.no\/208477\/semesterkort-skatehallen-2026\" target=\"_blank\" rel=\"noopener\">Drop-in<br>(m\/mat)<\/a><\/td><td class=\"has-text-align-center\" data-align=\"center\"><a class=\"wp-block-button__link has-white-color has-lila-background-color has-text-color has-background wp-element-button\" style=\"border-radius:0px\" href=\"https:\/\/event.checkin.no\/208477\/semesterkort-skatehallen-2026\" target=\"_blank\" rel=\"noopener\">Drop-in <br>(m\/mat)<\/a><\/td><td class=\"has-text-align-center\" data-align=\"center\"><a class=\"wp-block-button__link has-white-color has-lila-background-color has-text-color has-background wp-element-button\" style=\"border-radius:0px\" href=\"https:\/\/event.checkin.no\/208477\/semesterkort-skatehallen-2026\" target=\"_blank\" rel=\"noopener\">Drop-in<\/a><\/td><td class=\"has-text-align-center\" data-align=\"center\"><a class=\"wp-block-button__link has-white-color has-lila-background-color has-text-color has-background wp-element-button\" style=\"border-radius:0px\" href=\"https:\/\/event.checkin.no\/208477\/semesterkort-skatehallen-2026\" target=\"_blank\" rel=\"noopener\">Drop-in<\/a><\/td><\/tr><tr><td class=\"has-text-align-center\" data-align=\"center\">16-17<\/td><td class=\"has-text-align-center\" data-align=\"center\"><a class=\"wp-block-button__link has-white-color has-lila-background-color has-text-color has-background wp-element-button\" style=\"border-radius:0px\" href=\"https:\/\/event.checkin.no\/208477\/semesterkort-skatehallen-2026\" target=\"_blank\" rel=\"noopener\">Drop-in<\/a><\/td><td class=\"has-text-align-center\" data-align=\"center\"><a class=\"wp-block-button__link has-white-color has-lila-background-color has-text-color has-background wp-element-button\" style=\"border-radius:0px\" href=\"https:\/\/event.checkin.no\/208477\/semesterkort-skatehallen-2026\" target=\"_blank\" rel=\"noopener\">Drop-in<\/a><\/td><td class=\"has-text-align-center\" data-align=\"center\"><a class=\"wp-block-button__link has-white-color has-blue-background-color has-text-color has-background wp-element-button\" style=\"border-radius:0px\" href=\"#\">Jenteskate<\/a><\/td><td class=\"has-text-align-center\" data-align=\"center\"><\/td><td class=\"has-text-align-center\" data-align=\"center\"><\/td><\/tr><tr><td class=\"has-text-align-center\" data-align=\"center\">17-18<\/td><td class=\"has-text-align-center\" data-align=\"center\"><a class=\"wp-block-button__link has-white-color has-lila-background-color has-text-color has-background wp-element-button\" style=\"border-radius:0px\" href=\"https:\/\/event.checkin.no\/208477\/semesterkort-skatehallen-2026\" target=\"_blank\" rel=\"noopener\">Drop-in<\/a><\/td><td class=\"has-text-align-center\" data-align=\"center\"><a class=\"wp-block-button__link has-white-color has-lila-background-color has-text-color has-background wp-element-button\" style=\"border-radius:0px\" href=\"https:\/\/event.checkin.no\/208477\/semesterkort-skatehallen-2026\" target=\"_blank\" rel=\"noopener\">Drop-in<\/a><\/td><td class=\"has-text-align-center\" data-align=\"center\"><a class=\"wp-block-button__link has-white-color has-blue-background-color has-text-color has-background wp-element-button\" style=\"border-radius:0px\" href=\"#\">Jenteskate<\/a><\/td><td class=\"has-text-align-center\" data-align=\"center\"><\/td><td class=\"has-text-align-center\" data-align=\"center\"><\/td><\/tr><tr><td class=\"has-text-align-center\" data-align=\"center\">18-19<\/td><td class=\"has-text-align-center\" data-align=\"center\"><a class=\"wp-block-button__link has-white-color has-lila-background-color has-text-color has-background wp-element-button\" style=\"border-radius:0px\" href=\"https:\/\/event.checkin.no\/208477\/semesterkort-skatehallen-2026\" target=\"_blank\" rel=\"noopener\">Drop-in<\/a><\/td><td class=\"has-text-align-center\" data-align=\"center\"><a class=\"wp-block-button__link has-white-color has-lila-background-color has-text-color has-background wp-element-button\" style=\"border-radius:0px\" href=\"https:\/\/event.checkin.no\/208477\/semesterkort-skatehallen-2026\" target=\"_blank\" rel=\"noopener\">Drop-in<\/a><\/td><td class=\"has-text-align-center\" data-align=\"center\"><a class=\"wp-block-button__link has-white-color has-lila-background-color has-text-color has-background wp-element-button\" style=\"border-radius:0px\" href=\"https:\/\/event.checkin.no\/208477\/semesterkort-skatehallen-2026\" target=\"_blank\" rel=\"noopener\">Drop-in<\/a><\/td><td class=\"has-text-align-center\" data-align=\"center\"><\/td><td class=\"has-text-align-center\" data-align=\"center\"><\/td><\/tr><tr><td class=\"has-text-align-center\" data-align=\"center\">19-20<\/td><td class=\"has-text-align-center\" data-align=\"center\"><a class=\"wp-block-button__link has-white-color has-lila-background-color has-text-color has-background wp-element-button\" style=\"border-radius:0px\" href=\"https:\/\/event.checkin.no\/208477\/semesterkort-skatehallen-2026\" target=\"_blank\" rel=\"noopener\">Drop-in<\/a><\/td><td class=\"has-text-align-center\" data-align=\"center\"><a class=\"wp-block-button__link has-white-color has-lila-background-color has-text-color has-background wp-element-button\" style=\"border-radius:0px\" href=\"https:\/\/event.checkin.no\/208477\/semesterkort-skatehallen-2026\" target=\"_blank\" rel=\"noopener\">Drop-in<\/a><\/td><td class=\"has-text-align-center\" data-align=\"center\"><a class=\"wp-block-button__link has-white-color has-lila-background-color has-text-color has-background wp-element-button\" style=\"border-radius:0px\" href=\"https:\/\/event.checkin.no\/208477\/semesterkort-skatehallen-2026\" target=\"_blank\" rel=\"noopener\">Drop-in<\/a><\/td><td class=\"has-text-align-center\" data-align=\"center\"><\/td><td class=\"has-text-align-center\" data-align=\"center\"><\/td><\/tr><tr><td class=\"has-text-align-center\" data-align=\"center\">20-21<\/td><td class=\"has-text-align-center\" data-align=\"center\"><\/td><td class=\"has-text-align-center\" data-align=\"center\"><a class=\"wp-block-button__link has-white-color has-blue-background-color has-text-color has-background wp-element-button\" style=\"border-radius:0px\" href=\"#\">Seniorskate<\/a><\/td><td class=\"has-text-align-center\" data-align=\"center\"><\/td><td class=\"has-text-align-center\" data-align=\"center\"><\/td><td class=\"has-text-align-center\" data-align=\"center\"><\/td><\/tr><tr><td class=\"has-text-align-center\" data-align=\"center\">21-22<\/td><td class=\"has-text-align-center\" data-align=\"center\"><\/td><td class=\"has-text-align-center\" data-align=\"center\"><a class=\"wp-block-button__link has-white-color has-blue-background-color has-text-color has-background wp-element-button\" style=\"border-radius:0px\" href=\"#\">Seniorskate<\/a><\/td><td class=\"has-text-align-center\" data-align=\"center\"><\/td><td class=\"has-text-align-center\" data-align=\"center\"><\/td><td class=\"has-text-align-center\" data-align=\"center\"><\/td><\/tr><\/tbody><\/table><\/figure>\n\n\n\n<div class=\"wp-block-group has-blue-light-background-color has-background is-layout-constrained wp-block-group-is-layout-constrained\">\n<h2 id=\"trenger-du-okonomisk-stotte\"  class=\"wp-block-heading\" >Trenger du \u00f8konomisk st\u00f8tte?<\/h2>\n\n\n\n<p><strong>Det er mulig \u00e5 f\u00e5 st\u00f8tte til fritidsaktiviteter for barn og ungdom hos kommunens Fritidsfond.<\/strong><\/p>\n\n\n\n<p>Form\u00e5let med Fritidsfond er \u00e5 sikre en bredere deltakelse og inkludering av flere barn og unge i organiserte fritidsaktiviteter som g\u00e5r over tid n\u00e5r familien ikke har \u00f8konomi til \u00e5 betale dette selv. En kan s\u00f8ke om kontingent og n\u00f8dvendig utstyr til barn og unge som skal delta i en organisert fritidsaktivitet.<\/p>\n\n\n\n<p>Om du skulle f\u00e5 avslag p\u00e5 din s\u00f8knad hos Fritidsfond, eller trenger hjelp til \u00e5 s\u00f8ke, s\u00e5 ta kontakt med <a href=\"mailto:ida.hoitorp@blakorskrs.no\">Ida Marie Thornes H\u00f8itorp<\/a>.<\/p>\n\n\n\n<div class=\"wp-block-buttons is-layout-flex wp-block-buttons-is-layout-flex\">\n<div class=\"wp-block-button\"><a class=\"wp-block-button__link wp-element-button\" href=\"https:\/\/www.kristiansand.kommune.no\/fritidsfond\" target=\"_blank\" rel=\"noopener\">S\u00f8k fritidsfondet<\/a><\/div>\n<\/div>\n<\/div>\n\n\n<div class=\"blakors-link-list aligncenter is-style-default wp-block-blakors-link-list\">\n\t\t\t\n\t\t\t\n\t\t\t<div class=\"blakors-link-list__items\">\n\t\t\t\t\n<div class=\"blakors-link-list-item alignwide wp-block-blakors-link-list-item has-background\">\n\t\t\t<a class=\"blakors-link-list-item__holder\" href=\"https:\/\/www.blakors.no\/kristiansand\/virksomheter\/bla-kors-vision-aktivitetspark\" rel=\"\">\n\t\t\t\t<div class=\"blakors-link-list-item__content\">\n\t\t\t\t\t<div class=\"blakors-link-list-item__content-inner\">\n\t\t\t\t\t\t<div class=\"title-wrap\">\n\t\t\t\t\t\t\t<h3 class=\"blakors-link-list-item__title\">\n\t\t\t\t\t\t\t\tBl\u00e5 Kors aktivitetspark\n\t\t\t\t\t\t\t<\/h3>\n\t\t\t\t\t\t\t<svg\n\t\t\t\t\t\t\t\txmlns=\"http:\/\/www.w3.org\/2000\/svg\"\n\t\t\t\t\t\t\t\twidth=\"14\"\n\t\t\t\t\t\t\t\theight=\"12.92\"\n\t\t\t\t\t\t\t\tviewBox=\"0 0 14 12.92\"\n\t\t\t\t\t\t\t>\n\t\t\t\t\t\t\t\t<path\n\t\t\t\t\t\t\t\t\td=\"M7.14-6.58,1.34-.12-.4-1.62,1.84-4.06A8.352,8.352,0,0,1,3.56-5.52H-6.86V-7.64H3.54a7.7,7.7,0,0,1-.84-.61,10.977,10.977,0,0,1-.86-.85L-.4-11.54l1.74-1.5Z\"\n\t\t\t\t\t\t\t\t\ttransform=\"translate(6.86 13.04)\"\n\t\t\t\t\t\t\t\t\tfill=\"#0d76bc\"\n\t\t\t\t\t\t\t\t\/>\n\t\t\t\t\t\t\t<\/svg>\n\t\t\t\t\t\t<\/div>\n\t\t\t\t\t\t\n\t\t\t\t\t<\/div>\n\t\t\t\t<\/div>\n\t\t\t<\/a>\n\t\t<\/div>\n\n<div class=\"blakors-link-list-item alignwide wp-block-blakors-link-list-item has-background\">\n\t\t\t<a class=\"blakors-link-list-item__holder\" href=\"https:\/\/www.blakors.no\/kristiansand\/virksomheter\/bla-kors-vision-aktivitetspark\/skatehall\/\" rel=\"\">\n\t\t\t\t<div class=\"blakors-link-list-item__content\">\n\t\t\t\t\t<div class=\"blakors-link-list-item__content-inner\">\n\t\t\t\t\t\t<div class=\"title-wrap\">\n\t\t\t\t\t\t\t<h3 class=\"blakors-link-list-item__title\">\n\t\t\t\t\t\t\t\tSkatehall\n\t\t\t\t\t\t\t<\/h3>\n\t\t\t\t\t\t\t<svg\n\t\t\t\t\t\t\t\txmlns=\"http:\/\/www.w3.org\/2000\/svg\"\n\t\t\t\t\t\t\t\twidth=\"14\"\n\t\t\t\t\t\t\t\theight=\"12.92\"\n\t\t\t\t\t\t\t\tviewBox=\"0 0 14 12.92\"\n\t\t\t\t\t\t\t>\n\t\t\t\t\t\t\t\t<path\n\t\t\t\t\t\t\t\t\td=\"M7.14-6.58,1.34-.12-.4-1.62,1.84-4.06A8.352,8.352,0,0,1,3.56-5.52H-6.86V-7.64H3.54a7.7,7.7,0,0,1-.84-.61,10.977,10.977,0,0,1-.86-.85L-.4-11.54l1.74-1.5Z\"\n\t\t\t\t\t\t\t\t\ttransform=\"translate(6.86 13.04)\"\n\t\t\t\t\t\t\t\t\tfill=\"#0d76bc\"\n\t\t\t\t\t\t\t\t\/>\n\t\t\t\t\t\t\t<\/svg>\n\t\t\t\t\t\t<\/div>\n\t\t\t\t\t\t\n\t\t\t\t\t<\/div>\n\t\t\t\t<\/div>\n\t\t\t<\/a>\n\t\t<\/div>\n\n<div class=\"blakors-link-list-item alignwide wp-block-blakors-link-list-item has-background\">\n\t\t\t<a class=\"blakors-link-list-item__holder\" href=\"https:\/\/www.blakors.no\/kristiansand\/virksomheter\/bla-kors-vision-aktivitetspark\/parkour\/\" rel=\"\">\n\t\t\t\t<div class=\"blakors-link-list-item__content\">\n\t\t\t\t\t<div class=\"blakors-link-list-item__content-inner\">\n\t\t\t\t\t\t<div class=\"title-wrap\">\n\t\t\t\t\t\t\t<h3 class=\"blakors-link-list-item__title\">\n\t\t\t\t\t\t\t\tParkour\n\t\t\t\t\t\t\t<\/h3>\n\t\t\t\t\t\t\t<svg\n\t\t\t\t\t\t\t\txmlns=\"http:\/\/www.w3.org\/2000\/svg\"\n\t\t\t\t\t\t\t\twidth=\"14\"\n\t\t\t\t\t\t\t\theight=\"12.92\"\n\t\t\t\t\t\t\t\tviewBox=\"0 0 14 12.92\"\n\t\t\t\t\t\t\t>\n\t\t\t\t\t\t\t\t<path\n\t\t\t\t\t\t\t\t\td=\"M7.14-6.58,1.34-.12-.4-1.62,1.84-4.06A8.352,8.352,0,0,1,3.56-5.52H-6.86V-7.64H3.54a7.7,7.7,0,0,1-.84-.61,10.977,10.977,0,0,1-.86-.85L-.4-11.54l1.74-1.5Z\"\n\t\t\t\t\t\t\t\t\ttransform=\"translate(6.86 13.04)\"\n\t\t\t\t\t\t\t\t\tfill=\"#0d76bc\"\n\t\t\t\t\t\t\t\t\/>\n\t\t\t\t\t\t\t<\/svg>\n\t\t\t\t\t\t<\/div>\n\t\t\t\t\t\t\n\t\t\t\t\t<\/div>\n\t\t\t\t<\/div>\n\t\t\t<\/a>\n\t\t<\/div>\n\n<div class=\"blakors-link-list-item alignwide wp-block-blakors-link-list-item has-background\">\n\t\t\t<a class=\"blakors-link-list-item__holder\" href=\"https:\/\/www.blakors.no\/kristiansand\/virksomheter\/bla-kors-vision-aktivitetspark\/gaming\/\" rel=\"\">\n\t\t\t\t<div class=\"blakors-link-list-item__content\">\n\t\t\t\t\t<div class=\"blakors-link-list-item__content-inner\">\n\t\t\t\t\t\t<div class=\"title-wrap\">\n\t\t\t\t\t\t\t<h3 class=\"blakors-link-list-item__title\">\n\t\t\t\t\t\t\t\tGaming-senter\n\t\t\t\t\t\t\t<\/h3>\n\t\t\t\t\t\t\t<svg\n\t\t\t\t\t\t\t\txmlns=\"http:\/\/www.w3.org\/2000\/svg\"\n\t\t\t\t\t\t\t\twidth=\"14\"\n\t\t\t\t\t\t\t\theight=\"12.92\"\n\t\t\t\t\t\t\t\tviewBox=\"0 0 14 12.92\"\n\t\t\t\t\t\t\t>\n\t\t\t\t\t\t\t\t<path\n\t\t\t\t\t\t\t\t\td=\"M7.14-6.58,1.34-.12-.4-1.62,1.84-4.06A8.352,8.352,0,0,1,3.56-5.52H-6.86V-7.64H3.54a7.7,7.7,0,0,1-.84-.61,10.977,10.977,0,0,1-.86-.85L-.4-11.54l1.74-1.5Z\"\n\t\t\t\t\t\t\t\t\ttransform=\"translate(6.86 13.04)\"\n\t\t\t\t\t\t\t\t\tfill=\"#0d76bc\"\n\t\t\t\t\t\t\t\t\/>\n\t\t\t\t\t\t\t<\/svg>\n\t\t\t\t\t\t<\/div>\n\t\t\t\t\t\t\n\t\t\t\t\t<\/div>\n\t\t\t\t<\/div>\n\t\t\t<\/a>\n\t\t<\/div>\n\n<div class=\"blakors-link-list-item alignwide wp-block-blakors-link-list-item has-background\">\n\t\t\t<a class=\"blakors-link-list-item__holder\" href=\"https:\/\/www.blakors.no\/kristiansand\/virksomheter\/bla-kors-vision-aktivitetspark\/feire-bursdag\/\" rel=\"\">\n\t\t\t\t<div class=\"blakors-link-list-item__content\">\n\t\t\t\t\t<div class=\"blakors-link-list-item__content-inner\">\n\t\t\t\t\t\t<div class=\"title-wrap\">\n\t\t\t\t\t\t\t<h3 class=\"blakors-link-list-item__title\">\n\t\t\t\t\t\t\t\tFeire bursdag\n\t\t\t\t\t\t\t<\/h3>\n\t\t\t\t\t\t\t<svg\n\t\t\t\t\t\t\t\txmlns=\"http:\/\/www.w3.org\/2000\/svg\"\n\t\t\t\t\t\t\t\twidth=\"14\"\n\t\t\t\t\t\t\t\theight=\"12.92\"\n\t\t\t\t\t\t\t\tviewBox=\"0 0 14 12.92\"\n\t\t\t\t\t\t\t>\n\t\t\t\t\t\t\t\t<path\n\t\t\t\t\t\t\t\t\td=\"M7.14-6.58,1.34-.12-.4-1.62,1.84-4.06A8.352,8.352,0,0,1,3.56-5.52H-6.86V-7.64H3.54a7.7,7.7,0,0,1-.84-.61,10.977,10.977,0,0,1-.86-.85L-.4-11.54l1.74-1.5Z\"\n\t\t\t\t\t\t\t\t\ttransform=\"translate(6.86 13.04)\"\n\t\t\t\t\t\t\t\t\tfill=\"#0d76bc\"\n\t\t\t\t\t\t\t\t\/>\n\t\t\t\t\t\t\t<\/svg>\n\t\t\t\t\t\t<\/div>\n\t\t\t\t\t\t\n\t\t\t\t\t<\/div>\n\t\t\t\t<\/div>\n\t\t\t<\/a>\n\t\t<\/div>\n\n\t\t\t<\/div>\n\t\t<\/div>","protected":false},"excerpt":{"rendered":"<p>Aldersgrense i skatehallen er fylte 8 \u00e5r. Kun p\u00e5 Familieskate (l\u00f8rdager og s\u00f8ndager) og familieparkour (l\u00f8rdager) kan barn under 8 \u00e5r delta i f\u00f8lge med foreldre\/foresatte. EGNE GRUPPER:Onsdag 20-22 Seniorskate (18+)Torsdag 16-18 JenteskateL\u00f8rdag 10-12 FamilieskateS\u00f8ndag 10-12 Familieskate Familieskate og familieparkour Familieskate&nbsp;og familieparkour&nbsp;er for familier med barn under 8 \u00e5r. Dette er et tilbud for de [&hellip;]<\/p>\n","protected":false},"author":25,"featured_media":4833,"parent":309,"menu_order":0,"comment_status":"closed","ping_status":"closed","template":"","meta":{"_acf_changed":false,"_relevanssi_hide_post":"","_relevanssi_hide_content":"","_relevanssi_pin_for_all":"","_relevanssi_pin_keywords":"","_relevanssi_unpin_keywords":"","_relevanssi_related_keywords":"","_relevanssi_related_include_ids":"","_relevanssi_related_exclude_ids":"","_relevanssi_related_no_append":"","_relevanssi_related_not_related":"","_relevanssi_related_posts":"1510,1091,1882,2050,2619,2238","_relevanssi_noindex_reason":"","_custom_cards_description":"En sv\u00e6r hall med ramper, rails og andre utfordringer for skate, scoot, bmx etc. Bli med p\u00e5 drop-in, familieskate, jenteskate m.m.","footnotes":""},"class_list":["post-7635","page","type-page","status-publish","has-post-thumbnail","hentry"],"acf":[],"_links":{"self":[{"href":"https:\/\/www.blakors.no\/kristiansand\/wp-json\/wp\/v2\/pages\/7635","targetHints":{"allow":["GET"]}}],"collection":[{"href":"https:\/\/www.blakors.no\/kristiansand\/wp-json\/wp\/v2\/pages"}],"about":[{"href":"https:\/\/www.blakors.no\/kristiansand\/wp-json\/wp\/v2\/types\/page"}],"author":[{"embeddable":true,"href":"https:\/\/www.blakors.no\/kristiansand\/wp-json\/wp\/v2\/users\/25"}],"replies":[{"embeddable":true,"href":"https:\/\/www.blakors.no\/kristiansand\/wp-json\/wp\/v2\/comments?post=7635"}],"version-history":[{"count":4,"href":"https:\/\/www.blakors.no\/kristiansand\/wp-json\/wp\/v2\/pages\/7635\/revisions"}],"predecessor-version":[{"id":9350,"href":"https:\/\/www.blakors.no\/kristiansand\/wp-json\/wp\/v2\/pages\/7635\/revisions\/9350"}],"up":[{"embeddable":true,"href":"https:\/\/www.blakors.no\/kristiansand\/wp-json\/wp\/v2\/pages\/309"}],"wp:featuredmedia":[{"embeddable":true,"href":"https:\/\/www.blakors.no\/kristiansand\/wp-json\/wp\/v2\/media\/4833"}],"wp:attachment":[{"href":"https:\/\/www.blakors.no\/kristiansand\/wp-json\/wp\/v2\/media?parent=7635"}],"curies":[{"name":"wp","href":"https:\/\/api.w.org\/{rel}","templated":true}]}}