{"id":7927,"date":"2024-01-29T13:15:44","date_gmt":"2024-01-29T12:15:44","guid":{"rendered":"https:\/\/www.blakors.no\/kristiansand\/?page_id=7927"},"modified":"2025-07-29T15:12:47","modified_gmt":"2025-07-29T13:12:47","slug":"mandagstrening","status":"publish","type":"page","link":"https:\/\/www.blakors.no\/kristiansand\/virksomheter\/bla-kors-aktivitetspark\/mandagstrening\/","title":{"rendered":"Mandagstrening"},"content":{"rendered":"<div class=\"custom-block-banner alignwide contenthalf\"><div class=\"banner-image\" style=\"background-image:url(https:\/\/www.blakors.no\/content\/uploads\/sites\/11\/2020\/08\/Vision-Aktivitetspark-1024x683.jpg)\"><\/div><div class=\"banner-inner\"><div><h1 id=\"mandagstrening\"  class=\"title large \" >Mandagstrening<\/h1><p>4. \u2013 7. klasse: Gj\u00f8r unna treningen f\u00f8r middag! \r\n&#8211; Parkour\r\n&#8211; Skatehall\r\n&#8211; Gaming<\/p><\/div><\/div><\/div>\n\n\n<p><strong>Hos oss kan du trene parkour, skate, scoot og e-sport (gaming p\u00e5 PC, PS4 og switch) hver mandag kl 14-16.&nbsp;<\/strong><\/p>\n\n\n\n<h2 id=\"informasjon\"  class=\"wp-block-heading\" >Informasjon:&nbsp;<\/h2>\n\n\n\n<ul class=\"wp-block-list\">\n<li>For deg som g\u00e5r i 4. &#8211; 7. klasse<\/li>\n\n\n\n<li>Trener vil v\u00e6re tilgjengelig<\/li>\n\n\n\n<li>Flere voksne er tilstede<\/li>\n\n\n\n<li>Vi har utstyr til l\u00e5ns om du ikke har eget<\/li>\n\n\n\n<li>Ta med ekstra niste til skolen. Denne spiser vi sammen under treningen.<\/li>\n\n\n\n<li>Du kan velge om du kun vil trene en idrett eller bytte mellom flere<\/li>\n\n\n\n<li>Velkommen p\u00e5 pr\u00f8vetime om \u00f8nskelig<\/li>\n<\/ul>\n\n\n\n<h2 id=\"mandager-1400-16001-300-per-semester\"  class=\"wp-block-heading\" >Mandager: 14:00-16:00<br>1.300,- per semester<\/h2>\n\n\n\n<ul class=\"wp-block-list\">\n<li>Prisen inkluderer medlemskap i Bl\u00e5 Kors Ung, Norge for 2024. Verdi: 100,-<\/li>\n\n\n\n<li>Vi har 15% s\u00f8skenrabatt. Rabatten kommer opp under bestilling.<\/li>\n\n\n\n<li>Dersom det er behov for \u00e5 dele opp betalingen, s\u00e5 ta kontakt med Karine Abrahamsen p\u00e5 mail: <a href=\"mailto:karine.abrahamsen@blakors.no\">Karine Abrahamsen<\/a>, s\u00e5 ordner vi det \ud83d\ude42&nbsp;<\/li>\n<\/ul>\n\n\n\n<h2 class=\"wp-block-heading\" id=\"h-pamelding-til-etter-skoletid\"><strong>P\u00e5melding til Mandagstrening:<\/strong><\/h2>\n\n\n\n<div class=\"wp-block-buttons is-layout-flex wp-block-buttons-is-layout-flex\">\n<div class=\"wp-block-button has-custom-width wp-block-button__width-50 is-style-primary\"><a class=\"wp-block-button__link has-beige-light-color has-blue-background-color has-text-color has-background wp-element-button\" href=\"https:\/\/app.checkin.no\/event\/67000\/mandagstreninger-for-4-7-klasse\" target=\"_blank\" rel=\"noopener\">P\u00e5melding til Mandagstrening<\/a><\/div>\n<\/div>\n\n\n\n<p>Vi har ogs\u00e5 tilbudet &laquo;<strong>Etter skoletid<\/strong>&raquo; p\u00e5 onsdager:<\/p>\n\n\n\n<figure class=\"wp-block-embed dekode-gtm-iframe-preview is-type-video is-provider-youtube wp-block-embed-youtube wp-embed-aspect-4-3 wp-has-aspect-ratio\"><div class=\"wp-block-embed__wrapper\">\n<iframe title=\"Etter skoletid fra Bl\u00e5 Kors aktivitetspark\" width=\"500\" height=\"375\" data-cookieconsent=\"marketing\" data-cookieblock-src=\"https:\/\/www.youtube.com\/embed\/Z2i9pEhM1lQ?feature=oembed\"  allow=\"accelerometer; autoplay; clipboard-write; encrypted-media; gyroscope; picture-in-picture; web-share\" referrerpolicy=\"strict-origin-when-cross-origin\" allowfullscreen sandbox=\"allow-scripts allow-same-origin allow-popups allow-presentation allow-popups-to-escape-sandbox\"><\/iframe>\n\t\t<div class=\"cookieconsent-optout-marketing dekode-gtm-cookie-consent-video-placeholder\">\n\t\t\t<div class=\"dekode-gtm-cookie-consent is-block-core-embed is-provider-youtube\">\n\t\t\t\t\n\t\t\t<img decoding=\"async\" src=\"https:\/\/i.ytimg.com\/vi\/Z2i9pEhM1lQ\/hqdefault.jpg\" alt=\"youtube\" \/>\n\t\t\t\t<div class=\"overlay\">\n\t\t\t\t\t<div class=\"cookie-info\">\n\t\t\t\t\t\t<h2 id=\"her-ligger-det-medieinnhold-fra-en-ekstern-kilde\"  >Her ligger det medieinnhold fra en ekstern kilde. <\/h2> \n\n<p>For \u00e5 se innholdet, m\u00e5 du endre samtykket ditt.<\/p>\n\n<p>Les mer om hvordan dataen din blir behandlet av eksterne kilder i personvernerkl\u00e6ringen v\u00e5r.<\/p>\n\t\t\t\t\t\t<p>\n\t\t\t\t\t\t\t<a title=\"Endre samtykke\" class=\"dekode-gtm-cookiebot-renew\" href=\"#\">Endre samtykke<\/a>\n\t\t\t\t\t\t\t\n\t\t\t\t\t\t<\/p>\n\t\t\t\t\t<\/div>\n\t\t\t\t<\/div>\n\t\t\t<\/div>\n\t\t<\/div>\n<\/div><\/figure>\n\n\n<div class=\"wp-block-blakors-person-cards\">\n\t\t\t\n<div class=\"t2-featured-single-post compact-card-template t2-featured-content is-post-type-person compact-card-template wp-block-t2-featured-single-post\"><figure style=\"--t2-focal-point: 50% 50%;\" class=\"t2-post-featured-image has-image-ratio-1-1 wp-block-t2-post-featured-image\"><img loading=\"lazy\" decoding=\"async\" width=\"2048\" height=\"1365\" src=\"https:\/\/www.blakors.no\/content\/uploads\/sites\/11\/2020\/08\/karine-scaled.jpg\" class=\"attachment-post-thumbnail size-post-thumbnail wp-post-image\" alt=\"Karine Abrahamsen\" srcset=\"https:\/\/www.blakors.no\/content\/uploads\/sites\/11\/2020\/08\/karine-scaled.jpg 2048w, https:\/\/www.blakors.no\/content\/uploads\/sites\/11\/2020\/08\/karine-300x200.jpg 300w, https:\/\/www.blakors.no\/content\/uploads\/sites\/11\/2020\/08\/karine-1024x683.jpg 1024w, https:\/\/www.blakors.no\/content\/uploads\/sites\/11\/2020\/08\/karine-768x512.jpg 768w, https:\/\/www.blakors.no\/content\/uploads\/sites\/11\/2020\/08\/karine-1536x1024.jpg 1536w\" sizes=\"auto, (min-width: 782px) 768px, 100vw\" \/><\/figure>\n\n<div class=\"wp-block-group alignfull is-layout-flow wp-block-group-is-layout-flow\">\n\t<div class=\"t2-post-dynamic-part is-source-filter filter-person_card_meta post-meta wp-block-t2-post-dynamic-part\"><div class=\"title\"><h2 id=\"karine-abrahamsen\"  class=\"t2-post-title wp-block-t2-post-title\" >Karine Abrahamsen<\/h2><p class=\"position\">feriekoordinator<\/p><\/div><div class=\"contact-info\"><p class=\"phone\"><a href=\"tel:+4799375718\">993 75 718<\/a><\/p><p class=\"email\"><a href=\"mailto:karine.abrahamsen@blakorskrs.no\">karine.abrahamsen@blakorskrs.no<\/a><\/p><\/div><\/div>\n<\/div>\n\n<\/div>\n\n\t\t<\/div>\n\n\n<div class=\"custom-block-factbox is-style-blue\">\n\t<h2 id=\"trenger-du-okonomisk-stotte\"  >Trenger du \u00f8konomisk st\u00f8tte?<\/h2>\n<p><strong>Det er mulig \u00e5 f\u00e5 st\u00f8tte til fritidsaktiviteter for barn og ungdom hos kommunens Fritidsfond.<\/strong><\/p>\n<p>Form\u00e5let med Fritidsfond er \u00e5 sikre en bredere deltakelse og inkludering av flere barn og unge i organiserte fritidsaktiviteter som g\u00e5r over tid n\u00e5r familien ikke har \u00f8konomi til \u00e5 betale dette selv. En kan s\u00f8ke om kontingent og n\u00f8dvendig utstyr til barn og unge som skal delta i en organisert fritidsaktivitet.<\/p>\n<p>Om du skulle f\u00e5 avslag p\u00e5 din s\u00f8knad hos Fritidsfond, eller trenger hjelp til \u00e5 s\u00f8ke, s\u00e5 ta kontakt med <a href=\"https:\/\/www.blakors.no\/kristiansand\/person\/karine-abrahamsen\/\">Karine Abrahamsen<\/a>.<\/p>\n<div class=\"wp-block-button is-style-primary\"><a class=\"wp-block-button__link\" href=\"https:\/\/www.kristiansand.kommune.no\/fritidsfond\" target=\"_blank\" rel=\"noopener\">S\u00f8k Fritidsfondet<\/a><\/div>\n<\/div>\n\n\n<div class=\"blakors-link-list aligncenter is-style-default wp-block-blakors-link-list\">\n\t\t\t\n\t\t\t\n\t\t\t<div class=\"blakors-link-list__items\">\n\t\t\t\t\n<div class=\"blakors-link-list-item alignwide wp-block-blakors-link-list-item has-background\">\n\t\t\t<a class=\"blakors-link-list-item__holder\" href=\"https:\/\/www.blakors.no\/kristiansand\/virksomheter\/bla-kors-vision-aktivitetspark\" rel=\"\">\n\t\t\t\t<div class=\"blakors-link-list-item__content\">\n\t\t\t\t\t<div class=\"blakors-link-list-item__content-inner\">\n\t\t\t\t\t\t<div class=\"title-wrap\">\n\t\t\t\t\t\t\t<h3 class=\"blakors-link-list-item__title\">\n\t\t\t\t\t\t\t\tBl\u00e5 Kors aktivitetspark\n\t\t\t\t\t\t\t<\/h3>\n\t\t\t\t\t\t\t<svg\n\t\t\t\t\t\t\t\txmlns=\"http:\/\/www.w3.org\/2000\/svg\"\n\t\t\t\t\t\t\t\twidth=\"14\"\n\t\t\t\t\t\t\t\theight=\"12.92\"\n\t\t\t\t\t\t\t\tviewBox=\"0 0 14 12.92\"\n\t\t\t\t\t\t\t>\n\t\t\t\t\t\t\t\t<path\n\t\t\t\t\t\t\t\t\td=\"M7.14-6.58,1.34-.12-.4-1.62,1.84-4.06A8.352,8.352,0,0,1,3.56-5.52H-6.86V-7.64H3.54a7.7,7.7,0,0,1-.84-.61,10.977,10.977,0,0,1-.86-.85L-.4-11.54l1.74-1.5Z\"\n\t\t\t\t\t\t\t\t\ttransform=\"translate(6.86 13.04)\"\n\t\t\t\t\t\t\t\t\tfill=\"#0d76bc\"\n\t\t\t\t\t\t\t\t\/>\n\t\t\t\t\t\t\t<\/svg>\n\t\t\t\t\t\t<\/div>\n\t\t\t\t\t\t\n\t\t\t\t\t<\/div>\n\t\t\t\t<\/div>\n\t\t\t<\/a>\n\t\t<\/div>\n\n<div class=\"blakors-link-list-item alignwide wp-block-blakors-link-list-item has-background\">\n\t\t\t<a class=\"blakors-link-list-item__holder\" href=\"https:\/\/www.blakors.no\/kristiansand\/virksomheter\/bla-kors-vision-aktivitetspark\/skatehall\/\" rel=\"\">\n\t\t\t\t<div class=\"blakors-link-list-item__content\">\n\t\t\t\t\t<div class=\"blakors-link-list-item__content-inner\">\n\t\t\t\t\t\t<div class=\"title-wrap\">\n\t\t\t\t\t\t\t<h3 class=\"blakors-link-list-item__title\">\n\t\t\t\t\t\t\t\tSkatehall\n\t\t\t\t\t\t\t<\/h3>\n\t\t\t\t\t\t\t<svg\n\t\t\t\t\t\t\t\txmlns=\"http:\/\/www.w3.org\/2000\/svg\"\n\t\t\t\t\t\t\t\twidth=\"14\"\n\t\t\t\t\t\t\t\theight=\"12.92\"\n\t\t\t\t\t\t\t\tviewBox=\"0 0 14 12.92\"\n\t\t\t\t\t\t\t>\n\t\t\t\t\t\t\t\t<path\n\t\t\t\t\t\t\t\t\td=\"M7.14-6.58,1.34-.12-.4-1.62,1.84-4.06A8.352,8.352,0,0,1,3.56-5.52H-6.86V-7.64H3.54a7.7,7.7,0,0,1-.84-.61,10.977,10.977,0,0,1-.86-.85L-.4-11.54l1.74-1.5Z\"\n\t\t\t\t\t\t\t\t\ttransform=\"translate(6.86 13.04)\"\n\t\t\t\t\t\t\t\t\tfill=\"#0d76bc\"\n\t\t\t\t\t\t\t\t\/>\n\t\t\t\t\t\t\t<\/svg>\n\t\t\t\t\t\t<\/div>\n\t\t\t\t\t\t\n\t\t\t\t\t<\/div>\n\t\t\t\t<\/div>\n\t\t\t<\/a>\n\t\t<\/div>\n\n<div class=\"blakors-link-list-item alignwide wp-block-blakors-link-list-item has-background\">\n\t\t\t<a class=\"blakors-link-list-item__holder\" href=\"https:\/\/www.blakors.no\/kristiansand\/virksomheter\/bla-kors-vision-aktivitetspark\/parkour\/\" rel=\"\">\n\t\t\t\t<div class=\"blakors-link-list-item__content\">\n\t\t\t\t\t<div class=\"blakors-link-list-item__content-inner\">\n\t\t\t\t\t\t<div class=\"title-wrap\">\n\t\t\t\t\t\t\t<h3 class=\"blakors-link-list-item__title\">\n\t\t\t\t\t\t\t\tParkour\n\t\t\t\t\t\t\t<\/h3>\n\t\t\t\t\t\t\t<svg\n\t\t\t\t\t\t\t\txmlns=\"http:\/\/www.w3.org\/2000\/svg\"\n\t\t\t\t\t\t\t\twidth=\"14\"\n\t\t\t\t\t\t\t\theight=\"12.92\"\n\t\t\t\t\t\t\t\tviewBox=\"0 0 14 12.92\"\n\t\t\t\t\t\t\t>\n\t\t\t\t\t\t\t\t<path\n\t\t\t\t\t\t\t\t\td=\"M7.14-6.58,1.34-.12-.4-1.62,1.84-4.06A8.352,8.352,0,0,1,3.56-5.52H-6.86V-7.64H3.54a7.7,7.7,0,0,1-.84-.61,10.977,10.977,0,0,1-.86-.85L-.4-11.54l1.74-1.5Z\"\n\t\t\t\t\t\t\t\t\ttransform=\"translate(6.86 13.04)\"\n\t\t\t\t\t\t\t\t\tfill=\"#0d76bc\"\n\t\t\t\t\t\t\t\t\/>\n\t\t\t\t\t\t\t<\/svg>\n\t\t\t\t\t\t<\/div>\n\t\t\t\t\t\t\n\t\t\t\t\t<\/div>\n\t\t\t\t<\/div>\n\t\t\t<\/a>\n\t\t<\/div>\n\n<div class=\"blakors-link-list-item alignwide wp-block-blakors-link-list-item has-background\">\n\t\t\t<a class=\"blakors-link-list-item__holder\" href=\"https:\/\/www.blakors.no\/kristiansand\/virksomheter\/bla-kors-vision-aktivitetspark\/gaming\/\" rel=\"\">\n\t\t\t\t<div class=\"blakors-link-list-item__content\">\n\t\t\t\t\t<div class=\"blakors-link-list-item__content-inner\">\n\t\t\t\t\t\t<div class=\"title-wrap\">\n\t\t\t\t\t\t\t<h3 class=\"blakors-link-list-item__title\">\n\t\t\t\t\t\t\t\tGaming-senter\n\t\t\t\t\t\t\t<\/h3>\n\t\t\t\t\t\t\t<svg\n\t\t\t\t\t\t\t\txmlns=\"http:\/\/www.w3.org\/2000\/svg\"\n\t\t\t\t\t\t\t\twidth=\"14\"\n\t\t\t\t\t\t\t\theight=\"12.92\"\n\t\t\t\t\t\t\t\tviewBox=\"0 0 14 12.92\"\n\t\t\t\t\t\t\t>\n\t\t\t\t\t\t\t\t<path\n\t\t\t\t\t\t\t\t\td=\"M7.14-6.58,1.34-.12-.4-1.62,1.84-4.06A8.352,8.352,0,0,1,3.56-5.52H-6.86V-7.64H3.54a7.7,7.7,0,0,1-.84-.61,10.977,10.977,0,0,1-.86-.85L-.4-11.54l1.74-1.5Z\"\n\t\t\t\t\t\t\t\t\ttransform=\"translate(6.86 13.04)\"\n\t\t\t\t\t\t\t\t\tfill=\"#0d76bc\"\n\t\t\t\t\t\t\t\t\/>\n\t\t\t\t\t\t\t<\/svg>\n\t\t\t\t\t\t<\/div>\n\t\t\t\t\t\t\n\t\t\t\t\t<\/div>\n\t\t\t\t<\/div>\n\t\t\t<\/a>\n\t\t<\/div>\n\n<div class=\"blakors-link-list-item alignwide wp-block-blakors-link-list-item has-background\">\n\t\t\t<a class=\"blakors-link-list-item__holder\" href=\"https:\/\/www.blakors.no\/kristiansand\/virksomheter\/bla-kors-vision-aktivitetspark\/feire-bursdag\/\" rel=\"\">\n\t\t\t\t<div class=\"blakors-link-list-item__content\">\n\t\t\t\t\t<div class=\"blakors-link-list-item__content-inner\">\n\t\t\t\t\t\t<div class=\"title-wrap\">\n\t\t\t\t\t\t\t<h3 class=\"blakors-link-list-item__title\">\n\t\t\t\t\t\t\t\tFeire bursdag\n\t\t\t\t\t\t\t<\/h3>\n\t\t\t\t\t\t\t<svg\n\t\t\t\t\t\t\t\txmlns=\"http:\/\/www.w3.org\/2000\/svg\"\n\t\t\t\t\t\t\t\twidth=\"14\"\n\t\t\t\t\t\t\t\theight=\"12.92\"\n\t\t\t\t\t\t\t\tviewBox=\"0 0 14 12.92\"\n\t\t\t\t\t\t\t>\n\t\t\t\t\t\t\t\t<path\n\t\t\t\t\t\t\t\t\td=\"M7.14-6.58,1.34-.12-.4-1.62,1.84-4.06A8.352,8.352,0,0,1,3.56-5.52H-6.86V-7.64H3.54a7.7,7.7,0,0,1-.84-.61,10.977,10.977,0,0,1-.86-.85L-.4-11.54l1.74-1.5Z\"\n\t\t\t\t\t\t\t\t\ttransform=\"translate(6.86 13.04)\"\n\t\t\t\t\t\t\t\t\tfill=\"#0d76bc\"\n\t\t\t\t\t\t\t\t\/>\n\t\t\t\t\t\t\t<\/svg>\n\t\t\t\t\t\t<\/div>\n\t\t\t\t\t\t\n\t\t\t\t\t<\/div>\n\t\t\t\t<\/div>\n\t\t\t<\/a>\n\t\t<\/div>\n\n\t\t\t<\/div>\n\t\t<\/div>","protected":false},"excerpt":{"rendered":"<p>Hos oss kan du trene parkour, skate, scoot og e-sport (gaming p\u00e5 PC, PS4 og switch) hver mandag kl 14-16.&nbsp; Informasjon:&nbsp; Mandager: 14:00-16:001.300,- per semester P\u00e5melding til Mandagstrening: Vi har ogs\u00e5 tilbudet &laquo;Etter skoletid&raquo; p\u00e5 onsdager:<\/p>\n","protected":false},"author":25,"featured_media":5834,"parent":309,"menu_order":0,"comment_status":"closed","ping_status":"closed","template":"","meta":{"_acf_changed":false,"_relevanssi_hide_post":"","_relevanssi_hide_content":"","_relevanssi_pin_for_all":"","_relevanssi_pin_keywords":"","_relevanssi_unpin_keywords":"","_relevanssi_related_keywords":"","_relevanssi_related_include_ids":"","_relevanssi_related_exclude_ids":"","_relevanssi_related_no_append":"","_relevanssi_related_not_related":"","_relevanssi_related_posts":"1510,1091,1882,2050,2619,2238","_relevanssi_noindex_reason":"","_custom_cards_description":"","footnotes":""},"class_list":["post-7927","page","type-page","status-publish","has-post-thumbnail","hentry"],"acf":[],"_links":{"self":[{"href":"https:\/\/www.blakors.no\/kristiansand\/wp-json\/wp\/v2\/pages\/7927","targetHints":{"allow":["GET"]}}],"collection":[{"href":"https:\/\/www.blakors.no\/kristiansand\/wp-json\/wp\/v2\/pages"}],"about":[{"href":"https:\/\/www.blakors.no\/kristiansand\/wp-json\/wp\/v2\/types\/page"}],"author":[{"embeddable":true,"href":"https:\/\/www.blakors.no\/kristiansand\/wp-json\/wp\/v2\/users\/25"}],"replies":[{"embeddable":true,"href":"https:\/\/www.blakors.no\/kristiansand\/wp-json\/wp\/v2\/comments?post=7927"}],"version-history":[{"count":5,"href":"https:\/\/www.blakors.no\/kristiansand\/wp-json\/wp\/v2\/pages\/7927\/revisions"}],"predecessor-version":[{"id":8942,"href":"https:\/\/www.blakors.no\/kristiansand\/wp-json\/wp\/v2\/pages\/7927\/revisions\/8942"}],"up":[{"embeddable":true,"href":"https:\/\/www.blakors.no\/kristiansand\/wp-json\/wp\/v2\/pages\/309"}],"wp:featuredmedia":[{"embeddable":true,"href":"https:\/\/www.blakors.no\/kristiansand\/wp-json\/wp\/v2\/media\/5834"}],"wp:attachment":[{"href":"https:\/\/www.blakors.no\/kristiansand\/wp-json\/wp\/v2\/media?parent=7927"}],"curies":[{"name":"wp","href":"https:\/\/api.w.org\/{rel}","templated":true}]}}