{"id":8201,"date":"2024-04-16T15:06:48","date_gmt":"2024-04-16T13:06:48","guid":{"rendered":"https:\/\/www.blakors.no\/kristiansand\/?page_id=8201"},"modified":"2025-12-19T16:22:42","modified_gmt":"2025-12-19T15:22:42","slug":"bunadslotteri","status":"publish","type":"page","link":"https:\/\/www.blakors.no\/kristiansand\/bunadslotteri\/","title":{"rendered":"Bunadslotteri"},"content":{"rendered":"\n<div class=\"wp-block-lib-header alignfull hide\"><div class=\"image-wrapper\"><img decoding=\"async\" src=\"https:\/\/www.blakors.no\/content\/uploads\/sites\/11\/2024\/04\/Herrebunad.png\" alt=\"header\"\/><\/div><div class=\"header-innercontent\"><\/div><\/div>\n\n\n<div class=\"custom-block-banner alignwide is-style-blue contenthalf\"><div class=\"banner-image\" style=\"background-image:url(https:\/\/www.blakors.no\/content\/uploads\/sites\/11\/2024\/11\/Bunadslotteri-2024-819x1024.png)\"><\/div><div class=\"banner-inner\"><div><h1 id=\"bunadslotteri-til-inntekt-for-bla-kors\"  class=\"title small \" >Bunadslotteri til inntekt for Bl\u00e5 Kors<\/h1><p>Du kan vinne en komplett Vest-Agder damebunad m\/s\u00f8lv. Samlet verdi p\u00e5 gevinstene: 75.990,- \r\nTrekning ble gjennomf\u00f8rt kl 14:45 fredag 19. desember 2025.<\/p><\/div><\/div><\/div>\n\n\n<p><strong>Gevinstene er en gave fra Milla&#8217;s Bunadstua, og alle inntekter fra lotteriet g\u00e5r til det viktige Bl\u00e5 Kors-arbeidet i regionen v\u00e5r. <\/strong><\/p>\n\n\n\n<h2 id=\"vinnere\"  class=\"wp-block-heading\" >Vinnere:<\/h2>\n\n\n\n<ol class=\"wp-block-list\">\n<li>gevinst: Lodd nr 145 Magnhild Bj\u00f8rkeland<\/li>\n\n\n\n<li>gevinst: Lodd nr 549 Anne Hilde Olsen<\/li>\n\n\n\n<li>gevinst: Lodd nr 1253 Hege Fl\u00e5t<\/li>\n<\/ol>\n\n\n\n<p>Vinnerne er blitt kontaktet. Tusen takk til alle som kj\u00f8per lodd i bunadslotteriet!<\/p>\n\n\n\n<h2 id=\"lotteriet-har-folgende-premier\"  class=\"wp-block-heading\" >Lotteriet har f\u00f8lgende premier:<\/h2>\n\n\n\n<ol class=\"wp-block-list\">\n<li><strong>premie<\/strong>: Komplett Vest-Agder damebunad m\/s\u00f8lv. Inkl. er gr\u00f8nn\/r\u00f8d stripestakk, ullkypert vest, brudeskjorte, hvitt linforkle, maskinvevde seler, brodert lomme og Wienersjal og komplett s\u00f8lvpakke fra Fossensylv.<strong> Verdi kr 69.590,-<\/strong>.<br><\/li>\n\n\n\n<li><strong>premie<\/strong>: Wienersjal fra Tyrihans. Verdi av 5.200,-<br><\/li>\n\n\n\n<li><strong>premie<\/strong>: Silkeskjerf fra Tyrihans. Verdi av 1.200,-<\/li>\n<\/ol>\n\n\n\n<p>Lykke til!<\/p>\n\n\n\n\t\t<div class=\"t2-factbox wp-block-t2-factbox\" id=\"t2-factbox\">\n\t\t\t<div class=\"t2-factbox__content\">\n\t\t\t\t<div class=\"t2-factbox__blocks t2-factbox__inner-container is-layout-flow\">\n\t\t\t\t\t\n\n<h4 id=\"informasjon-om-formal-trekning-og-premier\"  class=\"wp-block-heading\" >Informasjon om form\u00e5l, trekning og premier:<\/h4>\n\n\n\n<p>Overskuddet fra lotteriet g\u00e5r til Bl\u00e5 Kors Kristiansands arbeid for barn og unge i Agder.<\/p>\n\n\n\n<p>Trekningen skjer fredag 19. desember 2025 av Bl\u00e5 Kors Kristiansand og kunngj\u00f8res p\u00e5 Bl\u00e5 Kors Kristiansands hjemmesider (blakors.no\/kristiansand) og Facebook-side.<\/p>\n\n\n\n<p>Totalt antall lodd til salgs: 3980. Pris pr lodd: kr 50,-. Kun solgte lodd er med i trekningen. 18-\u00e5rs grense for kj\u00f8p av lodd. <\/p>\n\n\n\n<p>Vinnere kontaktes pr telefon. Uavhentede premier g\u00e5r til form\u00e5let. Kontaktperson og lotteriansvarlig hos Bl\u00e5 Kors Kristiansand er Henning Reme, mob. 916 34 058.<\/p>\n\n\n\n<p>Vinneren av 1. premien m\u00e5 kontakte Milla&#8217;s Bunadstua for pr\u00f8vetime. Premien kan ikke byttes eller tas ut i gavekort eller mot kontanter. Uavhentede gevinster g\u00e5r til form\u00e5let.<\/p>\n\n\n\t\t\t\t<\/div>\n\t\t\t\t\n\t\t\t<\/div>\n\t\t\t\n\t\t<\/div>\n\n\n<h4 class=\"wp-block-heading\" id=\"h-kontakt-oss\">Lotteriansvarlig:<\/h4>\n\n\n<div class=\"wp-block-blakors-person-cards\">\n\t\t\t\n<div class=\"t2-featured-single-post compact-card-template t2-featured-content is-post-type-person compact-card-template wp-block-t2-featured-single-post\"><figure style=\"--t2-focal-point: 50% 50%;\" class=\"t2-post-featured-image has-image-ratio-1-1 wp-block-t2-post-featured-image\"><img loading=\"lazy\" decoding=\"async\" width=\"2048\" height=\"1365\" src=\"https:\/\/www.blakors.no\/content\/uploads\/sites\/11\/2020\/08\/henning-scaled.jpg\" class=\"attachment-post-thumbnail size-post-thumbnail wp-post-image\" alt=\"Markedssjef i Bl\u00e5 Kors Kristiansand, Henning Reme\" srcset=\"https:\/\/www.blakors.no\/content\/uploads\/sites\/11\/2020\/08\/henning-scaled.jpg 2048w, https:\/\/www.blakors.no\/content\/uploads\/sites\/11\/2020\/08\/henning-300x200.jpg 300w, https:\/\/www.blakors.no\/content\/uploads\/sites\/11\/2020\/08\/henning-1024x683.jpg 1024w, https:\/\/www.blakors.no\/content\/uploads\/sites\/11\/2020\/08\/henning-768x512.jpg 768w, https:\/\/www.blakors.no\/content\/uploads\/sites\/11\/2020\/08\/henning-1536x1024.jpg 1536w\" sizes=\"auto, (min-width: 782px) 768px, 100vw\" \/><\/figure>\n\n<div class=\"wp-block-group alignfull is-layout-flow wp-block-group-is-layout-flow\">\n\t<div class=\"t2-post-dynamic-part is-source-filter filter-person_card_meta post-meta wp-block-t2-post-dynamic-part\"><div class=\"title\"><h2 id=\"henning-reme\"  class=\"t2-post-title wp-block-t2-post-title\" >Henning Reme<\/h2><p class=\"position\">Leder marked og fundraising<\/p><\/div><div class=\"contact-info\"><p class=\"phone\"><a href=\"tel:+4791634058\">916 34 058<\/a><\/p><p class=\"email\"><a href=\"mailto:henning.reme@blakorskrs.no\">henning.reme@blakorskrs.no<\/a><\/p><\/div><\/div>\n<\/div>\n\n<\/div>\n\n\t\t<\/div>","protected":false},"excerpt":{"rendered":"<p>Gevinstene er en gave fra Milla&#8217;s Bunadstua, og alle inntekter fra lotteriet g\u00e5r til det viktige Bl\u00e5 Kors-arbeidet i regionen v\u00e5r. Vinnere: Vinnerne er blitt kontaktet. Tusen takk til alle som kj\u00f8per lodd i bunadslotteriet! Lotteriet har f\u00f8lgende premier: Lykke til! Lotteriansvarlig:<\/p>\n","protected":false},"author":25,"featured_media":8202,"parent":0,"menu_order":0,"comment_status":"closed","ping_status":"closed","template":"","meta":{"_acf_changed":false,"_relevanssi_hide_post":"","_relevanssi_hide_content":"","_relevanssi_pin_for_all":"on","_relevanssi_pin_keywords":"","_relevanssi_unpin_keywords":"","_relevanssi_related_keywords":"","_relevanssi_related_include_ids":"","_relevanssi_related_exclude_ids":"","_relevanssi_related_no_append":"","_relevanssi_related_not_related":"","_relevanssi_related_posts":"6031,4435,6021,4670,6613,4632","_relevanssi_noindex_reason":"","_custom_cards_description":"","footnotes":""},"class_list":["post-8201","page","type-page","status-publish","has-post-thumbnail","hentry"],"acf":[],"_links":{"self":[{"href":"https:\/\/www.blakors.no\/kristiansand\/wp-json\/wp\/v2\/pages\/8201","targetHints":{"allow":["GET"]}}],"collection":[{"href":"https:\/\/www.blakors.no\/kristiansand\/wp-json\/wp\/v2\/pages"}],"about":[{"href":"https:\/\/www.blakors.no\/kristiansand\/wp-json\/wp\/v2\/types\/page"}],"author":[{"embeddable":true,"href":"https:\/\/www.blakors.no\/kristiansand\/wp-json\/wp\/v2\/users\/25"}],"replies":[{"embeddable":true,"href":"https:\/\/www.blakors.no\/kristiansand\/wp-json\/wp\/v2\/comments?post=8201"}],"version-history":[{"count":5,"href":"https:\/\/www.blakors.no\/kristiansand\/wp-json\/wp\/v2\/pages\/8201\/revisions"}],"predecessor-version":[{"id":9355,"href":"https:\/\/www.blakors.no\/kristiansand\/wp-json\/wp\/v2\/pages\/8201\/revisions\/9355"}],"wp:featuredmedia":[{"embeddable":true,"href":"https:\/\/www.blakors.no\/kristiansand\/wp-json\/wp\/v2\/media\/8202"}],"wp:attachment":[{"href":"https:\/\/www.blakors.no\/kristiansand\/wp-json\/wp\/v2\/media?parent=8201"}],"curies":[{"name":"wp","href":"https:\/\/api.w.org\/{rel}","templated":true}]}}