{"id":8253,"date":"2024-04-25T11:40:04","date_gmt":"2024-04-25T09:40:04","guid":{"rendered":"https:\/\/www.blakors.no\/kristiansand\/?page_id=8253"},"modified":"2024-04-25T11:40:05","modified_gmt":"2024-04-25T09:40:05","slug":"bla-kors-terapi-behandling-av-personopplysninger","status":"publish","type":"page","link":"https:\/\/www.blakors.no\/kristiansand\/virksomheter\/bla-kors-terapi\/bla-kors-terapi-behandling-av-personopplysninger\/","title":{"rendered":"Bl\u00e5 Kors terapi \u2013 behandling av personopplysninger"},"content":{"rendered":"\n<p>Bl\u00e5 Kors terapi er et tilbud b\u00e5de til personer med rusutfordringer, og for omgivelsene\/p\u00e5r\u00f8rende\/arbeidsgiver. Bl\u00e5 Kors terapi vil til enhver tid drifte tilbudet i tr\u00e5d med relevante lover og forskrifter, samt vektlegge en h\u00f8y etisk standard.<\/p>\n\n\n\n<p>Personopplysninger innhentes og lagres f\u00f8rst n\u00e5r tilbudet om terapi er gitt og tatt imot. Dette forankres i et samtykkeskjema som inneholder f\u00f8lgende personopplysninger om deg:<\/p>\n\n\n\n<ul class=\"wp-block-list\">\n<li>Navn<\/li>\n\n\n\n<li>Adresse<\/li>\n\n\n\n<li>Epost<\/li>\n\n\n\n<li>F\u00f8dselsnummer<\/li>\n\n\n\n<li>Telefonnummer<\/li>\n\n\n\n<li>Kj\u00f8nn<\/li>\n<\/ul>\n\n\n\n<p>Opplysningene lagres for arkivform\u00e5l. Brukere av tilbudet har rett til innsyn i journal. Deling av informasjon til evt relevante samarbeidsinstanser som fastlege, spesialisthelsetjeneste vil kun skje ved skriftlig samtykke.<\/p>\n\n\n\n<p>Unntak kan bli gjort ved fare for liv og helse.<\/p>\n\n\n\n<h2 id=\"lagring-og-sletting\"  class=\"wp-block-heading\" >Lagring og sletting<\/h2>\n\n\n\n<p>Innsamlete personopplysninger er journalpliktige jfr. helselovgivningen og lagres i journalsystemet Vitec Velferd. Journalf\u00f8ringsplikten legger begrensninger p\u00e5 muligheten til \u00e5 rette p\u00e5 eller slette opplysninger.<\/p>\n\n\n\n<h2 id=\"dine-rettigheter\"  class=\"wp-block-heading\" >Dine rettigheter<\/h2>\n\n\n\n<p>Som registrert har du rett til \u00e5 anmode om innsyn, retting og begrensning av behandlingen av dine personopplysninger. Bl\u00e5 Kors sine rutiner for <a href=\"https:\/\/www.blakors.no\/personvernerklaering-2\/\">personvern<\/a>.<\/p>\n\n\n\n<p>Bl\u00e5 Kors Norge har eget personvernombud som kan kontaktes p\u00e5 epost: <a href=\"mailto:personvern@blakors.no\">personvern@blakors.no<\/a> <br>NB! Ikke send sensitiv informasjon p\u00e5 epost.<\/p>\n\n\n\n<p>Hvis du ikke er forn\u00f8yd med hvordan vi behandler dine personopplysninger kan du klage til Datatilsynet. Du finner mer informasjon om dette hos <a href=\"https:\/\/www.datatilsynet.no\/om-datatilsynet\/kontakt-oss\/klage-til-datatilsynet\/\" target=\"_blank\" rel=\"noopener\">Datatilsynet<\/a>.<\/p>\n\n\n\n<div class=\"wp-block-lib-header alignfull hide\"><div class=\"header-innercontent\"><\/div><\/div>\n","protected":false},"excerpt":{"rendered":"<p>Bl\u00e5 Kors terapi er et tilbud b\u00e5de til personer med rusutfordringer, og for omgivelsene\/p\u00e5r\u00f8rende\/arbeidsgiver. Bl\u00e5 Kors terapi vil til enhver tid drifte tilbudet i tr\u00e5d med relevante lover og forskrifter, samt vektlegge en h\u00f8y etisk standard. Personopplysninger innhentes og lagres f\u00f8rst n\u00e5r tilbudet om terapi er gitt og tatt imot. Dette forankres i et samtykkeskjema [&hellip;]<\/p>\n","protected":false},"author":25,"featured_media":0,"parent":8089,"menu_order":0,"comment_status":"closed","ping_status":"closed","template":"","meta":{"_acf_changed":false,"_relevanssi_hide_post":"","_relevanssi_hide_content":"","_relevanssi_pin_for_all":"","_relevanssi_pin_keywords":"","_relevanssi_unpin_keywords":"","_relevanssi_related_keywords":"","_relevanssi_related_include_ids":"","_relevanssi_related_exclude_ids":"","_relevanssi_related_no_append":"","_relevanssi_related_not_related":"","_relevanssi_related_posts":"2035,904,3341,1656,2170,3304","_relevanssi_noindex_reason":"","_custom_cards_description":"","footnotes":""},"class_list":["post-8253","page","type-page","status-publish","hentry"],"acf":[],"_links":{"self":[{"href":"https:\/\/www.blakors.no\/kristiansand\/wp-json\/wp\/v2\/pages\/8253","targetHints":{"allow":["GET"]}}],"collection":[{"href":"https:\/\/www.blakors.no\/kristiansand\/wp-json\/wp\/v2\/pages"}],"about":[{"href":"https:\/\/www.blakors.no\/kristiansand\/wp-json\/wp\/v2\/types\/page"}],"author":[{"embeddable":true,"href":"https:\/\/www.blakors.no\/kristiansand\/wp-json\/wp\/v2\/users\/25"}],"replies":[{"embeddable":true,"href":"https:\/\/www.blakors.no\/kristiansand\/wp-json\/wp\/v2\/comments?post=8253"}],"version-history":[{"count":1,"href":"https:\/\/www.blakors.no\/kristiansand\/wp-json\/wp\/v2\/pages\/8253\/revisions"}],"predecessor-version":[{"id":8254,"href":"https:\/\/www.blakors.no\/kristiansand\/wp-json\/wp\/v2\/pages\/8253\/revisions\/8254"}],"up":[{"embeddable":true,"href":"https:\/\/www.blakors.no\/kristiansand\/wp-json\/wp\/v2\/pages\/8089"}],"wp:attachment":[{"href":"https:\/\/www.blakors.no\/kristiansand\/wp-json\/wp\/v2\/media?parent=8253"}],"curies":[{"name":"wp","href":"https:\/\/api.w.org\/{rel}","templated":true}]}}